{"id":3335,"date":"2025-03-08T05:54:36","date_gmt":"2025-03-08T05:54:36","guid":{"rendered":"https:\/\/afrycom.com\/product\/gaufrier-a-plaque-unique-machine-a-pain-a-deux-tranches-fer-a-revetement-antiadhesif-chauffage-rapide-adapte-aux-enfants-et-au-petit-dejeuner-familial\/"},"modified":"2025-08-12T07:56:06","modified_gmt":"2025-08-12T07:56:06","slug":"gaufrier-a-plaque-unique-machine-a-pain-a-deux-tranches-fer-a-revetement-antiadhesif-chauffage-rapide-adapte-aux-enfants-et-au-petit-dejeuner-familial","status":"publish","type":"product","link":"https:\/\/afrycom.com\/fr\/produit\/gaufrier-a-plaque-unique-machine-a-pain-a-deux-tranches-fer-a-revetement-antiadhesif-chauffage-rapide-adapte-aux-enfants-et-au-petit-dejeuner-familial\/","title":{"rendered":"Gaufrier \u00e0 plaque unique, machine \u00e0 pain \u00e0 deux tranches, fer \u00e0 rev\u00eatement antiadh\u00e9sif, chauffage rapide, adapt\u00e9 aux enfants et au petit d\u00e9jeuner familial"},"content":{"rendered":"<p>&nbsp;<\/p>\n<div class=\"product-specs-list-container\">\n<ul class=\"product-specs-list util-clearfix\">\n<li class=\"product-prop line-limit-length\"><span class=\"property-title\">Chimique Hign-concern\u00e9 :\u00a0<\/span><span class=\"property-desc line-limit-length\">Aucun<\/span><\/li>\n<li class=\"product-prop line-limit-length\"><span class=\"property-title\">Classification :\u00a0<\/span><span class=\"property-desc line-limit-length\">Gaufriers<\/span><\/li>\n<li class=\"product-prop line-limit-length\"><span class=\"property-title\">Caract\u00e9ristique :\u00a0<\/span><span class=\"property-desc line-limit-length\">Cool Touch Exterior,Surface de cuisson antiadh\u00e9sive<\/span><\/li>\n<li class=\"product-prop line-limit-length\"><span class=\"property-title\">Certification :\u00a0<\/span><span class=\"property-desc line-limit-length\">CE, ROHS<\/span><\/li>\n<li class=\"product-prop line-limit-length\"><span class=\"property-title\">Puissance (W) :\u00a0<\/span><span class=\"property-desc line-limit-length\">1600W<\/span><\/li>\n<li class=\"product-prop line-limit-length\"><span class=\"property-title\">Plaques interchangeables :\u00a0<\/span><span class=\"property-desc line-limit-length\">Gaufrier<\/span><\/li>\n<li class=\"product-prop line-limit-length\"><span class=\"property-title\">Nom de marque :\u00a0<\/span><span class=\"property-desc line-limit-length\">Houselin<\/span><\/li>\n<li class=\"product-prop line-limit-length\"><span class=\"property-title\">Origine :\u00a0<\/span><span class=\"property-desc line-limit-length\">CN (Origine)<\/span><\/li>\n<\/ul>\n<\/div>\n<div class=\"detailmodule_html\">\n<div class=\"detail-desc-decorate-richtext\">\n<div class=\"detailmodule_html\">\n<div class=\"detail-desc-decorate-richtext\">\n<div id=\"tl_1\">\n<p>\u00c0 propos de cet article :<\/p>\n<p>S\u00e9curit\u00e9 : La conception assure une s\u00e9curit\u00e9 maximale gr\u00e2ce \u00e0 l'utilisation de poign\u00e9es r\u00e9sistantes \u00e0 la chaleur et de pieds antid\u00e9rapants.<\/p>\n<p>Antiadh\u00e9sif : les feuilles \u00e0 rev\u00eatement antiadh\u00e9sif de haute qualit\u00e9 assurent un nettoyage rapide et facile apr\u00e8s utilisation.De plus, vous pouvez facilement ranger cet appareil combin\u00e9 pour gaufrier horizontalement, afin de pouvoir toujours ranger vos affaires de mani\u00e8re peu encombrante.<\/p>\n<p>Polyvalent : vous pouvez utiliser la machine \u00e0 sandwichs pour pr\u00e9parer de d\u00e9licieux petits pains, de d\u00e9licieux toasts et des sandwichs au fromage.<\/p>\n<p>Facile \u00e0 nettoyer : parfait pour d\u00e9guster le sandwich parfait.Tr\u00e8s bon grille-pain \u00e0 sandwich.Le rev\u00eatement antiadh\u00e9sif assure un nettoyage facile.<\/p>\n<p>Occasions applicables : convient pour un usage domestique, les ustensiles de cuisine, la fabrication de diff\u00e9rents types de rouleaux pour enfants, et peut \u00e9galement \u00eatre utilis\u00e9 dans les magasins de desserts, les boulangeries et autres lieux.<\/p>\n<\/div>\n<p style=\"text-align: left; margin: 0px;\" align=\"left\"><img decoding=\"async\" src=\"https:\/\/ae01.alicdn.com\/kf\/S75fb3d0d3ed7484db7fcea1146de00c0z.jpg?width=1000&amp;height=1000&amp;hash=2000\" \/><img decoding=\"async\" src=\"https:\/\/ae01.alicdn.com\/kf\/Seafe8415d4d0458ebef5b261a3dd272fs.jpg?width=1000&amp;height=1000&amp;hash=2000\" \/><img decoding=\"async\" src=\"https:\/\/ae01.alicdn.com\/kf\/Scc0a953f9b984a929062474c26c5e923I.jpg?width=1000&amp;height=1000&amp;hash=2000\" \/><img decoding=\"async\" src=\"https:\/\/ae01.alicdn.com\/kf\/S78f77050a7b54cfba4d36ec4498b8fc8v.jpg?width=1000&amp;height=1000&amp;hash=2000\" \/><img decoding=\"async\" src=\"https:\/\/ae01.alicdn.com\/kf\/Sf896f76f653c4d3cae21cb8fd0604636n.jpg?width=1000&amp;height=1000&amp;hash=2000\" \/><img decoding=\"async\" src=\"https:\/\/ae01.alicdn.com\/kf\/Sb505e90b3ece4b4bbbd68fbf9a19590cw.jpg?width=1000&amp;height=1000&amp;hash=2000\" \/><img decoding=\"async\" src=\"https:\/\/ae01.alicdn.com\/kf\/S9f0fcaa51c5a42ae91d53470e1675db0O.jpg?width=1000&amp;height=1000&amp;hash=2000\" \/><img decoding=\"async\" src=\"https:\/\/ae01.alicdn.com\/kf\/S467220cf2df44c61a029d1d0d4d7cb39f.jpg?width=1000&amp;height=1000&amp;hash=2000\" \/><img decoding=\"async\" src=\"https:\/\/ae01.alicdn.com\/kf\/S94fd4fd910d04452b03633be6b616aa6u.jpg?width=1000&amp;height=1000&amp;hash=2000\" \/><\/p>\n<\/div>\n<\/div>\n<p>&nbsp;<\/p>\n<\/div>\n<\/div>","protected":false},"excerpt":{"rendered":"<p>&nbsp; Chimique Hign-concern\u00e9:\u00a0Aucun Classification:\u00a0Gaufriers Caract\u00e9ristique:\u00a0Cool Touch Exterior,Surface de cuisson antiadh\u00e9sive Certification:\u00a0CE,ROHS Puissance (W):\u00a01600W Plaques Interchangeables:\u00a0Gaufrier Nom de marque:\u00a0Houselin Origine:\u00a0CN (Origine)<\/p>","protected":false},"featured_media":3336,"comment_status":"open","ping_status":"closed","template":"","meta":[],"product_brand":[],"product_cat":[4933,4930,31],"product_tag":[],"class_list":{"0":"post-3335","1":"product","2":"type-product","3":"status-publish","4":"has-post-thumbnail","6":"product_cat-bakeware","7":"product_cat-kitchen-dining","8":"product_cat-small-kitchen-appliances-appliances","10":"first","11":"instock","12":"shipping-taxable","13":"purchasable","14":"product-type-variable"},"jetpack_sharing_enabled":true,"_links":{"self":[{"href":"https:\/\/afrycom.com\/fr\/wp-json\/wp\/v2\/product\/3335","targetHints":{"allow":["GET"]}}],"collection":[{"href":"https:\/\/afrycom.com\/fr\/wp-json\/wp\/v2\/product"}],"about":[{"href":"https:\/\/afrycom.com\/fr\/wp-json\/wp\/v2\/types\/product"}],"replies":[{"embeddable":true,"href":"https:\/\/afrycom.com\/fr\/wp-json\/wp\/v2\/comments?post=3335"}],"wp:featuredmedia":[{"embeddable":true,"href":"https:\/\/afrycom.com\/fr\/wp-json\/wp\/v2\/media\/3336"}],"wp:attachment":[{"href":"https:\/\/afrycom.com\/fr\/wp-json\/wp\/v2\/media?parent=3335"}],"wp:term":[{"taxonomy":"product_brand","embeddable":true,"href":"https:\/\/afrycom.com\/fr\/wp-json\/wp\/v2\/product_brand?post=3335"},{"taxonomy":"product_cat","embeddable":true,"href":"https:\/\/afrycom.com\/fr\/wp-json\/wp\/v2\/product_cat?post=3335"},{"taxonomy":"product_tag","embeddable":true,"href":"https:\/\/afrycom.com\/fr\/wp-json\/wp\/v2\/product_tag?post=3335"}],"curies":[{"name":"wp","href":"https:\/\/api.w.org\/{rel}","templated":true}]}}