{"id":333,"date":"2025-01-03T12:18:44","date_gmt":"2025-01-03T12:18:44","guid":{"rendered":"https:\/\/dummy.xtemos.com\/woodmart2\/marketplace2\/?post_type=product&#038;p=333"},"modified":"2025-03-02T02:28:59","modified_gmt":"2025-03-02T02:28:59","slug":"electrolux-ew8w261bu","status":"publish","type":"product","link":"https:\/\/afrycom.com\/fr\/produit\/electrolux-ew8w261bu\/","title":{"rendered":"Electrolux EW8W261BU"},"content":{"rendered":"<div class=\"wpb-content-wrapper\"><div class=\"vc_row wpb_row vc_row-fluid vc_custom_1736409704944 wd-rs-677f82647f413\"><div class=\"wpb_column vc_column_container vc_col-sm-12\"><div class=\"vc_column-inner\"><div class=\"wpb_wrapper\">\t\t<div id=\"wd-677f81eca0713\" class=\"wd-image wd-wpb wd-rs-677f81eca0713 text-center vc_custom_1736409609994\">\n\t\t\t\n\t\t\t<img loading=\"lazy\" decoding=\"async\" width=\"780\" height=\"520\" src=\"https:\/\/afrycom.com\/wp-content\/uploads\/2025\/01\/mcp-toshiba-wash-1-opt.jpg\" class=\"attachment-full size-full\" alt=\"\" srcset=\"https:\/\/afrycom.com\/wp-content\/uploads\/2025\/01\/mcp-toshiba-wash-1-opt.jpg 780w, https:\/\/afrycom.com\/wp-content\/uploads\/2025\/01\/mcp-toshiba-wash-1-opt-150x100.jpg 150w\" sizes=\"auto, (max-width: 780px) 100vw, 780px\" \/>\n\t\t\t\t\t<\/div>\n\t\t\n\t\t<div id=\"wd-677f8634bfbeb\" class=\"title-wrapper wd-wpb wd-set-mb reset-last-child  wd-rs-677f8634bfbeb wd-title-color-default wd-title-style-default text-center  wd-underline-colored\">\n\t\t\t\n\t\t\t<div class=\"liner-continer\">\n\t\t\t\t<h4 class=\"woodmart-title-container title  wd-font-weight- wd-fontsize-l\" >Toshiba TW-BJ110W4<\/h4>\n\t\t\t\t\t\t\t<\/div>\n\t\t\t\n\t\t\t\t\t\t\t<div class=\"title-after_title reset-last-child  wd-fontsize-xs\">Le lavage d\u00e9licat a de l'importance<\/div>\n\t\t\t\n\t\t\t\n\t\t<\/div>\n\t\t\n\t\t<\/div><\/div><\/div><\/div><div class=\"vc_row wpb_row vc_row-fluid vc_custom_1736410276843 vc_row-has-fill wd-bg-center-center wd-rs-677f849eae191\"><div class=\"wpb_column vc_column_container vc_col-sm-12 color-scheme-light wd-rs-677f84031907b\"><div class=\"vc_column-inner vc_custom_1736410120450\"><div class=\"wpb_wrapper\"><div class=\"vc_row wpb_row vc_inner vc_row-fluid vc_custom_1736410178753 vc_row-o-content-middle vc_row-flex row-reverse-mobile wd-rs-677f843e19d00\"><div class=\"wpb_column vc_column_container vc_col-sm-6 wd-rs-677f841385097\"><div class=\"vc_column-inner vc_custom_1736410134460\"><div class=\"wpb_wrapper\">\n\t\t<div id=\"wd-677f83b7972f3\" class=\"title-wrapper wd-wpb wd-set-mb reset-last-child  wd-rs-677f83b7972f3 wd-title-color-default wd-title-style-default text-left  wd-underline-colored\">\n\t\t\t\n\t\t\t<div class=\"liner-continer\">\n\t\t\t\t<h4 class=\"woodmart-title-container title  wd-font-weight- wd-fontsize-l\" >Diapositive sens<\/h4>\n\t\t\t\t\t\t\t<\/div>\n\t\t\t\n\t\t\t\t\t\t\t<div class=\"title-after_title reset-last-child  wd-fontsize-xs\">Le Grand Oxmox lui conseilla de ne pas le faire, car il y avait des milliers de mauvaises virgules, de points d'interrogation sauvages et de s\u00e9mikoli sournois, mais le Petit Texte Aveugle ne l'\u00e9couta pas. Elle pr\u00e9para ses sept versalia, mit son initiale \u00e0 la ceinture et se mit en route.<\/div>\n\t\t\t\n\t\t\t\n\t\t<\/div>\n\t\t\n\t\t<\/div><\/div><\/div><div class=\"wpb_column vc_column_container vc_col-sm-6\"><div class=\"vc_column-inner\"><div class=\"wpb_wrapper\">\t\t<div id=\"wd-677f82e54d28a\" class=\"wd-image wd-wpb wd-rs-677f82e54d28a text-left\">\n\t\t\t\n\t\t\t<img loading=\"lazy\" decoding=\"async\" width=\"600\" height=\"367\" src=\"https:\/\/afrycom.com\/wp-content\/uploads\/2025\/01\/mcp-toshiba-wash-2.jpg\" class=\"attachment-full size-full\" alt=\"\" srcset=\"https:\/\/afrycom.com\/wp-content\/uploads\/2025\/01\/mcp-toshiba-wash-2.jpg 600w, https:\/\/afrycom.com\/wp-content\/uploads\/2025\/01\/mcp-toshiba-wash-2-150x92.jpg 150w\" sizes=\"auto, (max-width: 600px) 100vw, 600px\" \/>\n\t\t\t\t\t<\/div>\n\t\t<\/div><\/div><\/div><\/div><div class=\"vc_row wpb_row vc_inner vc_row-fluid vc_custom_1736410172750 vc_row-o-content-middle vc_row-flex wd-rs-677f84365dfb2\"><div class=\"wpb_column vc_column_container vc_col-sm-6 wd-rs-677f841385097\"><div class=\"vc_column-inner vc_custom_1736410134460\"><div class=\"wpb_wrapper\">\t\t<div id=\"wd-677f82f5dc1f0\" class=\"wd-image wd-wpb wd-rs-677f82f5dc1f0 text-left\">\n\t\t\t\n\t\t\t<img loading=\"lazy\" decoding=\"async\" width=\"600\" height=\"367\" src=\"https:\/\/afrycom.com\/wp-content\/uploads\/2025\/01\/mcp-toshiba-wash-3.jpg\" class=\"attachment-full size-full\" alt=\"\" srcset=\"https:\/\/afrycom.com\/wp-content\/uploads\/2025\/01\/mcp-toshiba-wash-3.jpg 600w, https:\/\/afrycom.com\/wp-content\/uploads\/2025\/01\/mcp-toshiba-wash-3-150x92.jpg 150w\" sizes=\"auto, (max-width: 600px) 100vw, 600px\" \/>\n\t\t\t\t\t<\/div>\n\t\t<\/div><\/div><\/div><div class=\"wpb_column vc_column_container vc_col-sm-6\"><div class=\"vc_column-inner\"><div class=\"wpb_wrapper\">\n\t\t<div id=\"wd-677f83bd0e348\" class=\"title-wrapper wd-wpb wd-set-mb reset-last-child  wd-rs-677f83bd0e348 wd-title-color-default wd-title-style-default text-left  wd-underline-colored\">\n\t\t\t\n\t\t\t<div class=\"liner-continer\">\n\t\t\t\t<h4 class=\"woodmart-title-container title  wd-font-weight- wd-fontsize-l\" >Dose de sens<\/h4>\n\t\t\t\t\t\t\t<\/div>\n\t\t\t\n\t\t\t\t\t\t\t<div class=\"title-after_title reset-last-child  wd-fontsize-xs\">Le Grand Oxmox lui conseilla de ne pas le faire, car il y avait des milliers de mauvaises virgules, de points d'interrogation sauvages et de s\u00e9mikoli sournois, mais le Petit Texte Aveugle ne l'\u00e9couta pas. Elle pr\u00e9para ses sept versalia, mit son initiale \u00e0 la ceinture et se mit en route.<\/div>\n\t\t\t\n\t\t\t\n\t\t<\/div>\n\t\t\n\t\t<\/div><\/div><\/div><\/div><\/div><\/div><\/div><\/div><div class=\"vc_row wpb_row vc_row-fluid vc_custom_1736410616231 wd-rs-677f85f2c3b9a\"><div class=\"wpb_column vc_column_container vc_col-sm-4 wd-rs-677f853627442\"><div class=\"vc_column-inner vc_custom_1736410425507\"><div class=\"wpb_wrapper\">\t\t\t<div class=\"info-box-wrapper\">\n\t\t\t\t<div id=\"wd-677f851eaf67a\" class=\"wd-rs-677f851eaf67a wd-info-box wd-wpb text-center box-icon-align-top box-style- color-scheme- wd-bg-none vc_custom_1736410406099\">\n\t\t\t\t\t\t\t\t\t\t\t<div class=\"box-icon-wrapper  box-with-icon box-icon-simple\">\n\t\t\t\t\t\t\t<div class=\"info-box-icon\">\n\n\t\t\t\t\t\t\t\n\t\t\t\t\t\t\t\t\t\t\t\t\t\t\t\t\t<div class=\"info-svg-wrapper\" style=\"width: 66px;height: 64px;\"><img decoding=\"async\"  src=\"https:\/\/afrycom.com\/wp-content\/uploads\/2025\/01\/toshiba-wash-icon-1.svg\" title=\"toshiba-wash-icon-1\" loading=\"lazy\" width=\"66\" height=\"64\"><\/div>\t\t\t\t\t\t\t\t\t\t\t\t\t\t\t\n\t\t\t\t\t\t\t<\/div>\n\t\t\t\t\t\t<\/div>\n\t\t\t\t\t\t\t\t\t\t<div class=\"info-box-content\">\n\t\t\t\t\t\t<h4 class=\"info-box-title title box-title-style-default wd-fontsize-m\">\u00c9cran TFT<\/h4>\t\t\t\t\t\t<div class=\"info-box-inner reset-last-child\"><p>Simplifie consid\u00e9rablement le processus de gestion des param\u00e8tres de lavage.<\/p>\n<\/div>\n\n\t\t\t\t\t\t\t\t\t\t\t<\/div>\n\n\t\t\t\t\t\n\t\t\t\t\t\t\t\t\t<\/div>\n\t\t\t<\/div>\n\t\t<\/div><\/div><\/div><div class=\"wpb_column vc_column_container vc_col-sm-4 wd-rs-677f853b0c259\"><div class=\"vc_column-inner vc_custom_1736410429137\"><div class=\"wpb_wrapper\">\t\t\t<div class=\"info-box-wrapper\">\n\t\t\t\t<div id=\"wd-677f8548b9782\" class=\"wd-rs-677f8548b9782 wd-info-box wd-wpb text-center box-icon-align-top box-style- color-scheme- wd-bg-none vc_custom_1736410468829\">\n\t\t\t\t\t\t\t\t\t\t\t<div class=\"box-icon-wrapper  box-with-icon box-icon-simple\">\n\t\t\t\t\t\t\t<div class=\"info-box-icon\">\n\n\t\t\t\t\t\t\t\n\t\t\t\t\t\t\t\t\t\t\t\t\t\t\t\t\t<div class=\"info-svg-wrapper\" style=\"width: 65px;height: 64px;\"><img decoding=\"async\"  src=\"https:\/\/afrycom.com\/wp-content\/uploads\/2025\/01\/toshiba-wash-icon-2.svg\" title=\"toshiba-wash-icon-2\" loading=\"lazy\" width=\"65\" height=\"64\"><\/div>\t\t\t\t\t\t\t\t\t\t\t\t\t\t\t\n\t\t\t\t\t\t\t<\/div>\n\t\t\t\t\t\t<\/div>\n\t\t\t\t\t\t\t\t\t\t<div class=\"info-box-content\">\n\t\t\t\t\t\t<h4 class=\"info-box-title title box-title-style-default wd-fontsize-m\">Programme court<\/h4>\t\t\t\t\t\t<div class=\"info-box-inner reset-last-child\"><p>Le programme de lavage rapide rafra\u00eechit vos v\u00eatements en seulement 10 minutes.<\/p>\n<\/div>\n\n\t\t\t\t\t\t\t\t\t\t\t<\/div>\n\n\t\t\t\t\t\n\t\t\t\t\t\t\t\t\t<\/div>\n\t\t\t<\/div>\n\t\t<\/div><\/div><\/div><div class=\"wpb_column vc_column_container vc_col-sm-4 wd-rs-677f853ecd838\"><div class=\"vc_column-inner vc_custom_1736410433064\"><div class=\"wpb_wrapper\">\t\t\t<div class=\"info-box-wrapper\">\n\t\t\t\t<div id=\"wd-677f856896c79\" class=\"wd-rs-677f856896c79 wd-info-box wd-wpb text-center box-icon-align-top box-style- color-scheme- wd-bg-none vc_custom_1736410496682\">\n\t\t\t\t\t\t\t\t\t\t\t<div class=\"box-icon-wrapper  box-with-icon box-icon-simple\">\n\t\t\t\t\t\t\t<div class=\"info-box-icon\">\n\n\t\t\t\t\t\t\t\n\t\t\t\t\t\t\t\t\t\t\t\t\t\t\t\t\t<div class=\"info-svg-wrapper\" style=\"width: 66px;height: 64px;\"><img decoding=\"async\"  src=\"https:\/\/afrycom.com\/wp-content\/uploads\/2025\/01\/toshiba-wash-icon-3.svg\" title=\"toshiba-wash-icon-3\" loading=\"lazy\" width=\"66\" height=\"64\"><\/div>\t\t\t\t\t\t\t\t\t\t\t\t\t\t\t\n\t\t\t\t\t\t\t<\/div>\n\t\t\t\t\t\t<\/div>\n\t\t\t\t\t\t\t\t\t\t<div class=\"info-box-content\">\n\t\t\t\t\t\t<h4 class=\"info-box-title title box-title-style-default wd-fontsize-m\">\u00c9clairage LED<\/h4>\t\t\t\t\t\t<div class=\"info-box-inner reset-last-child\"><p>L'\u00e9clairage LED doux du tambour permet un contr\u00f4le pr\u00e9cis.<\/p>\n<\/div>\n\n\t\t\t\t\t\t\t\t\t\t\t<\/div>\n\n\t\t\t\t\t\n\t\t\t\t\t\t\t\t\t<\/div>\n\t\t\t<\/div>\n\t\t<\/div><\/div><\/div><\/div><div class=\"vc_row wpb_row vc_row-fluid wd-rs-677f8649ca299\"><div class=\"wpb_column vc_column_container vc_col-sm-12\"><div class=\"vc_column-inner\"><div class=\"wpb_wrapper\">\t\t<div id=\"wd-677f865d4525f\" class=\"wd-image wd-wpb wd-rs-677f865d4525f text-center vc_custom_1736410720662\">\n\t\t\t\n\t\t\t<img loading=\"lazy\" decoding=\"async\" width=\"1200\" height=\"677\" src=\"https:\/\/afrycom.com\/wp-content\/uploads\/2025\/01\/mcp-toshiba-wash-4.jpg\" class=\"attachment-full size-full\" alt=\"\" srcset=\"https:\/\/afrycom.com\/wp-content\/uploads\/2025\/01\/mcp-toshiba-wash-4.jpg 1200w, https:\/\/afrycom.com\/wp-content\/uploads\/2025\/01\/mcp-toshiba-wash-4-150x85.jpg 150w\" sizes=\"auto, (max-width: 1200px) 100vw, 1200px\" \/>\n\t\t\t\t\t<\/div>\n\t\t\n\t\t<div id=\"wd-677f8615e7162\" class=\"title-wrapper wd-wpb wd-set-mb reset-last-child  wd-rs-677f8615e7162 wd-title-color-default wd-title-style-default text-center vc_custom_1736410660855 wd-underline-colored\">\n\t\t\t\n\t\t\t<div class=\"liner-continer\">\n\t\t\t\t<h4 class=\"woodmart-title-container title  wd-font-weight- wd-fontsize-l\" >Soins individuels pour tout type de v\u00eatement<\/h4>\n\t\t\t\t\t\t\t<\/div>\n\t\t\t\n\t\t\t\t\t\t\t<div class=\"title-after_title reset-last-child  wd-fontsize-xs\">Gr\u00e2ce \u00e0 une large s\u00e9lection de programmes, Toshiba s'adapte pr\u00e9cis\u00e9ment \u00e0 tout type de chargement du tambour. Il existe des cycles distincts pour le lavage des mati\u00e8res synth\u00e9tiques, des tissus color\u00e9s et des produits en coton. Le programme anti-allergie assure un rin\u00e7age efficace des d\u00e9tergents agressifs, tandis que le cycle de lavage d\u00e9licat s'occupe de la laine et des tissus d\u00e9licats.<\/div>\n\t\t\t\n\t\t\t\n\t\t<\/div>\n\t\t\n\t\t<\/div><\/div><\/div><\/div>\n<\/div>","protected":false},"excerpt":{"rendered":"<p>\u00c9conomisez de l'\u00e9nergie et de l'argent avec notre r\u00e9frig\u00e9rateur \u00e0 haut rendement \u00e9nerg\u00e9tique. La technologie de refroidissement avanc\u00e9e permet de conserver la fra\u00eecheur des aliments plus longtemps tout en r\u00e9duisant votre empreinte carbone. L'int\u00e9rieur spacieux et les \u00e9tag\u00e8res r\u00e9glables offrent de nombreuses possibilit\u00e9s de rangement.<\/p>","protected":false},"featured_media":38,"comment_status":"open","ping_status":"closed","template":"","meta":[],"product_brand":[64],"product_cat":[27],"product_tag":[],"class_list":{"0":"post-333","1":"product","2":"type-product","3":"status-publish","4":"has-post-thumbnail","6":"product_brand-benq","7":"product_cat-washer-dryers-laundry-appliances","9":"first","10":"instock","11":"shipping-taxable","12":"purchasable","13":"product-type-simple"},"jetpack_sharing_enabled":true,"_links":{"self":[{"href":"https:\/\/afrycom.com\/fr\/wp-json\/wp\/v2\/product\/333","targetHints":{"allow":["GET"]}}],"collection":[{"href":"https:\/\/afrycom.com\/fr\/wp-json\/wp\/v2\/product"}],"about":[{"href":"https:\/\/afrycom.com\/fr\/wp-json\/wp\/v2\/types\/product"}],"replies":[{"embeddable":true,"href":"https:\/\/afrycom.com\/fr\/wp-json\/wp\/v2\/comments?post=333"}],"wp:featuredmedia":[{"embeddable":true,"href":"https:\/\/afrycom.com\/fr\/wp-json\/"}],"wp:attachment":[{"href":"https:\/\/afrycom.com\/fr\/wp-json\/wp\/v2\/media?parent=333"}],"wp:term":[{"taxonomy":"product_brand","embeddable":true,"href":"https:\/\/afrycom.com\/fr\/wp-json\/wp\/v2\/product_brand?post=333"},{"taxonomy":"product_cat","embeddable":true,"href":"https:\/\/afrycom.com\/fr\/wp-json\/wp\/v2\/product_cat?post=333"},{"taxonomy":"product_tag","embeddable":true,"href":"https:\/\/afrycom.com\/fr\/wp-json\/wp\/v2\/product_tag?post=333"}],"curies":[{"name":"wp","href":"https:\/\/api.w.org\/{rel}","templated":true}]}}