{"id":3249,"date":"2025-03-08T05:51:34","date_gmt":"2025-03-08T05:51:34","guid":{"rendered":"https:\/\/afrycom.com\/product\/super-star-baskets-de-football-pour-hommes-et-femmes-chaussures-de-football-professionnelles-legeres-et-longues-pointes-crampons-de-futsal-pour-hommes\/"},"modified":"2025-03-08T05:51:44","modified_gmt":"2025-03-08T05:51:44","slug":"super-star-baskets-de-football-pour-hommes-et-femmes-chaussures-de-football-professionnelles-legeres-et-longues-pointes-crampons-de-futsal-pour-hommes","status":"publish","type":"product","link":"https:\/\/afrycom.com\/fr\/produit\/super-star-baskets-de-football-pour-hommes-et-femmes-chaussures-de-football-professionnelles-legeres-et-longues-pointes-crampons-de-futsal-pour-hommes\/","title":{"rendered":"Super Star - baskets de Football pour hommes et femmes, chaussures de Football professionnelles, l\u00e9g\u00e8res et longues pointes, crampons de Futsal pour hommes"},"content":{"rendered":"<div class=\"product-specs-list-container\">\n<ul class=\"product-specs-list util-clearfix\">\n<li class=\"product-prop line-limit-length\"><span\n                                        class=\"property-title\">Avec ou installer des accessoires professionnels :&nbsp;<\/span><span\n                                        class=\"property-desc line-limit-length\">Aucun<\/span>\n                            <\/li>\n<li class=\"product-prop line-limit-length\"><span\n                                        class=\"property-title\">Que ce soit avec embout en m\u00e9tal :&nbsp;<\/span><span\n                                        class=\"property-desc line-limit-length\">Non<\/span>\n                            <\/li>\n<li class=\"product-prop line-limit-length\"><span\n                                        class=\"property-title\">Que ce soit \u00e9tanche :&nbsp;<\/span><span\n                                        class=\"property-desc line-limit-length\">Oui<\/span>\n                            <\/li>\n<li class=\"product-prop line-limit-length\"><span\n                                        class=\"property-title\">M\u00e9thode de fixation sup\u00e9rieure :&nbsp;<\/span><span\n                                        class=\"property-desc line-limit-length\">Moulage par injection<\/span>\n                            <\/li>\n<li class=\"product-prop line-limit-length\"><span\n                                        class=\"property-title\">Couverture sup\u00e9rieure :&nbsp;<\/span><span\n                                        class=\"property-desc line-limit-length\">Pas au-dessus de la cheville<\/span>\n                            <\/li>\n<li class=\"product-prop line-limit-length\"><span\n                                        class=\"property-title\">Chimique Hign-concern\u00e9 :&nbsp;<\/span><span\n                                        class=\"property-desc line-limit-length\">Aucun<\/span>\n                            <\/li>\n<li class=\"product-prop line-limit-length\"><span\n                                        class=\"property-title\">Mat\u00e9riau :&nbsp;<\/span><span\n                                        class=\"property-desc line-limit-length\">Microfibre<\/span>\n                            <\/li>\n<li class=\"product-prop line-limit-length\"><span\n                                        class=\"property-title\">Num\u00e9ro de Mod\u00e8le :&nbsp;<\/span><span\n                                        class=\"property-desc line-limit-length\">2295 football shoes men<\/span>\n                            <\/li>\n<li class=\"product-prop line-limit-length\"><span\n                                        class=\"property-title\">Date de sortie :&nbsp;<\/span><span\n                                        class=\"property-desc line-limit-length\">Printemps 2019<\/span>\n                            <\/li>\n<li class=\"product-prop line-limit-length\"><span\n                                        class=\"property-title\">Niveau de pratique :&nbsp;<\/span><span\n                                        class=\"property-desc line-limit-length\">Professionnel<\/span>\n                            <\/li>\n<li class=\"product-prop line-limit-length\"><span\n                                        class=\"property-title\">Ajustement :&nbsp;<\/span><span\n                                        class=\"property-desc line-limit-length\">S&#039;adapte \u00e0 la taille, prenez votre taille normale<\/span>\n                            <\/li>\n<li class=\"product-prop line-limit-length\"><span\n                                        class=\"property-title\">Type de Fermeture :&nbsp;<\/span><span\n                                        class=\"property-desc line-limit-length\">Lacets<\/span>\n                            <\/li>\n<li class=\"product-prop line-limit-length\"><span\n                                        class=\"property-title\">Largeur des chaussures :&nbsp;<\/span><span\n                                        class=\"property-desc line-limit-length\">Moyen (B,M)<\/span>\n                            <\/li>\n<li class=\"product-prop line-limit-length\"><span\n                                        class=\"property-title\">Caract\u00e9ristique :&nbsp;<\/span><span\n                                        class=\"property-desc line-limit-length\">respirant,Massage,Imperm\u00e9able<\/span>\n                            <\/li>\n<li class=\"product-prop line-limit-length\"><span\n                                        class=\"property-title\">Mat\u00e9riel Doublure :&nbsp;<\/span><span\n                                        class=\"property-desc line-limit-length\">Tissu de coton<\/span>\n                            <\/li>\n<li class=\"product-prop line-limit-length\"><span\n                                        class=\"property-title\">Mat\u00e9riel de semelle :&nbsp;<\/span><span\n                                        class=\"property-desc line-limit-length\">EVA<\/span>\n                            <\/li>\n<li class=\"product-prop line-limit-length\"><span\n                                        class=\"property-title\">Mat\u00e9riau Sup\u00e9rieur :&nbsp;<\/span><span\n                                        class=\"property-desc line-limit-length\">Cuir<\/span>\n                            <\/li>\n<li class=\"product-prop line-limit-length\"><span\n                                        class=\"property-title\">Technologie :&nbsp;<\/span><span\n                                        class=\"property-desc line-limit-length\">FLEXIBLE GRATUIT<\/span>\n                            <\/li>\n<li class=\"product-prop line-limit-length\"><span\n                                        class=\"property-title\">Endroit Applicable :&nbsp;<\/span><span\n                                        class=\"property-desc line-limit-length\">Pelouse ext\u00e9rieure<\/span>\n                            <\/li>\n<li class=\"product-prop line-limit-length\"><span\n                                        class=\"property-title\">Mat\u00e9riau de Semelle Ext\u00e9rieure :&nbsp;<\/span><span\n                                        class=\"property-desc line-limit-length\">CAOUTCHOUC<\/span>\n                            <\/li>\n<li class=\"product-prop line-limit-length\"><span\n                                        class=\"property-title\">Types De Caboche :&nbsp;<\/span><span\n                                        class=\"property-desc line-limit-length\">Pointes longues<\/span>\n                            <\/li>\n<li class=\"product-prop line-limit-length\"><span\n                                        class=\"property-title\">Sexe :&nbsp;<\/span><span\n                                        class=\"property-desc line-limit-length\">MEN<\/span>\n                            <\/li>\n<li class=\"product-prop line-limit-length\"><span\n                                        class=\"property-title\">Nom de marque :&nbsp;<\/span><span\n                                        class=\"property-desc line-limit-length\">Rindu<\/span>\n                            <\/li>\n<li class=\"product-prop line-limit-length\"><span\n                                        class=\"property-title\">Nom de D\u00e9partement :&nbsp;<\/span><span\n                                        class=\"property-desc line-limit-length\">Adulte<\/span>\n                            <\/li>\n<li class=\"product-prop line-limit-length\"><span\n                                        class=\"property-title\">Origine :&nbsp;<\/span><span\n                                        class=\"property-desc line-limit-length\">CN (Origine)<\/span>\n                            <\/li>\n<li class=\"product-prop line-limit-length\"><span\n                                        class=\"property-title\">CN :&nbsp;<\/span><span\n                                        class=\"property-desc line-limit-length\">Fujian<\/span>\n                            <\/li>\n<li class=\"product-prop line-limit-length\"><span\n                                        class=\"property-title\">Type de Chaussure Sportive :&nbsp;<\/span><span\n                                        class=\"property-desc line-limit-length\">chaussures de football<\/span>\n                            <\/li>\n<li class=\"product-prop line-limit-length\"><span\n                                        class=\"property-title\">Soccer shoes society:&nbsp;<\/span><span\n                                        class=\"property-desc line-limit-length\">soccer cleats<\/span>\n                            <\/li>\n<li class=\"product-prop line-limit-length\"><span\n                                        class=\"property-title\">football cleats:&nbsp;<\/span><span\n                                        class=\"property-desc line-limit-length\">soccer sneakers<\/span>\n                            <\/li>\n<li class=\"product-prop line-limit-length\"><span\n                                        class=\"property-title\">futsal sneakers:&nbsp;<\/span><span\n                                        class=\"property-desc line-limit-length\">Cleats football man<\/span>\n                            <\/li>\n<li class=\"product-prop line-limit-length\"><span\n                                        class=\"property-title\">football trainers:&nbsp;<\/span><span\n                                        class=\"property-desc line-limit-length\">non-slip<\/span>\n                            <\/li>\n<li class=\"product-prop line-limit-length\"><span\n                                        class=\"property-title\">soccer shoes for men:&nbsp;<\/span><span\n                                        class=\"property-desc line-limit-length\">training shoes<\/span>\n                            <\/li>\n<li class=\"product-prop line-limit-length\"><span\n                                        class=\"property-title\">football shoes:&nbsp;<\/span><span\n                                        class=\"property-desc line-limit-length\">sneakers soccer<\/span>\n                            <\/li>\n<li class=\"product-prop line-limit-length\"><span\n                                        class=\"property-title\">brand sneakers:&nbsp;<\/span><span\n                                        class=\"property-desc line-limit-length\">futsal shoes<\/span>\n                            <\/li>\n<li class=\"product-prop line-limit-length\"><span\n                                        class=\"property-title\">chuteiras society:&nbsp;<\/span><span\n                                        class=\"property-desc line-limit-length\">chuteiras de campo<\/span>\n                            <\/li>\n<li class=\"product-prop line-limit-length\"><span\n                                        class=\"property-title\">zapatos de futbol:&nbsp;<\/span><span\n                                        class=\"property-desc line-limit-length\">sapatos de futebol<\/span>\n                            <\/li>\n<\/ul><\/div>\n<div class=\"detailmodule_text\">\n<p  style=\"color:rgb(0, 0, 0);\">Dear customers, Since the size of the shoes may different\u00a0from the size you are used to. Please carefully select the size according to Size Chart.<\/p>\n<\/div>\n<div class=\"detailmodule_image\"><img decoding=\"async\" src=\"https:\/\/ae01.alicdn.com\/kf\/S63efb050908e4dbc8333f1a1170422cbH.jpg\"  class=\"detail-desc-decorate-image\" ><\/div>\n<div class=\"detailmodule_text\">\n<p  style=\"color:rgb(0, 0, 0);\">Important Notice:<\/p>\n<\/div>\n<div class=\"detailmodule_text\">\n<p  style=\"color:rgb(0, 0, 0);\">Choose the shoes size refer to your FOOT LENGTH.(Size Chart can help you solve 90% of size choosing problem.<\/p>\n<\/div>\n<div class=\"detailmodule_text\">\n<p  style=\"color:rgb(0, 0, 0);\">If your foot is thick and wide, you can choose one size bigger;<\/p>\n<\/div>\n<div class=\"detailmodule_text\">\n<p  style=\"color:rgb(0, 0, 0);\">If your foot is narrow and thin, you can choose one size smaller.<\/p>\n<\/div>\n<div class=\"detailmodule_text\">\n<p  style=\"color:rgb(0, 0, 0);\">The shoes we send are Chinese sizes, Size tag of the shoes show Chinese size, not EUR or US sizes.<\/p>\n<\/div>\n<div class=\"detailmodule_text\">\n<p  style=\"color:rgb(0, 0, 0);\">Sandals and Slippers products, we recommend you to choose One Size Bigger.<\/p>\n<\/div>\n<div class=\"detailmodule_text\">\n<p class=\"detail-desc-decorate-content\" style=\"text-overflow: ellipsis;font-family: 'OpenSans';color:'#000';word-wrap: break-word;white-space: pre-wrap;font-weight: 300;font-size: 14px;line-height: 20px;color: #000;margin-bottom: 12px;\">Product Description:<\/p>\n<\/div>\n<div class=\"detailmodule_text\">\n<p class=\"detail-desc-decorate-content\" style=\"text-overflow: ellipsis;font-family: 'OpenSans';color:'#000';word-wrap: break-word;white-space: pre-wrap;font-weight: 300;font-size: 14px;line-height: 20px;color: #000;margin-bottom: 12px;\">\n  Super Star Fashion Football Sneakers for Men Women Professional Soccer Shoes Trainers Men Light Long Spikes Futsal Cleats Men\n <\/p>\n<\/div>\n<div class=\"detailmodule_image\"><img decoding=\"async\" src=\"https:\/\/ae01.alicdn.com\/kf\/S0d4673ef962b4301bc37a97e307ad650K.jpg\"  class=\"detail-desc-decorate-image\" ><img decoding=\"async\" src=\"https:\/\/ae01.alicdn.com\/kf\/S75960a3e00404d32aff2b8fa6369125dC.jpg\"  class=\"detail-desc-decorate-image\" ><img decoding=\"async\" src=\"https:\/\/ae01.alicdn.com\/kf\/S9d4c23aadca3449db1561be6d3698ddbs.jpg\"  class=\"detail-desc-decorate-image\" ><img decoding=\"async\" src=\"https:\/\/ae01.alicdn.com\/kf\/Se07ae1b3373f455ba3275d51c28f7d11u.jpg\"  class=\"detail-desc-decorate-image\" ><img decoding=\"async\" src=\"https:\/\/ae01.alicdn.com\/kf\/S7787b533ff54490683a3a2e549f746f8L.jpg\"  class=\"detail-desc-decorate-image\" ><img decoding=\"async\" src=\"https:\/\/ae01.alicdn.com\/kf\/Sbe68db8720f14a1ea5c8dd7e4f50bcc5u.jpg\"  class=\"detail-desc-decorate-image\" ><img decoding=\"async\" src=\"https:\/\/ae01.alicdn.com\/kf\/S37f5ff0c18ad41359f1a73a2bc8d973ae.jpg\"  class=\"detail-desc-decorate-image\" ><img decoding=\"async\" src=\"https:\/\/ae01.alicdn.com\/kf\/S3a92fe451e6e43769ae7e9923a77e517j.jpg\"  class=\"detail-desc-decorate-image\" ><img decoding=\"async\" src=\"https:\/\/ae01.alicdn.com\/kf\/Se16365de95e9436ab968a2ff4026b8c16.jpg\"  class=\"detail-desc-decorate-image\" ><img decoding=\"async\" src=\"https:\/\/ae01.alicdn.com\/kf\/Sa04585d37d674033b62690291f9aa598B.jpg\"  class=\"detail-desc-decorate-image\" ><\/div>\n<div class=\"detailmodule_image\"><img decoding=\"async\" src=\"https:\/\/ae01.alicdn.com\/kf\/S277224f4c32b430aa24600ddb115cd1f4.jpg\"  class=\"detail-desc-decorate-image\" ><img decoding=\"async\" src=\"https:\/\/ae01.alicdn.com\/kf\/S840ab6363569482ea54caa0f97ebaff9I.jpg\"  class=\"detail-desc-decorate-image\" ><img decoding=\"async\" src=\"https:\/\/ae01.alicdn.com\/kf\/S53695556b56a44f79e8d2ab7b5c01b64S.jpg\"  class=\"detail-desc-decorate-image\" ><img decoding=\"async\" src=\"https:\/\/ae01.alicdn.com\/kf\/Sc6e8f84ca1ae42988267638c1f4e3db9W.jpg\"  class=\"detail-desc-decorate-image\" ><img decoding=\"async\" src=\"https:\/\/ae01.alicdn.com\/kf\/S32a23c36027944ed8342644de3223398V.jpg\"  class=\"detail-desc-decorate-image\" ><img decoding=\"async\" src=\"https:\/\/ae01.alicdn.com\/kf\/S6a75d508cfa0458e959c23aa1047df29B.jpg\"  class=\"detail-desc-decorate-image\" ><img decoding=\"async\" src=\"https:\/\/ae01.alicdn.com\/kf\/Sb53a7ee4ea7543e78402109be564ed3ad.jpg\"  class=\"detail-desc-decorate-image\" ><img decoding=\"async\" src=\"https:\/\/ae01.alicdn.com\/kf\/S5745103342d846279524c50280512fabN.jpg\"  class=\"detail-desc-decorate-image\" ><img decoding=\"async\" src=\"https:\/\/ae01.alicdn.com\/kf\/S9fc48a0a1b604029a84d87e2aeab2a85S.jpg\"  class=\"detail-desc-decorate-image\" ><img decoding=\"async\" src=\"https:\/\/ae01.alicdn.com\/kf\/S512d2d65902747f8be93d17e7bad5d981.jpg\"  class=\"detail-desc-decorate-image\" ><\/div>\n<div class=\"detailmodule_image\"><img decoding=\"async\" src=\"https:\/\/ae01.alicdn.com\/kf\/Sebdf4228f888458b869309f2780f693eC.jpg\"  class=\"detail-desc-decorate-image\" ><img decoding=\"async\" src=\"https:\/\/ae01.alicdn.com\/kf\/S51452cd3b4c64b19957ff095be45c96aL.jpg\"  class=\"detail-desc-decorate-image\" ><img decoding=\"async\" src=\"https:\/\/ae01.alicdn.com\/kf\/S655a6d1a81be4053a26cb111b8f338c98.jpg\"  class=\"detail-desc-decorate-image\" ><img decoding=\"async\" src=\"https:\/\/ae01.alicdn.com\/kf\/S544d3a7361d349cda14d191932a06b820.jpg\"  class=\"detail-desc-decorate-image\" ><img decoding=\"async\" src=\"https:\/\/ae01.alicdn.com\/kf\/Sc53d0f8fcb664660a7cd3fcbadecc5b5P.jpg\"  class=\"detail-desc-decorate-image\" ><img decoding=\"async\" src=\"https:\/\/ae01.alicdn.com\/kf\/Sdc240c0b45634fb0ba76a18e38283012v.jpg\"  class=\"detail-desc-decorate-image\" ><img decoding=\"async\" src=\"https:\/\/ae01.alicdn.com\/kf\/Sa4ac3d645531473b89b2e38995b192439.jpg\"  class=\"detail-desc-decorate-image\" ><img decoding=\"async\" src=\"https:\/\/ae01.alicdn.com\/kf\/Sce89b49e032d4618897af5f8cff6f81eV.jpg\"  class=\"detail-desc-decorate-image\" ><img decoding=\"async\" src=\"https:\/\/ae01.alicdn.com\/kf\/Sa886a1ad3b4b4f839dcc5158022f1953n.jpg\"  class=\"detail-desc-decorate-image\" ><img decoding=\"async\" src=\"https:\/\/ae01.alicdn.com\/kf\/S123073d636704b0eb7edd544cdf2eda00.jpg\"  class=\"detail-desc-decorate-image\" ><\/div>\n<div class=\"detailmodule_text\">\n<p  style=\"color:rgb(0, 0, 0);\">Package and Shipment:<\/p>\n<\/div>\n<div class=\"detailmodule_image\"><img decoding=\"async\" src=\"https:\/\/ae01.alicdn.com\/kf\/H2bcda73c86604dc9b6a7a9057e6dec9aq.jpg\"  class=\"detail-desc-decorate-image\" ><\/div>\n<div class=\"detailmodule_text\">\n<p  style=\"color:rgb(0, 0, 0);\">Please write your FULLNAME and HOUSE NUMBER .Especially Russia have a new rule now, post office will not deliver parcels to you if you don&#8217;t write full name.<\/p>\n<\/div>\n<div class=\"detailmodule_text\">\n<p class=\"detail-desc-decorate-content\" style=\"text-overflow: ellipsis;font-family: 'OpenSans';color:'#000';word-wrap: break-word;white-space: pre-wrap;font-weight: 300;font-size: 14px;line-height: 20px;color: #000;margin-bottom: 12px;\">Difference in color may be caused by some other reasons such as color reflection in the light, background etc.<\/p>\n<\/div>\n<div class=\"detailmodule_text\">\n<p  style=\"color:rgb(0, 0, 0);\">Feedback:<\/p>\n<\/div>\n<div class=\"detailmodule_text\">\n<p  style=\"color:rgb(0, 0, 0);\">Your satisfaction with our products is our biggest motivation, please give us positive feedback and 5 star praise. If there is any dissatisfaction, please contact us in time, we will give you a satisfactory treatment.<\/p>\n<\/div>\n<div class=\"detailmodule_image\"><img decoding=\"async\" src=\"https:\/\/ae01.alicdn.com\/kf\/Hdf9485a6261d4db48cbb58e93df14216d.jpg\"  class=\"detail-desc-decorate-image\" ><\/div>\n<div class=\"detailmodule_text\">\n<p  style=\"color:rgb(0, 0, 0);\">Return:<\/p>\n<\/div>\n<div class=\"detailmodule_text\">\n<p  style=\"color:rgb(0, 0, 0);\">In case of the defective items or wrong items that you got, we will resend or refund to you. You can also return back the items within 2 work days after receipt, buyers are responsible for shipping charge to return the items.<\/p>\n<\/div>\n<div class=\"detailmodule_text\">\n<p  style=\"color:rgb(0, 0, 0);\">Best Regards!<\/p>\n<\/div>","protected":false},"excerpt":{"rendered":"<p>Avec ou installer des accessoires professionnels:&nbsp;Aucun Que ce soit avec embout en m\u00e9tal:&nbsp;Non Que ce soit \u00e9tanche:&nbsp;Oui M\u00e9thode de fixation<\/p>","protected":false},"featured_media":3250,"comment_status":"open","ping_status":"closed","template":"","meta":[],"product_brand":[],"product_cat":[15],"product_tag":[],"class_list":{"0":"post-3249","1":"product","2":"type-product","3":"status-publish","4":"has-post-thumbnail","6":"product_cat-uncategorized","8":"first","9":"instock","10":"shipping-taxable","11":"purchasable","12":"product-type-variable"},"jetpack_sharing_enabled":true,"_links":{"self":[{"href":"https:\/\/afrycom.com\/fr\/wp-json\/wp\/v2\/product\/3249","targetHints":{"allow":["GET"]}}],"collection":[{"href":"https:\/\/afrycom.com\/fr\/wp-json\/wp\/v2\/product"}],"about":[{"href":"https:\/\/afrycom.com\/fr\/wp-json\/wp\/v2\/types\/product"}],"replies":[{"embeddable":true,"href":"https:\/\/afrycom.com\/fr\/wp-json\/wp\/v2\/comments?post=3249"}],"wp:featuredmedia":[{"embeddable":true,"href":"https:\/\/afrycom.com\/fr\/wp-json\/wp\/v2\/media\/3250"}],"wp:attachment":[{"href":"https:\/\/afrycom.com\/fr\/wp-json\/wp\/v2\/media?parent=3249"}],"wp:term":[{"taxonomy":"product_brand","embeddable":true,"href":"https:\/\/afrycom.com\/fr\/wp-json\/wp\/v2\/product_brand?post=3249"},{"taxonomy":"product_cat","embeddable":true,"href":"https:\/\/afrycom.com\/fr\/wp-json\/wp\/v2\/product_cat?post=3249"},{"taxonomy":"product_tag","embeddable":true,"href":"https:\/\/afrycom.com\/fr\/wp-json\/wp\/v2\/product_tag?post=3249"}],"curies":[{"name":"wp","href":"https:\/\/api.w.org\/{rel}","templated":true}]}}