{"id":29932,"date":"2026-04-16T15:27:58","date_gmt":"2026-04-16T15:27:58","guid":{"rendered":"https:\/\/afrycom.com\/product\/seche-cheveux-multifonction-5-en-1-peigne-a-air-chaud-tige-a-friser-automatique-peigne-a-cheveux-lisses-outil-de-style-salon-sechage-rapide\/"},"modified":"2026-04-16T15:28:05","modified_gmt":"2026-04-16T15:28:05","slug":"seche-cheveux-multifonction-5-en-1-peigne-a-air-chaud-tige-a-friser-automatique-peigne-a-cheveux-lisses-outil-de-style-salon-sechage-rapide","status":"publish","type":"product","link":"https:\/\/afrycom.com\/fr\/produit\/seche-cheveux-multifonction-5-en-1-peigne-a-air-chaud-tige-a-friser-automatique-peigne-a-cheveux-lisses-outil-de-style-salon-sechage-rapide\/","title":{"rendered":"S\u00e8che-cheveux multifonction 5 en 1, peigne \u00e0 Air chaud, tige \u00e0 friser automatique, peigne \u00e0 cheveux lisses, outil de Style Salon, s\u00e9chage rapide"},"content":{"rendered":"<div class=\"product-specs-list-container\">\n<ul class=\"product-specs-list util-clearfix\">\n<li class=\"product-prop line-limit-length\"><span\n                                        class=\"property-title\">Chimique Hign-concern\u00e9 :&nbsp;<\/span><span\n                                        class=\"property-desc line-limit-length\">Aucun<\/span>\n                            <\/li>\n<li class=\"product-prop line-limit-length\"><span\n                                        class=\"property-title\">Nombre de bus :&nbsp;<\/span><span\n                                        class=\"property-desc line-limit-length\">3 &#8211; 4<\/span>\n                            <\/li>\n<li class=\"product-prop line-limit-length\"><span\n                                        class=\"property-title\">Utilisation :&nbsp;<\/span><span\n                                        class=\"property-desc line-limit-length\">M\u00e9nage<\/span>\n                            <\/li>\n<li class=\"product-prop line-limit-length\"><span\n                                        class=\"property-title\">Source D'alimentation :&nbsp;<\/span><span\n                                        class=\"property-desc line-limit-length\">\u00c9lectrique<\/span>\n                            <\/li>\n<li class=\"product-prop line-limit-length\"><span\n                                        class=\"property-title\">Tension :&nbsp;<\/span><span\n                                        class=\"property-desc line-limit-length\">100-240v (tension duelle)<\/span>\n                            <\/li>\n<li class=\"product-prop line-limit-length\"><span\n                                        class=\"property-title\">Certification :&nbsp;<\/span><span\n                                        class=\"property-desc line-limit-length\">ce<\/span>\n                            <\/li>\n<li class=\"product-prop line-limit-length\"><span\n                                        class=\"property-title\">Type de douille :&nbsp;<\/span><span\n                                        class=\"property-desc line-limit-length\">Air collecting&amp;scattering<\/span>\n                            <\/li>\n<li class=\"product-prop line-limit-length\"><span\n                                        class=\"property-title\">Puissance Max.. :&nbsp;<\/span><span\n                                        class=\"property-desc line-limit-length\">Moins de 1000 W<\/span>\n                            <\/li>\n<li class=\"product-prop line-limit-length\"><span\n                                        class=\"property-title\">Prise standard :&nbsp;<\/span><span\n                                        class=\"property-desc line-limit-length\">Chinois<\/span>\n                            <\/li>\n<li class=\"product-prop line-limit-length\"><span\n                                        class=\"property-title\">Fonction :&nbsp;<\/span><span\n                                        class=\"property-desc line-limit-length\">Anion,Thermostatique,Air chaud\/froid<\/span>\n                            <\/li>\n<li class=\"product-prop line-limit-length\"><span\n                                        class=\"property-title\">Portabilit\u00e9 :&nbsp;<\/span><span\n                                        class=\"property-desc line-limit-length\">Poign\u00e9e d\u00e9pliable<\/span>\n                            <\/li>\n<li class=\"product-prop line-limit-length\"><span\n                                        class=\"property-title\">Nom de marque :&nbsp;<\/span><span\n                                        class=\"property-desc line-limit-length\">NoEnName_Null<\/span>\n                            <\/li>\n<li class=\"product-prop line-limit-length\"><span\n                                        class=\"property-title\">Origine :&nbsp;<\/span><span\n                                        class=\"property-desc line-limit-length\">CN (Origine)<\/span>\n                            <\/li>\n<li class=\"product-prop line-limit-length\"><span\n                                        class=\"property-title\">Type d'article :&nbsp;<\/span><span\n                                        class=\"property-desc line-limit-length\">S\u00e8che-cheveux<\/span>\n                            <\/li>\n<li class=\"product-prop line-limit-length\"><span\n                                        class=\"property-title\">Caract\u00e9ristique1 :&nbsp;<\/span><span\n                                        class=\"property-desc line-limit-length\">S\u00e8che-cheveux<\/span>\n                            <\/li>\n<li class=\"product-prop line-limit-length\"><span\n                                        class=\"property-title\">Caract\u00e9ristique2 :&nbsp;<\/span><span\n                                        class=\"property-desc line-limit-length\">Hair dryer machine<\/span>\n                            <\/li>\n<li class=\"product-prop line-limit-length\"><span\n                                        class=\"property-title\">Caract\u00e9ristique3 :&nbsp;<\/span><span\n                                        class=\"property-desc line-limit-length\">Dryer<\/span>\n                            <\/li>\n<li class=\"product-prop line-limit-length\"><span\n                                        class=\"property-title\">Caract\u00e9ristique4 :&nbsp;<\/span><span\n                                        class=\"property-desc line-limit-length\">Blow drier<\/span>\n                            <\/li>\n<li class=\"product-prop line-limit-length\"><span\n                                        class=\"property-title\">Caract\u00e9ristique5 :&nbsp;<\/span><span\n                                        class=\"property-desc line-limit-length\">personal care appliances<\/span>\n                            <\/li>\n<\/ul><\/div>\n<div class=\"detailmodule_html\">\n<div class=\"detail-desc-decorate-richtext\">\n<p><\/p>\n<div class=\"detailmodule_html\">\n<div class=\"detail-desc-decorate-richtext\">\n<div>\n<div>\n<p style=\"text-align:left;margin:0px;margin-bottom:0px;margin-top:0px;margin-left:0px;margin-right:0px\" align=\"left\"><kse:widget data-widget-type=\"customText\" id=\"1005000012651203\" type=\"relation\"><\/kse:widget><\/p>\n<p style=\"text-align:left;margin:0px;margin-bottom:0px;margin-top:0px;margin-left:0px;margin-right:0px\" align=\"left\"><span style=\"color:rgb(77, 77, 77);font-size:20px\"><strong>S\u00e8che-cheveux multifonction 5 en 1, peigne \u00e0 Air chaud, tige \u00e0 friser automatique, peigne \u00e0 cheveux droit, outil de Style Salon, s\u00e9chage rapide<\/strong><\/span><\/p>\n<div><\/div>\n<div><\/div>\n<div>\n<div class=\"detailmodule_media\">\n<div class=\"video-container-5000115322470\">\n<div class=\"detail-video\" id=\"5000115322470\" data-previewurl=\"https:\/\/ae01.alicdn.com\/kf\/Sc740efd873174e1b8749a1abfcaed4593.jpg\"><\/div>\n<\/div>\n<\/div>\n<\/div>\n<div><\/div>\n<div>\n<\/div>\n<p style=\"text-align:left;margin:0px;margin-bottom:0px;margin-top:0px;margin-left:0px;margin-right:0px\" align=\"left\"><img decoding=\"async\" src=\"https:\/\/ae01.alicdn.com\/kf\/S875476ebab8f42508dc4af68a33bd6d0j.jpg?width=1000&amp;height=2239&amp;hash=3239\" slate-data-type=\"image\"><img decoding=\"async\" src=\"https:\/\/ae01.alicdn.com\/kf\/S0616543174904fe5bc251fc39d0b7e45T.jpg?width=1000&amp;height=1423&amp;hash=2423\" slate-data-type=\"image\"><img decoding=\"async\" src=\"https:\/\/ae01.alicdn.com\/kf\/Sef0d2c2a71d2474eb83390cf8be1dbfe8.jpg?width=1000&amp;height=2215&amp;hash=3215\" slate-data-type=\"image\"><img decoding=\"async\" src=\"https:\/\/ae01.alicdn.com\/kf\/S37cf26732a1e43498c1fc7f39d3fc9f3r.jpg?width=1000&amp;height=2152&amp;hash=3152\" slate-data-type=\"image\"><img decoding=\"async\" src=\"https:\/\/ae01.alicdn.com\/kf\/Sa91d7229d6f34c3c893cbc583c988719k.jpg?width=1000&amp;height=2025&amp;hash=3025\" slate-data-type=\"image\"><img decoding=\"async\" src=\"https:\/\/ae01.alicdn.com\/kf\/S0c7335feb4984cd4ae361efac9a3f0306.jpg?width=1000&amp;height=2152&amp;hash=3152\" slate-data-type=\"image\"><img decoding=\"async\" src=\"https:\/\/ae01.alicdn.com\/kf\/S39c9c40ba042445bb1b89f968c440c5aX.jpg?width=1000&amp;height=2025&amp;hash=3025\" slate-data-type=\"image\"><img decoding=\"async\" src=\"https:\/\/ae01.alicdn.com\/kf\/Sc3b5b74bc1c9479595a2f729b82407bct.jpg?width=1000&amp;height=2023&amp;hash=3023\" slate-data-type=\"image\"><img decoding=\"async\" src=\"https:\/\/ae01.alicdn.com\/kf\/S95d6706ae928421195920b00cd09228av.jpg?width=1000&amp;height=2052&amp;hash=3052\" slate-data-type=\"image\"><img decoding=\"async\" src=\"https:\/\/ae01.alicdn.com\/kf\/S01e8948a1b3e48969585f394d5fb655fn.jpg?width=1000&amp;height=2025&amp;hash=3025\" slate-data-type=\"image\"><img decoding=\"async\" src=\"https:\/\/ae01.alicdn.com\/kf\/Sffe0573416264c7589ebfb33e0f91412O.jpg?width=1000&amp;height=2195&amp;hash=3195\" slate-data-type=\"image\"><img decoding=\"async\" src=\"https:\/\/ae01.alicdn.com\/kf\/Sf801c162797b4d8abb04ae16f5732b42w.jpg?width=1000&amp;height=2196&amp;hash=3196\" slate-data-type=\"image\"><img decoding=\"async\" src=\"https:\/\/ae01.alicdn.com\/kf\/S5d7173deb55e4703830540555cda24aar.jpg?width=1000&amp;height=2191&amp;hash=3191\" slate-data-type=\"image\"><img decoding=\"async\" src=\"https:\/\/ae01.alicdn.com\/kf\/S68ad13f0666d4422a43c96949c8dd34cS.jpg?width=1000&amp;height=1680&amp;hash=2680\" slate-data-type=\"image\"><img decoding=\"async\" src=\"https:\/\/ae01.alicdn.com\/kf\/S6b87bbb7605e4a01bcaac32c01753ba6w.jpg?width=1000&amp;height=1201&amp;hash=2201\" slate-data-type=\"image\"><img decoding=\"async\" src=\"https:\/\/ae01.alicdn.com\/kf\/S711d700f1861420dbc5c17a3f93cc268q.jpg?width=1000&amp;height=1620&amp;hash=2620\" slate-data-type=\"image\"><img decoding=\"async\" src=\"https:\/\/ae01.alicdn.com\/kf\/S70b399cd68b74b02bfe19665ef6b0d76p.jpg?width=1000&amp;height=1729&amp;hash=2729\" slate-data-type=\"image\"><img decoding=\"async\" src=\"https:\/\/ae01.alicdn.com\/kf\/S16734f3d652040c893ed35bf550d1339H.jpg?width=1000&amp;height=1219&amp;hash=2219\" slate-data-type=\"image\"><img decoding=\"async\" src=\"https:\/\/ae01.alicdn.com\/kf\/S15c39bc6726e4b2385e93c94b7d754e03.jpg?width=1000&amp;height=1837&amp;hash=2837\" slate-data-type=\"image\"><img decoding=\"async\" src=\"https:\/\/ae01.alicdn.com\/kf\/S10d47de529b84a55a7d5ad963417dbeei.jpg?width=1000&amp;height=1391&amp;hash=2391\" slate-data-type=\"image\"><\/p>\n<\/div>\n<\/div>\n<\/div>\n<\/div>\n<p><\/p>\n<p><\/p>\n<p><\/div>\n<\/div>","protected":false},"excerpt":{"rendered":"<p>Chimique Hign-concern\u00e9:&nbsp;Aucun Nombre de buses:&nbsp;3 &#8211; 4 Utilisation:&nbsp;M\u00e9nage Source D&#039;alimentation:&nbsp;\u00c9lectrique Voltage:&nbsp;100-240v (tension duelle) Certification:&nbsp;ce Type de douille:&nbsp;Air collecting&amp;scattering Puissance Max.:&nbsp;Moins<\/p>","protected":false},"featured_media":29933,"comment_status":"open","ping_status":"closed","template":"","meta":[],"product_brand":[],"product_cat":[4913],"product_tag":[],"class_list":{"0":"post-29932","1":"product","2":"type-product","3":"status-publish","4":"has-post-thumbnail","6":"product_cat-hair-styling-tools-accessories","8":"first","9":"instock","10":"shipping-taxable","11":"purchasable","12":"product-type-variable"},"jetpack_sharing_enabled":true,"_links":{"self":[{"href":"https:\/\/afrycom.com\/fr\/wp-json\/wp\/v2\/product\/29932","targetHints":{"allow":["GET"]}}],"collection":[{"href":"https:\/\/afrycom.com\/fr\/wp-json\/wp\/v2\/product"}],"about":[{"href":"https:\/\/afrycom.com\/fr\/wp-json\/wp\/v2\/types\/product"}],"replies":[{"embeddable":true,"href":"https:\/\/afrycom.com\/fr\/wp-json\/wp\/v2\/comments?post=29932"}],"wp:featuredmedia":[{"embeddable":true,"href":"https:\/\/afrycom.com\/fr\/wp-json\/wp\/v2\/media\/29933"}],"wp:attachment":[{"href":"https:\/\/afrycom.com\/fr\/wp-json\/wp\/v2\/media?parent=29932"}],"wp:term":[{"taxonomy":"product_brand","embeddable":true,"href":"https:\/\/afrycom.com\/fr\/wp-json\/wp\/v2\/product_brand?post=29932"},{"taxonomy":"product_cat","embeddable":true,"href":"https:\/\/afrycom.com\/fr\/wp-json\/wp\/v2\/product_cat?post=29932"},{"taxonomy":"product_tag","embeddable":true,"href":"https:\/\/afrycom.com\/fr\/wp-json\/wp\/v2\/product_tag?post=29932"}],"curies":[{"name":"wp","href":"https:\/\/api.w.org\/{rel}","templated":true}]}}