{"id":29915,"date":"2026-04-16T15:27:34","date_gmt":"2026-04-16T15:27:34","guid":{"rendered":"https:\/\/afrycom.com\/product\/petite-machine-a-laver-pliante-portable-8l-e27-pour-sous-vetements-chaussettes-livres-dortoir-detudiant\/"},"modified":"2026-04-16T15:27:40","modified_gmt":"2026-04-16T15:27:40","slug":"petite-machine-a-laver-pliante-portable-8l-e27-pour-sous-vetements-chaussettes-livres-dortoir-detudiant","status":"publish","type":"product","link":"https:\/\/afrycom.com\/fr\/produit\/petite-machine-a-laver-pliante-portable-8l-e27-pour-sous-vetements-chaussettes-livres-dortoir-detudiant\/","title":{"rendered":"Petite Machine \u00e0 Laver Pliante Portable, 8L, E27, pour Sous-V\u00eatements, Chaussettes, Livres, Dortoir d&#8217;\u00c9tudiant"},"content":{"rendered":"<div class=\"product-specs-list-container\">\n<ul class=\"product-specs-list util-clearfix\">\n<li class=\"product-prop line-limit-length\"><span\n                                        class=\"property-title\">Chimique Hign-concern\u00e9 :&nbsp;<\/span><span\n                                        class=\"property-desc line-limit-length\">Aucun<\/span>\n                            <\/li>\n<li class=\"product-prop line-limit-length\"><span\n                                        class=\"property-title\">Source d'\u00e9nergie :&nbsp;<\/span><span\n                                        class=\"property-desc line-limit-length\">AC<\/span>\n                            <\/li>\n<li class=\"product-prop line-limit-length\"><span\n                                        class=\"property-title\">Nom de marque :&nbsp;<\/span><span\n                                        class=\"property-desc line-limit-length\">NoEnName_Null<\/span>\n                            <\/li>\n<li class=\"product-prop line-limit-length\"><span\n                                        class=\"property-title\">Origine :&nbsp;<\/span><span\n                                        class=\"property-desc line-limit-length\">CN (Origine)<\/span>\n                            <\/li>\n<li class=\"product-prop line-limit-length\"><span\n                                        class=\"property-title\">Certification :&nbsp;<\/span><span\n                                        class=\"property-desc line-limit-length\">AUCUN<\/span>\n                            <\/li>\n<li class=\"product-prop line-limit-length\"><span\n                                        class=\"property-title\">Caract\u00e9ristique1 :&nbsp;<\/span><span\n                                        class=\"property-desc line-limit-length\">mini washing machine<\/span>\n                            <\/li>\n<li class=\"product-prop line-limit-length\"><span\n                                        class=\"property-title\">Caract\u00e9ristique2 :&nbsp;<\/span><span\n                                        class=\"property-desc line-limit-length\">washing machine<\/span>\n                            <\/li>\n<li class=\"product-prop line-limit-length\"><span\n                                        class=\"property-title\">Caract\u00e9ristique3 :&nbsp;<\/span><span\n                                        class=\"property-desc line-limit-length\">portable washing machine<\/span>\n                            <\/li>\n<li class=\"product-prop line-limit-length\"><span\n                                        class=\"property-title\">Caract\u00e9ristique4 :&nbsp;<\/span><span\n                                        class=\"property-desc line-limit-length\">mini sponge washing machine<\/span>\n                            <\/li>\n<li class=\"product-prop line-limit-length\"><span\n                                        class=\"property-title\">Caract\u00e9ristique5 :&nbsp;<\/span><span\n                                        class=\"property-desc line-limit-length\">portable mini washing machines<\/span>\n                            <\/li>\n<li class=\"product-prop line-limit-length\"><span\n                                        class=\"property-title\">Caract\u00e9ristique6 :&nbsp;<\/span><span\n                                        class=\"property-desc line-limit-length\">mini portable washing machine<\/span>\n                            <\/li>\n<li class=\"product-prop line-limit-length\"><span\n                                        class=\"property-title\">Fonctionnalit\u00e97 :&nbsp;<\/span><span\n                                        class=\"property-desc line-limit-length\">washing machine portable<\/span>\n                            <\/li>\n<li class=\"product-prop line-limit-length\"><span\n                                        class=\"property-title\">Caract\u00e9ristique8 :&nbsp;<\/span><span\n                                        class=\"property-desc line-limit-length\">Small washing machine<\/span>\n                            <\/li>\n<li class=\"product-prop line-limit-length\"><span\n                                        class=\"property-title\">Caract\u00e9ristique9 :&nbsp;<\/span><span\n                                        class=\"property-desc line-limit-length\">folding portable washing machine<\/span>\n                            <\/li>\n<li class=\"product-prop line-limit-length\"><span\n                                        class=\"property-title\">Caract\u00e9ristique10 :&nbsp;<\/span><span\n                                        class=\"property-desc line-limit-length\">foldable washing machine<\/span>\n                            <\/li>\n<li class=\"product-prop line-limit-length\"><span\n                                        class=\"property-title\">Caract\u00e9ristique11 :&nbsp;<\/span><span\n                                        class=\"property-desc line-limit-length\">portable clothes and centrifuged machine<\/span>\n                            <\/li>\n<li class=\"product-prop line-limit-length\"><span\n                                        class=\"property-title\">Caract\u00e9ristique12 :&nbsp;<\/span><span\n                                        class=\"property-desc line-limit-length\">portable washing machine with centrifuge<\/span>\n                            <\/li>\n<li class=\"product-prop line-limit-length\"><span\n                                        class=\"property-title\">Caract\u00e9ristique13 :&nbsp;<\/span><span\n                                        class=\"property-desc line-limit-length\">underwear washing machine<\/span>\n                            <\/li>\n<li class=\"product-prop line-limit-length\"><span\n                                        class=\"property-title\">Article 14 :&nbsp;<\/span><span\n                                        class=\"property-desc line-limit-length\">clothes washing machine<\/span>\n                            <\/li>\n<\/ul><\/div>\n<div class=\"detailmodule_html\">\n<div class=\"detail-desc-decorate-richtext\">\n<div>\n  &nbsp;\n<\/div>\n<div>\n  &nbsp;\n<\/div>\n<div>\n <kse:widget data-widget-type=\"customText\" id=\"1005000012537206\" type=\"relation\"><\/kse:widget>\n<\/div>\n<div class=\"detailmodule_html\">\n<div class=\"detail-desc-decorate-richtext\">\n<div class=\"detailmodule_html\">\n<div class=\"detail-desc-decorate-richtext\">\n<div>\n<div>\n<div>\n<div class=\"detailmodule_media\">\n<div class=\"video-container-5000110934719\">\n<div class=\"detail-video\" id=\"5000110934719\" data-previewurl=\"https:\/\/ae01.alicdn.com\/kf\/Seb8ea28b608d4cdfaf2293aa412dde0bT.jpg\"><\/div><\/div><\/div><\/div><\/div><\/div><\/div><\/div><\/div>\n<\/div>\n<div>\n  &nbsp;\n<\/div>\n<div>\n  &nbsp;\n<\/div>\n<div>\n  &nbsp;\n<\/div>\n<div>\n  &nbsp;\n<\/div>\n<div>\n<div>\n<h1 style=\"text-align:center\" align=\"center\"><strong><span style=\"background-color:rgb(252, 220, 0)\" id=\"tl_1\">Machine &agrave; laver pliable 8L, chaussettes portables, sous-v&ecirc;tements, culotte, machine &agrave; laver domestique r&eacute;tractable 3 mod&egrave;les avec essorage<\/span><\/strong><\/h1>\n<div>\n    &nbsp;\n  <\/div>\n<p><span style=\"background-color:rgb(252, 220, 0);font-size:22px\"><strong id=\"tl_2\">Adaptateur de prise:<\/strong><\/span><\/p>\n<p style=\"font-family:&quot;Open Sans&quot;, Roboto, Arial, Helvetica, sans-serif, SimSun;font-size:24px;font-weight:500;letter-spacing:normal;line-height:36px;text-align:left;white-space:normal;color:rgb(34, 34, 34);background-color:rgb(255, 255, 255);margin:0.67em 0px 12px;margin-bottom:12px;margin-top:0.67em;margin-left:0px;margin-right:0px;box-sizing:border-box\" align=\"left\"><img decoding=\"async\" src=\"https:\/\/ae01.alicdn.com\/kf\/S4887db96eb4a4b8f91c08504ae620057O.jpg?width=800&amp;height=392&amp;hash=1192\" slate-data-type=\"image\" \/><\/p>\n<p style=\"font-family:&quot;Open Sans&quot;, Roboto, Arial, Helvetica, sans-serif, SimSun;font-size:24px;font-weight:500;letter-spacing:normal;line-height:36px;text-align:left;white-space:normal;color:rgb(34, 34, 34);background-color:rgb(255, 255, 255);margin:0.67em 0px 12px;margin-bottom:12px;margin-top:0.67em;margin-left:0px;margin-right:0px;box-sizing:border-box\" align=\"left\"><strong><span style=\"background-color:rgb(252, 220, 0)\" id=\"tl_3\">Veuillez noter:<\/span><\/strong><\/p>\n<p style=\"font-family:&quot;Open Sans&quot;, Roboto, Arial, Helvetica, sans-serif, SimSun;font-size:24px;font-weight:500;letter-spacing:normal;line-height:36px;text-align:left;white-space:normal;color:rgb(34, 34, 34);background-color:rgb(255, 255, 255);margin:0.67em 0px 12px;margin-bottom:12px;margin-top:0.67em;margin-left:0px;margin-right:0px;box-sizing:border-box\" align=\"left\"><span style=\"background-color:rgb(255, 255, 255);color:rgb(244, 78, 59)\"><strong id=\"tl_4\">1. La prise am&eacute;ricaine est de 110V, la prise europ&eacute;enne et la prise britannique est de 220V<\/strong><\/span><\/p>\n<p style=\"font-family:&quot;Open Sans&quot;, Roboto, Arial, Helvetica, sans-serif, SimSun;font-size:24px;font-weight:500;letter-spacing:normal;line-height:36px;text-align:left;white-space:normal;color:rgb(34, 34, 34);background-color:rgb(255, 255, 255);margin:0.67em 0px 12px;margin-bottom:12px;margin-top:0.67em;margin-left:0px;margin-right:0px;box-sizing:border-box\" align=\"left\"><span style=\"background-color:rgb(255, 255, 255);color:rgb(244, 78, 59)\"><strong id=\"tl_5\">2. Notre machine &agrave; laver est livr&eacute;e avec un panier de vidange qui peut &ecirc;tre tourn&eacute; pour s&eacute;cher, mais notre machine &agrave; laver n&#8217;a pas de fonction de s&eacute;chage. Veuillez comprendre!<\/strong><\/span><\/p>\n<div>\n    &nbsp;\n  <\/div>\n<p style=\"font-family:&quot;Open Sans&quot;, Roboto, Arial, Helvetica, sans-serif, SimSun;font-size:24px;font-weight:500;letter-spacing:normal;line-height:36px;text-align:left;white-space:normal;color:rgb(34, 34, 34);background-color:rgb(255, 255, 255);margin:0.67em 0px 12px;margin-bottom:12px;margin-top:0.67em;margin-left:0px;margin-right:0px;box-sizing:border-box\" align=\"left\"><strong><span style=\"background-color:rgb(252, 220, 0)\" id=\"tl_6\">Caract&eacute;ristiques du produit<\/span><\/strong><\/p>\n<p style=\"font-family:&quot;Open Sans&quot;, Roboto, Arial, Helvetica, sans-serif, SimSun;font-size:14px;font-weight:400;letter-spacing:normal;line-height:inherit;text-align:start;white-space:normal;color:rgb(34, 34, 34);background-color:rgb(255, 255, 255);margin:0px;margin-bottom:0px;margin-top:0px;margin-left:0px;margin-right:0px;padding:0px;padding-bottom:0px;padding-top:0px;padding-left:0px;padding-right:0px;box-sizing:border-box\" align=\"start\"><span style=\"font-size:20px\" id=\"tl_7\">1. Grande capacit&eacute;: 29.5*29.5*29cm, un lavable: 1 serviette de bain pour b&eacute;b&eacute; &amp; 8 v&ecirc;tements pour b&eacute;b&eacute; &amp; 15 pulls pour b&eacute;b&eacute; &amp; 4 petits jouets &amp; 2 t-shirts m&egrave;re &amp; 6 sous-v&ecirc;tements &amp; 8 sous-v&ecirc;tements &amp; 12 paires de chaussettes (ci-dessus donn&eacute;es fournies par le laboratoire &agrave; 800 calcul de capacit&eacute; de chiffons entra&icirc;n&eacute;s par g, sp&eacute;cifique s&#8217;il vous pla&icirc;t se r&eacute;f&eacute;rer &agrave; notre r&eacute;el.)<\/span><\/p>\n<div>\n    &nbsp;\n  <\/div>\n<p style=\"font-family:&quot;Open Sans&quot;, Roboto, Arial, Helvetica, sans-serif, SimSun;font-size:14px;font-weight:400;letter-spacing:normal;line-height:inherit;text-align:start;white-space:normal;color:rgb(34, 34, 34);background-color:rgb(255, 255, 255);margin:0px;margin-bottom:0px;margin-top:0px;margin-left:0px;margin-right:0px;padding:0px;padding-bottom:0px;padding-top:0px;padding-left:0px;padding-right:0px;box-sizing:border-box\" align=\"start\"><img decoding=\"async\" style=\"border:0px;margin:0px;margin-bottom:0px;margin-top:0px;margin-left:0px;margin-right:0px;padding:0px;padding-bottom:0px;padding-top:0px;padding-left:0px;padding-right:0px;max-width:100%;box-sizing:border-box\" src=\"https:\/\/ae01.alicdn.com\/kf\/Sed560e232e07422b8a125a760ec1b00dF.jpg?width=790&amp;height=1594&amp;hash=2384\" slate-data-type=\"image\" \/><img decoding=\"async\" style=\"border:0px;margin:0px;margin-bottom:0px;margin-top:0px;margin-left:0px;margin-right:0px;padding:0px;padding-bottom:0px;padding-top:0px;padding-left:0px;padding-right:0px;max-width:100%;box-sizing:border-box\" src=\"https:\/\/ae01.alicdn.com\/kf\/S1f361f47050e4a01accf224909928abdl.jpg?width=790&amp;height=549&amp;hash=1339\" slate-data-type=\"image\" \/><\/p>\n<div>\n   <br \/> \n  <\/div>\n<p style=\"font-family:&quot;Open Sans&quot;, Roboto, Arial, Helvetica, sans-serif, SimSun;font-size:14px;font-weight:400;letter-spacing:normal;line-height:inherit;text-align:start;white-space:normal;color:rgb(34, 34, 34);background-color:rgb(255, 255, 255);margin:0px;margin-bottom:0px;margin-top:0px;margin-left:0px;margin-right:0px;padding:0px;padding-bottom:0px;padding-top:0px;padding-left:0px;padding-right:0px;box-sizing:border-box\" align=\"start\"><span style=\"font-size:20px\" id=\"tl_8\">2. Petit et facile &agrave; transporter: la hauteur apr&egrave;s pliage n&#8217;est que de 14.5cm (test manuel, avec certaines erreurs), ce qui est pratique pour les voyages et facile &agrave; transporter<\/span><\/p>\n<div>\n    &nbsp;\n  <\/div>\n<p style=\"font-family:&quot;Open Sans&quot;, Roboto, Arial, Helvetica, sans-serif, SimSun;font-size:14px;font-weight:400;letter-spacing:normal;line-height:inherit;text-align:start;white-space:normal;color:rgb(34, 34, 34);background-color:rgb(255, 255, 255);margin:0px;margin-bottom:0px;margin-top:0px;margin-left:0px;margin-right:0px;padding:0px;padding-bottom:0px;padding-top:0px;padding-left:0px;padding-right:0px;box-sizing:border-box\" align=\"start\"><img decoding=\"async\" style=\"border:0px;margin:0px;margin-bottom:0px;margin-top:0px;margin-left:0px;margin-right:0px;padding:0px;padding-bottom:0px;padding-top:0px;padding-left:0px;padding-right:0px;max-width:100%;box-sizing:border-box\" src=\"https:\/\/ae01.alicdn.com\/kf\/Sdee1179c62914e51a37325ab0c4bfcacB.jpg?width=790&amp;height=1653&amp;hash=2443\" slate-data-type=\"image\" \/><\/p>\n<div>\n    &nbsp;\n  <\/div>\n<p style=\"font-family:&quot;Open Sans&quot;, Roboto, Arial, Helvetica, sans-serif, SimSun;font-size:14px;font-weight:400;letter-spacing:normal;line-height:inherit;text-align:start;white-space:normal;color:rgb(34, 34, 34);background-color:rgb(255, 255, 255);margin:0px;margin-bottom:0px;margin-top:0px;margin-left:0px;margin-right:0px;padding:0px;padding-bottom:0px;padding-top:0px;padding-left:0px;padding-right:0px;box-sizing:border-box\" align=\"start\"><span style=\"font-size:20px\" id=\"tl_9\">3. Lavage et d&eacute;shydratation int&eacute;gr&eacute;s: avec un panier de drainage s&eacute;par&eacute;, il peut non seulement laver les v&ecirc;tements mais aussi d&eacute;shydrater<\/span><\/p>\n<div>\n    &nbsp;\n  <\/div>\n<p style=\"font-family:&quot;Open Sans&quot;, Roboto, Arial, Helvetica, sans-serif, SimSun;font-size:14px;font-weight:400;letter-spacing:normal;line-height:inherit;text-align:start;white-space:normal;color:rgb(34, 34, 34);background-color:rgb(255, 255, 255);margin:0px;margin-bottom:0px;margin-top:0px;margin-left:0px;margin-right:0px;padding:0px;padding-bottom:0px;padding-top:0px;padding-left:0px;padding-right:0px;box-sizing:border-box\" align=\"start\"><img decoding=\"async\" style=\"border:0px;margin:0px;margin-bottom:0px;margin-top:0px;margin-left:0px;margin-right:0px;padding:0px;padding-bottom:0px;padding-top:0px;padding-left:0px;padding-right:0px;max-width:100%;box-sizing:border-box\" src=\"https:\/\/ae01.alicdn.com\/kf\/S9ea80c1a8b154511b1204f6a36ca5791X.jpg?width=790&amp;height=1810&amp;hash=2600\" slate-data-type=\"image\" \/><\/p>\n<p style=\"font-family:&quot;Open Sans&quot;, Roboto, Arial, Helvetica, sans-serif, SimSun;font-size:14px;font-weight:400;letter-spacing:normal;line-height:inherit;text-align:start;white-space:normal;color:rgb(34, 34, 34);background-color:rgb(255, 255, 255);margin:0px;margin-bottom:0px;margin-top:0px;margin-left:0px;margin-right:0px;padding:0px;padding-bottom:0px;padding-top:0px;padding-left:0px;padding-right:0px;box-sizing:border-box\" align=\"start\"><img decoding=\"async\" style=\"border:0px;margin:0px;margin-bottom:0px;margin-top:0px;margin-left:0px;margin-right:0px;padding:0px;padding-bottom:0px;padding-top:0px;padding-left:0px;padding-right:0px;max-width:100%;box-sizing:border-box\" src=\"https:\/\/ae01.alicdn.com\/kf\/Sccad9bd19f3248f49096cdb5ff37c607f.jpg?width=790&amp;height=1599&amp;hash=2389\" slate-data-type=\"image\" \/><img decoding=\"async\" style=\"border:0px;margin:0px;margin-bottom:0px;margin-top:0px;margin-left:0px;margin-right:0px;padding:0px;padding-bottom:0px;padding-top:0px;padding-left:0px;padding-right:0px;max-width:100%;box-sizing:border-box\" src=\"https:\/\/ae01.alicdn.com\/kf\/S9fcedb67877141e1b54b16664f3d3fddd.jpg?width=790&amp;height=1306&amp;hash=2096\" slate-data-type=\"image\" \/><img decoding=\"async\" style=\"border:0px;margin:0px;margin-bottom:0px;margin-top:0px;margin-left:0px;margin-right:0px;padding:0px;padding-bottom:0px;padding-top:0px;padding-left:0px;padding-right:0px;max-width:100%;box-sizing:border-box\" src=\"https:\/\/ae01.alicdn.com\/kf\/Sa701638e106a411baa6a383488ecda1cT.jpg?width=790&amp;height=827&amp;hash=1617\" slate-data-type=\"image\" \/><img decoding=\"async\" style=\"border:0px;margin:0px;margin-bottom:0px;margin-top:0px;margin-left:0px;margin-right:0px;padding:0px;padding-bottom:0px;padding-top:0px;padding-left:0px;padding-right:0px;max-width:100%;box-sizing:border-box\" src=\"https:\/\/ae01.alicdn.com\/kf\/S72c7b34ebd23461abd2b143e30cf0c35V.jpg?width=790&amp;height=885&amp;hash=1675\" slate-data-type=\"image\" \/><img decoding=\"async\" style=\"border:0px;margin:0px;margin-bottom:0px;margin-top:0px;margin-left:0px;margin-right:0px;padding:0px;padding-bottom:0px;padding-top:0px;padding-left:0px;padding-right:0px;max-width:100%;box-sizing:border-box\" src=\"https:\/\/ae01.alicdn.com\/kf\/S679b0c6c3aa44ef6b04ad7a8701a9800h.jpg?width=790&amp;height=1331&amp;hash=2121\" slate-data-type=\"image\" \/><img decoding=\"async\" style=\"border:0px;margin:0px;margin-bottom:0px;margin-top:0px;margin-left:0px;margin-right:0px;padding:0px;padding-bottom:0px;padding-top:0px;padding-left:0px;padding-right:0px;max-width:100%;box-sizing:border-box\" src=\"https:\/\/ae01.alicdn.com\/kf\/S9c153c4d25b049bf8efe39dd6d80b645c.jpg?width=790&amp;height=1632&amp;hash=2422\" slate-data-type=\"image\" \/><img decoding=\"async\" style=\"border:0px;margin:0px;margin-bottom:0px;margin-top:0px;margin-left:0px;margin-right:0px;padding:0px;padding-bottom:0px;padding-top:0px;padding-left:0px;padding-right:0px;max-width:100%;box-sizing:border-box\" src=\"https:\/\/ae01.alicdn.com\/kf\/S731b626b45ca43c8820d3e5674a636c63.jpg?width=790&amp;height=1450&amp;hash=2240\" slate-data-type=\"image\" \/><img decoding=\"async\" style=\"border:0px;margin:0px;margin-bottom:0px;margin-top:0px;margin-left:0px;margin-right:0px;padding:0px;padding-bottom:0px;padding-top:0px;padding-left:0px;padding-right:0px;max-width:100%;box-sizing:border-box\" src=\"https:\/\/ae01.alicdn.com\/kf\/Sf85f53f317024693bc415e0b746dc0cbA.jpg?width=790&amp;height=1521&amp;hash=2311\" slate-data-type=\"image\" \/><img decoding=\"async\" style=\"border:0px;margin:0px;margin-bottom:0px;margin-top:0px;margin-left:0px;margin-right:0px;padding:0px;padding-bottom:0px;padding-top:0px;padding-left:0px;padding-right:0px;max-width:100%;box-sizing:border-box\" src=\"https:\/\/ae01.alicdn.com\/kf\/S6ee80018cc0e4debb6821fe2e5ff36d4V.jpg?width=790&amp;height=1445&amp;hash=2235\" slate-data-type=\"image\" \/><img decoding=\"async\" style=\"border:0px;margin:0px;margin-bottom:0px;margin-top:0px;margin-left:0px;margin-right:0px;padding:0px;padding-bottom:0px;padding-top:0px;padding-left:0px;padding-right:0px;max-width:100%;box-sizing:border-box\" src=\"https:\/\/ae01.alicdn.com\/kf\/Se73ec6e7de4341e68d638c5db40e595fx.jpg?width=790&amp;height=1407&amp;hash=2197\" slate-data-type=\"image\" \/><img decoding=\"async\" style=\"border:0px;margin:0px;margin-bottom:0px;margin-top:0px;margin-left:0px;margin-right:0px;padding:0px;padding-bottom:0px;padding-top:0px;padding-left:0px;padding-right:0px;max-width:100%;box-sizing:border-box\" src=\"https:\/\/ae01.alicdn.com\/kf\/Sd5bf702a63d64ff99e25528277de140at.jpg?width=790&amp;height=1505&amp;hash=2295\" slate-data-type=\"image\" \/><img decoding=\"async\" style=\"border:0px;margin:0px;margin-bottom:0px;margin-top:0px;margin-left:0px;margin-right:0px;padding:0px;padding-bottom:0px;padding-top:0px;padding-left:0px;padding-right:0px;max-width:100%;box-sizing:border-box\" src=\"https:\/\/ae01.alicdn.com\/kf\/S20dddb418c134dbd9be0b5f331bf9606C.jpg?width=790&amp;height=1273&amp;hash=2063\" slate-data-type=\"image\" \/><img decoding=\"async\" style=\"border:0px;margin:0px;margin-bottom:0px;margin-top:0px;margin-left:0px;margin-right:0px;padding:0px;padding-bottom:0px;padding-top:0px;padding-left:0px;padding-right:0px;max-width:100%;box-sizing:border-box\" src=\"https:\/\/ae01.alicdn.com\/kf\/S4c6fcd3567724a6d8133e149c9159b1aO.jpg?width=790&amp;height=1496&amp;hash=2286\" slate-data-type=\"image\" \/><\/p>\n<p><img decoding=\"async\" src=\"https:\/\/ae01.alicdn.com\/kf\/S049c033857fd4adebdb93f8e1b115b8b0.jpg?width=1000&amp;height=1882&amp;hash=2882\" slate-data-type=\"image\" \/><\/p>\n<\/p><\/div>\n<\/div>\n<div>\n<\/div>\n<p><\/p>\n<p><\/div>\n<\/div>","protected":false},"excerpt":{"rendered":"<p>Chimique Hign-concern\u00e9:&nbsp;Aucun Source d&#039;\u00e9nergie:&nbsp;AC Nom de marque:&nbsp;NoEnName_Null Origine:&nbsp;CN (Origine) Certification:&nbsp;NONE Feature1:&nbsp;mini washing machine Feature2:&nbsp;washing machine Feature3:&nbsp;portable washing machine Feature4:&nbsp;mini sponge<\/p>","protected":false},"featured_media":29916,"comment_status":"open","ping_status":"closed","template":"","meta":[],"product_brand":[],"product_cat":[26],"product_tag":[],"class_list":{"0":"post-29915","1":"product","2":"type-product","3":"status-publish","4":"has-post-thumbnail","6":"product_cat-laundry-appliances","8":"first","9":"instock","10":"shipping-taxable","11":"purchasable","12":"product-type-variable"},"jetpack_sharing_enabled":true,"_links":{"self":[{"href":"https:\/\/afrycom.com\/fr\/wp-json\/wp\/v2\/product\/29915","targetHints":{"allow":["GET"]}}],"collection":[{"href":"https:\/\/afrycom.com\/fr\/wp-json\/wp\/v2\/product"}],"about":[{"href":"https:\/\/afrycom.com\/fr\/wp-json\/wp\/v2\/types\/product"}],"replies":[{"embeddable":true,"href":"https:\/\/afrycom.com\/fr\/wp-json\/wp\/v2\/comments?post=29915"}],"wp:featuredmedia":[{"embeddable":true,"href":"https:\/\/afrycom.com\/fr\/wp-json\/wp\/v2\/media\/29916"}],"wp:attachment":[{"href":"https:\/\/afrycom.com\/fr\/wp-json\/wp\/v2\/media?parent=29915"}],"wp:term":[{"taxonomy":"product_brand","embeddable":true,"href":"https:\/\/afrycom.com\/fr\/wp-json\/wp\/v2\/product_brand?post=29915"},{"taxonomy":"product_cat","embeddable":true,"href":"https:\/\/afrycom.com\/fr\/wp-json\/wp\/v2\/product_cat?post=29915"},{"taxonomy":"product_tag","embeddable":true,"href":"https:\/\/afrycom.com\/fr\/wp-json\/wp\/v2\/product_tag?post=29915"}],"curies":[{"name":"wp","href":"https:\/\/api.w.org\/{rel}","templated":true}]}}