{"id":29898,"date":"2026-04-16T15:27:25","date_gmt":"2026-04-16T15:27:25","guid":{"rendered":"https:\/\/afrycom.com\/product\/machine-a-cafe-expresso-electrique-portable-sans-fil-cafetiere-de-camping-3-en-1-capsule-poudre-voyage-voiture-maison\/"},"modified":"2026-04-16T15:27:33","modified_gmt":"2026-04-16T15:27:33","slug":"machine-a-cafe-expresso-electrique-portable-sans-fil-cafetiere-de-camping-3-en-1-capsule-poudre-voyage-voiture-maison","status":"publish","type":"product","link":"https:\/\/afrycom.com\/fr\/produit\/machine-a-cafe-expresso-electrique-portable-sans-fil-cafetiere-de-camping-3-en-1-capsule-poudre-voyage-voiture-maison\/","title":{"rendered":"Machine \u00e0 caf\u00e9 expresso \u00e9lectrique portable sans fil, cafeti\u00e8re de camping, 3 en 1, capsule, poudre, voyage, voiture, maison"},"content":{"rendered":"<div class=\"product-specs-list-container\">\n<ul class=\"product-specs-list util-clearfix\">\n<li class=\"product-prop line-limit-length\"><span\n                                        class=\"property-title\">Chimique Hign-concern\u00e9 :&nbsp;<\/span><span\n                                        class=\"property-desc line-limit-length\">Aucun<\/span>\n                            <\/li>\n<li class=\"product-prop line-limit-length\"><span\n                                        class=\"property-title\">Puissance (W) :&nbsp;<\/span><span\n                                        class=\"property-desc line-limit-length\">72W<\/span>\n                            <\/li>\n<li class=\"product-prop line-limit-length\"><span\n                                        class=\"property-title\">Mat\u00e9riau du Bo\u00eetier :&nbsp;<\/span><span\n                                        class=\"property-desc line-limit-length\">plastique<\/span>\n                            <\/li>\n<li class=\"product-prop line-limit-length\"><span\n                                        class=\"property-title\">Num\u00e9ro de Mod\u00e8le :&nbsp;<\/span><span\n                                        class=\"property-desc line-limit-length\">KF-JN-02<\/span>\n                            <\/li>\n<li class=\"product-prop line-limit-length\"><span\n                                        class=\"property-title\">Certification :&nbsp;<\/span><span\n                                        class=\"property-desc line-limit-length\">CE<\/span>\n                            <\/li>\n<li class=\"product-prop line-limit-length\"><span\n                                        class=\"property-title\">Nom de marque :&nbsp;<\/span><span\n                                        class=\"property-desc line-limit-length\">NoEnName_Null<\/span>\n                            <\/li>\n<li class=\"product-prop line-limit-length\"><span\n                                        class=\"property-title\">Origine :&nbsp;<\/span><span\n                                        class=\"property-desc line-limit-length\">CN (Origine)<\/span>\n                            <\/li>\n<li class=\"product-prop line-limit-length\"><span\n                                        class=\"property-title\">Caract\u00e9ristique1 :&nbsp;<\/span><span\n                                        class=\"property-desc line-limit-length\">Coffee machine<\/span>\n                            <\/li>\n<li class=\"product-prop line-limit-length\"><span\n                                        class=\"property-title\">Caract\u00e9ristique2 :&nbsp;<\/span><span\n                                        class=\"property-desc line-limit-length\">travel coffee machine<\/span>\n                            <\/li>\n<li class=\"product-prop line-limit-length\"><span\n                                        class=\"property-title\">Caract\u00e9ristique3 :&nbsp;<\/span><span\n                                        class=\"property-desc line-limit-length\">portable coffee maker<\/span>\n                            <\/li>\n<li class=\"product-prop line-limit-length\"><span\n                                        class=\"property-title\">Caract\u00e9ristique4 :&nbsp;<\/span><span\n                                        class=\"property-desc line-limit-length\">Coffee maker<\/span>\n                            <\/li>\n<li class=\"product-prop line-limit-length\"><span\n                                        class=\"property-title\">Caract\u00e9ristique5 :&nbsp;<\/span><span\n                                        class=\"property-desc line-limit-length\">espresso maker<\/span>\n                            <\/li>\n<li class=\"product-prop line-limit-length\"><span\n                                        class=\"property-title\">Caract\u00e9ristique6 :&nbsp;<\/span><span\n                                        class=\"property-desc line-limit-length\">portable coffee capsules<\/span>\n                            <\/li>\n<li class=\"product-prop line-limit-length\"><span\n                                        class=\"property-title\">Fonctionnalit\u00e97 :&nbsp;<\/span><span\n                                        class=\"property-desc line-limit-length\">espresso machine<\/span>\n                            <\/li>\n<li class=\"product-prop line-limit-length\"><span\n                                        class=\"property-title\">Caract\u00e9ristique8 :&nbsp;<\/span><span\n                                        class=\"property-desc line-limit-length\">capsule coffee maker<\/span>\n                            <\/li>\n<li class=\"product-prop line-limit-length\"><span\n                                        class=\"property-title\">Caract\u00e9ristique9 :&nbsp;<\/span><span\n                                        class=\"property-desc line-limit-length\">portable coffee machine<\/span>\n                            <\/li>\n<li class=\"product-prop line-limit-length\"><span\n                                        class=\"property-title\">Caract\u00e9ristique10 :&nbsp;<\/span><span\n                                        class=\"property-desc line-limit-length\">Capsule Coffee Machine<\/span>\n                            <\/li>\n<\/ul><\/div>\n<div class=\"detailmodule_html\">\n<div class=\"detail-desc-decorate-richtext\">\n<div>\n <br \/> \n<\/div>\n<div>\n<\/div>\n<p><strong><span style=\"font-size:22px\" id=\"tl_1\">Description<\/span><\/strong><\/p>\n<p><span style=\"font-size:18px\" id=\"tl_2\">\u3010 Multi-compatible\u3011La machine &agrave; expresso portable 3-en-1 est &eacute;quip&eacute;e d&#8217;un compartiment &agrave; caf&eacute; moulu et d&#8217;un compartiment &agrave; capsules, qui est compatible avec les petites et grandes capsules et le caf&eacute; moulu.<\/span><\/p>\n<p><span style=\"font-size:18px\" id=\"tl_3\">\u3010Portable et pratique\u3011La machine &agrave; expresso portable est adapt&eacute;e &agrave; de nombreuses occasions, pratique et facile &agrave; transporter, et peut &ecirc;tre brass&eacute;e directement.<\/span><\/p>\n<p><span style=\"font-size:18px\" id=\"tl_4\">\u3010Extraction intelligente\u3011La machine &agrave; expresso portable adopte une fonction de chauffage intelligente, une extraction pratique, double-cliquez sur l&#8217;interrupteur d&#8217;alimentation, ouvrez la fonction d&#8217;extraction de chauffage, extraction de chauffage. Appuyez longuement sur l&#8217;interrupteur d&#8217;alimentation, ouvrez directement la fonction d&#8217;extraction, op&eacute;ration pratique, adapt&eacute;e &agrave; tous les types d&#8217;eau potable chaude\/froide.<\/span><\/p>\n<p><span style=\"font-size:18px\" id=\"tl_5\">\u3010Chargement pratique\u3011La machine &agrave; expresso portable peut &ecirc;tre charg&eacute;e en d&eacute;placement, charge portable, &eacute;quip&eacute;e de m&eacute;thodes de charge par c&acirc;ble USB de type C, prend en charge la charge pendant l&#8217;utilisation, adapt&eacute;e aux voyages, au camping, &agrave; la conduite, maison et bureau.<\/span><\/p>\n<p><span style=\"font-size:18px\" id=\"tl_6\">\u3010Facile &agrave; rincer et &agrave; d&eacute;monter\u3011La machine &agrave; expresso portable est con&ccedil;ue avec plusieurs pi&egrave;ces s&eacute;par&eacute;es, facile &agrave; nettoyer.<\/span><\/p>\n<p><span style=\"font-size:18px\" id=\"tl_7\">\u3010L&#8217;emballage comprend\u3011Ordinateur central de la machine &agrave; caf&eacute; + bo&icirc;te de couleur + c&acirc;ble USB + manuel<\/span><\/p>\n<div>\n <br \/> \n<\/div>\n<p><img decoding=\"async\" src=\"https:\/\/ae01.alicdn.com\/kf\/S8ddf13e0b96e4fb0991de6b2eec83e247.jpg?width=750&amp;height=1186&amp;hash=1936\" slate-data-type=\"image\" \/><img decoding=\"async\" src=\"https:\/\/ae01.alicdn.com\/kf\/S26bb8dc4dbce471e800d893097c765fed.jpg?width=750&amp;height=1186&amp;hash=1936\" slate-data-type=\"image\" \/><img decoding=\"async\" src=\"https:\/\/ae01.alicdn.com\/kf\/S95ab7aae106145568750fa8e5d81d05co.jpg?width=750&amp;height=1588&amp;hash=2338\" slate-data-type=\"image\" \/><img decoding=\"async\" src=\"https:\/\/ae01.alicdn.com\/kf\/Sda01481a5def4a5ebe15e4ca1cf64e70h.jpg?width=750&amp;height=1295&amp;hash=2045\" slate-data-type=\"image\" \/><img decoding=\"async\" src=\"https:\/\/ae01.alicdn.com\/kf\/S82a7cf5a0c844bd68efd6ace07dd10baE.jpg?width=750&amp;height=1096&amp;hash=1846\" slate-data-type=\"image\" \/><img decoding=\"async\" src=\"https:\/\/ae01.alicdn.com\/kf\/Sd8dda80216e24c41b922d96c78636e4et.jpg?width=750&amp;height=913&amp;hash=1663\" slate-data-type=\"image\" \/><img decoding=\"async\" src=\"https:\/\/ae01.alicdn.com\/kf\/Sf5c062ab9a174ffc9c4ab52e9f5decd0j.jpg?width=750&amp;height=837&amp;hash=1587\" slate-data-type=\"image\" \/><img decoding=\"async\" src=\"https:\/\/ae01.alicdn.com\/kf\/Sa865a29370494ff78f43278a25cef39bg.jpg?width=750&amp;height=1201&amp;hash=1951\" slate-data-type=\"image\" \/><img decoding=\"async\" src=\"https:\/\/ae01.alicdn.com\/kf\/S44e0ed3c01c54c62be72ed5fe25259b64.jpg?width=750&amp;height=1500&amp;hash=2250\" slate-data-type=\"image\" \/><img decoding=\"async\" src=\"https:\/\/ae01.alicdn.com\/kf\/S009f21183d224913bd09355de324676c9.jpg?width=750&amp;height=1804&amp;hash=2554\" slate-data-type=\"image\" \/><\/p>\n<p><\/p>\n<\/div>\n<\/div>","protected":false},"excerpt":{"rendered":"<p>Chimique Hign-concern\u00e9:&nbsp;Aucun Puissance (W):&nbsp;72W Mat\u00e9riau du Bo\u00eetier:&nbsp;plastique Num\u00e9ro de Mod\u00e8le:&nbsp;KF-JN-02 Certification:&nbsp;CE Nom de marque:&nbsp;NoEnName_Null Origine:&nbsp;CN (Origine) Feature1:&nbsp;Coffee machine Feature2:&nbsp;travel coffee<\/p>","protected":false},"featured_media":29899,"comment_status":"open","ping_status":"closed","template":"","meta":[],"product_brand":[],"product_cat":[20,31],"product_tag":[],"class_list":{"0":"post-29898","1":"product","2":"type-product","3":"status-publish","4":"has-post-thumbnail","6":"product_cat-appliances","7":"product_cat-small-kitchen-appliances-appliances","9":"first","10":"instock","11":"shipping-taxable","12":"purchasable","13":"product-type-variable"},"jetpack_sharing_enabled":true,"_links":{"self":[{"href":"https:\/\/afrycom.com\/fr\/wp-json\/wp\/v2\/product\/29898","targetHints":{"allow":["GET"]}}],"collection":[{"href":"https:\/\/afrycom.com\/fr\/wp-json\/wp\/v2\/product"}],"about":[{"href":"https:\/\/afrycom.com\/fr\/wp-json\/wp\/v2\/types\/product"}],"replies":[{"embeddable":true,"href":"https:\/\/afrycom.com\/fr\/wp-json\/wp\/v2\/comments?post=29898"}],"wp:featuredmedia":[{"embeddable":true,"href":"https:\/\/afrycom.com\/fr\/wp-json\/wp\/v2\/media\/29899"}],"wp:attachment":[{"href":"https:\/\/afrycom.com\/fr\/wp-json\/wp\/v2\/media?parent=29898"}],"wp:term":[{"taxonomy":"product_brand","embeddable":true,"href":"https:\/\/afrycom.com\/fr\/wp-json\/wp\/v2\/product_brand?post=29898"},{"taxonomy":"product_cat","embeddable":true,"href":"https:\/\/afrycom.com\/fr\/wp-json\/wp\/v2\/product_cat?post=29898"},{"taxonomy":"product_tag","embeddable":true,"href":"https:\/\/afrycom.com\/fr\/wp-json\/wp\/v2\/product_tag?post=29898"}],"curies":[{"name":"wp","href":"https:\/\/api.w.org\/{rel}","templated":true}]}}