{"id":29887,"date":"2026-04-16T15:26:53","date_gmt":"2026-04-16T15:26:53","guid":{"rendered":"https:\/\/afrycom.com\/product\/pistolet-jouet-gatling-electrique-a-tir-continu-pour-enfants-ventouse-pistolet-a-balles-souples-explosion-nerfs-pistolets-bb-cadeaux-pour-enfants\/"},"modified":"2026-04-16T15:27:00","modified_gmt":"2026-04-16T15:27:00","slug":"pistolet-jouet-gatling-electrique-a-tir-continu-pour-enfants-ventouse-pistolet-a-balles-souples-explosion-nerfs-pistolets-bb-cadeaux-pour-enfants","status":"publish","type":"product","link":"https:\/\/afrycom.com\/fr\/produit\/pistolet-jouet-gatling-electrique-a-tir-continu-pour-enfants-ventouse-pistolet-a-balles-souples-explosion-nerfs-pistolets-bb-cadeaux-pour-enfants\/","title":{"rendered":"Pistolet jouet Gatling \u00e9lectrique \u00e0 tir continu pour enfants, ventouse, pistolet \u00e0 balles souples, Explosion Nerfs, pistolets BB, cadeaux pour enfants"},"content":{"rendered":"<div class=\"product-specs-list-container\">\n<ul class=\"product-specs-list util-clearfix\">\n<li class=\"product-prop line-limit-length\"><span\n                                        class=\"property-title\">Chimique Hign-concern\u00e9 :&nbsp;<\/span><span\n                                        class=\"property-desc line-limit-length\">Aucun<\/span>\n                            <\/li>\n<li class=\"product-prop line-limit-length\"><span\n                                        class=\"property-title\">Num\u00e9ro du code-barres :&nbsp;<\/span><span\n                                        class=\"property-desc line-limit-length\">T52010260487TY<\/span>\n                            <\/li>\n<li class=\"product-prop line-limit-length\"><span\n                                        class=\"property-title\">Num\u00e9ro de certificat :&nbsp;<\/span><span\n                                        class=\"property-desc line-limit-length\">T52010260487TY<\/span>\n                            <\/li>\n<li class=\"product-prop line-limit-length\"><span\n                                        class=\"property-title\">CE :&nbsp;<\/span><span\n                                        class=\"property-desc line-limit-length\">Certificat<\/span>\n                            <\/li>\n<li class=\"product-prop line-limit-length\"><span\n                                        class=\"property-title\">Est \u00e9lectrique :&nbsp;<\/span><span\n                                        class=\"property-desc line-limit-length\">Pas de batterie<\/span>\n                            <\/li>\n<li class=\"product-prop line-limit-length\"><span\n                                        class=\"property-title\">Les codes-barres :&nbsp;<\/span><span\n                                        class=\"property-desc line-limit-length\">Oui<\/span>\n                            <\/li>\n<li class=\"product-prop line-limit-length\"><span\n                                        class=\"property-title\">Certification :&nbsp;<\/span><span\n                                        class=\"property-desc line-limit-length\">CE<\/span>\n                            <\/li>\n<li class=\"product-prop line-limit-length\"><span\n                                        class=\"property-title\">Num\u00e9ro de Mod\u00e8le :&nbsp;<\/span><span\n                                        class=\"property-desc line-limit-length\">NO11250<\/span>\n                            <\/li>\n<li class=\"product-prop line-limit-length\"><span\n                                        class=\"property-title\">Avertissement :&nbsp;<\/span><span\n                                        class=\"property-desc line-limit-length\">Pas de tir \u00e0 l'\u0153il<\/span>\n                            <\/li>\n<li class=\"product-prop line-limit-length\"><span\n                                        class=\"property-title\">Sexe :&nbsp;<\/span><span\n                                        class=\"property-desc line-limit-length\">Unisexe<\/span>\n                            <\/li>\n<li class=\"product-prop line-limit-length\"><span\n                                        class=\"property-title\">Type de plastique :&nbsp;<\/span><span\n                                        class=\"property-desc line-limit-length\">ABS<\/span>\n                            <\/li>\n<li class=\"product-prop line-limit-length\"><span\n                                        class=\"property-title\">Caract\u00e9ristiques :&nbsp;<\/span><span\n                                        class=\"property-desc line-limit-length\">\u00c9lectronique,Sondage<\/span>\n                            <\/li>\n<li class=\"product-prop line-limit-length\"><span\n                                        class=\"property-title\">Type :&nbsp;<\/span><span\n                                        class=\"property-desc line-limit-length\">Mitraillette jouet<\/span>\n                            <\/li>\n<li class=\"product-prop line-limit-length\"><span\n                                        class=\"property-title\">Mat\u00e9riau :&nbsp;<\/span><span\n                                        class=\"property-desc line-limit-length\">plastique<\/span>\n                            <\/li>\n<li class=\"product-prop line-limit-length\"><span\n                                        class=\"property-title\">Recommande L'\u00e2ge :&nbsp;<\/span><span\n                                        class=\"property-desc line-limit-length\">6-12y<\/span>\n                            <\/li>\n<li class=\"product-prop line-limit-length\"><span\n                                        class=\"property-title\">Origine :&nbsp;<\/span><span\n                                        class=\"property-desc line-limit-length\">CN (Origine)<\/span>\n                            <\/li>\n<li class=\"product-prop line-limit-length\"><span\n                                        class=\"property-title\">D\u00e9veloppement des capacit\u00e9s :&nbsp;<\/span><span\n                                        class=\"property-desc line-limit-length\">Emotion, vision, mains et cerveaux,<\/span>\n                            <\/li>\n<li class=\"product-prop line-limit-length\"><span\n                                        class=\"property-title\">Mat\u00e9riau du jouet :&nbsp;<\/span><span\n                                        class=\"property-desc line-limit-length\">ciment plastique<\/span>\n                            <\/li>\n<li class=\"product-prop line-limit-length\"><span\n                                        class=\"property-title\">destin\u00e9 \u00e0 :&nbsp;<\/span><span\n                                        class=\"property-desc line-limit-length\">Enfants et adolescents<\/span>\n                            <\/li>\n<li class=\"product-prop line-limit-length\"><span\n                                        class=\"property-title\">Sp\u00e9cifications :&nbsp;<\/span><span\n                                        class=\"property-desc line-limit-length\">Gatlin \u00e9lectrique<\/span>\n                            <\/li>\n<li class=\"product-prop line-limit-length\"><span\n                                        class=\"property-title\">l'emballage :&nbsp;<\/span><span\n                                        class=\"property-desc line-limit-length\">Assembl\u00e9s dans des sacs<\/span>\n                            <\/li>\n<li class=\"product-prop line-limit-length\"><span\n                                        class=\"property-title\">Guide d'achat vid\u00e9o :&nbsp;<\/span><span\n                                        class=\"property-desc line-limit-length\">oui<\/span>\n                            <\/li>\n<li class=\"product-prop line-limit-length\"><span\n                                        class=\"property-title\">\u00c2ge d'application :&nbsp;<\/span><span\n                                        class=\"property-desc line-limit-length\">Jeunes (5-15 ans)<\/span>\n                            <\/li>\n<\/ul><\/div>\n<div class=\"detailmodule_html\">\n<div class=\"detail-desc-decorate-richtext\"><\/p>\n<div class=\"detailmodule_html\">\n<div class=\"detail-desc-decorate-richtext\">\n<div id=\"offer-template-0\"><kse:widget data-widget-type=\"customText\" id=\"1005000001368189\" type=\"relation\"><\/kse:widget> <span style=\"font-size:20px\"><span style=\"background-color:rgb(231, 76, 60)\">Menu des produits<\/span><\/span>: <span style=\"background-color:rgb(46, 204, 113)\">pistolet jouet, 40 balles, un tournevis (\u00e0 assembler d\u00e8s r\u00e9ception)<\/span><\/div>\n<div id=\"offer-template-0\"><\/div>\n<div><span style=\"background-color:rgb(244, 78, 59);color:rgb(51, 51, 51)\">Rappel sp\u00e9cial<\/span>: <span style=\"background-color:rgb(164, 221, 0)\">Cher client, lors de la r\u00e9ception de la marchandise, veuillez v\u00e9rifier s'elle est endommag\u00e9e et l'assembler compl\u00e8tement.Assurez-vous d'installer la batterie, assurez-vous d'installer la batterie, assurez-vous d'installer la batterie et dites des choses importantes trois fois.Merci<\/span><\/div>\n<div id=\"offer-template-0\"><\/div>\n<div id=\"offer-template-0\"><span style=\"font-size:20px\"><span style=\"background-color:rgb(231, 76, 60)\">Remarque<\/span><\/span>: <span style=\"background-color:rgb(46, 204, 113)\">Veuillez s\u00e9lectionner le bon menu SKU pour passer une commande. Il y a deux SKU, l'un est un pistolet \u00e0 balle molle complet (dont 40 balles) et l'autre est une balle molle \u00e0 100 balles (\u00e0 l'exclusion du pistolet). J'esp\u00e8re que vous le savez. Veuillez voir la photo ou contacter le service client pour l'achat. Merci pour votre compr\u00e9hension et votre soutien.<\/span><\/div>\n<p><img decoding=\"async\" src=\"https:\/\/ae01.alicdn.com\/kf\/Sf43812b578114039bd6ef20af500f1582.jpg?width=790&amp;height=1500&amp;hash=2290\" slate-data-type=\"image\"><br \/><img decoding=\"async\" src=\"https:\/\/ae01.alicdn.com\/kf\/S1794cc917dbb43c0a5e473df8a5fb7faK.jpg?width=790&amp;height=1500&amp;hash=2290\" slate-data-type=\"image\"><br \/><img decoding=\"async\" src=\"https:\/\/ae01.alicdn.com\/kf\/S126156bc4f7a43a0903266c706c65edar.jpg?width=790&amp;height=1500&amp;hash=2290\" slate-data-type=\"image\"><br \/><img decoding=\"async\" src=\"https:\/\/ae01.alicdn.com\/kf\/S831ed49ab46143caad7fd4517502c68ec.jpg?width=790&amp;height=1500&amp;hash=2290\" slate-data-type=\"image\"><br \/><img decoding=\"async\" src=\"https:\/\/ae01.alicdn.com\/kf\/Sc5b6fa1fb5bc43398ef503ff4ed85708E.jpg?width=790&amp;height=1500&amp;hash=2290\" slate-data-type=\"image\"><br \/><img decoding=\"async\" src=\"https:\/\/ae01.alicdn.com\/kf\/S4120a888222b4fbc86fe900d7d60494eZ.jpg?width=790&amp;height=1500&amp;hash=2290\" slate-data-type=\"image\"><br \/><img decoding=\"async\" src=\"https:\/\/ae01.alicdn.com\/kf\/Sc3a54236c029475fa0389754969ef3ecb.jpg?width=790&amp;height=1500&amp;hash=2290\" slate-data-type=\"image\"><br \/><img decoding=\"async\" src=\"https:\/\/ae01.alicdn.com\/kf\/S859f3feee51f4157867cf6b324c9ef86P.jpg?width=790&amp;height=1200&amp;hash=1990\" slate-data-type=\"image\"><\/p>\n<\/div>\n<\/div>\n<p><\/p>\n<p><\/div>\n<\/div>","protected":false},"excerpt":{"rendered":"<p>Chimique Hign-concern\u00e9:&nbsp;Aucun Num\u00e9ro du code-barres:&nbsp;T52010260487TY Num\u00e9ro de certificat:&nbsp;T52010260487TY CE:&nbsp;Certificat Est \u00e9lectrique:&nbsp;Pas de batterie Code-barres:&nbsp;Oui Certification:&nbsp;CE Num\u00e9ro de Mod\u00e8le:&nbsp;NO11250 Avertissement:&nbsp;No eye<\/p>","protected":false},"featured_media":29888,"comment_status":"open","ping_status":"closed","template":"","meta":[],"product_brand":[],"product_cat":[1737],"product_tag":[],"class_list":{"0":"post-29887","1":"product","2":"type-product","3":"status-publish","4":"has-post-thumbnail","6":"product_cat-toys","8":"first","9":"instock","10":"shipping-taxable","11":"purchasable","12":"product-type-variable"},"jetpack_sharing_enabled":true,"_links":{"self":[{"href":"https:\/\/afrycom.com\/fr\/wp-json\/wp\/v2\/product\/29887","targetHints":{"allow":["GET"]}}],"collection":[{"href":"https:\/\/afrycom.com\/fr\/wp-json\/wp\/v2\/product"}],"about":[{"href":"https:\/\/afrycom.com\/fr\/wp-json\/wp\/v2\/types\/product"}],"replies":[{"embeddable":true,"href":"https:\/\/afrycom.com\/fr\/wp-json\/wp\/v2\/comments?post=29887"}],"wp:featuredmedia":[{"embeddable":true,"href":"https:\/\/afrycom.com\/fr\/wp-json\/wp\/v2\/media\/29888"}],"wp:attachment":[{"href":"https:\/\/afrycom.com\/fr\/wp-json\/wp\/v2\/media?parent=29887"}],"wp:term":[{"taxonomy":"product_brand","embeddable":true,"href":"https:\/\/afrycom.com\/fr\/wp-json\/wp\/v2\/product_brand?post=29887"},{"taxonomy":"product_cat","embeddable":true,"href":"https:\/\/afrycom.com\/fr\/wp-json\/wp\/v2\/product_cat?post=29887"},{"taxonomy":"product_tag","embeddable":true,"href":"https:\/\/afrycom.com\/fr\/wp-json\/wp\/v2\/product_tag?post=29887"}],"curies":[{"name":"wp","href":"https:\/\/api.w.org\/{rel}","templated":true}]}}