{"id":29856,"date":"2026-04-16T15:26:12","date_gmt":"2026-04-16T15:26:12","guid":{"rendered":"https:\/\/afrycom.com\/product\/s-xl-hommes-coton-sous-vetements-boxer-shorts-casual-plaid-artificiel-astique-ceinture-bouton-hommes-boxer-sous-vetements-confortables-shorts-pour-la-maison\/"},"modified":"2026-04-16T15:26:20","modified_gmt":"2026-04-16T15:26:20","slug":"s-xl-hommes-coton-sous-vetements-boxer-shorts-casual-plaid-artificiel-astique-ceinture-bouton-hommes-boxer-sous-vetements-confortables-shorts-pour-la-maison","status":"publish","type":"product","link":"https:\/\/afrycom.com\/fr\/produit\/s-xl-hommes-coton-sous-vetements-boxer-shorts-casual-plaid-artificiel-astique-ceinture-bouton-hommes-boxer-sous-vetements-confortables-shorts-pour-la-maison\/","title":{"rendered":"S-XL Hommes Coton Sous-V\u00eatements Boxer Shorts Casual Plaid artificiel astique Ceinture Bouton Hommes Boxer Sous-V\u00eatements Confortables Shorts pour La Maison"},"content":{"rendered":"<div class=\"product-specs-list-container\">\n<ul class=\"product-specs-list util-clearfix\">\n<li class=\"product-prop line-limit-length\"><span\n                                        class=\"property-title\">Chimique Hign-concern\u00e9 :&nbsp;<\/span><span\n                                        class=\"property-desc line-limit-length\">Aucun<\/span>\n                            <\/li>\n<li class=\"product-prop line-limit-length\"><span\n                                        class=\"property-title\">Sexuellement suggestif :&nbsp;<\/span><span\n                                        class=\"property-desc line-limit-length\">Pas de<\/span>\n                            <\/li>\n<li class=\"product-prop line-limit-length\"><span\n                                        class=\"property-title\">Image D'obsc\u00e8ne :&nbsp;<\/span><span\n                                        class=\"property-desc line-limit-length\">Pas de<\/span>\n                            <\/li>\n<li class=\"product-prop line-limit-length\"><span\n                                        class=\"property-title\">Type de Motif :&nbsp;<\/span><span\n                                        class=\"property-desc line-limit-length\">Plaid<\/span>\n                            <\/li>\n<li class=\"product-prop line-limit-length\"><span\n                                        class=\"property-title\">Num\u00e9ro de Mod\u00e8le :&nbsp;<\/span><span\n                                        class=\"property-desc line-limit-length\">YH11-12 DS9-11<\/span>\n                            <\/li>\n<li class=\"product-prop line-limit-length\"><span\n                                        class=\"property-title\">Mat\u00e9riau :&nbsp;<\/span><span\n                                        class=\"property-desc line-limit-length\">COTON<\/span>\n                            <\/li>\n<li class=\"product-prop line-limit-length\"><span\n                                        class=\"property-title\">Cale\u00e7ons &amp; Boxers :&nbsp;<\/span><span\n                                        class=\"property-desc line-limit-length\">boxeur<\/span>\n                            <\/li>\n<li class=\"product-prop line-limit-length\"><span\n                                        class=\"property-title\">Origine :&nbsp;<\/span><span\n                                        class=\"property-desc line-limit-length\">CN (Origine)<\/span>\n                            <\/li>\n<li class=\"product-prop line-limit-length\"><span\n                                        class=\"property-title\">CN :&nbsp;<\/span><span\n                                        class=\"property-desc line-limit-length\">Chongqing<\/span>\n                            <\/li>\n<li class=\"product-prop line-limit-length\"><span\n                                        class=\"property-title\">Sexe :&nbsp;<\/span><span\n                                        class=\"property-desc line-limit-length\">MEN<\/span>\n                            <\/li>\n<li class=\"product-prop line-limit-length\"><span\n                                        class=\"property-title\">feature 1:&nbsp;<\/span><span\n                                        class=\"property-desc line-limit-length\">cotton underwear<\/span>\n                            <\/li>\n<li class=\"product-prop line-limit-length\"><span\n                                        class=\"property-title\">feature 2:&nbsp;<\/span><span\n                                        class=\"property-desc line-limit-length\">mens boxer shorts<\/span>\n                            <\/li>\n<li class=\"product-prop line-limit-length\"><span\n                                        class=\"property-title\">feature 3:&nbsp;<\/span><span\n                                        class=\"property-desc line-limit-length\">homewear panties<\/span>\n                            <\/li>\n<li class=\"product-prop line-limit-length\"><span\n                                        class=\"property-title\">feature 4:&nbsp;<\/span><span\n                                        class=\"property-desc line-limit-length\">casual shorts<\/span>\n                            <\/li>\n<li class=\"product-prop line-limit-length\"><span\n                                        class=\"property-title\">feature 5:&nbsp;<\/span><span\n                                        class=\"property-desc line-limit-length\">plaid underwear<\/span>\n                            <\/li>\n<\/ul><\/div>\n<div class=\"detailmodule_html\">\n<div class=\"detail-desc-decorate-richtext\">\n<div class=\"detailmodule_html\">\n<div class=\"detail-desc-decorate-richtext\">\n<div style=\"margin:10px auto 0px;margin-bottom:0px;margin-top:10px;margin-left:auto;margin-right:auto;display:inline-block;max-width:100%\">\n<div><img decoding=\"async\" style=\"width:932px\" width=\"932px\" src=\"https:\/\/ae01.alicdn.com\/kf\/S878b6ee51de9475ebe1100c86f329b467.jpg\" slate-data-type=\"image\"\/><\/div>\n<div style=\"margin-top:-66.95%\">\n<div style=\"margin-top:0%;margin-left:0%;width:25%\"><a href=\"http:\/\/www.aliexpress.com\/item\/detail\/1005005849352756.html\" target=\"_blank\" class=\"\" rel=\"noopener\"><img decoding=\"async\" style=\"width:233px;height:312px\" width=\"233px\" height=\"312px\" src=\"https:\/\/ae01.alicdn.com\/kf\/S7469fc49b89e4738b806ee20c659d442A.jpg\" slate-data-type=\"image\"\/><\/a><\/div>\n<div style=\"margin-top:-33.48%;margin-left:25%;width:25%\"><a href=\"http:\/\/www.aliexpress.com\/item\/detail\/1005005767455485.html\" target=\"_blank\" class=\"\" rel=\"noopener\"><img decoding=\"async\" style=\"width:233px;height:312px\" width=\"233px\" height=\"312px\" src=\"https:\/\/ae01.alicdn.com\/kf\/S7469fc49b89e4738b806ee20c659d442A.jpg\" slate-data-type=\"image\"\/><\/a><\/div>\n<div style=\"margin-top:-33.48%;margin-left:50%;width:25%\"><a href=\"http:\/\/www.aliexpress.com\/item\/detail\/1005005764100085.html\" target=\"_blank\" class=\"\" rel=\"noopener\"><img decoding=\"async\" style=\"width:233px;height:312px\" width=\"233px\" height=\"312px\" src=\"https:\/\/ae01.alicdn.com\/kf\/S7469fc49b89e4738b806ee20c659d442A.jpg\" slate-data-type=\"image\"\/><\/a><\/div>\n<div style=\"margin-top:-33.48%;margin-left:75%;width:25%\"><a href=\"http:\/\/www.aliexpress.com\/item\/detail\/1005005756980420.html\" target=\"_blank\" class=\"\" rel=\"noopener\"><img decoding=\"async\" style=\"width:233px;height:312px\" width=\"233px\" height=\"312px\" src=\"https:\/\/ae01.alicdn.com\/kf\/S7469fc49b89e4738b806ee20c659d442A.jpg\" slate-data-type=\"image\"\/><\/a><\/div>\n<div style=\"margin-top:0%;margin-left:0%;width:25%\"><a href=\"http:\/\/www.aliexpress.com\/item\/detail\/1005005750382684.html\" target=\"_blank\" class=\"\" rel=\"noopener\"><img decoding=\"async\" style=\"width:233px;height:312px\" width=\"233px\" height=\"312px\" src=\"https:\/\/ae01.alicdn.com\/kf\/S7469fc49b89e4738b806ee20c659d442A.jpg\" slate-data-type=\"image\"\/><\/a><\/div>\n<div style=\"margin-top:-33.48%;margin-left:25%;width:25%\"><a href=\"http:\/\/www.aliexpress.com\/item\/detail\/1005005750071782.html\" target=\"_blank\" class=\"\" rel=\"noopener\"><img decoding=\"async\" style=\"width:233px;height:312px\" width=\"233px\" height=\"312px\" src=\"https:\/\/ae01.alicdn.com\/kf\/S7469fc49b89e4738b806ee20c659d442A.jpg\" slate-data-type=\"image\"\/><\/a><\/div>\n<div style=\"margin-top:-33.48%;margin-left:50%;width:25%\"><a href=\"http:\/\/www.aliexpress.com\/item\/detail\/1005005677162269.html\" target=\"_blank\" class=\"\" rel=\"noopener\"><img decoding=\"async\" style=\"width:233px;height:312px\" width=\"233px\" height=\"312px\" src=\"https:\/\/ae01.alicdn.com\/kf\/S7469fc49b89e4738b806ee20c659d442A.jpg\" slate-data-type=\"image\"\/><\/a><\/div>\n<div style=\"margin-top:-33.48%;margin-left:75%;width:25%\"><a href=\"http:\/\/www.aliexpress.com\/item\/detail\/1005005674993967.html\" target=\"_blank\" class=\"\" rel=\"noopener\"><img decoding=\"async\" style=\"width:233px;height:312px\" width=\"233px\" height=\"312px\" src=\"https:\/\/ae01.alicdn.com\/kf\/S7469fc49b89e4738b806ee20c659d442A.jpg\" slate-data-type=\"image\"\/><\/a><\/div>\n<\/div>\n<\/div>\n<p style=\"text-align:left;margin:0px;margin-bottom:0px;margin-top:0px;margin-left:0px;margin-right:0px\" align=\"left\"><img decoding=\"async\" src=\"https:\/\/ae01.alicdn.com\/kf\/S0dc7c86ba9c74ac2a1351f3299b4b136j.jpg\" slate-data-type=\"image\"\/><img decoding=\"async\" src=\"https:\/\/ae01.alicdn.com\/kf\/S91e4e5c8895e4786a609f261171ee87az.jpg\" slate-data-type=\"image\"\/><img decoding=\"async\" src=\"https:\/\/ae01.alicdn.com\/kf\/S99d3b68e8abf4a799325912565c17023m.jpg\" slate-data-type=\"image\"\/><img decoding=\"async\" src=\"https:\/\/ae01.alicdn.com\/kf\/Sc0eee5d4386d49d49ea04a1918ae6e6c4.jpg\" slate-data-type=\"image\"\/><img decoding=\"async\" src=\"https:\/\/ae01.alicdn.com\/kf\/S6fcae3d4286e4595a1def2367f8bf39fH.jpg\" slate-data-type=\"image\"\/><img decoding=\"async\" src=\"https:\/\/ae01.alicdn.com\/kf\/Sfbca9c9befd447649681ad3e3fc10080R.jpg\" slate-data-type=\"image\"\/><img decoding=\"async\" src=\"https:\/\/ae01.alicdn.com\/kf\/S3d9461b5a3ed4a9e86c26cc91be3d595b.jpg\" slate-data-type=\"image\"\/><img decoding=\"async\" src=\"https:\/\/ae01.alicdn.com\/kf\/S66e1b844f2594bb99dde2c7ed63848a7M.jpg\" slate-data-type=\"image\"\/><img decoding=\"async\" src=\"https:\/\/ae01.alicdn.com\/kf\/S44794d4235c642e38a56d88ef50a4617z.jpg\" slate-data-type=\"image\"\/><img decoding=\"async\" src=\"https:\/\/ae01.alicdn.com\/kf\/S4701da8befc04f11bc1b18350ac71a1bd.jpg\" slate-data-type=\"image\"\/><img decoding=\"async\" src=\"https:\/\/ae01.alicdn.com\/kf\/S24fbed130dc647c8b2f94f36107fd3c2D.jpg\" slate-data-type=\"image\"\/><\/p>\n<\/div>\n<\/div>\n<p><\/p>\n<\/div>\n<\/div>","protected":false},"excerpt":{"rendered":"<p>Chimique Hign-concern\u00e9:&nbsp;Aucun Sexuellement Suggestive:&nbsp;Pas de Image D&#039;obsc\u00e8ne:&nbsp;Pas de Type de Motif:&nbsp;Plaid Num\u00e9ro de Mod\u00e8le:&nbsp;YH11-12 DS9-11 Mat\u00e9riau:&nbsp;COTTON Cale\u00e7ons &amp; Boxers:&nbsp;boxer Origine:&nbsp;CN<\/p>","protected":false},"featured_media":29857,"comment_status":"open","ping_status":"closed","template":"","meta":[],"product_brand":[],"product_cat":[4981],"product_tag":[],"class_list":{"0":"post-29856","1":"product","2":"type-product","3":"status-publish","4":"has-post-thumbnail","6":"product_cat-pants-jeans","8":"first","9":"instock","10":"shipping-taxable","11":"purchasable","12":"product-type-variable"},"jetpack_sharing_enabled":true,"_links":{"self":[{"href":"https:\/\/afrycom.com\/fr\/wp-json\/wp\/v2\/product\/29856","targetHints":{"allow":["GET"]}}],"collection":[{"href":"https:\/\/afrycom.com\/fr\/wp-json\/wp\/v2\/product"}],"about":[{"href":"https:\/\/afrycom.com\/fr\/wp-json\/wp\/v2\/types\/product"}],"replies":[{"embeddable":true,"href":"https:\/\/afrycom.com\/fr\/wp-json\/wp\/v2\/comments?post=29856"}],"wp:featuredmedia":[{"embeddable":true,"href":"https:\/\/afrycom.com\/fr\/wp-json\/wp\/v2\/media\/29857"}],"wp:attachment":[{"href":"https:\/\/afrycom.com\/fr\/wp-json\/wp\/v2\/media?parent=29856"}],"wp:term":[{"taxonomy":"product_brand","embeddable":true,"href":"https:\/\/afrycom.com\/fr\/wp-json\/wp\/v2\/product_brand?post=29856"},{"taxonomy":"product_cat","embeddable":true,"href":"https:\/\/afrycom.com\/fr\/wp-json\/wp\/v2\/product_cat?post=29856"},{"taxonomy":"product_tag","embeddable":true,"href":"https:\/\/afrycom.com\/fr\/wp-json\/wp\/v2\/product_tag?post=29856"}],"curies":[{"name":"wp","href":"https:\/\/api.w.org\/{rel}","templated":true}]}}