{"id":29814,"date":"2026-04-16T15:25:54","date_gmt":"2026-04-16T15:25:54","guid":{"rendered":"https:\/\/afrycom.com\/product\/sous-vetements-pour-hommes-boxer-short-de-maison-coton-boxer-pour-hommes-sous-vetements-imprimes-a-la-mode-confortable-plus-la-taille-lache-decontracte-fleche-pantalon\/"},"modified":"2026-04-16T15:26:07","modified_gmt":"2026-04-16T15:26:07","slug":"sous-vetements-pour-hommes-boxer-short-de-maison-coton-boxer-pour-hommes-sous-vetements-imprimes-a-la-mode-confortable-plus-la-taille-lache-decontracte-fleche-pantalon","status":"publish","type":"product","link":"https:\/\/afrycom.com\/fr\/produit\/sous-vetements-pour-hommes-boxer-short-de-maison-coton-boxer-pour-hommes-sous-vetements-imprimes-a-la-mode-confortable-plus-la-taille-lache-decontracte-fleche-pantalon\/","title":{"rendered":"Sous-v\u00eatements pour hommes Boxer short de maison coton Boxer pour hommes sous-v\u00eatements imprim\u00e9s \u00e0 la mode confortable plus la taille l\u00e2che d\u00e9contract\u00e9 Fl\u00e8che pantalon"},"content":{"rendered":"<div class=\"product-specs-list-container\">\n<ul class=\"product-specs-list util-clearfix\">\n<li class=\"product-prop line-limit-length\"><span\n                                        class=\"property-title\">Chimique Hign-concern\u00e9 :&nbsp;<\/span><span\n                                        class=\"property-desc line-limit-length\">Aucun<\/span>\n                            <\/li>\n<li class=\"product-prop line-limit-length\"><span\n                                        class=\"property-title\">Sexuellement suggestif :&nbsp;<\/span><span\n                                        class=\"property-desc line-limit-length\">Pas de<\/span>\n                            <\/li>\n<li class=\"product-prop line-limit-length\"><span\n                                        class=\"property-title\">Image D'obsc\u00e8ne :&nbsp;<\/span><span\n                                        class=\"property-desc line-limit-length\">Pas de<\/span>\n                            <\/li>\n<li class=\"product-prop line-limit-length\"><span\n                                        class=\"property-title\">Type de Motif :&nbsp;<\/span><span\n                                        class=\"property-desc line-limit-length\">Imprimer<\/span>\n                            <\/li>\n<li class=\"product-prop line-limit-length\"><span\n                                        class=\"property-title\">Num\u00e9ro de Mod\u00e8le :&nbsp;<\/span><span\n                                        class=\"property-desc line-limit-length\">YH<\/span>\n                            <\/li>\n<li class=\"product-prop line-limit-length\"><span\n                                        class=\"property-title\">Mat\u00e9riau :&nbsp;<\/span><span\n                                        class=\"property-desc line-limit-length\">COTON<\/span>\n                            <\/li>\n<li class=\"product-prop line-limit-length\"><span\n                                        class=\"property-title\">Nom de marque :&nbsp;<\/span><span\n                                        class=\"property-desc line-limit-length\">AMVI<\/span>\n                            <\/li>\n<li class=\"product-prop line-limit-length\"><span\n                                        class=\"property-title\">Cale\u00e7ons &amp; Boxers :&nbsp;<\/span><span\n                                        class=\"property-desc line-limit-length\">boxeur<\/span>\n                            <\/li>\n<li class=\"product-prop line-limit-length\"><span\n                                        class=\"property-title\">Origine :&nbsp;<\/span><span\n                                        class=\"property-desc line-limit-length\">CN (Origine)<\/span>\n                            <\/li>\n<li class=\"product-prop line-limit-length\"><span\n                                        class=\"property-title\">Sexe :&nbsp;<\/span><span\n                                        class=\"property-desc line-limit-length\">MEN<\/span>\n                            <\/li>\n<li class=\"product-prop line-limit-length\"><span\n                                        class=\"property-title\">features 1:&nbsp;<\/span><span\n                                        class=\"property-desc line-limit-length\">foreskin underwear men<\/span>\n                            <\/li>\n<li class=\"product-prop line-limit-length\"><span\n                                        class=\"property-title\">features 2:&nbsp;<\/span><span\n                                        class=\"property-desc line-limit-length\">Events underwear<\/span>\n                            <\/li>\n<li class=\"product-prop line-limit-length\"><span\n                                        class=\"property-title\">features 3:&nbsp;<\/span><span\n                                        class=\"property-desc line-limit-length\">underwear for hot man<\/span>\n                            <\/li>\n<li class=\"product-prop line-limit-length\"><span\n                                        class=\"property-title\">features 4:&nbsp;<\/span><span\n                                        class=\"property-desc line-limit-length\">micro silk underwear<\/span>\n                            <\/li>\n<li class=\"product-prop line-limit-length\"><span\n                                        class=\"property-title\">features 5:&nbsp;<\/span><span\n                                        class=\"property-desc line-limit-length\">men&#039;s cotton boxer 100%<\/span>\n                            <\/li>\n<li class=\"product-prop line-limit-length\"><span\n                                        class=\"property-title\">features 6:&nbsp;<\/span><span\n                                        class=\"property-desc line-limit-length\">underwear for men<\/span>\n                            <\/li>\n<li class=\"product-prop line-limit-length\"><span\n                                        class=\"property-title\">features 7:&nbsp;<\/span><span\n                                        class=\"property-desc line-limit-length\">alo<\/span>\n                            <\/li>\n<li class=\"product-prop line-limit-length\"><span\n                                        class=\"property-title\">features 8:&nbsp;<\/span><span\n                                        class=\"property-desc line-limit-length\">boxers for men 100% cotton<\/span>\n                            <\/li>\n<\/ul><\/div>\n<div class=\"detailmodule_html\">\n<div class=\"detail-desc-decorate-richtext\">\n<div>\n <img decoding=\"async\" class=\"detail-desc-decorate-image\" src=\"https:\/\/ae01.alicdn.com\/kf\/S4db479a8c6bf46a8b1a2e89da5408011c.jpg\" \/><br \/>\n <img decoding=\"async\" class=\"detail-desc-decorate-image\" src=\"https:\/\/ae01.alicdn.com\/kf\/S62edabc0a1fa47108fe2a6be487862a2W.jpg\" \/><br \/>\n <img decoding=\"async\" class=\"detail-desc-decorate-image\" src=\"https:\/\/ae01.alicdn.com\/kf\/S7e2aeea54a9d4e6b85a0ea7061e3dae9u.jpg\" \/><br \/>\n <img decoding=\"async\" class=\"detail-desc-decorate-image\" src=\"https:\/\/ae01.alicdn.com\/kf\/Sf026d5ae9e2a439dbe8b512e43a4e184D.jpg\" \/><br \/>\n <img decoding=\"async\" class=\"detail-desc-decorate-image\" src=\"https:\/\/ae01.alicdn.com\/kf\/S97b6d648cabd426b9a421c08c3027440C.jpg\" \/><br \/>\n <img decoding=\"async\" class=\"detail-desc-decorate-image\" src=\"https:\/\/ae01.alicdn.com\/kf\/S7e4dd5d316464ab6979047303eb97663X.jpg\" \/>\n<\/div>\n<div>\n <img decoding=\"async\" class=\"detail-desc-decorate-image\" src=\"https:\/\/ae01.alicdn.com\/kf\/S5b75316b67e446788b96c4b8ab97a7faS.jpg\" \/><br \/>\n <img decoding=\"async\" class=\"detail-desc-decorate-image\" src=\"https:\/\/ae01.alicdn.com\/kf\/Saedce83f8e954a92a4244017a6eca1b2N.jpg\" \/><br \/>\n <img decoding=\"async\" class=\"detail-desc-decorate-image\" src=\"https:\/\/ae01.alicdn.com\/kf\/Sd5bd6e8b48a84714b5a708c27780b7b3W.jpg\" \/><br \/>\n <img decoding=\"async\" class=\"detail-desc-decorate-image\" src=\"https:\/\/ae01.alicdn.com\/kf\/S1ff3722166444059825ce33c68d778b96.jpg\" \/><br \/>\n <img decoding=\"async\" class=\"detail-desc-decorate-image\" src=\"https:\/\/ae01.alicdn.com\/kf\/S3668dd83c70f42378355fc17af0bfe982.jpg\" \/><br \/>\n <img decoding=\"async\" class=\"detail-desc-decorate-image\" src=\"https:\/\/ae01.alicdn.com\/kf\/Sd205684be2d1406b86bce082403234bcz.jpg\" \/><br \/>\n <img decoding=\"async\" class=\"detail-desc-decorate-image\" src=\"https:\/\/ae01.alicdn.com\/kf\/S0d0184f5cff548a6902ddd9f106f1473s.jpg\" \/>\n<\/div>\n<div id=\"tl_1\">\n Dropshopping:<br \/>\n <br \/>1. Nous avons suffisamment de stock.<br \/>\n <br \/>2. Nos produits sont vendus presque partout dans le monde.<br \/>\n <br \/>3. Nous pouvons fournir le num&eacute;ro de commande logistique apr&egrave;s la livraison.<br \/>\n <br \/>4. Tous les produits de cette boutique peuvent &ecirc;tre revendus, si vous en avez besoin, apr&egrave;s avoir pass&eacute; une commande, je vous fournirai des photos et des vid&eacute;os de haute qualit&eacute;.<br \/>\n <br \/>5. Nous souhaitons la bienvenue aux clients dropshipping. Nous pouvons fournir des services de commande de liens VIP. Nous nous r&eacute;jouissons de votre bonne coop&eacute;ration!\n<\/div>\n<p>&nbsp;<\/p>\n<\/div>\n<\/div>","protected":false},"excerpt":{"rendered":"<p>Chimique Hign-concern\u00e9:&nbsp;Aucun Sexuellement Suggestive:&nbsp;Pas de Image D&#039;obsc\u00e8ne:&nbsp;Pas de Type de Motif:&nbsp;Imprimer Num\u00e9ro de Mod\u00e8le:&nbsp;YH Mat\u00e9riau:&nbsp;COTTON Nom de marque:&nbsp;AMVI Cale\u00e7ons &amp;<\/p>","protected":false},"featured_media":29815,"comment_status":"open","ping_status":"closed","template":"","meta":[],"product_brand":[],"product_cat":[4981],"product_tag":[],"class_list":{"0":"post-29814","1":"product","2":"type-product","3":"status-publish","4":"has-post-thumbnail","6":"product_cat-pants-jeans","8":"first","9":"instock","10":"shipping-taxable","11":"purchasable","12":"product-type-variable"},"jetpack_sharing_enabled":true,"_links":{"self":[{"href":"https:\/\/afrycom.com\/fr\/wp-json\/wp\/v2\/product\/29814","targetHints":{"allow":["GET"]}}],"collection":[{"href":"https:\/\/afrycom.com\/fr\/wp-json\/wp\/v2\/product"}],"about":[{"href":"https:\/\/afrycom.com\/fr\/wp-json\/wp\/v2\/types\/product"}],"replies":[{"embeddable":true,"href":"https:\/\/afrycom.com\/fr\/wp-json\/wp\/v2\/comments?post=29814"}],"wp:featuredmedia":[{"embeddable":true,"href":"https:\/\/afrycom.com\/fr\/wp-json\/wp\/v2\/media\/29815"}],"wp:attachment":[{"href":"https:\/\/afrycom.com\/fr\/wp-json\/wp\/v2\/media?parent=29814"}],"wp:term":[{"taxonomy":"product_brand","embeddable":true,"href":"https:\/\/afrycom.com\/fr\/wp-json\/wp\/v2\/product_brand?post=29814"},{"taxonomy":"product_cat","embeddable":true,"href":"https:\/\/afrycom.com\/fr\/wp-json\/wp\/v2\/product_cat?post=29814"},{"taxonomy":"product_tag","embeddable":true,"href":"https:\/\/afrycom.com\/fr\/wp-json\/wp\/v2\/product_tag?post=29814"}],"curies":[{"name":"wp","href":"https:\/\/api.w.org\/{rel}","templated":true}]}}