{"id":29799,"date":"2026-04-16T15:25:41","date_gmt":"2026-04-16T15:25:41","guid":{"rendered":"https:\/\/afrycom.com\/product\/coder-dly-boxer-en-coton-pour-homme-sous-vetement-doux-et-confortable\/"},"modified":"2026-04-16T15:25:47","modified_gmt":"2026-04-16T15:25:47","slug":"coder-dly-boxer-en-coton-pour-homme-sous-vetement-doux-et-confortable","status":"publish","type":"product","link":"https:\/\/afrycom.com\/fr\/produit\/coder-dly-boxer-en-coton-pour-homme-sous-vetement-doux-et-confortable\/","title":{"rendered":"Coder DLY-Boxer en Coton pour Homme, Sous-V\u00eatement Doux et Confortable"},"content":{"rendered":"<div class=\"product-specs-list-container\">\n<ul class=\"product-specs-list util-clearfix\">\n<li class=\"product-prop line-limit-length\"><span\n                                        class=\"property-title\">Chimique Hign-concern\u00e9 :&nbsp;<\/span><span\n                                        class=\"property-desc line-limit-length\">Aucun<\/span>\n                            <\/li>\n<li class=\"product-prop line-limit-length\"><span\n                                        class=\"property-title\">Artisanat du tissage :&nbsp;<\/span><span\n                                        class=\"property-desc line-limit-length\">Tat<\/span>\n                            <\/li>\n<li class=\"product-prop line-limit-length\"><span\n                                        class=\"property-title\">Sexuellement suggestif :&nbsp;<\/span><span\n                                        class=\"property-desc line-limit-length\">Pas de<\/span>\n                            <\/li>\n<li class=\"product-prop line-limit-length\"><span\n                                        class=\"property-title\">Image D'obsc\u00e8ne :&nbsp;<\/span><span\n                                        class=\"property-desc line-limit-length\">Pas de<\/span>\n                            <\/li>\n<li class=\"product-prop line-limit-length\"><span\n                                        class=\"property-title\">Type de Motif :&nbsp;<\/span><span\n                                        class=\"property-desc line-limit-length\">Plaid<\/span>\n                            <\/li>\n<li class=\"product-prop line-limit-length\"><span\n                                        class=\"property-title\">Num\u00e9ro de Mod\u00e8le :&nbsp;<\/span><span\n                                        class=\"property-desc line-limit-length\">gezi-Mens Underwear<\/span>\n                            <\/li>\n<li class=\"product-prop line-limit-length\"><span\n                                        class=\"property-title\">Mat\u00e9riau :&nbsp;<\/span><span\n                                        class=\"property-desc line-limit-length\">COTON<\/span>\n                            <\/li>\n<li class=\"product-prop line-limit-length\"><span\n                                        class=\"property-title\">Nom de marque :&nbsp;<\/span><span\n                                        class=\"property-desc line-limit-length\">FARDLY<\/span>\n                            <\/li>\n<li class=\"product-prop line-limit-length\"><span\n                                        class=\"property-title\">Cale\u00e7ons &amp; Boxers :&nbsp;<\/span><span\n                                        class=\"property-desc line-limit-length\">boxeur<\/span>\n                            <\/li>\n<li class=\"product-prop line-limit-length\"><span\n                                        class=\"property-title\">Origine :&nbsp;<\/span><span\n                                        class=\"property-desc line-limit-length\">CN (Origine)<\/span>\n                            <\/li>\n<li class=\"product-prop line-limit-length\"><span\n                                        class=\"property-title\">CN :&nbsp;<\/span><span\n                                        class=\"property-desc line-limit-length\">Chongqing<\/span>\n                            <\/li>\n<li class=\"product-prop line-limit-length\"><span\n                                        class=\"property-title\">Sexe :&nbsp;<\/span><span\n                                        class=\"property-desc line-limit-length\">MEN<\/span>\n                            <\/li>\n<li class=\"product-prop line-limit-length\"><span\n                                        class=\"property-title\">Alias:&nbsp;<\/span><span\n                                        class=\"property-desc line-limit-length\">Mens Underwear Boxers<\/span>\n                            <\/li>\n<li class=\"product-prop line-limit-length\"><span\n                                        class=\"property-title\">Stlye:&nbsp;<\/span><span\n                                        class=\"property-desc line-limit-length\">Cueca,cuecas,knickers,Male lingerie,Sexy Underwear Men<\/span>\n                            <\/li>\n<li class=\"product-prop line-limit-length\"><span\n                                        class=\"property-title\">Weave:&nbsp;<\/span><span\n                                        class=\"property-desc line-limit-length\">colorful,print,Advanced Fabrics Cotton<\/span>\n                            <\/li>\n<li class=\"product-prop line-limit-length\"><span\n                                        class=\"property-title\">Applicable:&nbsp;<\/span><span\n                                        class=\"property-desc line-limit-length\">Underwear gay,Gay Men Underwear<\/span>\n                            <\/li>\n<li class=\"product-prop line-limit-length\"><span\n                                        class=\"property-title\">Pattern:&nbsp;<\/span><span\n                                        class=\"property-desc line-limit-length\">Solid,print,striped,plaid<\/span>\n                            <\/li>\n<li class=\"product-prop line-limit-length\"><span\n                                        class=\"property-title\">Stly:&nbsp;<\/span><span\n                                        class=\"property-desc line-limit-length\">Plaid,Stripes<\/span>\n                            <\/li>\n<li class=\"product-prop line-limit-length\"><span\n                                        class=\"property-title\">LOT:&nbsp;<\/span><span\n                                        class=\"property-desc line-limit-length\">4 Pack Collection Sleep Shorts Travel<\/span>\n                            <\/li>\n<li class=\"product-prop line-limit-length\"><span\n                                        class=\"property-title\">Stlye1:&nbsp;<\/span><span\n                                        class=\"property-desc line-limit-length\">Cotton Classics Woven Boxers<\/span>\n                            <\/li>\n<li class=\"product-prop line-limit-length\"><span\n                                        class=\"property-title\">Stlye2:&nbsp;<\/span><span\n                                        class=\"property-desc line-limit-length\">Multi Classic Basics Men&#039;s<\/span>\n                            <\/li>\n<li class=\"product-prop line-limit-length\"><span\n                                        class=\"property-title\">feature 1:&nbsp;<\/span><span\n                                        class=\"property-desc line-limit-length\">Mens Underwear<\/span>\n                            <\/li>\n<li class=\"product-prop line-limit-length\"><span\n                                        class=\"property-title\">feature 2:&nbsp;<\/span><span\n                                        class=\"property-desc line-limit-length\">Men&#039;s Panties<\/span>\n                            <\/li>\n<li class=\"product-prop line-limit-length\"><span\n                                        class=\"property-title\">feature 3:&nbsp;<\/span><span\n                                        class=\"property-desc line-limit-length\">Arrow Pants<\/span>\n                            <\/li>\n<li class=\"product-prop line-limit-length\"><span\n                                        class=\"property-title\">feature 4:&nbsp;<\/span><span\n                                        class=\"property-desc line-limit-length\">Boxershorts Men<\/span>\n                            <\/li>\n<li class=\"product-prop line-limit-length\"><span\n                                        class=\"property-title\">feature 5:&nbsp;<\/span><span\n                                        class=\"property-desc line-limit-length\">Men Boxers<\/span>\n                            <\/li>\n<\/ul><\/div>\n<div class=\"detailmodule_html\">\n<div class=\"detail-desc-decorate-richtext\">\n<div class=\"detailmodule_html\">\n<div class=\"detail-desc-decorate-richtext\">\n<p style=\"font-size:20px;font-weight:bold;text-align:left;color:rgb(205, 29, 56)\" align=\"left\">4 pi\u00e8ces sous-v\u00eatements pour hommes boxeurs en coton Shorts culottes pour hommes pantalons \u00e0 fl\u00e8che douce sous-v\u00eatements boxeurs de base classiques boxeurs confortables pour hommes<\/p>\n<p style=\"font-size:16px;text-align:left;color:rgb(67, 70, 73)\" align=\"left\">La m\u00eame qualit\u00e9, le prix le plus bas pour l&#8217;ensemble du r\u00e9seau.<\/p>\n<p>Chaque lot exp\u00e9di\u00e9 aura de nouveaux mod\u00e8les,<br \/>Gamme de couleurs, nous exp\u00e9dierons avec diff\u00e9rentes couleurs et nous nous effor\u00e7ons de vous satisfaire!<\/p>\n<p>Le produit ne choisira pas les couleurs, n&#8217;acceptez pas le message de couleur sp\u00e9cifi\u00e9e, merci de votre compr\u00e9hension!<\/p>\n<p style=\"font-size:20px;text-align:left;color:rgb(229, 54, 42)\" align=\"left\"><span style=\"font-size:22px\">Livraison al\u00e9atoire 4 pi\u00e8ces\/lot! !! !<\/span><\/p>\n<p><img decoding=\"async\" style=\"width:100%;height:auto\" width=\"100%\" height=\"auto\" src=\"https:\/\/ae01.alicdn.com\/kf\/S7ad1b583bdb840d6b623366717b0b87az.jpg\" slate-data-type=\"image\"> <img decoding=\"async\" style=\"width:100%;height:auto\" width=\"100%\" height=\"auto\" src=\"https:\/\/ae01.alicdn.com\/kf\/Sced88edcf04f4075b06500025092b56ba.jpg\" slate-data-type=\"image\"> <img decoding=\"async\" style=\"width:100%;height:auto\" width=\"100%\" height=\"auto\" src=\"https:\/\/ae01.alicdn.com\/kf\/Sc069a7c61e924786831c7a5bd309947aI.jpg\" slate-data-type=\"image\"> <img decoding=\"async\" style=\"width:100%;height:auto\" width=\"100%\" height=\"auto\" src=\"https:\/\/ae01.alicdn.com\/kf\/S179d71fe0dc341e1acb2e101e6dc6cd5a.jpg\" slate-data-type=\"image\"> <img decoding=\"async\" style=\"width:100%;height:auto\" width=\"100%\" height=\"auto\" src=\"https:\/\/ae01.alicdn.com\/kf\/S340c3d06a56040d2b5a689a93dc5317co.jpg\" slate-data-type=\"image\"> <img decoding=\"async\" style=\"width:100%;height:auto\" width=\"100%\" height=\"auto\" src=\"https:\/\/ae01.alicdn.com\/kf\/S589ba66ed72d42d9bb6f3c3d85b9cf9c4.jpg\" slate-data-type=\"image\"> <img decoding=\"async\" style=\"width:100%;height:auto\" width=\"100%\" height=\"auto\" src=\"https:\/\/ae01.alicdn.com\/kf\/Sb68a027c0a7a48cf9420896e07e725faC.jpg\" slate-data-type=\"image\"> <img decoding=\"async\" style=\"width:100%;height:auto\" width=\"100%\" height=\"auto\" src=\"https:\/\/ae01.alicdn.com\/kf\/S8ec201ed8c134bcd95023f38cafe2dbcI.jpg\" slate-data-type=\"image\"> <img decoding=\"async\" style=\"width:100%;height:auto\" width=\"100%\" height=\"auto\" src=\"https:\/\/ae01.alicdn.com\/kf\/S2650ceee39d844409b64ba16fcf8aa69I.jpg\" slate-data-type=\"image\"> <img decoding=\"async\" style=\"width:100%;height:auto\" width=\"100%\" height=\"auto\" src=\"https:\/\/ae01.alicdn.com\/kf\/S76ff76dc31764ef799099ae5056599a8L.jpg\" slate-data-type=\"image\"> <img decoding=\"async\" style=\"width:100%;height:auto\" width=\"100%\" height=\"auto\" src=\"https:\/\/ae01.alicdn.com\/kf\/S0060675f8b1749eab54b6eae2909a3ecl.jpg\" slate-data-type=\"image\"> <img decoding=\"async\" style=\"width:100%;height:auto\" width=\"100%\" height=\"auto\" src=\"https:\/\/ae01.alicdn.com\/kf\/S594e5ea4bd0648f7842e1f7dd191decdG.jpg\" slate-data-type=\"image\"> <img decoding=\"async\" style=\"width:100%;height:auto\" width=\"100%\" height=\"auto\" src=\"https:\/\/ae01.alicdn.com\/kf\/Sf357bbebc4a94d2793592cb4842bebdcK.jpg\" slate-data-type=\"image\"> <img decoding=\"async\" style=\"width:100%;height:auto\" width=\"100%\" height=\"auto\" src=\"https:\/\/ae01.alicdn.com\/kf\/S5bc1b3cf1964409b8228a61b9921d89fQ.jpg\" slate-data-type=\"image\"><\/p>\n<\/div>\n<\/div>\n<p><\/p>\n<\/div>\n<\/div>","protected":false},"excerpt":{"rendered":"<p>Chimique Hign-concern\u00e9:&nbsp;Aucun Artisanat du tissage:&nbsp;Tat Sexuellement Suggestive:&nbsp;Pas de Image D&#039;obsc\u00e8ne:&nbsp;Pas de Type de Motif:&nbsp;Plaid Num\u00e9ro de Mod\u00e8le:&nbsp;gezi-Mens Underwear Mat\u00e9riau:&nbsp;COTTON Nom<\/p>","protected":false},"featured_media":29800,"comment_status":"open","ping_status":"closed","template":"","meta":[],"product_brand":[],"product_cat":[4981],"product_tag":[],"class_list":{"0":"post-29799","1":"product","2":"type-product","3":"status-publish","4":"has-post-thumbnail","6":"product_cat-pants-jeans","8":"first","9":"instock","10":"shipping-taxable","11":"purchasable","12":"product-type-variable"},"jetpack_sharing_enabled":true,"_links":{"self":[{"href":"https:\/\/afrycom.com\/fr\/wp-json\/wp\/v2\/product\/29799","targetHints":{"allow":["GET"]}}],"collection":[{"href":"https:\/\/afrycom.com\/fr\/wp-json\/wp\/v2\/product"}],"about":[{"href":"https:\/\/afrycom.com\/fr\/wp-json\/wp\/v2\/types\/product"}],"replies":[{"embeddable":true,"href":"https:\/\/afrycom.com\/fr\/wp-json\/wp\/v2\/comments?post=29799"}],"wp:featuredmedia":[{"embeddable":true,"href":"https:\/\/afrycom.com\/fr\/wp-json\/wp\/v2\/media\/29800"}],"wp:attachment":[{"href":"https:\/\/afrycom.com\/fr\/wp-json\/wp\/v2\/media?parent=29799"}],"wp:term":[{"taxonomy":"product_brand","embeddable":true,"href":"https:\/\/afrycom.com\/fr\/wp-json\/wp\/v2\/product_brand?post=29799"},{"taxonomy":"product_cat","embeddable":true,"href":"https:\/\/afrycom.com\/fr\/wp-json\/wp\/v2\/product_cat?post=29799"},{"taxonomy":"product_tag","embeddable":true,"href":"https:\/\/afrycom.com\/fr\/wp-json\/wp\/v2\/product_tag?post=29799"}],"curies":[{"name":"wp","href":"https:\/\/api.w.org\/{rel}","templated":true}]}}