{"id":29756,"date":"2026-04-16T15:25:30","date_gmt":"2026-04-16T15:25:30","guid":{"rendered":"https:\/\/afrycom.com\/product\/boxer-en-soie-glacee-pour-hommes-sous-vetements-a-entrejambe-magnetique-ropa-interieur-hombre-sport-pour-garcons-chauds-culotte-a-poche-convexe-en-u-maillot-de-bain-pour-hommes\/"},"modified":"2026-04-16T15:25:40","modified_gmt":"2026-04-16T15:25:40","slug":"boxer-en-soie-glacee-pour-hommes-sous-vetements-a-entrejambe-magnetique-ropa-interieur-hombre-sport-pour-garcons-chauds-culotte-a-poche-convexe-en-u-maillot-de-bain-pour-hommes","status":"publish","type":"product","link":"https:\/\/afrycom.com\/fr\/produit\/boxer-en-soie-glacee-pour-hommes-sous-vetements-a-entrejambe-magnetique-ropa-interieur-hombre-sport-pour-garcons-chauds-culotte-a-poche-convexe-en-u-maillot-de-bain-pour-hommes\/","title":{"rendered":"Boxer en soie glac\u00e9e pour hommes, sous-v\u00eatements \u00e0 entrejambe magn\u00e9tique, Ropa int\u00e9rieur Hombre, sport pour gar\u00e7ons chauds, culotte \u00e0 poche convexe en U, maillot de bain pour hommes"},"content":{"rendered":"<div class=\"product-specs-list-container\">\n<ul class=\"product-specs-list util-clearfix\">\n<li class=\"product-prop line-limit-length\"><span\n                                        class=\"property-title\">Chimique Hign-concern\u00e9 :&nbsp;<\/span><span\n                                        class=\"property-desc line-limit-length\">Aucun<\/span>\n                            <\/li>\n<li class=\"product-prop line-limit-length\"><span\n                                        class=\"property-title\">Artisanat du tissage :&nbsp;<\/span><span\n                                        class=\"property-desc line-limit-length\">Tricoter<\/span>\n                            <\/li>\n<li class=\"product-prop line-limit-length\"><span\n                                        class=\"property-title\">Sexuellement suggestif :&nbsp;<\/span><span\n                                        class=\"property-desc line-limit-length\">Pas de<\/span>\n                            <\/li>\n<li class=\"product-prop line-limit-length\"><span\n                                        class=\"property-title\">Image D'obsc\u00e8ne :&nbsp;<\/span><span\n                                        class=\"property-desc line-limit-length\">Pas de<\/span>\n                            <\/li>\n<li class=\"product-prop line-limit-length\"><span\n                                        class=\"property-title\">Type de Motif :&nbsp;<\/span><span\n                                        class=\"property-desc line-limit-length\">Solide<\/span>\n                            <\/li>\n<li class=\"product-prop line-limit-length\"><span\n                                        class=\"property-title\">Num\u00e9ro de Mod\u00e8le :&nbsp;<\/span><span\n                                        class=\"property-desc line-limit-length\">AJ00009<\/span>\n                            <\/li>\n<li class=\"product-prop line-limit-length\"><span\n                                        class=\"property-title\">Mat\u00e9riau :&nbsp;<\/span><span\n                                        class=\"property-desc line-limit-length\">M\u00e9langes de polyester,SILK<\/span>\n                            <\/li>\n<li class=\"product-prop line-limit-length\"><span\n                                        class=\"property-title\">Nom de marque :&nbsp;<\/span><span\n                                        class=\"property-desc line-limit-length\">MOONBIFFY<\/span>\n                            <\/li>\n<li class=\"product-prop line-limit-length\"><span\n                                        class=\"property-title\">Cale\u00e7ons &amp; Boxers :&nbsp;<\/span><span\n                                        class=\"property-desc line-limit-length\">boxeur<\/span>\n                            <\/li>\n<li class=\"product-prop line-limit-length\"><span\n                                        class=\"property-title\">Origine :&nbsp;<\/span><span\n                                        class=\"property-desc line-limit-length\">CN (Origine)<\/span>\n                            <\/li>\n<li class=\"product-prop line-limit-length\"><span\n                                        class=\"property-title\">Sexe :&nbsp;<\/span><span\n                                        class=\"property-desc line-limit-length\">MEN<\/span>\n                            <\/li>\n<li class=\"product-prop line-limit-length\"><span\n                                        class=\"property-title\">CN :&nbsp;<\/span><span\n                                        class=\"property-desc line-limit-length\">Zhejiang,Guangdong<\/span>\n                            <\/li>\n<li class=\"product-prop line-limit-length\"><span\n                                        class=\"property-title\">Style 1:&nbsp;<\/span><span\n                                        class=\"property-desc line-limit-length\">Ice Silk Men Underwear<\/span>\n                            <\/li>\n<li class=\"product-prop line-limit-length\"><span\n                                        class=\"property-title\">Style 2:&nbsp;<\/span><span\n                                        class=\"property-desc line-limit-length\">Magnetic Crotch Ice Silk Flat Corner Pants<\/span>\n                            <\/li>\n<li class=\"product-prop line-limit-length\"><span\n                                        class=\"property-title\">Style 3:&nbsp;<\/span><span\n                                        class=\"property-desc line-limit-length\">Mid Waist Men&#039;s Underpant<\/span>\n                            <\/li>\n<\/ul><\/div>\n<div class=\"detailmodule_html\">\n<div class=\"detail-desc-decorate-richtext\">\n<div class=\"detailmodule_html\">\n<div class=\"detail-desc-decorate-richtext\">\n<div>\n<div>\n<p align=\"start\" style=\"font-family:&quot;Open Sans&quot;, Roboto, Arial, Helvetica, sans-serif, SimSun;font-size:14px;font-weight:400;letter-spacing:normal;line-height:inherit;text-align:start;white-space:normal;color:rgb(34, 34, 34);margin:0px;margin-bottom:0px;margin-top:0px;margin-left:0px;margin-right:0px;padding:0px;padding-bottom:0px;padding-top:0px;padding-left:0px;padding-right:0px;box-sizing:border-box\"><span style=\"font-size:24px\">Nom : sous-v\u00eatements pour hommes \u00e0 changement thermique avec aimant en fil de glace.<\/span><br \/>\n<span style=\"font-size:24px\">Tissu : Polyester et soie glac\u00e9e<\/span><\/p>\n<p align=\"start\" style=\"font-family:&quot;Open Sans&quot;, Roboto, Arial, Helvetica, sans-serif, SimSun;font-size:14px;font-weight:400;letter-spacing:normal;line-height:inherit;text-align:start;white-space:normal;color:rgb(34, 34, 34);margin:0px;margin-bottom:0px;margin-top:0px;margin-left:0px;margin-right:0px;padding:0px;padding-bottom:0px;padding-top:0px;padding-left:0px;padding-right:0px;box-sizing:border-box\"><span style=\"font-size:24px\">La couleur noire ; Orange ; Gris; Gris clair ; Bleu et vert<\/span><\/p>\n<p align=\"start\" style=\"font-family:&quot;Open Sans&quot;, Roboto, Arial, Helvetica, sans-serif, SimSun;font-size:14px;font-weight:400;letter-spacing:normal;line-height:inherit;text-align:start;white-space:normal;color:rgb(34, 34, 34);margin:0px;margin-bottom:0px;margin-top:0px;margin-left:0px;margin-right:0px;padding:0px;padding-bottom:0px;padding-top:0px;padding-left:0px;padding-right:0px;box-sizing:border-box\"><span style=\"font-size:24px\">Taille : L-4XL<\/span><\/p>\n<p align=\"start\" style=\"font-family:&quot;Open Sans&quot;, Roboto, Arial, Helvetica, sans-serif, SimSun;font-size:14px;font-weight:400;letter-spacing:normal;line-height:inherit;text-align:start;white-space:normal;color:rgb(34, 34, 34);margin:0px;margin-bottom:0px;margin-top:0px;margin-left:0px;margin-right:0px;padding:0px;padding-bottom:0px;padding-top:0px;padding-left:0px;padding-right:0px;box-sizing:border-box\"><span style=\"font-size:24px\">Quantit\u00e9 : 1 pi\u00e8ce<\/span><\/p>\n<p align=\"start\" style=\"font-family:&quot;Open Sans&quot;, Roboto, Arial, Helvetica, sans-serif, SimSun;font-size:14px;font-weight:400;letter-spacing:normal;line-height:inherit;text-align:start;white-space:normal;color:rgb(34, 34, 34);margin:0px;margin-bottom:0px;margin-top:0px;margin-left:0px;margin-right:0px;padding:0px;padding-bottom:0px;padding-top:0px;padding-left:0px;padding-right:0px;box-sizing:border-box\"><span style=\"font-size:24px\">Genre : Hommes<\/span><\/p>\n<p align=\"start\" style=\"font-family:&quot;Open Sans&quot;, Roboto, Arial, Helvetica, sans-serif, SimSun;font-size:14px;font-weight:400;letter-spacing:normal;line-height:inherit;text-align:start;white-space:normal;color:rgb(34, 34, 34);margin:0px;margin-bottom:0px;margin-top:0px;margin-left:0px;margin-right:0px;padding:0px;padding-bottom:0px;padding-top:0px;padding-left:0px;padding-right:0px;box-sizing:border-box\"><span style=\"font-size:24px\">Remarque :<\/span><\/p>\n<p align=\"start\" style=\"font-family:&quot;Open Sans&quot;, Roboto, Arial, Helvetica, sans-serif, SimSun;font-size:14px;font-weight:400;letter-spacing:normal;line-height:inherit;text-align:start;white-space:normal;color:rgb(34, 34, 34);margin:0px;margin-bottom:0px;margin-top:0px;margin-left:0px;margin-right:0px;padding:0px;padding-bottom:0px;padding-top:0px;padding-left:0px;padding-right:0px;box-sizing:border-box\"><span style=\"font-size:24px\">1 .Veuillez permettre une erreur de donn\u00e9es de 1 \u00e0 3 cm en raison de la mesure manuelle!<\/span><\/p>\n<p align=\"start\" style=\"font-family:&quot;Open Sans&quot;, Roboto, Arial, Helvetica, sans-serif, SimSun;font-size:14px;font-weight:400;letter-spacing:normal;line-height:inherit;text-align:start;white-space:normal;color:rgb(34, 34, 34);margin:0px;margin-bottom:0px;margin-top:0px;margin-left:0px;margin-right:0px;padding:0px;padding-bottom:0px;padding-top:0px;padding-left:0px;padding-right:0px;box-sizing:border-box\"><span style=\"font-size:24px\">2 .Afficher comme sur les images : 1 pouce = 2,54 cm<\/span><\/p>\n<p align=\"start\" style=\"font-family:&quot;Open Sans&quot;, Roboto, Arial, Helvetica, sans-serif, SimSun;font-size:14px;font-weight:400;letter-spacing:normal;line-height:inherit;text-align:start;white-space:normal;color:rgb(34, 34, 34);margin:0px;margin-bottom:0px;margin-top:0px;margin-left:0px;margin-right:0px;padding:0px;padding-bottom:0px;padding-top:0px;padding-left:0px;padding-right:0px;box-sizing:border-box\"><span style=\"font-size:24px\">Pr\u00e9cautions d&#8217;utilisation et de lavage :<\/span><\/p>\n<p align=\"start\" style=\"font-family:&quot;Open Sans&quot;, Roboto, Arial, Helvetica, sans-serif, SimSun;font-size:14px;font-weight:400;letter-spacing:normal;line-height:inherit;text-align:start;white-space:normal;color:rgb(34, 34, 34);margin:0px;margin-bottom:0px;margin-top:0px;margin-left:0px;margin-right:0px;padding:0px;padding-bottom:0px;padding-top:0px;padding-left:0px;padding-right:0px;box-sizing:border-box\"><span style=\"font-size:24px\">1 .Apr\u00e8s s\u00e9chage, placez les v\u00eatements dans un endroit frais et rangez<\/span><\/p>\n<p align=\"start\" style=\"font-family:&quot;Open Sans&quot;, Roboto, Arial, Helvetica, sans-serif, SimSun;font-size:14px;font-weight:400;letter-spacing:normal;line-height:inherit;text-align:start;white-space:normal;color:rgb(34, 34, 34);margin:0px;margin-bottom:0px;margin-top:0px;margin-left:0px;margin-right:0px;padding:0px;padding-bottom:0px;padding-top:0px;padding-left:0px;padding-right:0px;box-sizing:border-box\"><span style=\"font-size:24px\">2 .Ne lavez pas les v\u00eatements fonc\u00e9s ensemble<\/span><\/p>\n<p align=\"start\" style=\"font-family:&quot;Open Sans&quot;, Roboto, Arial, Helvetica, sans-serif, SimSun;font-size:14px;font-weight:400;letter-spacing:normal;line-height:inherit;text-align:start;white-space:normal;color:rgb(34, 34, 34);margin:0px;margin-bottom:0px;margin-top:0px;margin-left:0px;margin-right:0px;padding:0px;padding-bottom:0px;padding-top:0px;padding-left:0px;padding-right:0px;box-sizing:border-box\"><span style=\"font-size:24px\">3 .N&#8217;utilisez pas de d\u00e9colorant<\/span><\/p>\n<p>&nbsp;<\/p>\n<div align=\"start\" style=\"font-family:&quot;Open Sans&quot;, Roboto, Arial, Helvetica, sans-serif, SimSun;font-size:14px;font-weight:400;letter-spacing:normal;text-align:start;white-space:normal;color:rgb(34, 34, 34);margin:0px;margin-bottom:0px;margin-top:0px;margin-left:0px;margin-right:0px;padding:0px;padding-bottom:0px;padding-top:0px;padding-left:0px;padding-right:0px;box-sizing:content-box\">\n<div style=\"margin:0px;margin-bottom:0px;margin-top:0px;margin-left:0px;margin-right:0px;padding:0px;padding-bottom:0px;padding-top:0px;padding-left:0px;padding-right:0px;box-sizing:content-box\">\n<p align=\"start\" style=\"font-family:&quot;Open Sans&quot;, sans-serif;font-size:14px;font-weight:400;letter-spacing:normal;line-height:inherit;text-align:start;white-space:normal;color:rgb(0, 0, 0);background-color:rgb(255, 255, 255);margin:0px;margin-bottom:0px;margin-top:0px;margin-left:0px;margin-right:0px;padding:0px;padding-bottom:0px;padding-top:0px;padding-left:0px;padding-right:0px;box-sizing:border-box\"><span style=\"background-color:rgb(255, 255, 255)\"><strong>\u2022 Mati\u00e8re confortable et respirante :<\/strong><\/span><span style=\"background-color:rgb(255, 255, 255)\">Fabriqu\u00e9s en spandex, ces boxers sont confortables et respirants, assurant un confort maximal lors du port.<\/span><\/p>\n<p style=\"line-height:inherit;margin:0px;margin-bottom:0px;margin-top:0px;margin-left:0px;margin-right:0px;padding:0px;padding-bottom:0px;padding-top:0px;padding-left:0px;padding-right:0px;box-sizing:border-box\">&nbsp;<\/p>\n<p align=\"start\" style=\"font-family:&quot;Open Sans&quot;, sans-serif;font-size:14px;font-weight:400;letter-spacing:normal;line-height:inherit;text-align:start;white-space:normal;color:rgb(0, 0, 0);background-color:rgb(255, 255, 255);margin:0px;margin-bottom:0px;margin-top:0px;margin-left:0px;margin-right:0px;padding:0px;padding-bottom:0px;padding-top:0px;padding-left:0px;padding-right:0px;box-sizing:border-box\"><span style=\"background-color:rgb(255, 255, 255)\"><strong>\u2022 Design sexy :<\/strong><\/span><span style=\"background-color:rgb(255, 255, 255)\">Ces boxers ont un design sexy qui en fait un ajout \u00e9l\u00e9gant \u00e0 toute garde-robe.<\/span><\/p>\n<p style=\"line-height:inherit;margin:0px;margin-bottom:0px;margin-top:0px;margin-left:0px;margin-right:0px;padding:0px;padding-bottom:0px;padding-top:0px;padding-left:0px;padding-right:0px;box-sizing:border-box\">&nbsp;<\/p>\n<p align=\"start\" style=\"font-family:&quot;Open Sans&quot;, sans-serif;font-size:14px;font-weight:400;letter-spacing:normal;line-height:inherit;text-align:start;white-space:normal;color:rgb(0, 0, 0);background-color:rgb(255, 255, 255);margin:0px;margin-bottom:0px;margin-top:0px;margin-left:0px;margin-right:0px;padding:0px;padding-bottom:0px;padding-top:0px;padding-left:0px;padding-right:0px;box-sizing:border-box\"><span style=\"background-color:rgb(255, 255, 255)\"><strong>\u2022 Ensemble de 10 pi\u00e8ces :<\/strong><\/span><span style=\"background-color:rgb(255, 255, 255)\">Cet ensemble comprend 10 boxers, offrant un excellent rapport qualit\u00e9\/prix et garantissant que vous ayez toujours une paire de rechange \u00e0 port\u00e9e de main.<\/span><\/p>\n<p style=\"line-height:inherit;margin:0px;margin-bottom:0px;margin-top:0px;margin-left:0px;margin-right:0px;padding:0px;padding-bottom:0px;padding-top:0px;padding-left:0px;padding-right:0px;box-sizing:border-box\">&nbsp;<\/p>\n<p align=\"start\" style=\"font-family:&quot;Open Sans&quot;, sans-serif;font-size:14px;font-weight:400;letter-spacing:normal;line-height:inherit;text-align:start;white-space:normal;color:rgb(0, 0, 0);background-color:rgb(255, 255, 255);margin:0px;margin-bottom:0px;margin-top:0px;margin-left:0px;margin-right:0px;padding:0px;padding-bottom:0px;padding-top:0px;padding-left:0px;padding-right:0px;box-sizing:border-box\"><span style=\"background-color:rgb(255, 255, 255)\"><strong>\u2022 Couleur unie :<\/strong><\/span><span style=\"background-color:rgb(255, 255, 255)\">La couleur unie de ce boxer le rend polyvalent et facile \u00e0 assortir avec n&#8217;importe quelle tenue.<\/span><\/p>\n<\/div>\n<\/div>\n<p><img decoding=\"async\" referrerpolicy=\"no-referrer\" slate-data-type=\"image\" src=\"https:\/\/ae01.alicdn.com\/kf\/S865541ecab8842a48386e7727a800c3cg.jpg?width=800&amp;height=800&amp;hash=1600\"><img decoding=\"async\" referrerpolicy=\"no-referrer\" slate-data-type=\"image\" src=\"https:\/\/ae01.alicdn.com\/kf\/Sa423fd2b03b14673a8ab9a9ca24fa27bo.jpg?width=800&amp;height=800&amp;hash=1600\"><img decoding=\"async\" referrerpolicy=\"no-referrer\" slate-data-type=\"image\" src=\"https:\/\/ae01.alicdn.com\/kf\/S3cc165bd0f1d42a2bab06a7d6ca11174d.jpg?width=800&amp;height=800&amp;hash=1600\"><img decoding=\"async\" referrerpolicy=\"no-referrer\" slate-data-type=\"image\" src=\"https:\/\/ae01.alicdn.com\/kf\/S41bd244419d14b7bae76fbf236519a26y.jpg?width=800&amp;height=800&amp;hash=1600\"><img decoding=\"async\" referrerpolicy=\"no-referrer\" slate-data-type=\"image\" src=\"https:\/\/ae01.alicdn.com\/kf\/Sf1a13c242b8442f9ad13c46a3b959633C.jpg?width=800&amp;height=800&amp;hash=1600\"><img decoding=\"async\" referrerpolicy=\"no-referrer\" slate-data-type=\"image\" src=\"https:\/\/ae01.alicdn.com\/kf\/S1fafd278835744a1b3d6a7e88e6c2ff9w.jpg?width=800&amp;height=800&amp;hash=1600\"><img decoding=\"async\" referrerpolicy=\"no-referrer\" slate-data-type=\"image\" src=\"https:\/\/ae01.alicdn.com\/kf\/Sdfba026fb3c14ae4abdbc96c2c417f27Q.jpg?width=800&amp;height=800&amp;hash=1600\"><img decoding=\"async\" referrerpolicy=\"no-referrer\" slate-data-type=\"image\" src=\"https:\/\/ae01.alicdn.com\/kf\/Scd887785282546d5945d5d4f3d9cf3bcD.jpg?width=800&amp;height=800&amp;hash=1600\"><img decoding=\"async\" referrerpolicy=\"no-referrer\" slate-data-type=\"image\" src=\"https:\/\/ae01.alicdn.com\/kf\/S9eeff857ee17414cba55789a5f155e3fm.jpg?width=800&amp;height=800&amp;hash=1600\"><img decoding=\"async\" referrerpolicy=\"no-referrer\" slate-data-type=\"image\" src=\"https:\/\/ae01.alicdn.com\/kf\/S10516b71098f403b9d7c8d35c053dea1B.jpg?width=800&amp;height=800&amp;hash=1600\"><img decoding=\"async\" referrerpolicy=\"no-referrer\" slate-data-type=\"image\" src=\"https:\/\/ae01.alicdn.com\/kf\/S7d19997363dc46c6ac8a15aaca04cac92.jpg?width=800&amp;height=800&amp;hash=1600\"><img decoding=\"async\" referrerpolicy=\"no-referrer\" src=\"https:\/\/ae01.alicdn.com\/kf\/S95e5a36abfe54a40ad384b19e2917eae2.jpg?width=790&amp;height=772&amp;hash=1562\"><img decoding=\"async\" referrerpolicy=\"no-referrer\" slate-data-type=\"image\" src=\"https:\/\/ae01.alicdn.com\/kf\/Sb055778b5f044baf8281808aa1ef64d0m.jpg?width=800&amp;height=800&amp;hash=1600\"><img decoding=\"async\" referrerpolicy=\"no-referrer\" slate-data-type=\"image\" src=\"https:\/\/ae01.alicdn.com\/kf\/S7feb305316de41f4895c1b4f2c6e651b8.jpg?width=800&amp;height=800&amp;hash=1600\"><img decoding=\"async\" referrerpolicy=\"no-referrer\" slate-data-type=\"image\" src=\"https:\/\/ae01.alicdn.com\/kf\/Sd4a9cbe9292a4f2eb16c5ceddbeaccc7y.jpg?width=790&amp;height=1039&amp;hash=1829\"><img decoding=\"async\" referrerpolicy=\"no-referrer\" slate-data-type=\"image\" src=\"https:\/\/ae01.alicdn.com\/kf\/Sfe3c6b24a32e46d2a675631933121af1n.jpg?width=790&amp;height=1024&amp;hash=1814\"><img decoding=\"async\" referrerpolicy=\"no-referrer\" slate-data-type=\"image\" src=\"https:\/\/ae01.alicdn.com\/kf\/S939fb4cb79ef4a2ca15af3993b238d43J.jpg?width=800&amp;height=800&amp;hash=1600\"><\/p>\n<p><img decoding=\"async\" referrerpolicy=\"no-referrer\" slate-data-type=\"image\" src=\"https:\/\/ae01.alicdn.com\/kf\/S30b1161d8dab4289b7d15815c057e087Q.jpg?width=1000&amp;height=478&amp;hash=1478\"><\/p>\n<\/div>\n<\/div>\n<\/div>\n<\/div>\n<\/div>\n<\/div>","protected":false},"excerpt":{"rendered":"<p>Chimique Hign-concern\u00e9:&nbsp;Aucun Artisanat du tissage:&nbsp;Tricoter Sexuellement Suggestive:&nbsp;Pas de Image D&#039;obsc\u00e8ne:&nbsp;Pas de Type de Motif:&nbsp;Solide Num\u00e9ro de Mod\u00e8le:&nbsp;AJ00009 Mat\u00e9riau:&nbsp;M\u00e9langes de polyester,SILK<\/p>","protected":false},"featured_media":29757,"comment_status":"open","ping_status":"closed","template":"","meta":[],"product_brand":[],"product_cat":[4981],"product_tag":[],"class_list":{"0":"post-29756","1":"product","2":"type-product","3":"status-publish","4":"has-post-thumbnail","6":"product_cat-pants-jeans","8":"first","9":"instock","10":"shipping-taxable","11":"purchasable","12":"product-type-variable"},"jetpack_sharing_enabled":true,"_links":{"self":[{"href":"https:\/\/afrycom.com\/fr\/wp-json\/wp\/v2\/product\/29756","targetHints":{"allow":["GET"]}}],"collection":[{"href":"https:\/\/afrycom.com\/fr\/wp-json\/wp\/v2\/product"}],"about":[{"href":"https:\/\/afrycom.com\/fr\/wp-json\/wp\/v2\/types\/product"}],"replies":[{"embeddable":true,"href":"https:\/\/afrycom.com\/fr\/wp-json\/wp\/v2\/comments?post=29756"}],"wp:featuredmedia":[{"embeddable":true,"href":"https:\/\/afrycom.com\/fr\/wp-json\/wp\/v2\/media\/29757"}],"wp:attachment":[{"href":"https:\/\/afrycom.com\/fr\/wp-json\/wp\/v2\/media?parent=29756"}],"wp:term":[{"taxonomy":"product_brand","embeddable":true,"href":"https:\/\/afrycom.com\/fr\/wp-json\/wp\/v2\/product_brand?post=29756"},{"taxonomy":"product_cat","embeddable":true,"href":"https:\/\/afrycom.com\/fr\/wp-json\/wp\/v2\/product_cat?post=29756"},{"taxonomy":"product_tag","embeddable":true,"href":"https:\/\/afrycom.com\/fr\/wp-json\/wp\/v2\/product_tag?post=29756"}],"curies":[{"name":"wp","href":"https:\/\/api.w.org\/{rel}","templated":true}]}}