{"id":29748,"date":"2026-04-16T15:24:53","date_gmt":"2026-04-16T15:24:53","guid":{"rendered":"https:\/\/afrycom.com\/product\/salange-p30-max-projecteur-hd-1080p-android-11-proyector-console-de-jeu-video-avec-2-controleurs-de-jeu-sans-fil-3000-jeux-integres\/"},"modified":"2026-04-16T15:25:01","modified_gmt":"2026-04-16T15:25:01","slug":"salange-p30-max-projecteur-hd-1080p-android-11-proyector-console-de-jeu-video-avec-2-controleurs-de-jeu-sans-fil-3000-jeux-integres","status":"publish","type":"product","link":"https:\/\/afrycom.com\/fr\/produit\/salange-p30-max-projecteur-hd-1080p-android-11-proyector-console-de-jeu-video-avec-2-controleurs-de-jeu-sans-fil-3000-jeux-integres\/","title":{"rendered":"Salange P30 Max projecteur HD 1080P Android 11 Proyector Console de jeu vid\u00e9o avec 2 contr\u00f4leurs de jeu sans fil 3000 jeux int\u00e9gr\u00e9s"},"content":{"rendered":"<div class=\"product-specs-list-container\">\n<ul class=\"product-specs-list util-clearfix\">\n<li class=\"product-prop line-limit-length\"><span\n                                        class=\"property-title\">Chimique Hign-concern\u00e9 :&nbsp;<\/span><span\n                                        class=\"property-desc line-limit-length\">aucun<\/span>\n                            <\/li>\n<li class=\"product-prop line-limit-length\"><span\n                                        class=\"property-title\">Entr\u00e9e\/sortie:&nbsp;<\/span><span\n                                        class=\"property-desc line-limit-length\">c\u00e2ble HDMI,POWER,USB<\/span>\n                            <\/li>\n<li class=\"product-prop line-limit-length\"><span\n                                        class=\"property-title\">T\u00e9l\u00e9commande incluse:&nbsp;<\/span><span\n                                        class=\"property-desc line-limit-length\">OUI<\/span>\n                            <\/li>\n<li class=\"product-prop line-limit-length\"><span\n                                        class=\"property-title\">Haut-parleur Int\u00e9gr\u00e9:&nbsp;<\/span><span\n                                        class=\"property-desc line-limit-length\">OUI<\/span>\n                            <\/li>\n<li class=\"product-prop line-limit-length\"><span\n                                        class=\"property-title\">Batterie :&nbsp;<\/span><span\n                                        class=\"property-desc line-limit-length\">non<\/span>\n                            <\/li>\n<li class=\"product-prop line-limit-length\"><span\n                                        class=\"property-title\">Compatible avec le Bluetooth :&nbsp;<\/span><span\n                                        class=\"property-desc line-limit-length\">OUI<\/span>\n                            <\/li>\n<li class=\"product-prop line-limit-length\"><span\n                                        class=\"property-title\">Cat\u00e9gorie:&nbsp;<\/span><span\n                                        class=\"property-desc line-limit-length\">Projecteurs<\/span>\n                            <\/li>\n<li class=\"product-prop line-limit-length\"><span\n                                        class=\"property-title\">Lumens ANSI:&nbsp;<\/span><span\n                                        class=\"property-desc line-limit-length\">280ANSi<\/span>\n                            <\/li>\n<li class=\"product-prop line-limit-length\"><span\n                                        class=\"property-title\">Syst\u00e8me:&nbsp;<\/span><span\n                                        class=\"property-desc line-limit-length\">ANDROID<\/span>\n                            <\/li>\n<li class=\"product-prop line-limit-length\"><span\n                                        class=\"property-title\">Dimension de projection:&nbsp;<\/span><span\n                                        class=\"property-desc line-limit-length\">40 &#8211; 120 Pouces<\/span>\n                            <\/li>\n<li class=\"product-prop line-limit-length\"><span\n                                        class=\"property-title\">Mode projectif:&nbsp;<\/span><span\n                                        class=\"property-desc line-limit-length\">T4,PROJETER,Plafond,R\u00e9troprojection,Image r\u00e9fl\u00e9chie<\/span>\n                            <\/li>\n<li class=\"product-prop line-limit-length\"><span\n                                        class=\"property-title\">Technologie de projection:&nbsp;<\/span><span\n                                        class=\"property-desc line-limit-length\">LED<\/span>\n                            <\/li>\n<li class=\"product-prop line-limit-length\"><span\n                                        class=\"property-title\">\u00c9chelle d\u2019\u00e9cran:&nbsp;<\/span><span\n                                        class=\"property-desc line-limit-length\">4:3\/16:9<\/span>\n                            <\/li>\n<li class=\"product-prop line-limit-length\"><span\n                                        class=\"property-title\">Zoom:&nbsp;<\/span><span\n                                        class=\"property-desc line-limit-length\">x 2.4<\/span>\n                            <\/li>\n<li class=\"product-prop line-limit-length\"><span\n                                        class=\"property-title\">Portable:&nbsp;<\/span><span\n                                        class=\"property-desc line-limit-length\">Pas de<\/span>\n                            <\/li>\n<li class=\"product-prop line-limit-length\"><span\n                                        class=\"property-title\">Utiliser :&nbsp;<\/span><span\n                                        class=\"property-desc line-limit-length\">projecteur de divertissement<\/span>\n                            <\/li>\n<li class=\"product-prop line-limit-length\"><span\n                                        class=\"property-title\">Type :&nbsp;<\/span><span\n                                        class=\"property-desc line-limit-length\">Projecteur num\u00e9rique<\/span>\n                            <\/li>\n<li class=\"product-prop line-limit-length\"><span\n                                        class=\"property-title\">Projecteur home cin\u00e9ma:&nbsp;<\/span><span\n                                        class=\"property-desc line-limit-length\">Oui<\/span>\n                            <\/li>\n<li class=\"product-prop line-limit-length\"><span\n                                        class=\"property-title\">Projection Distance:&nbsp;<\/span><span\n                                        class=\"property-desc line-limit-length\">0.5-5M<\/span>\n                            <\/li>\n<li class=\"product-prop line-limit-length\"><span\n                                        class=\"property-title\">Poids :&nbsp;<\/span><span\n                                        class=\"property-desc line-limit-length\">1.0 kg<\/span>\n                            <\/li>\n<li class=\"product-prop line-limit-length\"><span\n                                        class=\"property-title\">Ratio de contraste:&nbsp;<\/span><span\n                                        class=\"property-desc line-limit-length\">1000:1-2000:1<\/span>\n                            <\/li>\n<li class=\"product-prop line-limit-length\"><span\n                                        class=\"property-title\">Luminosit\u00e9:&nbsp;<\/span><span\n                                        class=\"property-desc line-limit-length\">5 000 Lumens<\/span>\n                            <\/li>\n<li class=\"product-prop line-limit-length\"><span\n                                        class=\"property-title\">Correction Trap\u00e9zo\u00efdale:&nbsp;<\/span><span\n                                        class=\"property-desc line-limit-length\">Correction automatique<\/span>\n                            <\/li>\n<li class=\"product-prop line-limit-length\"><span\n                                        class=\"property-title\">Nom de marque :&nbsp;<\/span><span\n                                        class=\"property-desc line-limit-length\">salange<\/span>\n                            <\/li>\n<li class=\"product-prop line-limit-length\"><span\n                                        class=\"property-title\">Salange Mod\u00e8le:&nbsp;<\/span><span\n                                        class=\"property-desc line-limit-length\">P30<\/span>\n                            <\/li>\n<li class=\"product-prop line-limit-length\"><span\n                                        class=\"property-title\">Origine :&nbsp;<\/span><span\n                                        class=\"property-desc line-limit-length\">CN (Origine)<\/span>\n                            <\/li>\n<li class=\"product-prop line-limit-length\"><span\n                                        class=\"property-title\">Source de lumi\u00e8re :&nbsp;<\/span><span\n                                        class=\"property-desc line-limit-length\">LED<\/span>\n                            <\/li>\n<li class=\"product-prop line-limit-length\"><span\n                                        class=\"property-title\">R\u00e9solution Optique:&nbsp;<\/span><span\n                                        class=\"property-desc line-limit-length\">1280x1080dpi<\/span>\n                            <\/li>\n<li class=\"product-prop line-limit-length\"><span\n                                        class=\"property-title\">Certification :&nbsp;<\/span><span\n                                        class=\"property-desc line-limit-length\">CE, FCC, ROHS<\/span>\n                            <\/li>\n<li class=\"product-prop line-limit-length\"><span\n                                        class=\"property-title\">Puissance (W) :&nbsp;<\/span><span\n                                        class=\"property-desc line-limit-length\">40W<\/span>\n                            <\/li>\n<\/ul><\/div>\n<div class=\"detailmodule_html\">\n<div class=\"detail-desc-decorate-richtext\">\n<h2 style=\"font-size:var(--font-size-2);font-weight:var(--font-weight-bold);line-height:var(--font-lineheight-3);color:var(--color-black);margin:0px;margin-bottom:0px;margin-top:0px;margin-left:0px;margin-right:0px;display:inline;box-sizing:border-box;text-align:center\" align=\"center\"><span style=\"font-size:20px\"><strong>Projecteur Salange P30 Max HD 1080P Android 11 Proyector Console de jeux vid\u00e9o avec 2 contr\u00f4leurs de jeu sans fil 3000 jeux int\u00e9gr\u00e9s<\/strong><\/span><\/h2>\n<div style=\"margin:16px 0px 0px;margin-bottom:0px;margin-top:16px;margin-left:0px;margin-right:0px;padding:0px;padding-bottom:0px;padding-top:0px;padding-left:0px;padding-right:0px;box-sizing:border-box\" class=\"reviewer--wrap--vGS7G6P\">\n<div style=\"margin:0px;margin-bottom:0px;margin-top:0px;margin-left:0px;margin-right:0px;padding:0px;padding-bottom:0px;padding-top:0px;padding-left:0px;padding-right:0px;box-sizing:border-box\">\n<div style=\"line-height:20px;margin:0px;margin-bottom:0px;margin-top:0px;margin-left:0px;margin-right:0px;padding:0px;padding-bottom:0px;padding-top:0px;padding-left:0px;padding-right:0px;display:flex;height:20px;box-sizing:border-box\" class=\"reviewer--box--wVguYsD\"><a style=\"color:rgb(25, 25, 25);background-color:transparent;margin:0px;margin-bottom:0px;margin-top:0px;margin-left:0px;margin-right:0px;padding:0px;padding-bottom:0px;padding-top:0px;padding-left:0px;padding-right:0px;box-sizing:border-box\" class=\"reviewer--rating--xrWWFzx\" href=\"https:\/\/www.aliexpress.com\/item\/1005008151893532.html#nav-review\" target=\"_self\" rel=\"noopener\"><\/p>\n<div style=\"font-family:&quot;TT Norms Pro&quot;, &quot;Open Sans&quot;, Roboto, Arial, Helvetica, sans-serif, SimSun;font-size:14px;font-weight:400;letter-spacing:normal;text-align:start;white-space:normal;color:rgb(25, 25, 25);margin:0px;margin-bottom:0px;margin-top:0px;margin-left:0px;margin-right:0px;padding:0px;padding-bottom:0px;padding-top:0px;padding-left:0px;padding-right:0px;display:inline-block;box-sizing:border-box\" class=\"rating--wrap--jg9uoRp\" align=\"start\">\n<div style=\"margin:0px 1px;margin-bottom:0px;margin-top:0px;margin-left:1px;margin-right:1px;padding:0px;padding-bottom:0px;padding-top:0px;padding-left:0px;padding-right:0px;display:inline-block;width:16px;height:16px;position:relative;box-sizing:border-box;text-align:center\" class=\"rating--item--Nt_U0Ff\" align=\"center\"><\/div>\n<div style=\"margin:0px 1px;margin-bottom:0px;margin-top:0px;margin-left:1px;margin-right:1px;padding:0px;padding-bottom:0px;padding-top:0px;padding-left:0px;padding-right:0px;display:inline-block;width:16px;height:16px;position:relative;box-sizing:border-box;text-align:center\" class=\"rating--item--Nt_U0Ff\" align=\"center\"><\/div>\n<div style=\"margin:0px 1px;margin-bottom:0px;margin-top:0px;margin-left:1px;margin-right:1px;padding:0px;padding-bottom:0px;padding-top:0px;padding-left:0px;padding-right:0px;display:inline-block;width:16px;height:16px;position:relative;box-sizing:border-box;text-align:center\" class=\"rating--item--Nt_U0Ff\" align=\"center\"><\/div>\n<div style=\"margin:0px 1px;margin-bottom:0px;margin-top:0px;margin-left:1px;margin-right:1px;padding:0px;padding-bottom:0px;padding-top:0px;padding-left:0px;padding-right:0px;display:inline-block;width:16px;height:16px;position:relative;box-sizing:border-box;text-align:center\" class=\"rating--item--Nt_U0Ff\" align=\"center\"><\/div>\n<div style=\"margin:0px 1px;margin-bottom:0px;margin-top:0px;margin-left:1px;margin-right:1px;padding:0px;padding-bottom:0px;padding-top:0px;padding-left:0px;padding-right:0px;display:inline-block;width:16px;height:16px;position:relative;box-sizing:border-box;text-align:left\" class=\"rating--item--Nt_U0Ff\" align=\"left\"><\/div>\n<\/div>\n<div style=\"text-align:left\" align=\"left\"><span style=\"color:rgb(25, 25, 25);font-size:14px;font-family:&quot;TT Norms Pro&quot;, &quot;Open Sans&quot;, Roboto, Arial, Helvetica, sans-serif, SimSun\"><strong><br \/><\/strong><\/span><\/div>\n<p><\/a><\/div>\n<\/div>\n<\/div>\n<p style=\"text-align:left\" align=\"left\"><span style=\"background-color:rgb(255, 255, 255);color:rgb(244, 78, 59);font-size:20px;font-family:&quot;comic sans ms&quot;, cursive\"><strong>(Remarque : vous devez d&#8217;abord ins\u00e9rer la carte de jeu, puis connecter le cordon d&#8217;alimentation,<\/strong><\/span><\/p>\n<p style=\"text-align:left\" align=\"left\"><\/p>\n<p style=\"text-align:left\" align=\"left\"><span style=\"background-color:rgb(255, 255, 255);color:rgb(244, 78, 59);font-size:20px;font-family:&quot;comic sans ms&quot;, cursive\"><strong>allumez le projecteur, et vous pourrez alors profiter du temps de jeu<\/strong><\/span><\/p>\n<p><\/p>\n<p style=\"text-align:left\" align=\"left\"><strong>1.<br \/>\nConception portable, application multi-sc\u00e9narios<\/strong><\/p>\n<p style=\"text-align:left\" align=\"left\">\u2022<br \/>\n<strong>Compact et l\u00e9ger :<\/strong>Dimensions de 103*103*204 mm, pesant seulement 1,21 kg, ce qui le rend facile \u00e0 transporter.<\/p>\n<p style=\"text-align:left\" align=\"left\">\u2022<br \/>\n<strong>Diff\u00e9rents modes de projection :<\/strong>Prend en charge la projection avant, le montage au plafond, la projection arri\u00e8re, etc., adapt\u00e9 au home cin\u00e9ma, aux salles de conf\u00e9rence, \u00e0 une utilisation en ext\u00e9rieur, etc.<\/p>\n<p><\/p>\n<p style=\"text-align:left\" align=\"left\">\n<p style=\"text-align:left\" align=\"left\"><strong>2.<br \/>\nConfiguration mat\u00e9rielle haute performance<\/strong><\/p>\n<p style=\"text-align:left\" align=\"left\">\u2022<br \/>\n<strong>Processeur :<\/strong>\u00c9quip\u00e9 du SOC H713, dot\u00e9 d&#8217;un processeur ARM Cortex-A53 quadric\u0153ur 64 bits et d&#8217;un GPU ARM Mali-G31 pour garantir des exp\u00e9riences multim\u00e9dia fluides.<\/p>\n<p style=\"text-align:left\" align=\"left\">\u2022<br \/>\n<strong>Options de m\u00e9moire<\/strong>: Offre plusieurs combinaisons telles que 1 Go\/2 Go\/4 Go de RAM et 8 Go\/16 Go\/32 Go de ROM pour r\u00e9pondre aux diff\u00e9rents besoins des utilisateurs.<\/p>\n<p style=\"text-align:left\" align=\"left\">\u2022<br \/>\n<strong>Capacit\u00e9 de traitement vid\u00e9o :<\/strong>Prend en charge le d\u00e9codage de divers formats vid\u00e9o haute d\u00e9finition, notamment HEVC, VP9, AVS2, jusqu&#8217;\u00e0 4K @ 30fps et 1080P @ 60fps.<\/p>\n<p><\/p>\n<p style=\"text-align:left\" align=\"left\">\n<p style=\"text-align:left\" align=\"left\"><strong>3.<br \/>\nPerformances optiques sup\u00e9rieures<\/strong><\/p>\n<p style=\"text-align:left\" align=\"left\">\u2022<br \/>\n<strong>Source de lumi\u00e8re LED :<\/strong>Tr\u00e8s efficace et \u00e9conome en \u00e9nergie, avec une dur\u00e9e de vie allant jusqu&#8217;\u00e0 30 000 heures.<\/p>\n<p style=\"text-align:left\" align=\"left\"><strong>\u2022<br \/>\nR\u00e9solution<\/strong>: 1280*720P, offrant une grande clart\u00e9 et une reproduction des couleurs r\u00e9alistes.<\/p>\n<p style=\"text-align:left\" align=\"left\"><strong>\u2022<br \/>\nLuminosit\u00e9<\/strong>: 200 lumens ANSI, assurant de bonnes performances d&#8217;affichage m\u00eame dans des environnements lumineux.<\/p>\n<p style=\"text-align:left\" align=\"left\"><strong>\u2022<br \/>\nRapport de contraste :<\/strong>1000:1, offrant une forte profondeur d&#8217;image, des noirs plus profonds et des blancs plus brillants.<\/p>\n<p style=\"text-align:left\" align=\"left\"><strong>\u2022<br \/>\nCorrection trap\u00e9zo\u00efdale automatique :<\/strong>Corrige automatiquement les images inclin\u00e9es pour plus de commodit\u00e9 et de rapidit\u00e9.<\/p>\n<p><\/p>\n<p style=\"text-align:left\" align=\"left\"><strong><br \/>\n<\/strong><\/p>\n<p style=\"text-align:left\" align=\"left\"><strong>4.<br \/>\nOptions riches d&#8217;interface et de connectivit\u00e9<\/strong><\/p>\n<p style=\"text-align:left\" align=\"left\"><strong>\u2022<br \/>\nPort h\u00f4te USB 2.0 :<\/strong>Lisez directement les fichiers multim\u00e9dias \u00e0 partir de cl\u00e9s USB ou de disques durs externes.<\/p>\n<p style=\"text-align:left\" align=\"left\"><strong>\u2022<br \/>\nPort d&#8217;entr\u00e9e HDMI 2.0 :<\/strong>Prend en charge la transmission audio et vid\u00e9o de haute qualit\u00e9.<\/p>\n<p style=\"text-align:left\" align=\"left\"><strong>\u2022<br \/>\nBluetooth 5.4 :<\/strong>Connexion sans fil pour p\u00e9riph\u00e9riques comme les haut-parleurs et les \u00e9couteurs.<\/p>\n<p style=\"text-align:left\" align=\"left\"><strong>\u2022<br \/>\nWi-Fi 6 (2,4G\/5G) :<\/strong>Connexion Internet stable \u00e0 haut d\u00e9bit, prend en charge les fonctions de mise en miroir d&#8217;\u00e9cran sans fil.<\/p>\n<p><\/p>\n<p style=\"text-align:left\" align=\"left\">\n<p style=\"text-align:left\" align=\"left\"><strong>5.<br \/>\nFort support de jeu<\/strong><\/p>\n<p style=\"text-align:left\" align=\"left\"><strong>\u2022<br \/>\nBiblioth\u00e8que de jeux int\u00e9gr\u00e9e :<\/strong>Compatible avec plusieurs plateformes de jeu classiques telles que MAME CPS1, GBA, N64, avec plus de 36 000 jeux int\u00e9gr\u00e9s.<\/p>\n<p style=\"text-align:left\" align=\"left\"><strong>\u2022<br \/>\nR\u00e9ponse \u00e0 faible latence :<\/strong>Assure un jeu plus fluide, r\u00e9duisant les probl\u00e8mes de d\u00e9calage.<\/p>\n<p><\/p>\n<p style=\"text-align:left\" align=\"left\">\n<p style=\"text-align:left\" align=\"left\"><strong>6.<br \/>\nFonctionnement silencieux et longue dur\u00e9e de vie de la batterie<\/strong><\/p>\n<p style=\"text-align:left\" align=\"left\"><strong>\u2022<br \/>\nContr\u00f4le du bruit :<\/strong>&lt;40 dB (1 m), suffisamment silencieux pour ne pas d\u00e9ranger.<\/p>\n<p style=\"text-align:left\" align=\"left\"><strong>\u2022<br \/>\nGestion de l&#8217;\u00e9nergie :<\/strong>Consommation \u00e9lectrique maximale de 35 W, \u00e9conome en \u00e9nergie et respectueuse de l&#8217;environnement, permettant une utilisation \u00e0 long terme sans probl\u00e8mes de surchauffe.<\/p>\n<p><\/p>\n<p style=\"text-align:left\" align=\"left\">\n<p style=\"text-align:left\" align=\"left\"><strong>7.<br \/>\nConception centr\u00e9e sur l&#8217;humain<\/strong><\/p>\n<p style=\"text-align:left\" align=\"left\"><strong>\u2022<br \/>\nT\u00e9l\u00e9commande et contr\u00f4leurs sans fil :<\/strong>Livr\u00e9 avec une t\u00e9l\u00e9commande IR et deux contr\u00f4leurs sans fil pour une utilisation simple et pratique.<\/p>\n<p style=\"text-align:left\" align=\"left\"><strong>\u2022<br \/>\nPrise en charge multilingue :<\/strong>Prend en charge le chinois simplifi\u00e9, le chinois traditionnel, l&#8217;anglais, le russe, l&#8217;espagnol et plus encore, r\u00e9pondant au march\u00e9 mondial.<\/p>\n<p style=\"text-align:left\" align=\"left\"><strong>Gr\u00e2ce \u00e0 ces fonctionnalit\u00e9s, le projecteur portable P30 offre non seulement des effets audiovisuels exceptionnels, mais offre \u00e9galement une facilit\u00e9 d&#8217;utilisation et une large applicabilit\u00e9, ce qui en fait un choix id\u00e9al pour profiter d&#8217;un style de vie de haute qualit\u00e9.<\/strong><img decoding=\"async\" src=\"https:\/\/ae01.alicdn.com\/kf\/S980be2c4d641463caa0dd9c42f4b93c65.png\" slate-data-type=\"image\"><img decoding=\"async\" src=\"https:\/\/ae01.alicdn.com\/kf\/Sd900df75d33244cc90bf4e6e7c92e99b8.png\" slate-data-type=\"image\"><img decoding=\"async\" src=\"https:\/\/ae01.alicdn.com\/kf\/Se1cf3c4ab09549a4b9a902d33c586e2fF.png\" slate-data-type=\"image\"><img decoding=\"async\" src=\"https:\/\/ae01.alicdn.com\/kf\/Sbe1c60dda5a943f68f7ebab8b659cc27n.png\" slate-data-type=\"image\"><img decoding=\"async\" src=\"https:\/\/ae01.alicdn.com\/kf\/S0d7987ee33db48ba85a14e46c899aa1aJ.png\" slate-data-type=\"image\"><img decoding=\"async\" src=\"https:\/\/ae01.alicdn.com\/kf\/S123e9b8f4f284c39b5960a9c3521de221.png\" slate-data-type=\"image\"><\/p>\n<\/div>\n<\/div>","protected":false},"excerpt":{"rendered":"<p>Chimique Hign-concern\u00e9:&nbsp;aucun Entr\u00e9e\/sortie:&nbsp;c\u00e2ble HDMI,POWER,USB T\u00e9l\u00e9commande incluse:&nbsp;YES Haut-parleur Int\u00e9gr\u00e9:&nbsp;YES Batterie:&nbsp;no Bluetooth-compatible:&nbsp;YES Cat\u00e9gorie:&nbsp;Projecteurs Lumens ANSI:&nbsp;280ANSi Syst\u00e8me:&nbsp;ANDROID Dimension de projection:&nbsp;40 &#8211; 120 Pouces<\/p>","protected":false},"featured_media":29749,"comment_status":"open","ping_status":"closed","template":"","meta":[],"product_brand":[],"product_cat":[42],"product_tag":[],"class_list":{"0":"post-29748","1":"product","2":"type-product","3":"status-publish","4":"has-post-thumbnail","6":"product_cat-consoles-gaming-electronics","8":"first","9":"instock","10":"shipping-taxable","11":"purchasable","12":"product-type-variable"},"jetpack_sharing_enabled":true,"_links":{"self":[{"href":"https:\/\/afrycom.com\/fr\/wp-json\/wp\/v2\/product\/29748","targetHints":{"allow":["GET"]}}],"collection":[{"href":"https:\/\/afrycom.com\/fr\/wp-json\/wp\/v2\/product"}],"about":[{"href":"https:\/\/afrycom.com\/fr\/wp-json\/wp\/v2\/types\/product"}],"replies":[{"embeddable":true,"href":"https:\/\/afrycom.com\/fr\/wp-json\/wp\/v2\/comments?post=29748"}],"wp:featuredmedia":[{"embeddable":true,"href":"https:\/\/afrycom.com\/fr\/wp-json\/wp\/v2\/media\/29749"}],"wp:attachment":[{"href":"https:\/\/afrycom.com\/fr\/wp-json\/wp\/v2\/media?parent=29748"}],"wp:term":[{"taxonomy":"product_brand","embeddable":true,"href":"https:\/\/afrycom.com\/fr\/wp-json\/wp\/v2\/product_brand?post=29748"},{"taxonomy":"product_cat","embeddable":true,"href":"https:\/\/afrycom.com\/fr\/wp-json\/wp\/v2\/product_cat?post=29748"},{"taxonomy":"product_tag","embeddable":true,"href":"https:\/\/afrycom.com\/fr\/wp-json\/wp\/v2\/product_tag?post=29748"}],"curies":[{"name":"wp","href":"https:\/\/api.w.org\/{rel}","templated":true}]}}