{"id":29742,"date":"2026-04-16T15:24:34","date_gmt":"2026-04-16T15:24:34","guid":{"rendered":"https:\/\/afrycom.com\/product\/perceuse-a-main-electrique-sans-fil-perceuse-a-percussion-sans-balais-prise-outil-electrique-pour-batterie-21v\/"},"modified":"2026-04-16T15:24:36","modified_gmt":"2026-04-16T15:24:36","slug":"perceuse-a-main-electrique-sans-fil-perceuse-a-percussion-sans-balais-prise-outil-electrique-pour-batterie-21v","status":"publish","type":"product","link":"https:\/\/afrycom.com\/fr\/produit\/perceuse-a-main-electrique-sans-fil-perceuse-a-percussion-sans-balais-prise-outil-electrique-pour-batterie-21v\/","title":{"rendered":"Perceuse \u00e0 main \u00e9lectrique sans fil, perceuse \u00e0 percussion sans balais, prise, outil \u00e9lectrique pour batterie 21V"},"content":{"rendered":"<div class=\"product-specs-list-container\">\n<ul class=\"product-specs-list util-clearfix\">\n<li class=\"product-prop line-limit-length\"><span\n                                        class=\"property-title\">Chimique Hign-concern\u00e9 :&nbsp;<\/span><span\n                                        class=\"property-desc line-limit-length\">aucun<\/span>\n                            <\/li>\n<li class=\"product-prop line-limit-length\"><span\n                                        class=\"property-title\">Origine :&nbsp;<\/span><span\n                                        class=\"property-desc line-limit-length\">CN (Origine)<\/span>\n                            <\/li>\n<li class=\"product-prop line-limit-length\"><span\n                                        class=\"property-title\">Source D'alimentation :&nbsp;<\/span><span\n                                        class=\"property-desc line-limit-length\">\u00c9LECTRICIT\u00c9<\/span>\n                            <\/li>\n<li class=\"product-prop line-limit-length\"><span\n                                        class=\"property-title\">Type :&nbsp;<\/span><span\n                                        class=\"property-desc line-limit-length\">Cl\u00e9 hydraulique<\/span>\n                            <\/li>\n<\/ul><\/div>\n<div class=\"detailmodule_html\">\n<div class=\"detail-desc-decorate-richtext\">\n<p><span style=\"font-size: 16px; font-family: Verdana;\" id=\"tl_1\">100% neuf et de haute qualit&eacute;!<\/span><\/p>\n<p><span style=\"font-size: 16px; font-family: Verdana;\" id=\"tl_2\">Mat&eacute;riau: plastique + m&eacute;tal<\/span><\/p>\n<p><span style=\"font-size: 16px; font-family: Verdana;\" id=\"tl_3\">Taille: comme indiqu&eacute; sur l&#8217;image<\/span><\/p>\n<p><span style=\"font-size: 16px; font-family: Verdana;\" id=\"tl_4\">Couleur: Bleu<\/span><\/p>\n<p><span style=\"font-size: 16px; font-family: Verdana;\" id=\"tl_5\">Le paquet comprend :<\/span><\/p>\n<p><span style=\"font-size: 16px; font-family: Verdana;\" id=\"tl_6\">1 pi&egrave;ces<\/span><\/p>\n<p><span style=\"font-size: 16px; font-family: Verdana;\" id=\"tl_7\">Remarque :<\/span><\/p>\n<p><span style=\"font-size: 16px; font-family: Verdana;\" id=\"tl_8\">1. Veuillez noter que la photo ne montre pas la taille r&eacute;elle, veuillez vous r&eacute;f&eacute;rer &agrave; la description pour plus de d&eacute;tails sur la taille.<\/span><\/p>\n<p><span style=\"font-size: 16px; font-family: Verdana;\" id=\"tl_9\">2. Veuillez accepter des diff&eacute;rences de 5 &agrave; 10mm en raison de la mesure manuelle, merci.<\/span><\/p>\n<p><span style=\"font-size: 16px; font-family: Verdana;\" id=\"tl_10\">3. En raison de la diff&eacute;rence entre les diff&eacute;rents moniteurs, l&#8217;image peut ne pas refl&eacute;ter la couleur r&eacute;elle de l&#8217;article.<\/span><\/p>\n<p><span style=\"font-size: 16px; font-family: Verdana;\" id=\"tl_11\">Remarque :<\/span><\/p>\n<p><span style=\"font-size: 16px; font-family: Verdana;\" id=\"tl_12\">En raison de la mesure manuelle, il peut y avoir des erreurs dans les dimensions et le poids, veuillez comprendre;<\/span><\/p>\n<p><span style=\"font-size: 16px; font-family: Verdana;\" id=\"tl_13\">Les couleurs peuvent pr&eacute;senter des diff&eacute;rences de couleur en raison de facteurs tels que la lumi&egrave;re, la saturation et les pixels, nous nous excusons pour tout inconv&eacute;nient caus&eacute;.<\/span><\/p>\n<\/div>\n<\/div>\n<div class=\"detailmodule_image\"><img decoding=\"async\" src=\"https:\/\/ae01.alicdn.com\/kf\/S51cb9fecdd9d4893934b332901b87773G.jpg\"  class=\"detail-desc-decorate-image\" ><img decoding=\"async\" src=\"https:\/\/ae01.alicdn.com\/kf\/S6217f266e5f44db08eaa600546a073b4s.jpg\"  class=\"detail-desc-decorate-image\" ><img decoding=\"async\" src=\"https:\/\/ae01.alicdn.com\/kf\/Se97cd3ec8b0b41039c8b2fed8105185cG.jpg\"  class=\"detail-desc-decorate-image\" ><img decoding=\"async\" src=\"https:\/\/ae01.alicdn.com\/kf\/Sc647ac3f919245bdaf405e77d5ad483fJ.jpg\"  class=\"detail-desc-decorate-image\" ><img decoding=\"async\" src=\"https:\/\/ae01.alicdn.com\/kf\/S4cb6fc060ddd40ef8cc637b81ecfff5d5.jpg\"  class=\"detail-desc-decorate-image\" ><img decoding=\"async\" src=\"https:\/\/ae01.alicdn.com\/kf\/Sb2dc31ecc1b942e5bbb4e5aa699725e9B.jpg\"  class=\"detail-desc-decorate-image\" ><img decoding=\"async\" src=\"https:\/\/ae01.alicdn.com\/kf\/Sda51b92f8b34423ba623a68934657d7e2.jpg\"  class=\"detail-desc-decorate-image\" ><img decoding=\"async\" src=\"https:\/\/ae01.alicdn.com\/kf\/S2095c29d0b1e48cb9e77fe3073ee4584N.jpg\"  class=\"detail-desc-decorate-image\" ><img decoding=\"async\" src=\"https:\/\/ae01.alicdn.com\/kf\/Sd6e337e7c20e404ab04b10fb5f162020D.jpg\"  class=\"detail-desc-decorate-image\" ><img decoding=\"async\" src=\"https:\/\/ae01.alicdn.com\/kf\/S114d18439fc643a09ddf9c471bb66cdeh.jpg\"  class=\"detail-desc-decorate-image\" ><\/div>","protected":false},"excerpt":{"rendered":"<p>Chimique Hign-concern\u00e9:&nbsp;aucun Origine:&nbsp;CN (Origine) Source D&#039;alimentation:&nbsp;\u00c9LECTRICIT\u00c9 Type:&nbsp;Cl\u00e9 hydraulique 100% neuf et de haute qualit&eacute;! Mat&eacute;riau: plastique + m&eacute;tal Taille: comme<\/p>","protected":false},"featured_media":29743,"comment_status":"open","ping_status":"closed","template":"","meta":[],"product_brand":[],"product_cat":[1768],"product_tag":[],"class_list":{"0":"post-29742","1":"product","2":"type-product","3":"status-publish","4":"has-post-thumbnail","6":"product_cat-machineries-and-tools","8":"first","9":"instock","10":"shipping-taxable","11":"purchasable","12":"product-type-variable"},"jetpack_sharing_enabled":true,"_links":{"self":[{"href":"https:\/\/afrycom.com\/fr\/wp-json\/wp\/v2\/product\/29742","targetHints":{"allow":["GET"]}}],"collection":[{"href":"https:\/\/afrycom.com\/fr\/wp-json\/wp\/v2\/product"}],"about":[{"href":"https:\/\/afrycom.com\/fr\/wp-json\/wp\/v2\/types\/product"}],"replies":[{"embeddable":true,"href":"https:\/\/afrycom.com\/fr\/wp-json\/wp\/v2\/comments?post=29742"}],"wp:featuredmedia":[{"embeddable":true,"href":"https:\/\/afrycom.com\/fr\/wp-json\/wp\/v2\/media\/29743"}],"wp:attachment":[{"href":"https:\/\/afrycom.com\/fr\/wp-json\/wp\/v2\/media?parent=29742"}],"wp:term":[{"taxonomy":"product_brand","embeddable":true,"href":"https:\/\/afrycom.com\/fr\/wp-json\/wp\/v2\/product_brand?post=29742"},{"taxonomy":"product_cat","embeddable":true,"href":"https:\/\/afrycom.com\/fr\/wp-json\/wp\/v2\/product_cat?post=29742"},{"taxonomy":"product_tag","embeddable":true,"href":"https:\/\/afrycom.com\/fr\/wp-json\/wp\/v2\/product_tag?post=29742"}],"curies":[{"name":"wp","href":"https:\/\/api.w.org\/{rel}","templated":true}]}}