{"id":29704,"date":"2026-04-16T15:24:01","date_gmt":"2026-04-16T15:24:01","guid":{"rendered":"https:\/\/afrycom.com\/product\/3-13-22pcs-professional-makeup-brushes-tools-set-make-up-brush-tools-kits-for-eyeshadow-eyeliner-cosmetics-brushes-maquiagem\/"},"modified":"2026-04-16T15:24:11","modified_gmt":"2026-04-16T15:24:11","slug":"3-13-22pcs-professional-makeup-brushes-tools-set-make-up-brush-tools-kits-for-eyeshadow-eyeliner-cosmetics-brushes-maquiagem","status":"publish","type":"product","link":"https:\/\/afrycom.com\/fr\/produit\/3-13-22pcs-professional-makeup-brushes-tools-set-make-up-brush-tools-kits-for-eyeshadow-eyeliner-cosmetics-brushes-maquiagem\/","title":{"rendered":"3\/13\/22pcs Pinceaux de Maquillage Professionnel Kit de Pinceaux de Maquillage pour Ombre \u00e0 Paupi\u00e8res Pinceaux de Cosm\u00e9tique Maquiagem"},"content":{"rendered":"<div class=\"product-specs-list-container\">\n<ul class=\"product-specs-list util-clearfix\">\n<li class=\"product-prop line-limit-length\"><span\n                                        class=\"property-title\">Produit chimique tr\u00e8s pr\u00e9occupant :&nbsp;<\/span><span\n                                        class=\"property-desc line-limit-length\">Aucun<\/span>\n                            <\/li>\n<li class=\"product-prop line-limit-length\"><span\n                                        class=\"property-title\">Nombre de pi\u00e8ces :&nbsp;<\/span><span\n                                        class=\"property-desc line-limit-length\">Combo<\/span>\n                            <\/li>\n<li class=\"product-prop line-limit-length\"><span\n                                        class=\"property-title\">Quantit\u00e9 :&nbsp;<\/span><span\n                                        class=\"property-desc line-limit-length\">18 pi\u00e8ces\/ensemble<\/span>\n                            <\/li>\n<li class=\"product-prop line-limit-length\"><span\n                                        class=\"property-title\">Taille :&nbsp;<\/span><span\n                                        class=\"property-desc line-limit-length\">Environ 14-15,3 cm<\/span>\n                            <\/li>\n<li class=\"product-prop line-limit-length\"><span\n                                        class=\"property-title\">Num\u00e9ro de mod\u00e8le :&nbsp;<\/span><span\n                                        class=\"property-desc line-limit-length\">MAG5444-5445<\/span>\n                            <\/li>\n<li class=\"product-prop line-limit-length\"><span\n                                        class=\"property-title\">Utilis\u00e9 avec :&nbsp;<\/span><span\n                                        class=\"property-desc line-limit-length\">Sets &amp; Kits<\/span>\n                            <\/li>\n<li class=\"product-prop line-limit-length\"><span\n                                        class=\"property-title\">Mat\u00e9riau de la brosse :&nbsp;<\/span><span\n                                        class=\"property-desc line-limit-length\">Cheveux synth\u00e9tiques<\/span>\n                            <\/li>\n<li class=\"product-prop line-limit-length\"><span\n                                        class=\"property-title\">Origine :&nbsp;<\/span><span\n                                        class=\"property-desc line-limit-length\">Chine continentale<\/span>\n                            <\/li>\n<li class=\"product-prop line-limit-length\"><span\n                                        class=\"property-title\">Type d'article :&nbsp;<\/span><span\n                                        class=\"property-desc line-limit-length\">PINCEAU DE MAQUILLAGE<\/span>\n                            <\/li>\n<li class=\"product-prop line-limit-length\"><span\n                                        class=\"property-title\">Mat\u00e9riau du manche :&nbsp;<\/span><span\n                                        class=\"property-desc line-limit-length\">Plastique<\/span>\n                            <\/li>\n<li class=\"product-prop line-limit-length\"><span\n                                        class=\"property-title\">Soutenu par l'\u00c9tat :&nbsp;<\/span><span\n                                        class=\"property-desc line-limit-length\">Drop shipping,Vente en gros<\/span>\n                            <\/li>\n<li class=\"product-prop line-limit-length\"><span\n                                        class=\"property-title\">Remarque :&nbsp;<\/span><span\n                                        class=\"property-desc line-limit-length\">Comprend 2 ensembles de brosses de styles diff\u00e9rents<\/span>\n                            <\/li>\n<li class=\"product-prop line-limit-length\"><span\n                                        class=\"property-title\">Applicable pour :&nbsp;<\/span><span\n                                        class=\"property-desc line-limit-length\">Accueil &amp; Traval &amp; Maquillage pro<\/span>\n                            <\/li>\n<li class=\"product-prop line-limit-length\"><span\n                                        class=\"property-title\">Application :&nbsp;<\/span><span\n                                        class=\"property-desc line-limit-length\">Set de pinceaux en fibres Maquillage<\/span>\n                            <\/li>\n<li class=\"product-prop line-limit-length\"><span\n                                        class=\"property-title\">A utiliser pour :&nbsp;<\/span><span\n                                        class=\"property-desc line-limit-length\">BB Cream,Power,Foundation,blusher<\/span>\n                            <\/li>\n<li class=\"product-prop line-limit-length\"><span\n                                        class=\"property-title\">En forme :&nbsp;<\/span><span\n                                        class=\"property-desc line-limit-length\">Pinceau \u00e0 surligner,Visage,nez,yeux,Blush,Ombre \u00e0 paupi\u00e8res,Cache-cernes,L\u00e8vres,Sourcils<\/span>\n                            <\/li>\n<\/ul><\/div>\n<div class=\"detailmodule_html\">\n<div class=\"detail-desc-decorate-richtext\">\n<div style=\"margin:10px auto 0 !important;display:inline-block !important;max-width:100% !important;\">\n<div style=\"margin-top:-74.46% !important;\">\n<div style=\"margin-left:0.0% !important;margin-top:0.0% !important;width:25.0% !important; \">&nbsp;<\/div>\n<\/div>\n<\/div>\n<div>\n<div>\n<div>\n<div>\n<div>\n<div>\n<div>\n<div>\n<div>Fonctionnalit\u00e9 :<br \/>1) Ce set de brosses contient diff\u00e9rentes brosses \u00e0 la mode, qui sont pratiques et peuvent r\u00e9pondre aux besoins de base de l'application quotidienne.<br \/>2) Fabriqu\u00e9 dans un mat\u00e9riau de haute qualit\u00e9, il est durable et permet de prendre soin de la peau.<br \/>3. avec des cheveux \u00e0 la mode et attrayants, ils n'\u00e9gratigneront pas facilement votre peau et colleront facilement \u00e0 la poudre<br \/>Pas de d\u00e9coloration ni de chute, vous pouvez en profiter plus longtemps.<br \/>4. la forme unique du manche de la brosse facilite la prise en main et le contr\u00f4le.<br \/>Le paquet comprend :  22 pinceaux de maquillage de diff\u00e9rentes tailles (selon l'image choisie)<br \/>Les brosses sont id\u00e9ales pour :<br \/>Ombre \u00e0 paupi\u00e8res, sourcils, eye-liner, fond de teint en poudre, mascara, l\u00e8vres, correcteur, cils, fard \u00e0 joues Pinceau<br \/>D\u00e9tails :<br \/>Taille : 14,2-16 cm environ<br \/>Poids de l'emballage : 145g<br \/>Mati\u00e8re des cheveux : cheveux synth\u00e9tiques de haute qualit\u00e9<br \/>Manche:Manche en bois<br \/>Conseils : choisissez l'option de livraison de l'entrep\u00f4t de la F\u00e9d\u00e9ration de Russie\/des \u00c9tats-Unis, il ne faut normalement qu'environ 3 \u00e0 7 jours pour que la livraison soit r\u00e9ussie.<\/div>\n<p>&nbsp;<\/p>\n<p><img loading=\"lazy\" decoding=\"async\" height=\"790\" referrerpolicy=\"no-referrer\" slate-data-type=\"image\" src=\"https:\/\/ae01.alicdn.com\/kf\/S46e5d7539bfe4f4d84714edebcb758b3j.jpg\" width=\"790\"><br \/><img loading=\"lazy\" decoding=\"async\" height=\"790\" referrerpolicy=\"no-referrer\" slate-data-type=\"image\" src=\"https:\/\/ae01.alicdn.com\/kf\/Sfa3eb2f9cd2a46fe8d0890473a054b46e.jpg\" width=\"790\"><br \/><img loading=\"lazy\" decoding=\"async\" height=\"790\" referrerpolicy=\"no-referrer\" slate-data-type=\"image\" src=\"https:\/\/ae01.alicdn.com\/kf\/S456849a2b3ac47349dec64f826fcb258Y.jpg\" width=\"790\"><br \/><img loading=\"lazy\" decoding=\"async\" height=\"790\" referrerpolicy=\"no-referrer\" slate-data-type=\"image\" src=\"https:\/\/ae01.alicdn.com\/kf\/S7308b669b0884e039c38601a069ab116x.jpg\" width=\"790\"><br \/><img loading=\"lazy\" decoding=\"async\" height=\"790\" referrerpolicy=\"no-referrer\" slate-data-type=\"image\" src=\"https:\/\/ae01.alicdn.com\/kf\/S16baacab3d844ef9bd61e243f42ecfe5G.jpg\" width=\"790\"><br \/><img loading=\"lazy\" decoding=\"async\" height=\"790\" referrerpolicy=\"no-referrer\" slate-data-type=\"image\" src=\"https:\/\/ae01.alicdn.com\/kf\/S398a457861114af883c15d5bac7f8d15R.jpg\" width=\"790\"><br \/><img loading=\"lazy\" decoding=\"async\" height=\"790\" referrerpolicy=\"no-referrer\" slate-data-type=\"image\" src=\"https:\/\/ae01.alicdn.com\/kf\/S68145df6709e4a60b9e32c4cae8406f3V.jpg\" width=\"790\"><br \/><img loading=\"lazy\" decoding=\"async\" height=\"790\" referrerpolicy=\"no-referrer\" slate-data-type=\"image\" src=\"https:\/\/ae01.alicdn.com\/kf\/S6a5773c5858e4aea9988988b8cc1f4a5g.jpg\" width=\"790\"><br \/><img loading=\"lazy\" decoding=\"async\" height=\"790\" referrerpolicy=\"no-referrer\" slate-data-type=\"image\" src=\"https:\/\/ae01.alicdn.com\/kf\/Sf73d7fe3aa9947da874297bb8310dbba5.jpg\" width=\"790\"><br \/><img loading=\"lazy\" decoding=\"async\" height=\"790\" referrerpolicy=\"no-referrer\" slate-data-type=\"image\" src=\"https:\/\/ae01.alicdn.com\/kf\/S6a2f5fa501a6441790b8afe1c56e4c34j.jpg\" width=\"790\"><br \/><img loading=\"lazy\" decoding=\"async\" height=\"790\" referrerpolicy=\"no-referrer\" slate-data-type=\"image\" src=\"https:\/\/ae01.alicdn.com\/kf\/S6fc215580b3041a3bc5f82aef1608676V.jpg\" width=\"790\"><br \/><img decoding=\"async\" height=\"1343.8315789473684\" referrerpolicy=\"no-referrer\" slate-data-type=\"image\" src=\"https:\/\/ae01.alicdn.com\/kf\/Sc3bd9af0446143ca85c9eaf1a2ce187fq.jpg\" width=\"790\"><br \/><img decoding=\"async\" height=\"1268.157894736842\" referrerpolicy=\"no-referrer\" slate-data-type=\"image\" src=\"https:\/\/ae01.alicdn.com\/kf\/S1e75dc80f6624ab7b1743a0c5ef202cd2.jpg\" width=\"790\"><br \/><img loading=\"lazy\" decoding=\"async\" height=\"790\" referrerpolicy=\"no-referrer\" slate-data-type=\"image\" src=\"https:\/\/ae01.alicdn.com\/kf\/S88419f371a104153905caaf61348c6bcP.jpg\" width=\"790\"><br \/><img loading=\"lazy\" decoding=\"async\" height=\"790\" referrerpolicy=\"no-referrer\" slate-data-type=\"image\" src=\"https:\/\/ae01.alicdn.com\/kf\/S8592b0a3e00445b6bb35efa8c5181938L.jpg\" width=\"790\"><br \/><img loading=\"lazy\" decoding=\"async\" height=\"790\" referrerpolicy=\"no-referrer\" slate-data-type=\"image\" src=\"https:\/\/ae01.alicdn.com\/kf\/Se2d6081c0ee447d69bdc5aa34c743e064.jpg\" width=\"790\"><br \/><img loading=\"lazy\" decoding=\"async\" height=\"790\" referrerpolicy=\"no-referrer\" slate-data-type=\"image\" src=\"https:\/\/ae01.alicdn.com\/kf\/S9abf6ef7864c4782a226e5e0b125cdb5i.jpg\" width=\"790\"><\/p>\n<\/div>\n<\/div>\n<\/div>\n<\/div>\n<\/div>\n<\/div>\n<\/div>\n<\/div>\n<\/div>\n<\/div>","protected":false},"excerpt":{"rendered":"<p>High-concerned chemical:&nbsp;None Number of Pieces:&nbsp;Combo Quantity:&nbsp;18 pcs\/ set Size:&nbsp;Approx 14-15.3cm Model Number:&nbsp;MAG5444-5445 Used With:&nbsp;Sets &amp; Kits Brush Material:&nbsp;Synthetic Hair Origin:&nbsp;Mainland<\/p>","protected":false},"featured_media":29706,"comment_status":"open","ping_status":"closed","template":"","meta":[],"product_brand":[],"product_cat":[15],"product_tag":[],"class_list":{"0":"post-29704","1":"product","2":"type-product","3":"status-publish","4":"has-post-thumbnail","6":"product_cat-uncategorized","8":"first","9":"instock","10":"shipping-taxable","11":"purchasable","12":"product-type-variable"},"jetpack_sharing_enabled":true,"_links":{"self":[{"href":"https:\/\/afrycom.com\/fr\/wp-json\/wp\/v2\/product\/29704","targetHints":{"allow":["GET"]}}],"collection":[{"href":"https:\/\/afrycom.com\/fr\/wp-json\/wp\/v2\/product"}],"about":[{"href":"https:\/\/afrycom.com\/fr\/wp-json\/wp\/v2\/types\/product"}],"replies":[{"embeddable":true,"href":"https:\/\/afrycom.com\/fr\/wp-json\/wp\/v2\/comments?post=29704"}],"wp:featuredmedia":[{"embeddable":true,"href":"https:\/\/afrycom.com\/fr\/wp-json\/wp\/v2\/media\/29706"}],"wp:attachment":[{"href":"https:\/\/afrycom.com\/fr\/wp-json\/wp\/v2\/media?parent=29704"}],"wp:term":[{"taxonomy":"product_brand","embeddable":true,"href":"https:\/\/afrycom.com\/fr\/wp-json\/wp\/v2\/product_brand?post=29704"},{"taxonomy":"product_cat","embeddable":true,"href":"https:\/\/afrycom.com\/fr\/wp-json\/wp\/v2\/product_cat?post=29704"},{"taxonomy":"product_tag","embeddable":true,"href":"https:\/\/afrycom.com\/fr\/wp-json\/wp\/v2\/product_tag?post=29704"}],"curies":[{"name":"wp","href":"https:\/\/api.w.org\/{rel}","templated":true}]}}