{"id":29683,"date":"2026-04-16T15:23:52","date_gmt":"2026-04-16T15:23:52","guid":{"rendered":"https:\/\/afrycom.com\/product\/13pcs-soft-fluffy-makeup-brushes-set-for-cosmetics-foundation-blush-powder-eyeshadow-kabuki-blending-makeup-brush-beauty-tool\/"},"modified":"2026-04-16T15:24:11","modified_gmt":"2026-04-16T15:24:11","slug":"13pcs-soft-fluffy-makeup-brushes-set-for-cosmetics-foundation-blush-powder-eyeshadow-kabuki-blending-makeup-brush-beauty-tool","status":"publish","type":"product","link":"https:\/\/afrycom.com\/fr\/produit\/13pcs-soft-fluffy-makeup-brushes-set-for-cosmetics-foundation-blush-powder-eyeshadow-kabuki-blending-makeup-brush-beauty-tool\/","title":{"rendered":"13Pcs Soft Fluffy Makeup Brushes Set for cosmetics Foundation Blush Powder Eyeshadow Kabuki Blending Makeup brush beauty tool"},"content":{"rendered":"<div class=\"product-specs-list-container\">\n<ul class=\"product-specs-list util-clearfix\">\n<li class=\"product-prop line-limit-length\"><span\n                                        class=\"property-title\">Produit chimique tr\u00e8s pr\u00e9occupant :&nbsp;<\/span><span\n                                        class=\"property-desc line-limit-length\">Aucun<\/span>\n                            <\/li>\n<li class=\"product-prop line-limit-length\"><span\n                                        class=\"property-title\">Nombre de pi\u00e8ces :&nbsp;<\/span><span\n                                        class=\"property-desc line-limit-length\">Combo<\/span>\n                            <\/li>\n<li class=\"product-prop line-limit-length\"><span\n                                        class=\"property-title\">Quantit\u00e9 :&nbsp;<\/span><span\n                                        class=\"property-desc line-limit-length\">13 PCS<\/span>\n                            <\/li>\n<li class=\"product-prop line-limit-length\"><span\n                                        class=\"property-title\">Taille :&nbsp;<\/span><span\n                                        class=\"property-desc line-limit-length\">Set de pinceaux de maquillage doux et moelleux<\/span>\n                            <\/li>\n<li class=\"product-prop line-limit-length\"><span\n                                        class=\"property-title\">Num\u00e9ro de mod\u00e8le :&nbsp;<\/span><span\n                                        class=\"property-desc line-limit-length\">Set\/kits de pinceaux de maquillage<\/span>\n                            <\/li>\n<li class=\"product-prop line-limit-length\"><span\n                                        class=\"property-title\">Utilis\u00e9 avec :&nbsp;<\/span><span\n                                        class=\"property-desc line-limit-length\">Blusher, Cache-cernes, Ombre \u00e0 paupi\u00e8res, Eyeliner, Fond de teint, L\u00e8vres, Poudre, Sets &amp; Kits, Cils, Pinceau Bronzant, Pinceau Sculpteur, Pinceau Eclaircissant, Pinceau Sourcils<\/span>\n                            <\/li>\n<li class=\"product-prop line-limit-length\"><span\n                                        class=\"property-title\">Mat\u00e9riau de la brosse :&nbsp;<\/span><span\n                                        class=\"property-desc line-limit-length\">Nylon, fibre de laine<\/span>\n                            <\/li>\n<li class=\"product-prop line-limit-length\"><span\n                                        class=\"property-title\">Mat\u00e9riau du manche :&nbsp;<\/span><span\n                                        class=\"property-desc line-limit-length\">Nylon<\/span>\n                            <\/li>\n<li class=\"product-prop line-limit-length\"><span\n                                        class=\"property-title\">Origine :&nbsp;<\/span><span\n                                        class=\"property-desc line-limit-length\">Chine continentale<\/span>\n                            <\/li>\n<li class=\"product-prop line-limit-length\"><span\n                                        class=\"property-title\">Type d'article :&nbsp;<\/span><span\n                                        class=\"property-desc line-limit-length\">PINCEAU DE MAQUILLAGE<\/span>\n                            <\/li>\n<\/ul><\/div>\n<div class=\"detailmodule_html\">\n<div class=\"detail-desc-decorate-richtext\">\n<div>\n<div>\n<div>\n<div>\n<div><span style=\"background-color:rgb(255, 255, 255);color:rgb(255, 0, 0);font-size:14px;font-family:OpenSans\"><span style=\"background-color:rgb(255, 255, 255);color:rgb(255, 0, 0);font-size:22px;font-family:Arial\">Le pinceau de maquillage est notre nouveau produit. Si vous avez des suggestions, n'h\u00e9sitez pas \u00e0 nous en faire part. Nous ferons de notre mieux pour vous fournir des produits de haute qualit\u00e9 et \u00e0 bas prix. <\/span><\/span><\/div>\n<div>\n<div>\n<div>\n<div style=\"text-align:left\" align=\"left\">\n<div><span style=\"background-color:rgb(255, 255, 255);color:rgb(255, 0, 0);font-size:14px;font-family:OpenSans\"><span style=\"background-color:rgb(255, 255, 255);color:rgb(255, 0, 0);font-size:22px;font-family:Arial\">Description : <\/span><\/span><\/div>\n<div><span style=\"background-color:rgb(255, 255, 255);color:rgb(255, 0, 0);font-size:14px;font-family:OpenSans\"><span style=\"background-color:rgb(255, 255, 255);color:rgb(255, 0, 0);font-size:22px;font-family:Arial\">Jeu de 13 pinceaux, comprenant un pinceau pour le fond de teint, un pinceau pour le maquillage, un pinceau pour les ombres, un pinceau pour le blush, un pinceau pour les ombres \u00e0 paupi\u00e8res, un pinceau pour les l\u00e8vres, etc. <\/span><\/span><\/div>\n<div><span style=\"background-color:rgb(255, 255, 255);color:rgb(255, 0, 0);font-size:14px;font-family:OpenSans\"><span style=\"background-color:rgb(255, 255, 255);color:rgb(255, 0, 0);font-size:22px;font-family:Arial\">Les fibres artificielles douces et fines r\u00e9duisent les dommages caus\u00e9s \u00e0 la peau. <\/span><\/span><\/div>\n<div>\u00a0<\/div>\n<div><span style=\"background-color:rgb(255, 255, 255);color:rgb(255, 0, 0);font-size:14px;font-family:OpenSans\"><span style=\"background-color:rgb(255, 255, 255);color:rgb(255, 0, 0);font-size:22px;font-family:Arial\">Manche en plastique et tube en aluminium, brosse cosm\u00e9tique durable. <\/span><\/span><\/div>\n<div>\u00a0<\/div>\n<div><span style=\"background-color:rgb(255, 255, 255);color:rgb(255, 0, 0);font-size:14px;font-family:OpenSans\"><span style=\"background-color:rgb(255, 255, 255);color:rgb(255, 0, 0);font-size:22px;font-family:Arial\">Facile \u00e0 nettoyer, ne perd pas facilement ses poils. <\/span><\/span><\/div>\n<div>\u00a0<\/div>\n<div><span style=\"background-color:rgb(255, 255, 255);color:rgb(255, 0, 0);font-size:14px;font-family:OpenSans\"><span style=\"background-color:rgb(255, 255, 255);color:rgb(255, 0, 0);font-size:22px;font-family:Arial\">Sp\u00e9cifications : <\/span><\/span><\/div>\n<div>\u00a0<\/div>\n<div><span style=\"background-color:rgb(255, 255, 255);color:rgb(255, 0, 0);font-size:14px;font-family:OpenSans\"><span style=\"background-color:rgb(255, 255, 255);color:rgb(255, 0, 0);font-size:22px;font-family:Arial\">Longueur des cheveux : environ 4,5 cm <\/span><\/span><\/div>\n<div><span style=\"background-color:rgb(255, 255, 255);color:rgb(255, 0, 0);font-size:14px;font-family:OpenSans\"><span style=\"background-color:rgb(255, 255, 255);color:rgb(255, 0, 0);font-size:22px;font-family:Arial\">Longueur totale : environ 17 cm <\/span><\/span><\/div>\n<div><span style=\"background-color:rgb(255, 255, 255);color:rgb(255, 0, 0);font-size:14px;font-family:OpenSans\"><span style=\"background-color:rgb(255, 255, 255);color:rgb(255, 0, 0);font-size:22px;font-family:Arial\">Nom : pinceau cosm\u00e9tique <\/span><\/span><\/div>\n<div><span style=\"background-color:rgb(255, 255, 255);color:rgb(255, 0, 0);font-size:14px;font-family:OpenSans\"><span style=\"background-color:rgb(255, 255, 255);color:rgb(255, 0, 0);font-size:22px;font-family:Arial\">Couleur:Couleur de l'image <\/span><\/span><\/div>\n<div>\u00a0<\/div>\n<div>\u00a0<\/div>\n<div>\u00a0<\/div>\n<div><span style=\"background-color:rgb(255, 255, 255);color:rgb(255, 0, 0);font-size:14px;font-family:OpenSans\"><span style=\"background-color:rgb(255, 255, 255);color:rgb(255, 0, 0);font-size:22px;font-family:Arial\">Quantit\u00e9 : 13 pi\u00e8ces <\/span><\/span><\/div>\n<div>\u00a0<\/div>\n<div><span style=\"background-color:rgb(255, 255, 255);color:rgb(255, 0, 0);font-size:14px;font-family:OpenSans\"><span style=\"background-color:rgb(255, 255, 255);color:rgb(255, 0, 0);font-size:22px;font-family:Arial\">Mat\u00e9riau : fibre artificielle <\/span><\/span><\/div>\n<div>\u00a0<\/div>\n<div><span style=\"background-color:rgb(255, 255, 255);color:rgb(255, 0, 0);font-size:14px;font-family:OpenSans\"><span style=\"background-color:rgb(255, 255, 255);color:rgb(255, 0, 0);font-size:22px;font-family:Arial\">Type : pinceau \u00e0 poudre, pinceau \u00e0 fond de teint, pinceau \u00e0 ombre, pinceau \u00e0 blush, pinceau \u00e0 surligneur, pinceau \u00e0 correcteur de d\u00e9tail, pinceau \u00e0 ombre \u00e0 nez, pinceau \u00e0 ombre \u00e0 paupi\u00e8res, pinceau \u00e0 sourcils, pinceau \u00e0 l\u00e8vres. <\/span><\/span><\/div>\n<div>\u00a0<\/div>\n<div><span style=\"background-color:rgb(255, 255, 255);color:rgb(255, 0, 0);font-size:14px;font-family:OpenSans\"><span style=\"background-color:rgb(255, 255, 255);color:rgb(255, 0, 0);font-size:22px;font-family:Arial\">Adapt\u00e9 :tous <\/span><\/span><\/div>\n<div>\u00a0<\/div>\n<div>\u00a0<\/div>\n<\/div>\n<div style=\"text-align:left\" align=\"left\"><\/div>\n<div>\u00a0<\/div>\n<p style=\"text-align:center\" align=\"center\"><img decoding=\"async\" src=\"https:\/\/ae01.alicdn.com\/kf\/S285b8c37a76240efa3d64317bb7b97f9N.jpg?width=1000&amp;height=1000&amp;hash=2000\" slate-data-type=\"image\"\/><img decoding=\"async\" style=\"width:800px\" width=\"800px\" src=\"https:\/\/ae01.alicdn.com\/kf\/Sf9d425c3f10c4e7f926990721fa76e72E.jpg?width=750&amp;height=1000&amp;hash=1750\" slate-data-type=\"image\"\/><\/p>\n<p style=\"text-align:center\" align=\"center\"><img decoding=\"async\" style=\"width:800px\" width=\"800px\" src=\"https:\/\/ae01.alicdn.com\/kf\/Sf6a9fd8a41634e69ad22c10ce2c91fedV.jpg?width=750&amp;height=1000&amp;hash=1750\" slate-data-type=\"image\"\/><\/p>\n<div>\u00a0<\/div>\n<p style=\"text-align:center\" align=\"center\"><img decoding=\"async\" style=\"width:800px\" width=\"800px\" src=\"https:\/\/ae01.alicdn.com\/kf\/S28c9fef7e7c64734becd95208fe0dffa6.jpg?width=1280&amp;height=1920&amp;hash=3200\" slate-data-type=\"image\"\/><\/p>\n<p style=\"text-align:center\" align=\"center\"><img decoding=\"async\" style=\"width:800px\" width=\"800px\" src=\"https:\/\/ae01.alicdn.com\/kf\/S73d34e3976474fbc9c99ee0f640971eeD.jpg?width=800&amp;height=1064&amp;hash=1864\" slate-data-type=\"image\"\/><\/p>\n<p style=\"text-align:center\" align=\"center\"><img decoding=\"async\" style=\"margin-left:auto;margin-right:auto;display:block;width:800px\" width=\"800px\" src=\"https:\/\/ae01.alicdn.com\/kf\/S803da669230042f6b2aabeab8be643d9P.jpg?width=750&amp;height=1000&amp;hash=1750\" slate-data-type=\"image\"\/><\/p>\n<p style=\"text-align:center\" align=\"center\"><img decoding=\"async\" style=\"width:750px\" width=\"750px\" src=\"https:\/\/ae01.alicdn.com\/kf\/S5216379e3e9941a1990cb2c3f9a8fda0W.jpg?width=750&amp;height=1000&amp;hash=1750\" slate-data-type=\"image\"\/><\/p>\n<p style=\"text-align:center\" align=\"center\"><img decoding=\"async\" style=\"width:750px\" width=\"750px\" src=\"https:\/\/ae01.alicdn.com\/kf\/Sc52211ee78bf45679389c622bd0f1fc2C.jpg?width=750&amp;height=1000&amp;hash=1750\" slate-data-type=\"image\"\/><\/p>\n<p style=\"text-align:center\" align=\"center\"><img decoding=\"async\" style=\"width:750px\" width=\"750px\" src=\"https:\/\/ae01.alicdn.com\/kf\/Sf208d3cd1cfc472c872131b0805055aeb.jpg?width=750&amp;height=1000&amp;hash=1750\" slate-data-type=\"image\"\/><\/p>\n<div><\/div>\n<div>\u00a0<\/div>\n<\/div>\n<div>\u00a0<\/div>\n<\/div>\n<div>\u00a0<\/div>\n<\/div>\n<div>\u00a0<\/div>\n<\/div>\n<\/div>\n<\/div>\n<\/div>\n<\/div>\n<\/div>\n<p><\/p>","protected":false},"excerpt":{"rendered":"<p>High-concerned chemical:&nbsp;None Number of Pieces:&nbsp;Combo Quantity:&nbsp;13 PCS Size:&nbsp;Soft Fluffy Makeup Brushes Set Model Number:&nbsp;Makeup brush set\/ kits Used With:&nbsp;Blusher,Concealer,Eye Shadow,Eyeliner,Foundation,Lip,Powder,Sets<\/p>","protected":false},"featured_media":29685,"comment_status":"open","ping_status":"closed","template":"","meta":[],"product_brand":[],"product_cat":[15],"product_tag":[],"class_list":{"0":"post-29683","1":"product","2":"type-product","3":"status-publish","4":"has-post-thumbnail","6":"product_cat-uncategorized","8":"first","9":"instock","10":"shipping-taxable","11":"purchasable","12":"product-type-variable"},"jetpack_sharing_enabled":true,"_links":{"self":[{"href":"https:\/\/afrycom.com\/fr\/wp-json\/wp\/v2\/product\/29683","targetHints":{"allow":["GET"]}}],"collection":[{"href":"https:\/\/afrycom.com\/fr\/wp-json\/wp\/v2\/product"}],"about":[{"href":"https:\/\/afrycom.com\/fr\/wp-json\/wp\/v2\/types\/product"}],"replies":[{"embeddable":true,"href":"https:\/\/afrycom.com\/fr\/wp-json\/wp\/v2\/comments?post=29683"}],"wp:featuredmedia":[{"embeddable":true,"href":"https:\/\/afrycom.com\/fr\/wp-json\/wp\/v2\/media\/29685"}],"wp:attachment":[{"href":"https:\/\/afrycom.com\/fr\/wp-json\/wp\/v2\/media?parent=29683"}],"wp:term":[{"taxonomy":"product_brand","embeddable":true,"href":"https:\/\/afrycom.com\/fr\/wp-json\/wp\/v2\/product_brand?post=29683"},{"taxonomy":"product_cat","embeddable":true,"href":"https:\/\/afrycom.com\/fr\/wp-json\/wp\/v2\/product_cat?post=29683"},{"taxonomy":"product_tag","embeddable":true,"href":"https:\/\/afrycom.com\/fr\/wp-json\/wp\/v2\/product_tag?post=29683"}],"curies":[{"name":"wp","href":"https:\/\/api.w.org\/{rel}","templated":true}]}}