{"id":29607,"date":"2026-04-16T15:22:45","date_gmt":"2026-04-16T15:22:45","guid":{"rendered":"https:\/\/afrycom.com\/product\/dissolvant-de-calcul-dentaire-dentifrice-elimination-de-la-mauvaise-haleine-eclaircissant-blanchiment-des-dents-prevention-de-la-parodontite-soins-de-nettoyage-dentaire\/"},"modified":"2026-04-16T15:22:53","modified_gmt":"2026-04-16T15:22:53","slug":"dissolvant-de-calcul-dentaire-dentifrice-elimination-de-la-mauvaise-haleine-eclaircissant-blanchiment-des-dents-prevention-de-la-parodontite-soins-de-nettoyage-dentaire","status":"publish","type":"product","link":"https:\/\/afrycom.com\/fr\/produit\/dissolvant-de-calcul-dentaire-dentifrice-elimination-de-la-mauvaise-haleine-eclaircissant-blanchiment-des-dents-prevention-de-la-parodontite-soins-de-nettoyage-dentaire\/","title":{"rendered":"Dissolvant de calcul dentaire, dentifrice, \u00e9limination de la mauvaise haleine, \u00e9claircissant, blanchiment des dents, pr\u00e9vention de la parodontite, soins de nettoyage dentaire"},"content":{"rendered":"<div class=\"product-specs-list-container\">\n<ul class=\"product-specs-list util-clearfix\">\n<li class=\"product-prop line-limit-length\"><span\n                                        class=\"property-title\">Chimique Hign-concern\u00e9 :&nbsp;<\/span><span\n                                        class=\"property-desc line-limit-length\">aucun<\/span>\n                            <\/li>\n<li class=\"product-prop line-limit-length\"><span\n                                        class=\"property-title\">Num\u00e9ro de Mod\u00e8le :&nbsp;<\/span><span\n                                        class=\"property-desc line-limit-length\">gum repair treatment<\/span>\n                            <\/li>\n<li class=\"product-prop line-limit-length\"><span\n                                        class=\"property-title\">Ingr\u00e9dient :&nbsp;<\/span><span\n                                        class=\"property-desc line-limit-length\">Toothpaste<\/span>\n                            <\/li>\n<li class=\"product-prop line-limit-length\"><span\n                                        class=\"property-title\">Quantit\u00e9 :&nbsp;<\/span><span\n                                        class=\"property-desc line-limit-length\">1pcs<\/span>\n                            <\/li>\n<li class=\"product-prop line-limit-length\"><span\n                                        class=\"property-title\">POIDS NET :&nbsp;<\/span><span\n                                        class=\"property-desc line-limit-length\">100g<\/span>\n                            <\/li>\n<li class=\"product-prop line-limit-length\"><span\n                                        class=\"property-title\">Nom de marque :&nbsp;<\/span><span\n                                        class=\"property-desc line-limit-length\">eelhoe<\/span>\n                            <\/li>\n<li class=\"product-prop line-limit-length\"><span\n                                        class=\"property-title\">Origine :&nbsp;<\/span><span\n                                        class=\"property-desc line-limit-length\">CN (Origine)<\/span>\n                            <\/li>\n<li class=\"product-prop line-limit-length\"><span\n                                        class=\"property-title\">Type d'article :&nbsp;<\/span><span\n                                        class=\"property-desc line-limit-length\">Dentifrice<\/span>\n                            <\/li>\n<li class=\"product-prop line-limit-length\"><span\n                                        class=\"property-title\">Nombre de pi\u00e8ces :&nbsp;<\/span><span\n                                        class=\"property-desc line-limit-length\">Une Unit\u00e9<\/span>\n                            <\/li>\n<li class=\"product-prop line-limit-length\"><span\n                                        class=\"property-title\">\u00c2ge :&nbsp;<\/span><span\n                                        class=\"property-desc line-limit-length\">Adultes<\/span>\n                            <\/li>\n<li class=\"product-prop line-limit-length\"><span\n                                        class=\"property-title\">Caract\u00e9ristique 1 :&nbsp;<\/span><span\n                                        class=\"property-desc line-limit-length\">V34 Purple Whitening Toothpaste<\/span>\n                            <\/li>\n<li class=\"product-prop line-limit-length\"><span\n                                        class=\"property-title\">Caract\u00e9ristique 2 :&nbsp;<\/span><span\n                                        class=\"property-desc line-limit-length\">Remove Stains Reduce Yellowing Care For Teeth Gums<\/span>\n                            <\/li>\n<li class=\"product-prop line-limit-length\"><span\n                                        class=\"property-title\">Caract\u00e9ristique 3 :&nbsp;<\/span><span\n                                        class=\"property-desc line-limit-length\">Fresh Breath Brightening Teeth<\/span>\n                            <\/li>\n<li class=\"product-prop line-limit-length\"><span\n                                        class=\"property-title\">Quality Inspection:&nbsp;<\/span><span\n                                        class=\"property-desc line-limit-length\">Qualified, Professional Teeth Whitening<\/span>\n                            <\/li>\n<li class=\"product-prop line-limit-length\"><span\n                                        class=\"property-title\">Suitable for:&nbsp;<\/span><span\n                                        class=\"property-desc line-limit-length\">All people, with yellow, stained Smoke Coffee Tea teeth<\/span>\n                            <\/li>\n<li class=\"product-prop line-limit-length\"><span\n                                        class=\"property-title\">Expiration Date:&nbsp;<\/span><span\n                                        class=\"property-desc line-limit-length\">3 years, dental tools, Beauty Health Care,Teeth Care<\/span>\n                            <\/li>\n<li class=\"product-prop line-limit-length\"><span\n                                        class=\"property-title\">Effet :&nbsp;<\/span><span\n                                        class=\"property-desc line-limit-length\">Removal Plaque Stains, Neutralizes Yellow Tones,Fresh Breath<\/span>\n                            <\/li>\n<li class=\"product-prop line-limit-length\"><span\n                                        class=\"property-title\">Caract\u00e9ristique 4 :&nbsp;<\/span><span\n                                        class=\"property-desc line-limit-length\">Dental Calculus Remover<\/span>\n                            <\/li>\n<li class=\"product-prop line-limit-length\"><span\n                                        class=\"property-title\">Caract\u00e9ristique 5 :&nbsp;<\/span><span\n                                        class=\"property-desc line-limit-length\">Bad Breath Removal<\/span>\n                            <\/li>\n<li class=\"product-prop line-limit-length\"><span\n                                        class=\"property-title\">Caract\u00e9ristique 6 :&nbsp;<\/span><span\n                                        class=\"property-desc line-limit-length\">Dental Cleansing<\/span>\n                            <\/li>\n<\/ul><\/div>\n<div class=\"detailmodule_html\">\n<div class=\"detail-desc-decorate-richtext\">\n<div>\n<div>\n<p style=\"text-align:center\" align=\"center\"><span style=\"font-size:20px;font-family:&quot;times new roman&quot;, times, serif\"><strong id=\"tl_1\">Dissolvant de calcul dentaire Dentifrice Enl&egrave;vement de la mauvaise haleine &Eacute;claircissant Blanchiment des dents Pr&eacute;venir la parodontite Soins de nettoyage dentaire<\/strong><\/span><\/p>\n<div>\n    &nbsp;\n  <\/div>\n<p><span style=\"font-size:14px\"><strong id=\"tl_2\">D&eacute;crivez:<\/strong><\/span><\/p>\n<p><span style=\"font-size:14px\"><strong id=\"tl_3\">Taches de dents propres<\/strong><\/span><\/p>\n<p><span style=\"font-size:14px\"><strong id=\"tl_4\">R&eacute;parer des gencives saines<\/strong><\/span><\/p>\n<p><span style=\"font-size:14px\"><strong id=\"tl_5\">Am&eacute;liore la fra&icirc;cheur orale<\/strong><\/span><\/p>\n<p><span style=\"font-size:14px\"><strong id=\"tl_6\">Capacit&eacute;: 100g<\/strong><\/span><\/p>\n<p><span style=\"font-size:14px\"><strong id=\"tl_7\">Mati&egrave;res premi&egrave;res: pr&eacute;paration liquide, glyc&eacute;rol sorbitol, sodium lauroyl sarcosine citrate, produit de fermentation de levure, xylitol, papa&iuml;ne, glycyrrhizinate de potassium, acide ascorbique (vitamine C) et acide folique vitamine H, oxadiazole, vitamine B3, vitamine d&#8217;acide pantoth&eacute;nique, B6, B1, peptide de phytate de sodium de levure, pyrophosphate de saccharine sodique de potassium, Extrait de mangue\/produits de soja ferment&eacute;s, hyaluronate de sodium, 1,2-hexanediol, butanediol, extrait de gentiane, extrait de benzoate de sodium, extrait de menthe poivr&eacute;e.<\/strong><\/span><\/p>\n<div>\n    &nbsp;\n  <\/div>\n<p><span style=\"font-size:14px\"><strong id=\"tl_8\">Caract\u00e9ristiques :<\/strong><\/span><\/p>\n<p><span style=\"font-size:14px\"><strong id=\"tl_9\">La formule fra&icirc;che et propre peut enlever en douceur la salet&eacute; cach&eacute;e entre les dents, am&eacute;liorant ainsi les probl&egrave;mes buccaux et aidant &agrave; prot&eacute;ger davantage les gencives; tout en rafra&icirc;chissant l&#8217;haleine, elle nettoie la bouche, prot&egrave;ge la sant&eacute; des gencives et garde votre bouche propre et agr&eacute;able pendant longtemps.<\/strong><\/span><\/p>\n<p><img loading=\"lazy\" decoding=\"async\" width=\"800\" height=\"800\" src=\"https:\/\/ae01.alicdn.com\/kf\/Sd4fca45d19804d9882c7c4f12324aa39s.jpg?width=800&amp;height=800&amp;hash=1600\" slate-data-type=\"image\" \/><img loading=\"lazy\" decoding=\"async\" width=\"800\" height=\"800\" src=\"https:\/\/ae01.alicdn.com\/kf\/S60c1cb70863b46bda7f71cdff7ef75daA.jpg?width=800&amp;height=800&amp;hash=1600\" slate-data-type=\"image\" \/><img loading=\"lazy\" decoding=\"async\" width=\"800\" height=\"800\" src=\"https:\/\/ae01.alicdn.com\/kf\/Se7742753a9b64fcb9042b1cedea2fa9aB.jpg?width=800&amp;height=800&amp;hash=1600\" slate-data-type=\"image\" \/><img loading=\"lazy\" decoding=\"async\" width=\"800\" height=\"800\" src=\"https:\/\/ae01.alicdn.com\/kf\/S00019105f00e42b4ab6d08e3ed19e83fH.jpg?width=800&amp;height=800&amp;hash=1600\" slate-data-type=\"image\" \/><img loading=\"lazy\" decoding=\"async\" width=\"800\" height=\"800\" src=\"https:\/\/ae01.alicdn.com\/kf\/S8ed80d4725004c90a5eb23775a1dddeaS.jpg?width=800&amp;height=800&amp;hash=1600\" slate-data-type=\"image\" \/><img loading=\"lazy\" decoding=\"async\" width=\"800\" height=\"800\" src=\"https:\/\/ae01.alicdn.com\/kf\/S10380adb95bf4cc1a433fd112ab55e9eo.jpg?width=800&amp;height=800&amp;hash=1600\" slate-data-type=\"image\" \/><img loading=\"lazy\" decoding=\"async\" width=\"800\" height=\"800\" src=\"https:\/\/ae01.alicdn.com\/kf\/Sf7230ea43f3a41a69740e5a01b31ae77J.jpg?width=800&amp;height=800&amp;hash=1600\" slate-data-type=\"image\" \/><img loading=\"lazy\" decoding=\"async\" width=\"800\" height=\"800\" src=\"https:\/\/ae01.alicdn.com\/kf\/S2bc2f8a29a634e4d86847441d9a7e487G.jpg?width=800&amp;height=800&amp;hash=1600\" slate-data-type=\"image\" \/><img loading=\"lazy\" decoding=\"async\" width=\"800\" height=\"800\" src=\"https:\/\/ae01.alicdn.com\/kf\/S724c74abe781450fa550240cae57a417q.jpg?width=800&amp;height=800&amp;hash=1600\" slate-data-type=\"image\" \/><img loading=\"lazy\" decoding=\"async\" width=\"800\" height=\"800\" src=\"https:\/\/ae01.alicdn.com\/kf\/Se4c3340eb7c445efb5028f51f63b50cdT.jpg?width=800&amp;height=800&amp;hash=1600\" slate-data-type=\"image\" \/><img loading=\"lazy\" decoding=\"async\" width=\"800\" height=\"800\" src=\"https:\/\/ae01.alicdn.com\/kf\/Sae92b18a1c2d4c47964cca9b6b3e45bbo.jpg?width=800&amp;height=800&amp;hash=1600\" slate-data-type=\"image\" \/><img loading=\"lazy\" decoding=\"async\" width=\"800\" height=\"800\" src=\"https:\/\/ae01.alicdn.com\/kf\/Sdef5da546bfb40c5af016c603cefa9de0.jpg?width=800&amp;height=800&amp;hash=1600\" slate-data-type=\"image\" \/><img loading=\"lazy\" decoding=\"async\" width=\"900\" height=\"1092\" src=\"https:\/\/ae01.alicdn.com\/kf\/Sc77e35be46eb43cda6899ea8add5491eS.jpg?width=960&amp;height=700&amp;hash=1660\" slate-data-type=\"image\" \/><\/p>\n<div>\n    &nbsp;\n  <\/div><\/div>\n<\/div>\n<div>\n <br \/> \n<\/div>\n<p><\/p>\n<\/div>\n<\/div>","protected":false},"excerpt":{"rendered":"<p>Chimique Hign-concern\u00e9:&nbsp;aucun Num\u00e9ro de Mod\u00e8le:&nbsp;gum repair treatment Ingr\u00e9dient:&nbsp;Toothpaste Quantit\u00e9:&nbsp;1pcs POIDS NET:&nbsp;100g Nom de marque:&nbsp;eelhoe Origine:&nbsp;CN (Origine) Type D&#039;article:&nbsp;Dentifrice Nombre de<\/p>","protected":false},"featured_media":29609,"comment_status":"open","ping_status":"closed","template":"","meta":[],"product_brand":[],"product_cat":[15],"product_tag":[],"class_list":{"0":"post-29607","1":"product","2":"type-product","3":"status-publish","4":"has-post-thumbnail","6":"product_cat-uncategorized","8":"first","9":"instock","10":"shipping-taxable","11":"purchasable","12":"product-type-variable"},"jetpack_sharing_enabled":true,"_links":{"self":[{"href":"https:\/\/afrycom.com\/fr\/wp-json\/wp\/v2\/product\/29607","targetHints":{"allow":["GET"]}}],"collection":[{"href":"https:\/\/afrycom.com\/fr\/wp-json\/wp\/v2\/product"}],"about":[{"href":"https:\/\/afrycom.com\/fr\/wp-json\/wp\/v2\/types\/product"}],"replies":[{"embeddable":true,"href":"https:\/\/afrycom.com\/fr\/wp-json\/wp\/v2\/comments?post=29607"}],"wp:featuredmedia":[{"embeddable":true,"href":"https:\/\/afrycom.com\/fr\/wp-json\/wp\/v2\/media\/29609"}],"wp:attachment":[{"href":"https:\/\/afrycom.com\/fr\/wp-json\/wp\/v2\/media?parent=29607"}],"wp:term":[{"taxonomy":"product_brand","embeddable":true,"href":"https:\/\/afrycom.com\/fr\/wp-json\/wp\/v2\/product_brand?post=29607"},{"taxonomy":"product_cat","embeddable":true,"href":"https:\/\/afrycom.com\/fr\/wp-json\/wp\/v2\/product_cat?post=29607"},{"taxonomy":"product_tag","embeddable":true,"href":"https:\/\/afrycom.com\/fr\/wp-json\/wp\/v2\/product_tag?post=29607"}],"curies":[{"name":"wp","href":"https:\/\/api.w.org\/{rel}","templated":true}]}}