{"id":29599,"date":"2026-04-16T15:22:42","date_gmt":"2026-04-16T15:22:42","guid":{"rendered":"https:\/\/afrycom.com\/product\/systeme-de-blanchiment-des-dents-a-led-kit-lumineux-gel-dentaire-soins-buccaux-pour-soins-dentaires-personnels-1-piece\/"},"modified":"2026-04-16T15:22:46","modified_gmt":"2026-04-16T15:22:46","slug":"systeme-de-blanchiment-des-dents-a-led-kit-lumineux-gel-dentaire-soins-buccaux-pour-soins-dentaires-personnels-1-piece","status":"publish","type":"product","link":"https:\/\/afrycom.com\/fr\/produit\/systeme-de-blanchiment-des-dents-a-led-kit-lumineux-gel-dentaire-soins-buccaux-pour-soins-dentaires-personnels-1-piece\/","title":{"rendered":"Syst\u00e8me de blanchiment des dents \u00e0 LED, Kit lumineux, Gel dentaire, soins buccaux pour soins dentaires personnels, 1 pi\u00e8ce"},"content":{"rendered":"<div class=\"product-specs-list-container\">\n<ul class=\"product-specs-list util-clearfix\">\n<li class=\"product-prop line-limit-length\"><span\n                                        class=\"property-title\">Nom de marque :&nbsp;<\/span><span\n                                        class=\"property-desc line-limit-length\">Xceldent<\/span>\n                            <\/li>\n<li class=\"product-prop line-limit-length\"><span\n                                        class=\"property-title\">Origine :&nbsp;<\/span><span\n                                        class=\"property-desc line-limit-length\">CN (Origine)<\/span>\n                            <\/li>\n<li class=\"product-prop line-limit-length\"><span\n                                        class=\"property-title\">Type d'article :&nbsp;<\/span><span\n                                        class=\"property-desc line-limit-length\">Blanchiment des dents<\/span>\n                            <\/li>\n<li class=\"product-prop line-limit-length\"><span\n                                        class=\"property-title\">Nombre de pi\u00e8ces :&nbsp;<\/span><span\n                                        class=\"property-desc line-limit-length\">Une Unit\u00e9<\/span>\n                            <\/li>\n<li class=\"product-prop line-limit-length\"><span\n                                        class=\"property-title\">Rated voltage:&nbsp;<\/span><span\n                                        class=\"property-desc line-limit-length\">6V<\/span>\n                            <\/li>\n<li class=\"product-prop line-limit-length\"><span\n                                        class=\"property-title\">Blue wavelength:&nbsp;<\/span><span\n                                        class=\"property-desc line-limit-length\">460 ~ 470nM<\/span>\n                            <\/li>\n<li class=\"product-prop line-limit-length\"><span\n                                        class=\"property-title\">Tension :&nbsp;<\/span><span\n                                        class=\"property-desc line-limit-length\">DC6V<\/span>\n                            <\/li>\n<\/ul><\/div>\n<div class=\"detailmodule_html\">\n<div class=\"detail-desc-decorate-richtext\">\n<div style=\"margin:10px auto 0 !important;display:inline-block !important;max-width:100% !important;\">\n <img decoding=\"async\" src=\"https:\/\/ae03.alicdn.com\/kf\/Sf96373bc4ec644b8993460523047fbc1h.jpg\" style=\"width:932px !important;\" \/> <\/p>\n<div style=\"margin-top:-86.91% !important;\">\n<div style=\"margin-left:0.0% !important;margin-top:0.0% !important;width:20.0% !important; \">\n   <a href=\"http:\/\/www.aliexpress.com\/item\/detail\/1005004941646764.html\" target=\"_blank\" rel=\"noopener\"><img decoding=\"async\" src=\"https:\/\/ae01.alicdn.com\/kf\/S37c674bf330b4c699947a7f8d3fff40bV.png?width=186&amp;height=270&amp;hash=456\" style=\"width:186px !important;height:270px !important;\" \/><\/a>\n  <\/div>\n<div style=\"margin-left:20.0% !important;margin-top:-28.97% !important;width:20.0% !important; \">\n   <a href=\"http:\/\/www.aliexpress.com\/item\/detail\/1005004938200560.html\" target=\"_blank\" rel=\"noopener\"><img decoding=\"async\" src=\"https:\/\/ae01.alicdn.com\/kf\/S37c674bf330b4c699947a7f8d3fff40bV.png?width=186&amp;height=270&amp;hash=456\" style=\"width:186px !important;height:270px !important;\" \/><\/a>\n  <\/div>\n<div style=\"margin-left:40.0% !important;margin-top:-28.97% !important;width:20.0% !important; \">\n   <a href=\"http:\/\/www.aliexpress.com\/item\/detail\/1005004839861088.html\" target=\"_blank\" rel=\"noopener\"><img decoding=\"async\" src=\"https:\/\/ae01.alicdn.com\/kf\/S37c674bf330b4c699947a7f8d3fff40bV.png?width=186&amp;height=270&amp;hash=456\" style=\"width:186px !important;height:270px !important;\" \/><\/a>\n  <\/div>\n<div style=\"margin-left:60.0% !important;margin-top:-28.97% !important;width:20.0% !important; \">\n   <a href=\"http:\/\/www.aliexpress.com\/item\/detail\/1005004819060312.html\" target=\"_blank\" rel=\"noopener\"><img decoding=\"async\" src=\"https:\/\/ae01.alicdn.com\/kf\/S37c674bf330b4c699947a7f8d3fff40bV.png?width=186&amp;height=270&amp;hash=456\" style=\"width:186px !important;height:270px !important;\" \/><\/a>\n  <\/div>\n<div style=\"margin-left:80.0% !important;margin-top:-28.97% !important;width:20.0% !important; \">\n   <a href=\"http:\/\/www.aliexpress.com\/item\/detail\/1005004787561487.html\" target=\"_blank\" rel=\"noopener\"><img decoding=\"async\" src=\"https:\/\/ae01.alicdn.com\/kf\/S37c674bf330b4c699947a7f8d3fff40bV.png?width=186&amp;height=270&amp;hash=456\" style=\"width:186px !important;height:270px !important;\" \/><\/a>\n  <\/div>\n<div style=\"margin-left:0.0% !important;margin-top:0.0% !important;width:20.0% !important; \">\n   <a href=\"http:\/\/www.aliexpress.com\/item\/detail\/1005004776139031.html\" target=\"_blank\" rel=\"noopener\"><img decoding=\"async\" src=\"https:\/\/ae01.alicdn.com\/kf\/S37c674bf330b4c699947a7f8d3fff40bV.png?width=186&amp;height=270&amp;hash=456\" style=\"width:186px !important;height:270px !important;\" \/><\/a>\n  <\/div>\n<div style=\"margin-left:20.0% !important;margin-top:-28.97% !important;width:20.0% !important; \">\n   <a href=\"http:\/\/www.aliexpress.com\/item\/detail\/1005004775947302.html\" target=\"_blank\" rel=\"noopener\"><img decoding=\"async\" src=\"https:\/\/ae01.alicdn.com\/kf\/S37c674bf330b4c699947a7f8d3fff40bV.png?width=186&amp;height=270&amp;hash=456\" style=\"width:186px !important;height:270px !important;\" \/><\/a>\n  <\/div>\n<div style=\"margin-left:40.0% !important;margin-top:-28.97% !important;width:20.0% !important; \">\n   <a href=\"http:\/\/www.aliexpress.com\/item\/detail\/4000381097120.html\" target=\"_blank\" rel=\"noopener\"><img decoding=\"async\" src=\"https:\/\/ae01.alicdn.com\/kf\/S37c674bf330b4c699947a7f8d3fff40bV.png?width=186&amp;height=270&amp;hash=456\" style=\"width:186px !important;height:270px !important;\" \/><\/a>\n  <\/div>\n<div style=\"margin-left:60.0% !important;margin-top:-28.97% !important;width:20.0% !important; \">\n   <a href=\"http:\/\/www.aliexpress.com\/item\/detail\/32956897511.html\" target=\"_blank\" rel=\"noopener\"><img decoding=\"async\" src=\"https:\/\/ae01.alicdn.com\/kf\/S37c674bf330b4c699947a7f8d3fff40bV.png?width=186&amp;height=270&amp;hash=456\" style=\"width:186px !important;height:270px !important;\" \/><\/a>\n  <\/div>\n<div style=\"margin-left:80.0% !important;margin-top:-28.97% !important;width:20.0% !important; \">\n   <a href=\"http:\/\/www.aliexpress.com\/item\/detail\/4001138228461.html\" target=\"_blank\" rel=\"noopener\"><img decoding=\"async\" src=\"https:\/\/ae01.alicdn.com\/kf\/S37c674bf330b4c699947a7f8d3fff40bV.png?width=186&amp;height=270&amp;hash=456\" style=\"width:186px !important;height:270px !important;\" \/><\/a>\n  <\/div>\n<div style=\"margin-left:0.0% !important;margin-top:0.0% !important;width:20.0% !important; \">\n   <a href=\"http:\/\/www.aliexpress.com\/item\/detail\/32905996999.html\" target=\"_blank\" rel=\"noopener\"><img decoding=\"async\" src=\"https:\/\/ae01.alicdn.com\/kf\/S37c674bf330b4c699947a7f8d3fff40bV.png?width=186&amp;height=270&amp;hash=456\" style=\"width:186px !important;height:270px !important;\" \/><\/a>\n  <\/div>\n<div style=\"margin-left:20.0% !important;margin-top:-28.97% !important;width:20.0% !important; \">\n   <a href=\"http:\/\/www.aliexpress.com\/item\/detail\/4000345152281.html\" target=\"_blank\" rel=\"noopener\"><img decoding=\"async\" src=\"https:\/\/ae01.alicdn.com\/kf\/S37c674bf330b4c699947a7f8d3fff40bV.png?width=186&amp;height=270&amp;hash=456\" style=\"width:186px !important;height:270px !important;\" \/><\/a>\n  <\/div>\n<div style=\"margin-left:40.0% !important;margin-top:-28.97% !important;width:20.0% !important; \">\n   <a href=\"http:\/\/www.aliexpress.com\/item\/detail\/4001195735145.html\" target=\"_blank\" rel=\"noopener\"><img decoding=\"async\" src=\"https:\/\/ae01.alicdn.com\/kf\/S37c674bf330b4c699947a7f8d3fff40bV.png?width=186&amp;height=270&amp;hash=456\" style=\"width:186px !important;height:270px !important;\" \/><\/a>\n  <\/div>\n<div style=\"margin-left:60.0% !important;margin-top:-28.97% !important;width:20.0% !important; \">\n   <a href=\"http:\/\/www.aliexpress.com\/item\/detail\/4000276843890.html\" target=\"_blank\" rel=\"noopener\"><img decoding=\"async\" src=\"https:\/\/ae01.alicdn.com\/kf\/S37c674bf330b4c699947a7f8d3fff40bV.png?width=186&amp;height=270&amp;hash=456\" style=\"width:186px !important;height:270px !important;\" \/><\/a>\n  <\/div>\n<div style=\"margin-left:80.0% !important;margin-top:-28.97% !important;width:20.0% !important; \">\n   <a href=\"http:\/\/www.aliexpress.com\/item\/detail\/1005004786424788.html\" target=\"_blank\" rel=\"noopener\"><img decoding=\"async\" src=\"https:\/\/ae01.alicdn.com\/kf\/S37c674bf330b4c699947a7f8d3fff40bV.png?width=186&amp;height=270&amp;hash=456\" style=\"width:186px !important;height:270px !important;\" \/><\/a>\n  <\/div><\/div>\n<\/div>\n<p id=\"tl_1\">Description : <br \/>Rapide et pratique <br \/>Simple &agrave; utiliser <br \/>Facile &agrave; entretenir <br \/>Pratique &agrave; transporter <br \/>Blanchit en seulement 10 minutes <br \/>Parfait pour une utilisation avant certains grands jours <br \/>2 piles bouton, travail durable pendant 48 heures <br \/>Le syst&egrave;me de lumi&egrave;re blanche offre des r&eacute;sultats en aussi peu que 10 minutes. <br \/>En utilisant la technologie chimique activ&eacute;e par la lumi&egrave;re, le cliniquement test&eacute; <br \/>Profitez d&#8217;un sourire plus &eacute;clatant et plus blanc avec le syst&egrave;me de blanchiment rapide des dents White Light. <br \/>Le gel blanchissant puissant et s&ucirc;r contient du peroxyde-le m&ecirc;me ingr&eacute;dient s&ucirc;r pour l&#8217;&eacute;mail utilis&eacute; par les dentistes. <br \/>La lumi&egrave;re blanche cible et &eacute;limine les taches tenaces, et fournit des r&eacute;sultats durables. Rapide et facile &agrave; utiliser, il peut &ecirc;tre utilis&eacute; facilement &agrave; la maison. <\/p>\n<p>Alimentation: 2 piles bouton (incluses) <br \/>Tension nominale: 6V <br \/>Longueur d&#8217;onde bleue: 460 ~ 470nM <br \/>Fonction: blanchissant <br \/>Tension: DC6V <br \/>Lumi&egrave;res LED: 1 &eacute;toile <br \/>Intensit&eacute; de la lumi&egrave;re bleue: 400-600 mcs <br \/>Longueur d&#8217;onde bleue: 460-465 nm <br \/>Couleur du produit: bleu <br \/>Couleur de lumi&egrave;re: bleu <\/p>\n<p>Sp\u00e9cifications : <br \/>Rapide et pratique <br \/>Simple &agrave; utiliser <br \/>Facile &agrave; entretenir <br \/>Pratique &agrave; transporter <br \/>Travail durable pendant 48 heures <br \/>Blanchiment des dents lumi&egrave;re <\/p>\n<p>Le paquet comprend : <br \/>1 x Lumi&egrave;re de blanchiment des dents (avec pile bouton)<\/p>\n<p><img decoding=\"async\" referrerpolicy=\"no-referrer\" slate-data-type=\"image\" src=\"https:\/\/ae01.alicdn.com\/kf\/H7803fd62993c4753b00ecbc8691d966eP.jpg\" \/><img decoding=\"async\" referrerpolicy=\"no-referrer\" slate-data-type=\"image\" src=\"https:\/\/ae01.alicdn.com\/kf\/H9d2c47cda9864c6595b95a19de8e3eb48.jpg\" \/><img decoding=\"async\" referrerpolicy=\"no-referrer\" slate-data-type=\"image\" src=\"https:\/\/ae01.alicdn.com\/kf\/H1a42b9a2cadf4b54876022079b0a2a83D.jpg\" \/><img decoding=\"async\" referrerpolicy=\"no-referrer\" slate-data-type=\"image\" src=\"https:\/\/ae01.alicdn.com\/kf\/Hf90406b64c1747a3a31c20bce21ea9e62.jpg\" \/><img decoding=\"async\" referrerpolicy=\"no-referrer\" slate-data-type=\"image\" src=\"https:\/\/ae01.alicdn.com\/kf\/S7891d71665134ac7910f301ce73dec68f.jpg\" \/><img decoding=\"async\" referrerpolicy=\"no-referrer\" slate-data-type=\"image\" src=\"https:\/\/ae01.alicdn.com\/kf\/Sa178a0b9e69d4456a3a77853fdb57bd4m.jpg\" \/><img decoding=\"async\" referrerpolicy=\"no-referrer\" slate-data-type=\"image\" src=\"https:\/\/ae01.alicdn.com\/kf\/S774b318ae4c0423a9c05dfe5aa2a3d7eV.jpg\" \/><img decoding=\"async\" referrerpolicy=\"no-referrer\" slate-data-type=\"image\" src=\"https:\/\/ae01.alicdn.com\/kf\/S6c1e0a4cc845469eb48b616cdbdf88e5E.jpg\" \/><\/p>\n<\/p><\/div>\n<\/div>","protected":false},"excerpt":{"rendered":"<p>Nom de marque:&nbsp;Xceldent Origine:&nbsp;CN (Origine) Type D&#039;article:&nbsp;Blanchiment des dents Nombre de pi\u00e8ces:&nbsp;Une Unit\u00e9 Rated voltage:&nbsp;6V Blue wavelength:&nbsp;460 ~ 470nM Voltage:&nbsp;DC6V<\/p>","protected":false},"featured_media":29601,"comment_status":"open","ping_status":"closed","template":"","meta":[],"product_brand":[],"product_cat":[15],"product_tag":[],"class_list":{"0":"post-29599","1":"product","2":"type-product","3":"status-publish","4":"has-post-thumbnail","6":"product_cat-uncategorized","8":"first","9":"instock","10":"shipping-taxable","11":"purchasable","12":"product-type-simple"},"jetpack_sharing_enabled":true,"_links":{"self":[{"href":"https:\/\/afrycom.com\/fr\/wp-json\/wp\/v2\/product\/29599","targetHints":{"allow":["GET"]}}],"collection":[{"href":"https:\/\/afrycom.com\/fr\/wp-json\/wp\/v2\/product"}],"about":[{"href":"https:\/\/afrycom.com\/fr\/wp-json\/wp\/v2\/types\/product"}],"replies":[{"embeddable":true,"href":"https:\/\/afrycom.com\/fr\/wp-json\/wp\/v2\/comments?post=29599"}],"wp:featuredmedia":[{"embeddable":true,"href":"https:\/\/afrycom.com\/fr\/wp-json\/wp\/v2\/media\/29601"}],"wp:attachment":[{"href":"https:\/\/afrycom.com\/fr\/wp-json\/wp\/v2\/media?parent=29599"}],"wp:term":[{"taxonomy":"product_brand","embeddable":true,"href":"https:\/\/afrycom.com\/fr\/wp-json\/wp\/v2\/product_brand?post=29599"},{"taxonomy":"product_cat","embeddable":true,"href":"https:\/\/afrycom.com\/fr\/wp-json\/wp\/v2\/product_cat?post=29599"},{"taxonomy":"product_tag","embeddable":true,"href":"https:\/\/afrycom.com\/fr\/wp-json\/wp\/v2\/product_tag?post=29599"}],"curies":[{"name":"wp","href":"https:\/\/api.w.org\/{rel}","templated":true}]}}