{"id":29570,"date":"2026-04-16T15:22:37","date_gmt":"2026-04-16T15:22:37","guid":{"rendered":"https:\/\/afrycom.com\/product\/ensemble-de-pommade-de-controle-des-vagues-100g-huile-pour-cheveux-ondules-360-avec-brosse-style-brillant-naturel-et-soyeux-creme-pour-vagues-de-sport-pour-hommes-noirs-africains\/"},"modified":"2026-04-16T15:22:46","modified_gmt":"2026-04-16T15:22:46","slug":"ensemble-de-pommade-de-controle-des-vagues-100g-huile-pour-cheveux-ondules-360-avec-brosse-style-brillant-naturel-et-soyeux-creme-pour-vagues-de-sport-pour-hommes-noirs-africains","status":"publish","type":"product","link":"https:\/\/afrycom.com\/fr\/produit\/ensemble-de-pommade-de-controle-des-vagues-100g-huile-pour-cheveux-ondules-360-avec-brosse-style-brillant-naturel-et-soyeux-creme-pour-vagues-de-sport-pour-hommes-noirs-africains\/","title":{"rendered":"Ensemble de pommade de contr\u00f4le des vagues, 100g, huile pour cheveux ondul\u00e9s 360 avec brosse, Style brillant naturel et soyeux, cr\u00e8me pour vagues de Sport pour hommes noirs africains"},"content":{"rendered":"<div class=\"product-specs-list-container\">\n<ul class=\"product-specs-list util-clearfix\">\n<li class=\"product-prop line-limit-length\"><span\n                                        class=\"property-title\">Chimique Hign-concern\u00e9 :&nbsp;<\/span><span\n                                        class=\"property-desc line-limit-length\">aucun<\/span>\n                            <\/li>\n<li class=\"product-prop line-limit-length\"><span\n                                        class=\"property-title\">Ingr\u00e9dient :&nbsp;<\/span><span\n                                        class=\"property-desc line-limit-length\">SIMMONDSIA CHINENSIS (JOJOBA) SEED OIL<\/span>\n                            <\/li>\n<li class=\"product-prop line-limit-length\"><span\n                                        class=\"property-title\">Num\u00e9ro de Mod\u00e8le :&nbsp;<\/span><span\n                                        class=\"property-desc line-limit-length\">Anti hair loss and hair growth products<\/span>\n                            <\/li>\n<li class=\"product-prop line-limit-length\"><span\n                                        class=\"property-title\">POIDS NET :&nbsp;<\/span><span\n                                        class=\"property-desc line-limit-length\">100g<\/span>\n                            <\/li>\n<li class=\"product-prop line-limit-length\"><span\n                                        class=\"property-title\">Nom de marque :&nbsp;<\/span><span\n                                        class=\"property-desc line-limit-length\">sevich<\/span>\n                            <\/li>\n<li class=\"product-prop line-limit-length\"><span\n                                        class=\"property-title\">Origine :&nbsp;<\/span><span\n                                        class=\"property-desc line-limit-length\">CN (Origine)<\/span>\n                            <\/li>\n<li class=\"product-prop line-limit-length\"><span\n                                        class=\"property-title\">Type d'article :&nbsp;<\/span><span\n                                        class=\"property-desc line-limit-length\">Pommades et cires<\/span>\n                            <\/li>\n<li class=\"product-prop line-limit-length\"><span\n                                        class=\"property-title\">Nombre de pi\u00e8ces :&nbsp;<\/span><span\n                                        class=\"property-desc line-limit-length\">COMBO<\/span>\n                            <\/li>\n<\/ul><\/div>\n<div class=\"detailmodule_html\">\n<div class=\"detail-desc-decorate-richtext\">\n<p><\/p>\n<h2>\n<div class=\"detailmodule_media\">\n<div class=\"video-container-5000194398341\">\n<div class=\"detail-video\" id=\"5000194398341\" data-previewurl=\"https:\/\/ae01.alicdn.com\/kf\/S989f4f04708a400cabe70250c4657524j.jpg\"><\/div>\n<\/div>\n<\/div>\n<p><span style=\"font-family:arial, helvetica, sans-serif\"><strong>Qu&#8217;est-ce que c&#8217;est?<br \/><\/strong><\/span><span style=\"font-family:arial, helvetica, sans-serif\">Il s&#8217;agit d&#8217;une pommade ondul\u00e9e qui peut vous aider \u00e0 cr\u00e9er un style de vagues parfait \u00e0 360\u00b0 et vous d\u00e9marquer dans la foule!Il n&#8217;est pas aussi gras et r\u00e9siste \u00e0 la fusion que les huiles capillaires traditionnelles, et il ne cr\u00e9e pas de r\u00e9sidus laides, ce qui en fait un excellent choix pour coiffer vos cheveux.<\/span><\/h2>\n<p><img decoding=\"async\" src=\"https:\/\/ae01.alicdn.com\/kf\/S383daaabd0a2437a99fff7440f4fba26o.jpg\" slate-data-type=\"image\"><\/p>\n<h2 style=\"text-align:left\" align=\"left\"><span style=\"font-family:arial, helvetica, sans-serif\"><br \/><\/span><strong><span style=\"font-family:arial, helvetica, sans-serif\">Caract\u00e9ristique<br \/><\/span><\/strong><span style=\"font-family:arial, helvetica, sans-serif\">Pommade ondul\u00e9e naturelle pour hommes \u00e0 tenue forte &#8211; faites en sorte que votre favori 360\u00b0 le motif des vagues devient r\u00e9alit\u00e9.<br \/>Tenue longue dur\u00e9e, tenue forte, ajoute de la brillance, formule \u00e0 base d&#8217;eau<br \/>Le principal soin capillaire de la biotine : la biotine agit comme un compl\u00e9ment nutritionnel naturel pour aider \u00e0 restaurer la chute des cheveux et favoriser la croissance des cheveux.<br \/>Mod\u00e9lisation hydratante et durcissante en un &#8211; Hydratant et ajoutant de la brillance ; Conditions des cheveux et du cuir chevelu ; Pr\u00e9vient la casse des cheveux.<br \/>Pour toutes les textures de cheveux : Les trois types de cheveux sont des cheveux grossiers, moyens et raides.<\/span><\/h2>\n<h2 style=\"text-align:left\" align=\"left\"><\/h2>\n<h2><span style=\"font-family:arial, helvetica, sans-serif\"><strong>Efficacit\u00e9 du produit<br \/><\/strong><\/span><span style=\"font-family:arial, helvetica, sans-serif\">Notre pommade ondul\u00e9e naturelle peut vous aider \u00e0 cr\u00e9er un style ondul\u00e9 parfait et \u00e0 vous d\u00e9marquer dans la foule.Il contient divers ingr\u00e9dients naturels qui nourrissent notre cuir chevelu tandis que le coiffage favorise une croissance saine des cheveux et pr\u00e9vient la chute et la s\u00e9cheresse des cheveux.<\/p>\n<p><\/span><span style=\"font-family:arial, helvetica, sans-serif\"><strong>Comment utiliser<br \/><\/strong><\/span><span style=\"font-family:arial, helvetica, sans-serif\">1.Mouillez les cheveux propres avec une serviette chaude pour les adoucir.<br \/>2.Frottez une quantit\u00e9 de pommade argent\u00e9e de la taille d&#8217;un dollar dans la main jusqu&#8217;\u00e0 ce qu&#8217;une couche soit uniforme.<br \/>3.Travaillez dans les cheveux dans le sens du motif de vagues souhait\u00e9.Brossez dans le style souhait\u00e9.<br \/>4. Obtenez ce motif de vagues parfait.<\/span><\/h2>\n<p><img decoding=\"async\" src=\"https:\/\/ae01.alicdn.com\/kf\/S6fbcd8260c454c158530e6dfee61b097v.jpg\" slate-data-type=\"image\"><img decoding=\"async\" src=\"https:\/\/ae01.alicdn.com\/kf\/Sf8f984a827774660bf4203c05d56c14ek.jpg\" slate-data-type=\"image\"><img decoding=\"async\" src=\"https:\/\/ae01.alicdn.com\/kf\/Sbf7d6d305f7d4a3eb6e659b624dc3973l.jpg\" slate-data-type=\"image\"><img decoding=\"async\" src=\"https:\/\/ae01.alicdn.com\/kf\/S27c4935f343f4f5899ee868f4587c63eM.jpg\" slate-data-type=\"image\"><img decoding=\"async\" src=\"https:\/\/ae01.alicdn.com\/kf\/S75942a16c6e14ce4ad6d33e8cf76379fs.jpg\" slate-data-type=\"image\"><img decoding=\"async\" src=\"https:\/\/ae01.alicdn.com\/kf\/S086ee552792647048bc15857323d9205e.jpg\" slate-data-type=\"image\"><img decoding=\"async\" src=\"https:\/\/ae01.alicdn.com\/kf\/S9fc5630b9c624c109c6281f9b9c084aet.jpg\" slate-data-type=\"image\"><img decoding=\"async\" src=\"https:\/\/ae01.alicdn.com\/kf\/S28c4e33cbd8d42f0a42430342be6fa244.jpg\" slate-data-type=\"image\"><img decoding=\"async\" src=\"https:\/\/ae01.alicdn.com\/kf\/S7cbb01cad0e342fb81e0c6f29411d5c4m.jpg\" slate-data-type=\"image\"><img decoding=\"async\" src=\"https:\/\/ae01.alicdn.com\/kf\/S987dba6c48c74ee0b4dc2fb369fedf4bx.jpg\" slate-data-type=\"image\"><img decoding=\"async\" src=\"https:\/\/ae01.alicdn.com\/kf\/S95b3f097a2e24331aa03ba91184d4075M.jpg\" slate-data-type=\"image\"><\/p>\n<p><\/p>\n<p><\/p>\n<p><\/p>\n<p><\/p>\n<p><\/p>\n<p><\/div>\n<\/div>","protected":false},"excerpt":{"rendered":"<p>Chimique Hign-concern\u00e9:&nbsp;aucun Ingr\u00e9dient:&nbsp;SIMMONDSIA CHINENSIS (JOJOBA) SEED OIL Num\u00e9ro de Mod\u00e8le:&nbsp;Anti hair loss and hair growth products POIDS NET:&nbsp;100g Nom de<\/p>","protected":false},"featured_media":29571,"comment_status":"open","ping_status":"closed","template":"","meta":[],"product_brand":[],"product_cat":[15],"product_tag":[],"class_list":{"0":"post-29570","1":"product","2":"type-product","3":"status-publish","4":"has-post-thumbnail","6":"product_cat-uncategorized","8":"first","9":"instock","10":"shipping-taxable","11":"purchasable","12":"product-type-variable"},"jetpack_sharing_enabled":true,"_links":{"self":[{"href":"https:\/\/afrycom.com\/fr\/wp-json\/wp\/v2\/product\/29570","targetHints":{"allow":["GET"]}}],"collection":[{"href":"https:\/\/afrycom.com\/fr\/wp-json\/wp\/v2\/product"}],"about":[{"href":"https:\/\/afrycom.com\/fr\/wp-json\/wp\/v2\/types\/product"}],"replies":[{"embeddable":true,"href":"https:\/\/afrycom.com\/fr\/wp-json\/wp\/v2\/comments?post=29570"}],"wp:featuredmedia":[{"embeddable":true,"href":"https:\/\/afrycom.com\/fr\/wp-json\/wp\/v2\/media\/29571"}],"wp:attachment":[{"href":"https:\/\/afrycom.com\/fr\/wp-json\/wp\/v2\/media?parent=29570"}],"wp:term":[{"taxonomy":"product_brand","embeddable":true,"href":"https:\/\/afrycom.com\/fr\/wp-json\/wp\/v2\/product_brand?post=29570"},{"taxonomy":"product_cat","embeddable":true,"href":"https:\/\/afrycom.com\/fr\/wp-json\/wp\/v2\/product_cat?post=29570"},{"taxonomy":"product_tag","embeddable":true,"href":"https:\/\/afrycom.com\/fr\/wp-json\/wp\/v2\/product_tag?post=29570"}],"curies":[{"name":"wp","href":"https:\/\/api.w.org\/{rel}","templated":true}]}}