{"id":29553,"date":"2026-04-16T15:22:31","date_gmt":"2026-04-16T15:22:31","guid":{"rendered":"https:\/\/afrycom.com\/product\/kit-de-pommade-de-controle-des-vagues-poupee-de-bain-gel-dhuile-de-coiffure-shampooing-longue-duree-pour-cheveux-boucles-avec-brosse-injcap-360-styles\/"},"modified":"2026-04-16T15:22:46","modified_gmt":"2026-04-16T15:22:46","slug":"kit-de-pommade-de-controle-des-vagues-poupee-de-bain-gel-dhuile-de-coiffure-shampooing-longue-duree-pour-cheveux-boucles-avec-brosse-injcap-360-styles","status":"publish","type":"product","link":"https:\/\/afrycom.com\/fr\/produit\/kit-de-pommade-de-controle-des-vagues-poupee-de-bain-gel-dhuile-de-coiffure-shampooing-longue-duree-pour-cheveux-boucles-avec-brosse-injcap-360-styles\/","title":{"rendered":"Kit de Pommade de Contr\u00f4le des Vagues, Poup\u00e9e de Bain, Gel d&#8217;Huile de Coiffure, Shampooing Longue Dur\u00e9e pour Cheveux Boucl\u00e9s avec Brosse, InjCap, 360 Styles"},"content":{"rendered":"<div class=\"product-specs-list-container\">\n<ul class=\"product-specs-list util-clearfix\">\n<li class=\"product-prop line-limit-length\"><span\n                                        class=\"property-title\">Chimique Hign-concern\u00e9 :&nbsp;<\/span><span\n                                        class=\"property-desc line-limit-length\">aucun<\/span>\n                            <\/li>\n<li class=\"product-prop line-limit-length\"><span\n                                        class=\"property-title\">POIDS NET :&nbsp;<\/span><span\n                                        class=\"property-desc line-limit-length\">200ML<\/span>\n                            <\/li>\n<li class=\"product-prop line-limit-length\"><span\n                                        class=\"property-title\">Nom de marque :&nbsp;<\/span><span\n                                        class=\"property-desc line-limit-length\">sevich<\/span>\n                            <\/li>\n<li class=\"product-prop line-limit-length\"><span\n                                        class=\"property-title\">Origine :&nbsp;<\/span><span\n                                        class=\"property-desc line-limit-length\">CN (Origine)<\/span>\n                            <\/li>\n<li class=\"product-prop line-limit-length\"><span\n                                        class=\"property-title\">Type d'article :&nbsp;<\/span><span\n                                        class=\"property-desc line-limit-length\">Pommades et cires<\/span>\n                            <\/li>\n<\/ul><\/div>\n<div class=\"detailmodule_html\">\n<div class=\"detail-desc-decorate-richtext\">\n<p id=\"tl_1\">Nom de la marque: SEVICH<\/p>\n<p id=\"tl_2\">NOM DU PRODUIT: Shampooing Wave<\/p>\n<p id=\"tl_3\">POIDS NET: 200 ml\/6.76fl.oz<\/p>\n<p><\/p>\n<p id=\"tl_4\">INGR&Eacute;DIENTS: Extrait de racine de Panax Ginseng, extrait de racine d&#8217;Anemarrhena Asphodeloides, extrait de racine de Zingiber Officinale (gingembre), extrait de racine d&#8217;Angelica Polymorpha Sinensis, extrait de feuille de Biota Orientalis, extrait de racine de PoIygonum Multiflorum. Biotine, extrait de Rosmarinus officinalis (romarin), huile de graines de Ricinus communis (ricin). CONDITIONS DE STOCKAGE: Conserver dans un endroit frais et sec &agrave; l&#8217;abri de la lumi&egrave;re directe du soleil.<\/p>\n<p id=\"tl_5\">PR&Eacute;CAUTIONS: Pour usage externe seulement. &Eacute;vitez le contact avec les yeux. En cas d&#8217;irritation, cesser l&#8217;utilisation<\/p>\n<p><\/p>\n<p id=\"tl_6\">EFFET: Le shampooing Sevich Wave 2 en 1 adopte une approche holistique des soins capillaires, combinant un nettoyage efficace et une alimentation en profondeur en une seule &eacute;tape. Sa formule douce nettoie en profondeur et conditionne les cheveux, en &eacute;liminant les polluants quotidiens et les r&eacute;sidus de produits coiffants. Il augmente la brillance des cheveux, d&eacute;finit et am&eacute;liore les vagues naturelles et renforce les fibres capillaires avec de la biotine, soutenant des cheveux forts et r&eacute;silients.<\/p>\n<p><img decoding=\"async\" src=\"https:\/\/ae01.alicdn.com\/kf\/S4ba5a2ffb74241d0b025bbd203818fcbw.jpg\" slate-data-type=\"image\" \/><img decoding=\"async\" src=\"https:\/\/ae01.alicdn.com\/kf\/Sbd2eb076670646d7a9ab73a38890b65et.jpg\" slate-data-type=\"image\" \/><img decoding=\"async\" src=\"https:\/\/ae01.alicdn.com\/kf\/S3ee9c652051a45f490b2a01dd7cd1c93f.jpg\" slate-data-type=\"image\" \/><img decoding=\"async\" src=\"https:\/\/ae01.alicdn.com\/kf\/S3008ccd4e9c844b3a9be8bf4be3ef2f9p.jpg\" slate-data-type=\"image\" \/><img decoding=\"async\" src=\"https:\/\/ae01.alicdn.com\/kf\/Sca4a58581df3435d9c5a9ee38c939032N.jpg\" slate-data-type=\"image\" \/><img decoding=\"async\" src=\"https:\/\/ae01.alicdn.com\/kf\/S953c5a72a3a4449c84d8ba6bdd7aad49R.jpg\" slate-data-type=\"image\" \/><img decoding=\"async\" src=\"https:\/\/ae01.alicdn.com\/kf\/S674908e5286340ddb71e3874e8041e11q.jpg\" slate-data-type=\"image\" \/><img decoding=\"async\" src=\"https:\/\/ae01.alicdn.com\/kf\/S8d29c035c6474eb1af3e500bda14d447f.jpg\" slate-data-type=\"image\" \/><img decoding=\"async\" src=\"https:\/\/ae01.alicdn.com\/kf\/S704cd173a4e34e41a1c4650e95c90784S.jpg\" slate-data-type=\"image\" \/><\/p>\n<\/div>\n<\/div>","protected":false},"excerpt":{"rendered":"<p>Chimique Hign-concern\u00e9:&nbsp;aucun POIDS NET:&nbsp;200ML Nom de marque:&nbsp;sevich Origine:&nbsp;CN (Origine) Type D&#039;article:&nbsp;Pommades et cires Nom de la marque: SEVICH NOM DU<\/p>","protected":false},"featured_media":29555,"comment_status":"open","ping_status":"closed","template":"","meta":[],"product_brand":[],"product_cat":[15],"product_tag":[],"class_list":{"0":"post-29553","1":"product","2":"type-product","3":"status-publish","4":"has-post-thumbnail","6":"product_cat-uncategorized","8":"first","9":"instock","10":"shipping-taxable","11":"purchasable","12":"product-type-variable"},"jetpack_sharing_enabled":true,"_links":{"self":[{"href":"https:\/\/afrycom.com\/fr\/wp-json\/wp\/v2\/product\/29553","targetHints":{"allow":["GET"]}}],"collection":[{"href":"https:\/\/afrycom.com\/fr\/wp-json\/wp\/v2\/product"}],"about":[{"href":"https:\/\/afrycom.com\/fr\/wp-json\/wp\/v2\/types\/product"}],"replies":[{"embeddable":true,"href":"https:\/\/afrycom.com\/fr\/wp-json\/wp\/v2\/comments?post=29553"}],"wp:featuredmedia":[{"embeddable":true,"href":"https:\/\/afrycom.com\/fr\/wp-json\/wp\/v2\/media\/29555"}],"wp:attachment":[{"href":"https:\/\/afrycom.com\/fr\/wp-json\/wp\/v2\/media?parent=29553"}],"wp:term":[{"taxonomy":"product_brand","embeddable":true,"href":"https:\/\/afrycom.com\/fr\/wp-json\/wp\/v2\/product_brand?post=29553"},{"taxonomy":"product_cat","embeddable":true,"href":"https:\/\/afrycom.com\/fr\/wp-json\/wp\/v2\/product_cat?post=29553"},{"taxonomy":"product_tag","embeddable":true,"href":"https:\/\/afrycom.com\/fr\/wp-json\/wp\/v2\/product_tag?post=29553"}],"curies":[{"name":"wp","href":"https:\/\/api.w.org\/{rel}","templated":true}]}}