{"id":29546,"date":"2026-04-16T15:22:25","date_gmt":"2026-04-16T15:22:25","guid":{"rendered":"https:\/\/afrycom.com\/product\/essence-de-blanchiment-des-dents-elimine-les-taches-de-plaque-dentaire-serum-haleine-fraiche-hygiene-buccale-contre-les-caries-dentaires-outils-de-blanchiment-des-dents\/"},"modified":"2026-04-16T15:22:32","modified_gmt":"2026-04-16T15:22:32","slug":"essence-de-blanchiment-des-dents-elimine-les-taches-de-plaque-dentaire-serum-haleine-fraiche-hygiene-buccale-contre-les-caries-dentaires-outils-de-blanchiment-des-dents","status":"publish","type":"product","link":"https:\/\/afrycom.com\/fr\/produit\/essence-de-blanchiment-des-dents-elimine-les-taches-de-plaque-dentaire-serum-haleine-fraiche-hygiene-buccale-contre-les-caries-dentaires-outils-de-blanchiment-des-dents\/","title":{"rendered":"Essence de blanchiment des dents, \u00e9limine les taches de Plaque dentaire, s\u00e9rum, haleine fra\u00eeche, hygi\u00e8ne buccale contre les caries dentaires, outils de blanchiment des dents"},"content":{"rendered":"<div class=\"product-specs-list-container\">\n<ul class=\"product-specs-list util-clearfix\">\n<li class=\"product-prop line-limit-length\"><span\n                                        class=\"property-title\">Num\u00e9ro de Mod\u00e8le :&nbsp;<\/span><span\n                                        class=\"property-desc line-limit-length\">FT0486<\/span>\n                            <\/li>\n<li class=\"product-prop line-limit-length\"><span\n                                        class=\"property-title\">Ingr\u00e9dient :&nbsp;<\/span><span\n                                        class=\"property-desc line-limit-length\">WATER<\/span>\n                            <\/li>\n<li class=\"product-prop line-limit-length\"><span\n                                        class=\"property-title\">Quantit\u00e9 :&nbsp;<\/span><span\n                                        class=\"property-desc line-limit-length\">1pc<\/span>\n                            <\/li>\n<li class=\"product-prop line-limit-length\"><span\n                                        class=\"property-title\">POIDS NET :&nbsp;<\/span><span\n                                        class=\"property-desc line-limit-length\">10ml<\/span>\n                            <\/li>\n<li class=\"product-prop line-limit-length\"><span\n                                        class=\"property-title\">Nom de marque :&nbsp;<\/span><span\n                                        class=\"property-desc line-limit-length\">eelhoe<\/span>\n                            <\/li>\n<li class=\"product-prop line-limit-length\"><span\n                                        class=\"property-title\">Origine :&nbsp;<\/span><span\n                                        class=\"property-desc line-limit-length\">CN (Origine)<\/span>\n                            <\/li>\n<li class=\"product-prop line-limit-length\"><span\n                                        class=\"property-title\">Type d'article :&nbsp;<\/span><span\n                                        class=\"property-desc line-limit-length\">Dentifrice<\/span>\n                            <\/li>\n<li class=\"product-prop line-limit-length\"><span\n                                        class=\"property-title\">Nombre de pi\u00e8ces :&nbsp;<\/span><span\n                                        class=\"property-desc line-limit-length\">Une Unit\u00e9<\/span>\n                            <\/li>\n<li class=\"product-prop line-limit-length\"><span\n                                        class=\"property-title\">\u00c2ge :&nbsp;<\/span><span\n                                        class=\"property-desc line-limit-length\">Adultes<\/span>\n                            <\/li>\n<li class=\"product-prop line-limit-length\"><span\n                                        class=\"property-title\">Nom du produit :&nbsp;<\/span><span\n                                        class=\"property-desc line-limit-length\">Teeth Whitening Serum,bright teeth<\/span>\n                            <\/li>\n<li class=\"product-prop line-limit-length\"><span\n                                        class=\"property-title\">Fonctionnalit\u00e9 :&nbsp;<\/span><span\n                                        class=\"property-desc line-limit-length\">liquid ,Teeth Whitening Essence<\/span>\n                            <\/li>\n<li class=\"product-prop line-limit-length\"><span\n                                        class=\"property-title\">Effet :&nbsp;<\/span><span\n                                        class=\"property-desc line-limit-length\">Removal of dental plaque, moderate tetracycline teeth, tea stains, yel<\/span>\n                            <\/li>\n<li class=\"product-prop line-limit-length\"><span\n                                        class=\"property-title\">Suitable For:&nbsp;<\/span><span\n                                        class=\"property-desc line-limit-length\">Any stained teeth Care,Against dental caries<\/span>\n                            <\/li>\n<li class=\"product-prop line-limit-length\"><span\n                                        class=\"property-title\">Fonction1 :&nbsp;<\/span><span\n                                        class=\"property-desc line-limit-length\">Whiten Teeth Whitener cleaning Oral tools<\/span>\n                            <\/li>\n<li class=\"product-prop line-limit-length\"><span\n                                        class=\"property-title\">Fonction2 :&nbsp;<\/span><span\n                                        class=\"property-desc line-limit-length\">bleach teeth,Oral Hygiene Care<\/span>\n                            <\/li>\n<li class=\"product-prop line-limit-length\"><span\n                                        class=\"property-title\">Fonction3 :&nbsp;<\/span><span\n                                        class=\"property-desc line-limit-length\">Fresh bad breath oral health care<\/span>\n                            <\/li>\n<li class=\"product-prop line-limit-length\"><span\n                                        class=\"property-title\">Fonction4 :&nbsp;<\/span><span\n                                        class=\"property-desc line-limit-length\">dentistry dental tools,white teeth<\/span>\n                            <\/li>\n<li class=\"product-prop line-limit-length\"><span\n                                        class=\"property-title\">Expiration Date:&nbsp;<\/span><span\n                                        class=\"property-desc line-limit-length\">36 months,bleaching teeth care<\/span>\n                            <\/li>\n<li class=\"product-prop line-limit-length\"><span\n                                        class=\"property-title\">Quality Inspection:&nbsp;<\/span><span\n                                        class=\"property-desc line-limit-length\">Qualitied,Freshen bad breath<\/span>\n                            <\/li>\n<\/ul><\/div>\n<div class=\"detailmodule_html\">\n<div class=\"detail-desc-decorate-richtext\">\n<p><span style=\"font-size:16px;\">Essence de blanchiment des dents, s\u00e9rum de blanchiment des dents, \u00e9limine les taches de Plaque, haleine fra\u00eeche, soins d&#8217;hygi\u00e8ne buccale contre la carie dentaire, outil dentaire<\/p>\n<p>\u25b6Nom du produit : s\u00e9rum de blanchiment des dents EELHOE<br \/>\u25b6Sp\u00e9cifications : 0,35 FL Oz<br \/>\u25b6Effet : \u00e9liminez les taches caus\u00e9es par le tabagisme et la consommation de th\u00e9 ou de caf\u00e9 de mani\u00e8re plus efficace, blanchissez soigneusement les dents jaunes et \u00e9liminez la plaque dentaire pour une exp\u00e9rience de nettoyage buccal compl\u00e8te.<br \/>Fabriqu\u00e9 avec des ingr\u00e9dients naturels<br \/>INGR\u00c9DIENTS S\u00dbRS<br \/>\u25b6ASARUM<br \/>\u25b6EAU<br \/>\u25b6MAGNOLIE<\/p>\n<p>UTILISER \u00c9TAPES<br \/>\u00c9tape 1 :<br \/>Nettoyez la bouche avec de l&#8217;eau ti\u00e8de.<br \/>\u00c9tape 2 :<br \/>Utilisez un coton-tige pour une quantit\u00e9 de trempette de<br \/>Le produit, essuyez la surface \u00e0 plusieurs reprises.<br \/>\u00c9tape 3 :<br \/>Rincer \u00e0 l&#8217;eau ti\u00e8de jusqu&#8217;\u00e0 ce que la plaque soit nettoy\u00e9e.<br \/>1. Lorsque vous retirez les taches, veuillez essuyer doucement afin de ne pas endommager les gencives et la muqueuse buccale.<br \/>2. Mouillez correctement le coton-tige lorsqu&#8217;il est tremp\u00e9, en vous assurant qu&#8217;il n&#8217;est pas trop humide.<br \/>3. Il faut environ 1 minute pour essuyer chaque dent.<br \/>4. Si les taches ne peuvent pas \u00eatre compl\u00e8tement \u00e9limin\u00e9es, veuillez les r\u00e9utiliser apr\u00e8s une semaine. 5. Les enfants de moins de 13 ans ne doivent pas l&#8217;utiliser. N&#8217;essayez pas d&#8217;avaler.<img decoding=\"async\" referrerpolicy=\"no-referrer\" src=\"https:\/\/ae01.alicdn.com\/kf\/S4996dc6b613b4ca8af5b5af5c5dd5a16W.jpg?width=1600&amp;height=1600&amp;hash=3200\"><img decoding=\"async\" referrerpolicy=\"no-referrer\" src=\"https:\/\/ae01.alicdn.com\/kf\/S6e6a82b2864e41b2bfd059bee9c1e11dZ.jpg?width=1600&amp;height=1600&amp;hash=3200\"><img decoding=\"async\" referrerpolicy=\"no-referrer\" src=\"https:\/\/ae01.alicdn.com\/kf\/Sb611d3c0431b462d877bedb866a9a236y.jpg?width=1600&amp;height=1600&amp;hash=3200\"><img decoding=\"async\" referrerpolicy=\"no-referrer\" src=\"https:\/\/ae01.alicdn.com\/kf\/S68d3d49703c14ceaabf8fd182b6292ac1.jpg?width=1600&amp;height=1600&amp;hash=3200\"><img decoding=\"async\" referrerpolicy=\"no-referrer\" src=\"https:\/\/ae01.alicdn.com\/kf\/S12c57ca8487142899a7f0e5e9af9e7f55.jpg?width=1600&amp;height=1600&amp;hash=3200\"><img decoding=\"async\" referrerpolicy=\"no-referrer\" src=\"https:\/\/ae01.alicdn.com\/kf\/S52c66508ff0f45d18497f09ce708a49bG.jpg?width=1600&amp;height=1600&amp;hash=3200\"><img decoding=\"async\" referrerpolicy=\"no-referrer\" src=\"https:\/\/ae01.alicdn.com\/kf\/Sc5adf061e58746d68bf5ec97e31912af8.jpg?width=1600&amp;height=1600&amp;hash=3200\"><img decoding=\"async\" referrerpolicy=\"no-referrer\" src=\"https:\/\/ae01.alicdn.com\/kf\/Sc4abc39a34664a468f7801417b59eb0fq.jpg?width=1600&amp;height=1600&amp;hash=3200\"><img decoding=\"async\" referrerpolicy=\"no-referrer\" src=\"https:\/\/ae01.alicdn.com\/kf\/Sf8061759bbca421f8a7386ba4b3ae211g.jpg?width=1600&amp;height=1600&amp;hash=3200\"><img decoding=\"async\" referrerpolicy=\"no-referrer\" src=\"https:\/\/ae01.alicdn.com\/kf\/Sd8fc7e52f996422caf62ed96f539088fP.jpg?width=1600&amp;height=1600&amp;hash=3200\"><img decoding=\"async\" referrerpolicy=\"no-referrer\" src=\"https:\/\/ae01.alicdn.com\/kf\/Sed5cf6f7e2f5446c803d4d7ce20aef92Z.jpg?width=1600&amp;height=1600&amp;hash=3200\"><img decoding=\"async\" referrerpolicy=\"no-referrer\" src=\"https:\/\/ae01.alicdn.com\/kf\/S77509b2406fb493b8ab852014e5c34a7T.jpg?width=1600&amp;height=1600&amp;hash=3200\"><img decoding=\"async\" referrerpolicy=\"no-referrer\" src=\"https:\/\/ae01.alicdn.com\/kf\/Sa7cac071473f4d05a66d2b4024164c59o.jpg?width=519&amp;height=471&amp;hash=990\"><\/span><\/p>\n<\/div>\n<\/div>","protected":false},"excerpt":{"rendered":"<p>Num\u00e9ro de Mod\u00e8le:&nbsp;FT0486 Ingr\u00e9dient:&nbsp;WATER Quantit\u00e9:&nbsp;1pc POIDS NET:&nbsp;10ml Nom de marque:&nbsp;eelhoe Origine:&nbsp;CN (Origine) Type D&#039;article:&nbsp;Dentifrice Nombre de pi\u00e8ces:&nbsp;Une Unit\u00e9 \u00c2ge:&nbsp;Adultes Product<\/p>","protected":false},"featured_media":29547,"comment_status":"open","ping_status":"closed","template":"","meta":[],"product_brand":[],"product_cat":[15],"product_tag":[],"class_list":{"0":"post-29546","1":"product","2":"type-product","3":"status-publish","4":"has-post-thumbnail","6":"product_cat-uncategorized","8":"first","9":"instock","10":"shipping-taxable","11":"purchasable","12":"product-type-variable"},"jetpack_sharing_enabled":true,"_links":{"self":[{"href":"https:\/\/afrycom.com\/fr\/wp-json\/wp\/v2\/product\/29546","targetHints":{"allow":["GET"]}}],"collection":[{"href":"https:\/\/afrycom.com\/fr\/wp-json\/wp\/v2\/product"}],"about":[{"href":"https:\/\/afrycom.com\/fr\/wp-json\/wp\/v2\/types\/product"}],"replies":[{"embeddable":true,"href":"https:\/\/afrycom.com\/fr\/wp-json\/wp\/v2\/comments?post=29546"}],"wp:featuredmedia":[{"embeddable":true,"href":"https:\/\/afrycom.com\/fr\/wp-json\/wp\/v2\/media\/29547"}],"wp:attachment":[{"href":"https:\/\/afrycom.com\/fr\/wp-json\/wp\/v2\/media?parent=29546"}],"wp:term":[{"taxonomy":"product_brand","embeddable":true,"href":"https:\/\/afrycom.com\/fr\/wp-json\/wp\/v2\/product_brand?post=29546"},{"taxonomy":"product_cat","embeddable":true,"href":"https:\/\/afrycom.com\/fr\/wp-json\/wp\/v2\/product_cat?post=29546"},{"taxonomy":"product_tag","embeddable":true,"href":"https:\/\/afrycom.com\/fr\/wp-json\/wp\/v2\/product_tag?post=29546"}],"curies":[{"name":"wp","href":"https:\/\/api.w.org\/{rel}","templated":true}]}}