{"id":28919,"date":"2025-12-31T00:21:11","date_gmt":"2025-12-31T00:21:11","guid":{"rendered":"https:\/\/afrycom.com\/product\/2025%e6%96%b0%e6%ac%be%e5%a5%b3%e5%a3%ab%e7%9c%9f%e7%9a%ae%e6%b5%81%e8%8b%8f%e6%89%8b%e6%8f%90%e6%96%9c%e6%8c%8e%e5%b0%8f%e6%96%b9%e5%8c%85%e5%a5%b3%e7%94%9f%e5%9b%9b%e5%ad%a3%e7%88%86%e6%ac%be\/"},"modified":"2026-01-06T13:32:22","modified_gmt":"2026-01-06T13:32:22","slug":"sac-carre-petit-en-cuir-veritable-pour-femme-modele-2025-avec-franges-porte-main-ou-en-bandouliere-tendance-et-polyvalent-ideal-toute-lannee","status":"publish","type":"product","link":"https:\/\/afrycom.com\/fr\/produit\/sac-carre-petit-en-cuir-veritable-pour-femme-modele-2025-avec-franges-porte-main-ou-en-bandouliere-tendance-et-polyvalent-ideal-toute-lannee\/","title":{"rendered":"Sac carr\u00e9 petit en cuir v\u00e9ritable pour femme, mod\u00e8le 2025, avec franges, port\u00e9 main ou en bandouli\u00e8re, tendance et polyvalent, id\u00e9al toute l'ann\u00e9e."},"content":{"rendered":"","protected":false},"excerpt":{"rendered":"","protected":false},"featured_media":28920,"comment_status":"open","ping_status":"closed","template":"","meta":[],"product_brand":[],"product_cat":[5000,83],"product_tag":[],"class_list":{"0":"post-28919","1":"product","2":"type-product","3":"status-publish","4":"has-post-thumbnail","6":"product_cat-bags-luggages","7":"product_cat-clothings-shoes","9":"first","10":"instock","11":"shipping-taxable","12":"purchasable","13":"product-type-variable"},"jetpack_sharing_enabled":true,"_links":{"self":[{"href":"https:\/\/afrycom.com\/fr\/wp-json\/wp\/v2\/product\/28919","targetHints":{"allow":["GET"]}}],"collection":[{"href":"https:\/\/afrycom.com\/fr\/wp-json\/wp\/v2\/product"}],"about":[{"href":"https:\/\/afrycom.com\/fr\/wp-json\/wp\/v2\/types\/product"}],"replies":[{"embeddable":true,"href":"https:\/\/afrycom.com\/fr\/wp-json\/wp\/v2\/comments?post=28919"}],"wp:featuredmedia":[{"embeddable":true,"href":"https:\/\/afrycom.com\/fr\/wp-json\/wp\/v2\/media\/28920"}],"wp:attachment":[{"href":"https:\/\/afrycom.com\/fr\/wp-json\/wp\/v2\/media?parent=28919"}],"wp:term":[{"taxonomy":"product_brand","embeddable":true,"href":"https:\/\/afrycom.com\/fr\/wp-json\/wp\/v2\/product_brand?post=28919"},{"taxonomy":"product_cat","embeddable":true,"href":"https:\/\/afrycom.com\/fr\/wp-json\/wp\/v2\/product_cat?post=28919"},{"taxonomy":"product_tag","embeddable":true,"href":"https:\/\/afrycom.com\/fr\/wp-json\/wp\/v2\/product_tag?post=28919"}],"curies":[{"name":"wp","href":"https:\/\/api.w.org\/{rel}","templated":true}]}}