{"id":28822,"date":"2025-12-31T00:19:43","date_gmt":"2025-12-31T00:19:43","guid":{"rendered":"https:\/\/afrycom.com\/product\/%e5%a4%9a%e5%8a%9f%e8%83%bd%e7%ab%8b%e4%bd%93%e5%bc%8f%e6%8f%92%e5%ba%a7%e9%9d%a2%e6%9d%bf%e5%a4%9a%e5%ad%94%e4%bd%8d%e5%8a%9e%e5%85%ac%e6%a1%8c%e9%9d%a2usb%e6%8f%92%e6%8e%92%e5%ad%a6%e7%94%9f\/"},"modified":"2026-01-03T03:46:38","modified_gmt":"2026-01-03T03:46:38","slug":"multiprise-verticale-multifonction-prise-murale-compacte-avec-plusieurs-emplacements-ports-usb-integres-ideale-pour-bureaux-etudiants-et-dortoirs-compatible-avec-lampes-de-bureau-et-aut","status":"publish","type":"product","link":"https:\/\/afrycom.com\/fr\/produit\/multiprise-verticale-multifonction-prise-murale-compacte-avec-plusieurs-emplacements-ports-usb-integres-ideale-pour-bureaux-etudiants-et-dortoirs-compatible-avec-lampes-de-bureau-et-aut\/","title":{"rendered":"Multiprise verticale multifonction \u2013 Prise murale compacte avec plusieurs emplacements, ports USB int\u00e9gr\u00e9s, id\u00e9ale pour bureaux, \u00e9tudiants et dortoirs ; compatible avec lampes de bureau et autres appareils."},"content":{"rendered":"","protected":false},"excerpt":{"rendered":"","protected":false},"featured_media":28823,"comment_status":"open","ping_status":"closed","template":"","meta":[],"product_brand":[],"product_cat":[85],"product_tag":[],"class_list":{"0":"post-28822","1":"product","2":"type-product","3":"status-publish","4":"has-post-thumbnail","6":"product_cat-accessories","8":"first","9":"instock","10":"shipping-taxable","11":"purchasable","12":"product-type-variable"},"jetpack_sharing_enabled":true,"_links":{"self":[{"href":"https:\/\/afrycom.com\/fr\/wp-json\/wp\/v2\/product\/28822","targetHints":{"allow":["GET"]}}],"collection":[{"href":"https:\/\/afrycom.com\/fr\/wp-json\/wp\/v2\/product"}],"about":[{"href":"https:\/\/afrycom.com\/fr\/wp-json\/wp\/v2\/types\/product"}],"replies":[{"embeddable":true,"href":"https:\/\/afrycom.com\/fr\/wp-json\/wp\/v2\/comments?post=28822"}],"wp:featuredmedia":[{"embeddable":true,"href":"https:\/\/afrycom.com\/fr\/wp-json\/wp\/v2\/media\/28823"}],"wp:attachment":[{"href":"https:\/\/afrycom.com\/fr\/wp-json\/wp\/v2\/media?parent=28822"}],"wp:term":[{"taxonomy":"product_brand","embeddable":true,"href":"https:\/\/afrycom.com\/fr\/wp-json\/wp\/v2\/product_brand?post=28822"},{"taxonomy":"product_cat","embeddable":true,"href":"https:\/\/afrycom.com\/fr\/wp-json\/wp\/v2\/product_cat?post=28822"},{"taxonomy":"product_tag","embeddable":true,"href":"https:\/\/afrycom.com\/fr\/wp-json\/wp\/v2\/product_tag?post=28822"}],"curies":[{"name":"wp","href":"https:\/\/api.w.org\/{rel}","templated":true}]}}