{"id":28621,"date":"2025-12-31T00:15:49","date_gmt":"2025-12-31T00:15:49","guid":{"rendered":"https:\/\/afrycom.com\/product\/%e8%82%af%e7%b4%a2%e4%ba%9a%e9%ba%a6%e5%85%8b%e9%a3%8e%e5%a4%b9%e9%a2%86%e5%bc%8f%e6%97%a0%e7%ba%bf%e8%80%b3%e9%ba%a6%e7%9b%b4%e6%92%ad%e4%b8%93%e7%94%a8%e8%af%9d%e7%ad%92%e9%9f%b3%e5%93%8d%e4%b8%80\/"},"modified":"2026-01-06T13:34:30","modified_gmt":"2026-01-06T13:34:30","slug":"kensuoya-micro-cravate-sans-fil-avec-clip-casque-decoute-integre-ideal-pour-le-streaming-en-direct-fonctionne-comme-un-microphone-tout-en-un-avec-haut-parleur-et-effet-de-modific","status":"publish","type":"product","link":"https:\/\/afrycom.com\/fr\/produit\/kensuoya-micro-cravate-sans-fil-avec-clip-casque-decoute-integre-ideal-pour-le-streaming-en-direct-fonctionne-comme-un-microphone-tout-en-un-avec-haut-parleur-et-effet-de-modific\/","title":{"rendered":"Kensuoya \u2013 micro-cravate sans fil avec clip, casque d\u2019\u00e9coute int\u00e9gr\u00e9, id\u00e9al pour le streaming en direct. Fonctionne comme un microphone tout-en-un avec haut-parleur et effet de modification de voix."},"content":{"rendered":"","protected":false},"excerpt":{"rendered":"","protected":false},"featured_media":28622,"comment_status":"open","ping_status":"closed","template":"","meta":[],"product_brand":[],"product_cat":[5772],"product_tag":[],"class_list":{"0":"post-28621","1":"product","2":"type-product","3":"status-publish","4":"has-post-thumbnail","6":"product_cat-microphones-photograhy-accessories","8":"first","9":"instock","10":"shipping-taxable","11":"purchasable","12":"product-type-variable"},"jetpack_sharing_enabled":true,"_links":{"self":[{"href":"https:\/\/afrycom.com\/fr\/wp-json\/wp\/v2\/product\/28621","targetHints":{"allow":["GET"]}}],"collection":[{"href":"https:\/\/afrycom.com\/fr\/wp-json\/wp\/v2\/product"}],"about":[{"href":"https:\/\/afrycom.com\/fr\/wp-json\/wp\/v2\/types\/product"}],"replies":[{"embeddable":true,"href":"https:\/\/afrycom.com\/fr\/wp-json\/wp\/v2\/comments?post=28621"}],"wp:featuredmedia":[{"embeddable":true,"href":"https:\/\/afrycom.com\/fr\/wp-json\/wp\/v2\/media\/28622"}],"wp:attachment":[{"href":"https:\/\/afrycom.com\/fr\/wp-json\/wp\/v2\/media?parent=28621"}],"wp:term":[{"taxonomy":"product_brand","embeddable":true,"href":"https:\/\/afrycom.com\/fr\/wp-json\/wp\/v2\/product_brand?post=28621"},{"taxonomy":"product_cat","embeddable":true,"href":"https:\/\/afrycom.com\/fr\/wp-json\/wp\/v2\/product_cat?post=28621"},{"taxonomy":"product_tag","embeddable":true,"href":"https:\/\/afrycom.com\/fr\/wp-json\/wp\/v2\/product_tag?post=28621"}],"curies":[{"name":"wp","href":"https:\/\/api.w.org\/{rel}","templated":true}]}}