{"id":2857,"date":"2025-03-08T05:51:07","date_gmt":"2025-03-08T05:51:07","guid":{"rendered":"https:\/\/afrycom.com\/product\/soutien-gorge-minimiseur-en-dentelle-pour-femmes-bonnet-complet-non-rembourre-a-armatures-broderie-florale-grande-taille-c-d-e-f-g-h\/"},"modified":"2025-03-08T05:51:24","modified_gmt":"2025-03-08T05:51:24","slug":"soutien-gorge-minimiseur-en-dentelle-pour-femmes-bonnet-complet-non-rembourre-a-armatures-broderie-florale-grande-taille-c-d-e-f-g-h","status":"publish","type":"product","link":"https:\/\/afrycom.com\/fr\/produit\/soutien-gorge-minimiseur-en-dentelle-pour-femmes-bonnet-complet-non-rembourre-a-armatures-broderie-florale-grande-taille-c-d-e-f-g-h\/","title":{"rendered":"Soutien-gorge minimiseur en dentelle pour femmes, bonnet complet, Non rembourr\u00e9, \u00e0 armatures, broderie florale, grande taille, C D E F G H"},"content":{"rendered":"<div class=\"product-specs-list-container\">\n<ul class=\"product-specs-list util-clearfix\">\n<li class=\"product-prop line-limit-length\"><span\n                                        class=\"property-title\">Chimique Hign-concern\u00e9 :&nbsp;<\/span><span\n                                        class=\"property-desc line-limit-length\">Aucun<\/span>\n                            <\/li>\n<li class=\"product-prop line-limit-length\"><span\n                                        class=\"property-title\">Artisanat du tissage :&nbsp;<\/span><span\n                                        class=\"property-desc line-limit-length\">Non-tiss\u00e9<\/span>\n                            <\/li>\n<li class=\"product-prop line-limit-length\"><span\n                                        class=\"property-title\">Moule \u00c9paisseur :&nbsp;<\/span><span\n                                        class=\"property-desc line-limit-length\">Ultra-ThinThick<\/span>\n                            <\/li>\n<li class=\"product-prop line-limit-length\"><span\n                                        class=\"property-title\">Sexuellement suggestif :&nbsp;<\/span><span\n                                        class=\"property-desc line-limit-length\">Pas de<\/span>\n                            <\/li>\n<li class=\"product-prop line-limit-length\"><span\n                                        class=\"property-title\">Image D'obsc\u00e8ne :&nbsp;<\/span><span\n                                        class=\"property-desc line-limit-length\">Pas de<\/span>\n                            <\/li>\n<li class=\"product-prop line-limit-length\"><span\n                                        class=\"property-title\">Num\u00e9ro de Mod\u00e8le :&nbsp;<\/span><span\n                                        class=\"property-desc line-limit-length\">J-M2006<\/span>\n                            <\/li>\n<li class=\"product-prop line-limit-length\"><span\n                                        class=\"property-title\">Type de Motif :&nbsp;<\/span><span\n                                        class=\"property-desc line-limit-length\">Floral<\/span>\n                            <\/li>\n<li class=\"product-prop line-limit-length\"><span\n                                        class=\"property-title\">D\u00e9coration :&nbsp;<\/span><span\n                                        class=\"property-desc line-limit-length\">Broderie<\/span>\n                            <\/li>\n<li class=\"product-prop line-limit-length\"><span\n                                        class=\"property-title\">Type de support :&nbsp;<\/span><span\n                                        class=\"property-desc line-limit-length\">Soutien-gorge<\/span>\n                            <\/li>\n<li class=\"product-prop line-limit-length\"><span\n                                        class=\"property-title\">Style :&nbsp;<\/span><span\n                                        class=\"property-desc line-limit-length\">SEXY<\/span>\n                            <\/li>\n<li class=\"product-prop line-limit-length\"><span\n                                        class=\"property-title\">Type de fermeture :&nbsp;<\/span><span\n                                        class=\"property-desc line-limit-length\">Fermeture arri\u00e8re<\/span>\n                            <\/li>\n<li class=\"product-prop line-limit-length\"><span\n                                        class=\"property-title\">Type de courroie :&nbsp;<\/span><span\n                                        class=\"property-desc line-limit-length\">Sangles ajust\u00e9es<\/span>\n                            <\/li>\n<li class=\"product-prop line-limit-length\"><span\n                                        class=\"property-title\">Forme de tasse :&nbsp;<\/span><span\n                                        class=\"property-desc line-limit-length\">embo\u00eetant<\/span>\n                            <\/li>\n<li class=\"product-prop line-limit-length\"><span\n                                        class=\"property-title\">Style de Soutien-gorge :&nbsp;<\/span><span\n                                        class=\"property-desc line-limit-length\">Minimizer<\/span>\n                            <\/li>\n<li class=\"product-prop line-limit-length\"><span\n                                        class=\"property-title\">Mat\u00e9riau :&nbsp;<\/span><span\n                                        class=\"property-desc line-limit-length\">COTTON,POLYESTER,SPANDEX,POLYAMIDE<\/span>\n                            <\/li>\n<li class=\"product-prop line-limit-length\"><span\n                                        class=\"property-title\">Nom de marque :&nbsp;<\/span><span\n                                        class=\"property-desc line-limit-length\">TELIMUSSTO<\/span>\n                            <\/li>\n<li class=\"product-prop line-limit-length\"><span\n                                        class=\"property-title\">Origine :&nbsp;<\/span><span\n                                        class=\"property-desc line-limit-length\">CN (Origine)<\/span>\n                            <\/li>\n<li class=\"product-prop line-limit-length\"><span\n                                        class=\"property-title\">CN :&nbsp;<\/span><span\n                                        class=\"property-desc line-limit-length\">Guangdong<\/span>\n                            <\/li>\n<li class=\"product-prop line-limit-length\"><span\n                                        class=\"property-title\">Type d'article :&nbsp;<\/span><span\n                                        class=\"property-desc line-limit-length\">Bras<\/span>\n                            <\/li>\n<li class=\"product-prop line-limit-length\"><span\n                                        class=\"property-title\">Sexe :&nbsp;<\/span><span\n                                        class=\"property-desc line-limit-length\">FEMMES<\/span>\n                            <\/li>\n<li class=\"product-prop line-limit-length\"><span\n                                        class=\"property-title\">Occasion :&nbsp;<\/span><span\n                                        class=\"property-desc line-limit-length\">Everyday<\/span>\n                            <\/li>\n<li class=\"product-prop line-limit-length\"><span\n                                        class=\"property-title\">Couleur :&nbsp;<\/span><span\n                                        class=\"property-desc line-limit-length\">Gray,White,Black,Wine Red,Nude<\/span>\n                            <\/li>\n<li class=\"product-prop line-limit-length\"><span\n                                        class=\"property-title\">Item 1:&nbsp;<\/span><span\n                                        class=\"property-desc line-limit-length\">Plus Size Bra<\/span>\n                            <\/li>\n<li class=\"product-prop line-limit-length\"><span\n                                        class=\"property-title\">Item 2:&nbsp;<\/span><span\n                                        class=\"property-desc line-limit-length\">Lace Bra<\/span>\n                            <\/li>\n<li class=\"product-prop line-limit-length\"><span\n                                        class=\"property-title\">Item 3:&nbsp;<\/span><span\n                                        class=\"property-desc line-limit-length\">Bras For Women<\/span>\n                            <\/li>\n<li class=\"product-prop line-limit-length\"><span\n                                        class=\"property-title\">Item 4:&nbsp;<\/span><span\n                                        class=\"property-desc line-limit-length\">Plus Size Bra<\/span>\n                            <\/li>\n<\/ul><\/div>\n<div class=\"detailmodule_html\">\n<div class=\"detail-desc-decorate-richtext\">\n<div class=\"detailmodule_html\">\n<div class=\"detail-desc-decorate-richtext\">\n<div style=\"margin:10px auto 0px;margin-bottom:0px;margin-top:10px;margin-left:auto;margin-right:auto;display:inline-block;max-width:100%\">\n<div><img decoding=\"async\" style=\"width:932px\" width=\"932px\" src=\"https:\/\/ae03.alicdn.com\/kf\/Sc66f6d149fcc4d688ffdef9316b55db25.jpg\" slate-data-type=\"image\"><\/div>\n<div style=\"margin-top:-74.46%\">\n<div style=\"margin-top:0%;margin-left:0%;width:25%\"><a href=\"http:\/\/www.aliexpress.com\/item\/detail\/1005002803379251.html\" target=\"_blank\" class=\"\" rel=\"noopener\"><img decoding=\"async\" style=\"width:233px;height:347px\" width=\"233px\" height=\"347px\" src=\"https:\/\/ae01.alicdn.com\/kf\/Hf35c93d70e3743129356e830cbb5ace5u.jpg?width=233&amp;height=347&amp;hash=580\" slate-data-type=\"image\"><\/a><\/div>\n<div style=\"margin-top:-37.23%;margin-left:25%;width:25%\"><a href=\"http:\/\/www.aliexpress.com\/item\/detail\/1005002394224975.html\" target=\"_blank\" class=\"\" rel=\"noopener\"><img decoding=\"async\" style=\"width:233px;height:347px\" width=\"233px\" height=\"347px\" src=\"https:\/\/ae01.alicdn.com\/kf\/Hf35c93d70e3743129356e830cbb5ace5u.jpg?width=233&amp;height=347&amp;hash=580\" slate-data-type=\"image\"><\/a><\/div>\n<div style=\"margin-top:-37.23%;margin-left:50%;width:25%\"><a href=\"http:\/\/www.aliexpress.com\/item\/detail\/1005002465654691.html\" target=\"_blank\" class=\"\" rel=\"noopener\"><img decoding=\"async\" style=\"width:233px;height:347px\" width=\"233px\" height=\"347px\" src=\"https:\/\/ae01.alicdn.com\/kf\/Hf35c93d70e3743129356e830cbb5ace5u.jpg?width=233&amp;height=347&amp;hash=580\" slate-data-type=\"image\"><\/a><\/div>\n<div style=\"margin-top:-37.23%;margin-left:75%;width:25%\"><a href=\"http:\/\/www.aliexpress.com\/item\/detail\/1005002511259053.html\" target=\"_blank\" class=\"\" rel=\"noopener\"><img decoding=\"async\" style=\"width:233px;height:347px\" width=\"233px\" height=\"347px\" src=\"https:\/\/ae01.alicdn.com\/kf\/Hf35c93d70e3743129356e830cbb5ace5u.jpg?width=233&amp;height=347&amp;hash=580\" slate-data-type=\"image\"><\/a><\/div>\n<div style=\"margin-top:0%;margin-left:0%;width:25%\"><a href=\"http:\/\/www.aliexpress.com\/item\/detail\/1005003145417911.html\" target=\"_blank\" class=\"\" rel=\"noopener\"><img decoding=\"async\" style=\"width:233px;height:347px\" width=\"233px\" height=\"347px\" src=\"https:\/\/ae01.alicdn.com\/kf\/Hf35c93d70e3743129356e830cbb5ace5u.jpg?width=233&amp;height=347&amp;hash=580\" slate-data-type=\"image\"><\/a><\/div>\n<div style=\"margin-top:-37.23%;margin-left:25%;width:25%\"><a href=\"http:\/\/www.aliexpress.com\/item\/detail\/1005003286513742.html\" target=\"_blank\" class=\"\" rel=\"noopener\"><img decoding=\"async\" style=\"width:233px;height:347px\" width=\"233px\" height=\"347px\" src=\"https:\/\/ae01.alicdn.com\/kf\/Hf35c93d70e3743129356e830cbb5ace5u.jpg?width=233&amp;height=347&amp;hash=580\" slate-data-type=\"image\"><\/a><\/div>\n<div style=\"margin-top:-37.23%;margin-left:50%;width:25%\"><a href=\"http:\/\/www.aliexpress.com\/item\/detail\/1005003651186116.html\" target=\"_blank\" class=\"\" rel=\"noopener\"><img decoding=\"async\" style=\"width:233px;height:347px\" width=\"233px\" height=\"347px\" src=\"https:\/\/ae01.alicdn.com\/kf\/Hf35c93d70e3743129356e830cbb5ace5u.jpg?width=233&amp;height=347&amp;hash=580\" slate-data-type=\"image\"><\/a><\/div>\n<div style=\"margin-top:-37.23%;margin-left:75%;width:25%\"><a href=\"http:\/\/www.aliexpress.com\/item\/detail\/1005003826395718.html\" target=\"_blank\" class=\"\" rel=\"noopener\"><img decoding=\"async\" style=\"width:233px;height:347px\" width=\"233px\" height=\"347px\" src=\"https:\/\/ae01.alicdn.com\/kf\/Hf35c93d70e3743129356e830cbb5ace5u.jpg?width=233&amp;height=347&amp;hash=580\" slate-data-type=\"image\"><\/a><\/div>\n<\/div>\n<\/div>\n<div>\n<div>\n<div>\n<div>\n<div>\n<div><img decoding=\"async\" src=\"https:\/\/ae01.alicdn.com\/kf\/S6ba562d8c7654c9196104eb572e419d5j.jpg?width=1000&amp;height=1000&amp;hash=2000\" slate-data-type=\"image\"><\/div>\n<p><span style=\"font-size:20px\"><span style=\"background-color:rgb(201, 231, 255)\"><span style=\"font-family:Helvetica\"><span style=\"color:rgb(21, 21, 21)\"><span>\u00c0 PROPOS DE LA TAILLE :<br \/>Cher ami, notre taille est la taille am\u00e9ricaine, peut \u00eatre diff\u00e9rente de votre taille locale, veuillez donc convertir, si vous avez du mal \u00e0 choisir la taille, n&#8217;h\u00e9sitez pas \u00e0 me contacter, nous vous donnerons quelques suggestions.mais c&#8217;est pour votre r\u00e9f\u00e9rence seulement.merci beaucoup.<\/span><\/span><\/span><\/span><\/span><\/p>\n<div><img decoding=\"async\" style=\"width:800px\" width=\"800px\" src=\"https:\/\/ae01.alicdn.com\/kf\/Sfc61afbeeb7d4ce0b8c877e78b6430c9B.jpg?width=1000&amp;height=1000&amp;hash=2000\" slate-data-type=\"image\"><img decoding=\"async\" style=\"width:800px\" width=\"800px\" src=\"https:\/\/ae01.alicdn.com\/kf\/Sa582dfcd9cb8484c90e42d2da5cbbede3.jpg?width=1000&amp;height=1000&amp;hash=2000\" slate-data-type=\"image\"><img decoding=\"async\" style=\"width:800px\" width=\"800px\" src=\"https:\/\/ae01.alicdn.com\/kf\/Scb4f796a2a7c429a9487316f79f24df2P.jpg?width=1000&amp;height=1000&amp;hash=2000\" slate-data-type=\"image\"><img decoding=\"async\" style=\"width:800px\" width=\"800px\" src=\"https:\/\/ae01.alicdn.com\/kf\/S3c956cd71e244592a1ea34bbc896f0f18.jpg?width=1000&amp;height=1000&amp;hash=2000\" slate-data-type=\"image\"><img decoding=\"async\" style=\"width:800px\" width=\"800px\" src=\"https:\/\/ae01.alicdn.com\/kf\/S615d9900607440b680208179e8b15802f.jpg?width=1000&amp;height=1000&amp;hash=2000\" slate-data-type=\"image\"><img decoding=\"async\" style=\"width:800px\" width=\"800px\" src=\"https:\/\/ae01.alicdn.com\/kf\/Sf83bd729e6ad4b5f99cab20cd1fd68adl.jpg?width=1000&amp;height=1000&amp;hash=2000\" slate-data-type=\"image\"><img decoding=\"async\" style=\"width:800px\" width=\"800px\" src=\"https:\/\/ae01.alicdn.com\/kf\/S77c1d1938c984687b46340c1927a9924F.jpg?width=1000&amp;height=1000&amp;hash=2000\" slate-data-type=\"image\"><img decoding=\"async\" style=\"width:800px\" width=\"800px\" src=\"https:\/\/ae01.alicdn.com\/kf\/Sd2ea55d52b444b8ab8498d08fde3735bk.jpg?width=1000&amp;height=1000&amp;hash=2000\" slate-data-type=\"image\"><img decoding=\"async\" style=\"width:800px\" width=\"800px\" src=\"https:\/\/ae01.alicdn.com\/kf\/S31dce3267af34e7ea983f8164425d032Y.jpg?width=1000&amp;height=1000&amp;hash=2000\" slate-data-type=\"image\"><img decoding=\"async\" style=\"width:800px\" width=\"800px\" src=\"https:\/\/ae01.alicdn.com\/kf\/S1f90def096234809ba678e526fb54202G.jpg?width=1000&amp;height=1000&amp;hash=2000\" slate-data-type=\"image\"><img decoding=\"async\" style=\"width:800px\" width=\"800px\" src=\"https:\/\/ae01.alicdn.com\/kf\/Sbd30bf412f444baa9c68fb13b13d457eC.jpg?width=1000&amp;height=1000&amp;hash=2000\" slate-data-type=\"image\"><img decoding=\"async\" style=\"width:800px\" width=\"800px\" src=\"https:\/\/ae01.alicdn.com\/kf\/S75a5d19ae7434f999715a7ba632cb09e6.jpg?width=1000&amp;height=1000&amp;hash=2000\" slate-data-type=\"image\"><img decoding=\"async\" style=\"width:800px\" width=\"800px\" src=\"https:\/\/ae01.alicdn.com\/kf\/S86c722e3a55046daa8801cca1e84659aX.jpg?width=1000&amp;height=1000&amp;hash=2000\" slate-data-type=\"image\"><img decoding=\"async\" style=\"width:800px\" width=\"800px\" src=\"https:\/\/ae01.alicdn.com\/kf\/S7e0e05ff9fc14de4a5e20c0a6d1cfa65J.jpg?width=1000&amp;height=1000&amp;hash=2000\" slate-data-type=\"image\"><img decoding=\"async\" style=\"width:800px\" width=\"800px\" src=\"https:\/\/ae01.alicdn.com\/kf\/S3fdf7dc25067467e8cb49d38c77fbbc7J.jpg?width=1000&amp;height=1000&amp;hash=2000\" slate-data-type=\"image\"><img decoding=\"async\" style=\"width:800px\" width=\"800px\" src=\"https:\/\/ae01.alicdn.com\/kf\/Sb7af5f60cf764dbeb4e51b94d9d3524e7.jpg?width=1000&amp;height=1000&amp;hash=2000\" slate-data-type=\"image\"><img decoding=\"async\" style=\"width:800px\" width=\"800px\" src=\"https:\/\/ae01.alicdn.com\/kf\/S1122301592354b4c933239817866f342l.jpg?width=1000&amp;height=1000&amp;hash=2000\" slate-data-type=\"image\"><img decoding=\"async\" style=\"width:800px\" width=\"800px\" src=\"https:\/\/ae01.alicdn.com\/kf\/S5b40d69993324448b7de658a176c65470.jpg?width=1000&amp;height=1000&amp;hash=2000\" slate-data-type=\"image\"><img decoding=\"async\" style=\"width:800px\" width=\"800px\" src=\"https:\/\/ae01.alicdn.com\/kf\/S6a782cbf6487415e9fcff958236fceb4p.jpg?width=1000&amp;height=1000&amp;hash=2000\" slate-data-type=\"image\"><img decoding=\"async\" style=\"width:800px\" width=\"800px\" src=\"https:\/\/ae01.alicdn.com\/kf\/S004b0b4a1b7444da9f5b746ef1a38d1e0.jpg?width=1000&amp;height=1000&amp;hash=2000\" slate-data-type=\"image\"><img decoding=\"async\" style=\"width:800px\" width=\"800px\" src=\"https:\/\/ae01.alicdn.com\/kf\/Sb260b10e03d84355809c70161406fc42g.jpg?width=1000&amp;height=1000&amp;hash=2000\" slate-data-type=\"image\"><\/div>\n<\/div>\n<\/div>\n<div>\n<p style=\"font-family:opensans;font-size:20px;font-weight:900;line-height:28px;white-space:pre-wrap;color:rgb(0, 0, 0);margin-bottom:12px\" class=\"detail-desc-decorate-title\">\u00c0 propos du paiement<\/p>\n<\/div>\n<div>\n<p style=\"font-family:opensans;font-size:14px;font-weight:300;line-height:20px;white-space:pre-wrap;color:rgb(0, 0, 0);margin-bottom:12px\" class=\"detail-desc-decorate-content\">N&#8217;h\u00e9sitez pas \u00e0 nous payer via AliExpress Escrow par carte de cr\u00e9dit, Visa, MasterCard, QIWI, Western Union et virements bancaires. Acheteurs internationaux, veuillez noter : les droits, taxes et frais d&#8217;importation ne sont pas inclus dans le prix de l&#8217;article ou les frais d&#8217;exp\u00e9dition.Ces frais sont \u00e0 la charge de l&#8217;acheteur.Veuillez v\u00e9rifier le bureau de douane de votre pays pour d\u00e9terminer si ces co\u00fbts suppl\u00e9mentaires seront factur\u00e9s avant d&#8217;acheter.<\/p>\n<\/div>\n<div>\n<p style=\"font-family:opensans;font-size:20px;font-weight:900;line-height:28px;white-space:pre-wrap;color:rgb(0, 0, 0);margin-bottom:12px\" class=\"detail-desc-decorate-title\">\u00c0 propos de l&#8217;exp\u00e9dition<\/p>\n<\/div>\n<div>\n<p style=\"font-family:opensans;font-size:14px;font-weight:300;line-height:20px;white-space:pre-wrap;color:rgb(0, 0, 0);margin-bottom:12px\" class=\"detail-desc-decorate-content\">nous exp\u00e9dions dans le monde entier par Aliexpress Shipping, Post Air Mail, EPacket, EMS, UPS, DHL, E-PACKET, etc.<br \/>nous ne sommes pas en mesure de contr\u00f4ler le d\u00e9lai de livraison, car il est trait\u00e9 par un service tiers<br \/>mais le colis n&#8217;est pas arriv\u00e9 dans le d\u00e9lai pr\u00e9vu, veuillez nous contacter,<br \/>nous vous aiderons \u00e0 le suivre et vous donnerons une r\u00e9ponse satisfaisante<br \/>Nous ne sommes pas responsables des droits de douane ou des taxes d&#8217;importation<br \/>Il y a un certain temps de protection dans le transport de marchandises<br \/>Si le temps de protection expirera<br \/>Nous prolongerons la protection pour vous<br \/>Conseils : 1. La date de livraison ci-dessus est uniquement \u00e0 titre de r\u00e9f\u00e9rence, elle sera parfois retard\u00e9e par les vacances, les festivals, les intemp\u00e9ries, les douanes, etc.<br \/>2.Postez le courrier a\u00e9rien vers les pays d&#8217;Europe de l&#8217;Est et les pays d&#8217;Am\u00e9rique du Sud peuvent prendre plus de 60 jours.<\/p>\n<\/div>\n<div>\n<p style=\"font-family:opensans;font-size:20px;font-weight:900;line-height:28px;white-space:pre-wrap;color:rgb(0, 0, 0);margin-bottom:12px\" class=\"detail-desc-decorate-title\">\u00c0 propos des commentaires<\/p>\n<\/div>\n<div>\n<p style=\"font-family:opensans;font-size:14px;font-weight:300;line-height:20px;white-space:pre-wrap;color:rgb(0, 0, 0);margin-bottom:12px\" class=\"detail-desc-decorate-content\">Votre satisfaction et vos commentaires positifs sont tr\u00e8s importants pour nous. Veuillez laisser des commentaires positifs et 5 \u00e9toiles si vous \u00eates satisfait de nos articles et services. Si vous rencontrez des probl\u00e8mes avec nos articles ou services, veuillez nous contacter avant de laisser des commentaires n\u00e9gatifs. Nous ferons de notre mieux pour r\u00e9soudre les probl\u00e8mes et vous fournir les meilleurs services clients. Merci de votre compr\u00e9hension. Veuillez nous contacter si vous avez des questions. Vous recevrez une r\u00e9ponse dans les 24 heures. Merci pour votre soutien, bonne chance \u00e0 vous.<\/p>\n<\/div>\n<\/div>\n<\/div>\n<\/div>\n<p><\/p>\n<div style=\"margin:10px auto 0px;margin-bottom:0px;margin-top:10px;margin-left:auto;margin-right:auto;display:inline-block;max-width:100%\"><img decoding=\"async\" src=\"https:\/\/ae03.alicdn.com\/kf\/S247a9060f06c4ecb8373decaf3520582y.jpg\" slate-data-type=\"image\"><\/div>\n<div style=\"margin:10px auto 0px;margin-bottom:0px;margin-top:10px;margin-left:auto;margin-right:auto;display:inline-block;max-width:100%\"><img decoding=\"async\" src=\"https:\/\/ae03.alicdn.com\/kf\/Sffd21b0f503f4bc09c21bd9ea8c3e106a.jpg\" slate-data-type=\"image\"><\/div>\n<\/div>\n<\/div>\n<p><\/p>\n<\/div>\n<\/div>","protected":false},"excerpt":{"rendered":"<p>Chimique Hign-concern\u00e9:&nbsp;Aucun Artisanat du tissage:&nbsp;Non-tiss\u00e9 Moule \u00c9paisseur:&nbsp;Ultra-ThinThick Sexuellement Suggestive:&nbsp;Pas de Image D&#039;obsc\u00e8ne:&nbsp;Pas de Num\u00e9ro de Mod\u00e8le:&nbsp;J-M2006 Type de Motif:&nbsp;Floral D\u00e9coration:&nbsp;Broderie<\/p>","protected":false},"featured_media":2858,"comment_status":"open","ping_status":"closed","template":"","meta":[],"product_brand":[],"product_cat":[83],"product_tag":[],"class_list":{"0":"post-2857","1":"product","2":"type-product","3":"status-publish","4":"has-post-thumbnail","6":"product_cat-clothings-shoes","8":"first","9":"instock","10":"shipping-taxable","11":"purchasable","12":"product-type-variable"},"jetpack_sharing_enabled":true,"_links":{"self":[{"href":"https:\/\/afrycom.com\/fr\/wp-json\/wp\/v2\/product\/2857","targetHints":{"allow":["GET"]}}],"collection":[{"href":"https:\/\/afrycom.com\/fr\/wp-json\/wp\/v2\/product"}],"about":[{"href":"https:\/\/afrycom.com\/fr\/wp-json\/wp\/v2\/types\/product"}],"replies":[{"embeddable":true,"href":"https:\/\/afrycom.com\/fr\/wp-json\/wp\/v2\/comments?post=2857"}],"wp:featuredmedia":[{"embeddable":true,"href":"https:\/\/afrycom.com\/fr\/wp-json\/wp\/v2\/media\/2858"}],"wp:attachment":[{"href":"https:\/\/afrycom.com\/fr\/wp-json\/wp\/v2\/media?parent=2857"}],"wp:term":[{"taxonomy":"product_brand","embeddable":true,"href":"https:\/\/afrycom.com\/fr\/wp-json\/wp\/v2\/product_brand?post=2857"},{"taxonomy":"product_cat","embeddable":true,"href":"https:\/\/afrycom.com\/fr\/wp-json\/wp\/v2\/product_cat?post=2857"},{"taxonomy":"product_tag","embeddable":true,"href":"https:\/\/afrycom.com\/fr\/wp-json\/wp\/v2\/product_tag?post=2857"}],"curies":[{"name":"wp","href":"https:\/\/api.w.org\/{rel}","templated":true}]}}