{"id":28513,"date":"2025-12-31T00:13:34","date_gmt":"2025-12-31T00:13:34","guid":{"rendered":"https:\/\/afrycom.com\/product\/%e5%b1%8f%e5%b9%95%e8%87%aa%e5%8a%a8%e7%82%b9%e5%87%bb%e5%99%a8%e6%8a%a2%e5%8d%95%e8%bf%9e%e7%82%b9%e5%99%a8%e7%9b%b4%e6%92%ad%e7%82%b9%e7%ba%a2%e5%bf%83%e8%b5%9e%e6%8a%a2%e8%b4%ad%e9%9d%99%e9%9f%b3\/"},"modified":"2026-01-03T05:51:47","modified_gmt":"2026-01-03T05:51:47","slug":"le-tappoteur-automatique-silencieux-et-indetectable-concu-pour-imiter-le-toucher-humain-ideal-pour-les-likes-en-live-les-ventes-flash-et-les-jeux-a-clics-rapides","status":"publish","type":"product","link":"https:\/\/afrycom.com\/fr\/produit\/le-tappoteur-automatique-silencieux-et-indetectable-concu-pour-imiter-le-toucher-humain-ideal-pour-les-likes-en-live-les-ventes-flash-et-les-jeux-a-clics-rapides\/","title":{"rendered":"Le tappoteur automatique silencieux et ind\u00e9tectable, con\u00e7u pour imiter le toucher humain. Id\u00e9al pour les likes en live, les ventes flash et les jeux \u00e0 clics rapides."},"content":{"rendered":"<p>&nbsp;<\/p>\n<p><strong>D\u00e9couvrez l\u2019Auto-Tap Pro : le dispositif silencieux et ind\u00e9tectable pour les clics automatiques<\/strong><\/p>\n<p>Dominez vos lives, remportez les ventes flash et ma\u00eetrisez les jeux \u00e0 clics rapides avec **l\u2019Auto-Tap Pro**. Con\u00e7u pour imiter le toucher humain avec une pr\u00e9cision chirurgicale, cet appareil r\u00e9volutionnaire ex\u00e9cute des clics automatiques, silencieux et totalement ind\u00e9tectables par les applications et plateformes.<\/p>\n<p>Lib\u00e9rez un pouvoir inarr\u00eatable :<br \/>\n<strong>1 appareil, 9 t\u00e9l\u00e9phones<\/strong> :Contr\u00f4lez jusqu\u2019\u00e0 neuf smartphones simultan\u00e9ment. Id\u00e9al pour amplifier votre engagement en direct ou coordonner plusieurs comptes lors des ventes flash les plus comp\u00e9titives.<br \/>\nSilence total &amp; discr\u00e9tion absolue : fonctionne sans aucun bruit ni vibration, vous permettant d\u2019agir en toute discr\u00e9tion tout en maximisant votre impact.<br \/>\n<strong>Pr\u00e9cision naturelle<\/strong> : Son m\u00e9canisme avanc\u00e9 reproduit fid\u00e8lement les tapotements d\u2019un doigt, rendant ses actions quasi impossibles \u00e0 d\u00e9tecter par les algorithmes.<\/p>\n<p><strong>Con\u00e7u pour une flexibilit\u00e9 maximale :<\/strong><br \/>\n<strong>Fr\u00e9quence de clic ajustable<\/strong> :D\u00e9finissez le rythme parfait pour chaque situation. De rafales \u00e9clair de **50 clics par seconde** \u00e0 un clic strat\u00e9gique\u00a0 \u2014 le contr\u00f4le est enti\u00e8rement entre vos mains.<br \/>\n<strong>Panneau de commande intuitif<\/strong> : G\u00e9rez facilement vos sessions gr\u00e2ce \u00e0 des boutons d\u00e9di\u00e9s :<br \/>\n<strong>Acc\u00e9l\u00e9ration \/ Ralentissement<\/strong> :Ajustez la vitesse de vos clics en temps r\u00e9el.<br \/>\n<strong>Mode al\u00e9atoire :<\/strong> Ajoutez une touche d\u2019impr\u00e9visibilit\u00e9 pour \u00e9viter toute d\u00e9tection.<br \/>\n<strong>Marche\/Arr\u00eat<\/strong> :D\u00e9marrez, arr\u00eatez ou mettez en pause vos clics d\u2019un simple appui.<\/p>\n<p><strong>Con\u00e7u pour l\u2019utilisateur moderne :<\/strong><br \/>\nSon design futuriste et \u00e9l\u00e9gant int\u00e8gre un \u00e9cran num\u00e9rique clair affichant votre fr\u00e9quence de clics actuelle et le niveau de batterie, pour toujours garder le contr\u00f4le. Que vous souhaitiez booster les likes de votre streamer pr\u00e9f\u00e9r\u00e9 ou s\u00e9curiser des articles limit\u00e9s en quelques secondes, l\u2019Auto-Tap Pro est votre arme secr\u00e8te pour r\u00e9ussir.<\/p>\n<p><strong>Essayez-le sans risque !<\/strong><br \/>\nD\u00e9couvrez d\u00e8s aujourd\u2019hui le pouvoir de l\u2019automatisation. **Essai gratuit disponible.**<\/p>\n<p>&#8212;<\/p>\n<p>**Auto-Tap Pro : Parce que parfois, il vous faut neuf doigts.**<\/p>\n<p>&#8212;<\/p>\n<p><img loading=\"lazy\" decoding=\"async\" class=\"alignnone size-medium wp-image-28985\" src=\"https:\/\/afrycom.com\/wp-content\/uploads\/2025\/12\/jimeng-2026-01-02-8985-Ameliorer-la-traduction-en-francais-_-ti-1-300x300.png\" alt=\"\" width=\"300\" height=\"300\" srcset=\"https:\/\/afrycom.com\/wp-content\/uploads\/2025\/12\/jimeng-2026-01-02-8985-Ameliorer-la-traduction-en-francais-_-ti-1-300x300.png 300w, https:\/\/afrycom.com\/wp-content\/uploads\/2025\/12\/jimeng-2026-01-02-8985-Ameliorer-la-traduction-en-francais-_-ti-1-1024x1024.png 1024w, https:\/\/afrycom.com\/wp-content\/uploads\/2025\/12\/jimeng-2026-01-02-8985-Ameliorer-la-traduction-en-francais-_-ti-1-150x150.png 150w, https:\/\/afrycom.com\/wp-content\/uploads\/2025\/12\/jimeng-2026-01-02-8985-Ameliorer-la-traduction-en-francais-_-ti-1-768x768.png 768w, https:\/\/afrycom.com\/wp-content\/uploads\/2025\/12\/jimeng-2026-01-02-8985-Ameliorer-la-traduction-en-francais-_-ti-1-1536x1536.png 1536w, https:\/\/afrycom.com\/wp-content\/uploads\/2025\/12\/jimeng-2026-01-02-8985-Ameliorer-la-traduction-en-francais-_-ti-1-12x12.png 12w, https:\/\/afrycom.com\/wp-content\/uploads\/2025\/12\/jimeng-2026-01-02-8985-Ameliorer-la-traduction-en-francais-_-ti-1-1320x1320.png 1320w, https:\/\/afrycom.com\/wp-content\/uploads\/2025\/12\/jimeng-2026-01-02-8985-Ameliorer-la-traduction-en-francais-_-ti-1-600x600.png 600w, https:\/\/afrycom.com\/wp-content\/uploads\/2025\/12\/jimeng-2026-01-02-8985-Ameliorer-la-traduction-en-francais-_-ti-1-1200x1200.png 1200w, https:\/\/afrycom.com\/wp-content\/uploads\/2025\/12\/jimeng-2026-01-02-8985-Ameliorer-la-traduction-en-francais-_-ti-1.png 2048w\" sizes=\"auto, (max-width: 300px) 100vw, 300px\" \/><img loading=\"lazy\" decoding=\"async\" class=\"alignnone size-medium wp-image-28986\" src=\"https:\/\/afrycom.com\/wp-content\/uploads\/2025\/12\/jimeng-2026-01-02-7961-Traduire-les-textes-en-francais-_-titre-1-1-300x300.png\" alt=\"\" width=\"300\" height=\"300\" srcset=\"https:\/\/afrycom.com\/wp-content\/uploads\/2025\/12\/jimeng-2026-01-02-7961-Traduire-les-textes-en-francais-_-titre-1-1-300x300.png 300w, https:\/\/afrycom.com\/wp-content\/uploads\/2025\/12\/jimeng-2026-01-02-7961-Traduire-les-textes-en-francais-_-titre-1-1-1024x1024.png 1024w, https:\/\/afrycom.com\/wp-content\/uploads\/2025\/12\/jimeng-2026-01-02-7961-Traduire-les-textes-en-francais-_-titre-1-1-150x150.png 150w, https:\/\/afrycom.com\/wp-content\/uploads\/2025\/12\/jimeng-2026-01-02-7961-Traduire-les-textes-en-francais-_-titre-1-1-768x768.png 768w, https:\/\/afrycom.com\/wp-content\/uploads\/2025\/12\/jimeng-2026-01-02-7961-Traduire-les-textes-en-francais-_-titre-1-1-1536x1536.png 1536w, https:\/\/afrycom.com\/wp-content\/uploads\/2025\/12\/jimeng-2026-01-02-7961-Traduire-les-textes-en-francais-_-titre-1-1-12x12.png 12w, https:\/\/afrycom.com\/wp-content\/uploads\/2025\/12\/jimeng-2026-01-02-7961-Traduire-les-textes-en-francais-_-titre-1-1-1320x1320.png 1320w, https:\/\/afrycom.com\/wp-content\/uploads\/2025\/12\/jimeng-2026-01-02-7961-Traduire-les-textes-en-francais-_-titre-1-1-600x600.png 600w, https:\/\/afrycom.com\/wp-content\/uploads\/2025\/12\/jimeng-2026-01-02-7961-Traduire-les-textes-en-francais-_-titre-1-1-1200x1200.png 1200w, https:\/\/afrycom.com\/wp-content\/uploads\/2025\/12\/jimeng-2026-01-02-7961-Traduire-les-textes-en-francais-_-titre-1-1.png 2048w\" sizes=\"auto, (max-width: 300px) 100vw, 300px\" \/>\u00a0 <img loading=\"lazy\" decoding=\"async\" class=\"alignnone wp-image-28987\" src=\"https:\/\/afrycom.com\/wp-content\/uploads\/2025\/12\/jimeng-2026-01-02-3267-\u80cc\u666f\u6539\u6210\u767d\u8272\uff0c\u4f18\u5316\u5355\u5143\u683c\u989c\u8272\u3001\u8fb9\u6846\u548c\u6587\u5b57\uff0c\u63d0\u9ad8\u5728\u767d\u8272\u80cc\u666f\u4e0a\u7684\u53ef\u89c1\u6027-e1767418781239-300x175.png\" alt=\"\" width=\"475\" height=\"277\" srcset=\"https:\/\/afrycom.com\/wp-content\/uploads\/2025\/12\/jimeng-2026-01-02-3267-\u80cc\u666f\u6539\u6210\u767d\u8272\uff0c\u4f18\u5316\u5355\u5143\u683c\u989c\u8272\u3001\u8fb9\u6846\u548c\u6587\u5b57\uff0c\u63d0\u9ad8\u5728\u767d\u8272\u80cc\u666f\u4e0a\u7684\u53ef\u89c1\u6027-e1767418781239-300x175.png 300w, https:\/\/afrycom.com\/wp-content\/uploads\/2025\/12\/jimeng-2026-01-02-3267-\u80cc\u666f\u6539\u6210\u767d\u8272\uff0c\u4f18\u5316\u5355\u5143\u683c\u989c\u8272\u3001\u8fb9\u6846\u548c\u6587\u5b57\uff0c\u63d0\u9ad8\u5728\u767d\u8272\u80cc\u666f\u4e0a\u7684\u53ef\u89c1\u6027-e1767418781239-1024x597.png 1024w, https:\/\/afrycom.com\/wp-content\/uploads\/2025\/12\/jimeng-2026-01-02-3267-\u80cc\u666f\u6539\u6210\u767d\u8272\uff0c\u4f18\u5316\u5355\u5143\u683c\u989c\u8272\u3001\u8fb9\u6846\u548c\u6587\u5b57\uff0c\u63d0\u9ad8\u5728\u767d\u8272\u80cc\u666f\u4e0a\u7684\u53ef\u89c1\u6027-e1767418781239-768x447.png 768w, https:\/\/afrycom.com\/wp-content\/uploads\/2025\/12\/jimeng-2026-01-02-3267-\u80cc\u666f\u6539\u6210\u767d\u8272\uff0c\u4f18\u5316\u5355\u5143\u683c\u989c\u8272\u3001\u8fb9\u6846\u548c\u6587\u5b57\uff0c\u63d0\u9ad8\u5728\u767d\u8272\u80cc\u666f\u4e0a\u7684\u53ef\u89c1\u6027-e1767418781239-1536x895.png 1536w, https:\/\/afrycom.com\/wp-content\/uploads\/2025\/12\/jimeng-2026-01-02-3267-\u80cc\u666f\u6539\u6210\u767d\u8272\uff0c\u4f18\u5316\u5355\u5143\u683c\u989c\u8272\u3001\u8fb9\u6846\u548c\u6587\u5b57\uff0c\u63d0\u9ad8\u5728\u767d\u8272\u80cc\u666f\u4e0a\u7684\u53ef\u89c1\u6027-e1767418781239-18x10.png 18w, https:\/\/afrycom.com\/wp-content\/uploads\/2025\/12\/jimeng-2026-01-02-3267-\u80cc\u666f\u6539\u6210\u767d\u8272\uff0c\u4f18\u5316\u5355\u5143\u683c\u989c\u8272\u3001\u8fb9\u6846\u548c\u6587\u5b57\uff0c\u63d0\u9ad8\u5728\u767d\u8272\u80cc\u666f\u4e0a\u7684\u53ef\u89c1\u6027-e1767418781239-1320x769.png 1320w, https:\/\/afrycom.com\/wp-content\/uploads\/2025\/12\/jimeng-2026-01-02-3267-\u80cc\u666f\u6539\u6210\u767d\u8272\uff0c\u4f18\u5316\u5355\u5143\u683c\u989c\u8272\u3001\u8fb9\u6846\u548c\u6587\u5b57\uff0c\u63d0\u9ad8\u5728\u767d\u8272\u80cc\u666f\u4e0a\u7684\u53ef\u89c1\u6027-e1767418781239-1200x699.png 1200w, https:\/\/afrycom.com\/wp-content\/uploads\/2025\/12\/jimeng-2026-01-02-3267-\u80cc\u666f\u6539\u6210\u767d\u8272\uff0c\u4f18\u5316\u5355\u5143\u683c\u989c\u8272\u3001\u8fb9\u6846\u548c\u6587\u5b57\uff0c\u63d0\u9ad8\u5728\u767d\u8272\u80cc\u666f\u4e0a\u7684\u53ef\u89c1\u6027-e1767418781239-150x87.png 150w, https:\/\/afrycom.com\/wp-content\/uploads\/2025\/12\/jimeng-2026-01-02-3267-\u80cc\u666f\u6539\u6210\u767d\u8272\uff0c\u4f18\u5316\u5355\u5143\u683c\u989c\u8272\u3001\u8fb9\u6846\u548c\u6587\u5b57\uff0c\u63d0\u9ad8\u5728\u767d\u8272\u80cc\u666f\u4e0a\u7684\u53ef\u89c1\u6027-e1767418781239.png 1888w\" sizes=\"auto, (max-width: 475px) 100vw, 475px\" \/><\/p>","protected":false},"excerpt":{"rendered":"<p class=\"qwen-markdown-paragraph\"><strong class=\"qwen-markdown-strong\" data-spm-anchor-id=\"a2ty_o01.29997173.0.i347.3e495171Y65veM\">Auto-Tap Pro \u2013 Cliquez. Likez. Gagnez. En silence.<\/strong><\/p>\n<p class=\"qwen-markdown-paragraph\">Le tappoteur automatique silencieux et ind\u00e9tectable, con\u00e7u pour imiter le toucher humain. Id\u00e9al pour les likes en live, les ventes flash et les jeux \u00e0 clics rapides. Contr\u00f4lez jusqu\u2019\u00e0 9 t\u00e9l\u00e9phones simultan\u00e9ment, avec une vitesse r\u00e9glable et aucun risque de d\u00e9tection.<\/p>\n<p>&nbsp;<\/p>\n<p>&nbsp;<\/p>\n<p>&nbsp;<\/p>","protected":false},"featured_media":28980,"comment_status":"open","ping_status":"closed","template":"","meta":[],"product_brand":[],"product_cat":[85],"product_tag":[],"class_list":{"0":"post-28513","1":"product","2":"type-product","3":"status-publish","4":"has-post-thumbnail","6":"product_cat-accessories","8":"first","9":"instock","10":"shipping-taxable","11":"purchasable","12":"product-type-variable"},"jetpack_sharing_enabled":true,"_links":{"self":[{"href":"https:\/\/afrycom.com\/fr\/wp-json\/wp\/v2\/product\/28513","targetHints":{"allow":["GET"]}}],"collection":[{"href":"https:\/\/afrycom.com\/fr\/wp-json\/wp\/v2\/product"}],"about":[{"href":"https:\/\/afrycom.com\/fr\/wp-json\/wp\/v2\/types\/product"}],"replies":[{"embeddable":true,"href":"https:\/\/afrycom.com\/fr\/wp-json\/wp\/v2\/comments?post=28513"}],"wp:featuredmedia":[{"embeddable":true,"href":"https:\/\/afrycom.com\/fr\/wp-json\/wp\/v2\/media\/28980"}],"wp:attachment":[{"href":"https:\/\/afrycom.com\/fr\/wp-json\/wp\/v2\/media?parent=28513"}],"wp:term":[{"taxonomy":"product_brand","embeddable":true,"href":"https:\/\/afrycom.com\/fr\/wp-json\/wp\/v2\/product_brand?post=28513"},{"taxonomy":"product_cat","embeddable":true,"href":"https:\/\/afrycom.com\/fr\/wp-json\/wp\/v2\/product_cat?post=28513"},{"taxonomy":"product_tag","embeddable":true,"href":"https:\/\/afrycom.com\/fr\/wp-json\/wp\/v2\/product_tag?post=28513"}],"curies":[{"name":"wp","href":"https:\/\/api.w.org\/{rel}","templated":true}]}}