{"id":28480,"date":"2025-12-31T00:13:16","date_gmt":"2025-12-31T00:13:16","guid":{"rendered":"https:\/\/afrycom.com\/product\/%e6%89%8b%e6%9c%ba%e5%b1%8f%e5%b9%95%e8%87%aa%e5%8a%a8%e7%82%b9%e5%87%bb%e5%99%a8%e8%bf%9e%e7%82%b9%e5%99%a8%e5%85%a8%e8%87%aa%e5%8a%a8%e7%9b%b4%e6%92%ad%e7%82%b9%e5%b1%8f%e6%9c%ba%e6%b8%b8%e6%88%8f\/"},"modified":"2026-01-03T03:43:09","modified_gmt":"2026-01-03T03:43:09","slug":"cliqueur-automatique-pour-ecran-tactile-appareil-entierement-automatique-qui-simule-des-pressions-physiques-sur-lecran-du-smartphone-ideal-pour-liker-en-direct-jouer-a-des-jeux-ou","status":"publish","type":"product","link":"https:\/\/afrycom.com\/fr\/produit\/cliqueur-automatique-pour-ecran-tactile-appareil-entierement-automatique-qui-simule-des-pressions-physiques-sur-lecran-du-smartphone-ideal-pour-liker-en-direct-jouer-a-des-jeux-ou\/","title":{"rendered":"Cliqueur automatique pour \u00e9cran tactile \u2013 Appareil enti\u00e8rement automatique qui simule des pressions physiques sur l\u2019\u00e9cran du smartphone, id\u00e9al pour liker en direct, jouer \u00e0 des jeux ou automatiser des clics r\u00e9p\u00e9titifs."},"content":{"rendered":"","protected":false},"excerpt":{"rendered":"","protected":false},"featured_media":28481,"comment_status":"open","ping_status":"closed","template":"","meta":[],"product_brand":[],"product_cat":[85],"product_tag":[],"class_list":{"0":"post-28480","1":"product","2":"type-product","3":"status-publish","4":"has-post-thumbnail","6":"product_cat-accessories","8":"first","9":"instock","10":"shipping-taxable","11":"purchasable","12":"product-type-variable"},"jetpack_sharing_enabled":true,"_links":{"self":[{"href":"https:\/\/afrycom.com\/fr\/wp-json\/wp\/v2\/product\/28480","targetHints":{"allow":["GET"]}}],"collection":[{"href":"https:\/\/afrycom.com\/fr\/wp-json\/wp\/v2\/product"}],"about":[{"href":"https:\/\/afrycom.com\/fr\/wp-json\/wp\/v2\/types\/product"}],"replies":[{"embeddable":true,"href":"https:\/\/afrycom.com\/fr\/wp-json\/wp\/v2\/comments?post=28480"}],"wp:featuredmedia":[{"embeddable":true,"href":"https:\/\/afrycom.com\/fr\/wp-json\/wp\/v2\/media\/28481"}],"wp:attachment":[{"href":"https:\/\/afrycom.com\/fr\/wp-json\/wp\/v2\/media?parent=28480"}],"wp:term":[{"taxonomy":"product_brand","embeddable":true,"href":"https:\/\/afrycom.com\/fr\/wp-json\/wp\/v2\/product_brand?post=28480"},{"taxonomy":"product_cat","embeddable":true,"href":"https:\/\/afrycom.com\/fr\/wp-json\/wp\/v2\/product_cat?post=28480"},{"taxonomy":"product_tag","embeddable":true,"href":"https:\/\/afrycom.com\/fr\/wp-json\/wp\/v2\/product_tag?post=28480"}],"curies":[{"name":"wp","href":"https:\/\/api.w.org\/{rel}","templated":true}]}}