{"id":2848,"date":"2025-03-08T05:50:25","date_gmt":"2025-03-08T05:50:25","guid":{"rendered":"https:\/\/afrycom.com\/product\/ceinture-dhalterophilie-pour-hommes-et-femmes-ceinture-dhalterophilie-ceinture-dentrainement-de-force-lourde-pour-powerlifting-deadlift-squat-support-de-taille\/"},"modified":"2025-07-14T03:39:51","modified_gmt":"2025-07-14T03:39:51","slug":"ceinture-dhalterophilie-pour-hommes-et-femmes-ceinture-dhalterophilie-ceinture-dentrainement-de-force-lourde-pour-powerlifting-deadlift-squat-support-de-taille","status":"publish","type":"product","link":"https:\/\/afrycom.com\/fr\/produit\/ceinture-dhalterophilie-pour-hommes-et-femmes-ceinture-dhalterophilie-ceinture-dentrainement-de-force-lourde-pour-powerlifting-deadlift-squat-support-de-taille\/","title":{"rendered":"Ceinture d'halt\u00e9rophilie pour hommes et femmes, ceinture d'halt\u00e9rophilie, ceinture d'entra\u00eenement de force lourde pour Powerlifting, Deadlift, Squat, Support de taille"},"content":{"rendered":"<p>&nbsp;<\/p>\n<div class=\"product-specs-list-container\">\n<ul class=\"product-specs-list util-clearfix\">\n<li class=\"product-prop line-limit-length\"><span class=\"property-title\">Chimique Hign-concern\u00e9 :\u00a0<\/span><span class=\"property-desc line-limit-length\">Aucun<\/span><\/li>\n<li class=\"product-prop line-limit-length\"><span class=\"property-title\">\u00c2ge :\u00a0<\/span><span class=\"property-desc line-limit-length\">Au-dessus de 13<\/span><\/li>\n<li class=\"product-prop line-limit-length\"><span class=\"property-title\">Num\u00e9ro de Mod\u00e8le :\u00a0<\/span><span class=\"property-desc line-limit-length\">Ceinture d'halt\u00e9rophilie<\/span><\/li>\n<li class=\"product-prop line-limit-length\"><span class=\"property-title\">Mat\u00e9riau :\u00a0<\/span><span class=\"property-desc line-limit-length\">Cuir PU de haute qualit\u00e9<\/span><\/li>\n<li class=\"product-prop line-limit-length\"><span class=\"property-title\">Personnes Applicables :\u00a0<\/span><span class=\"property-desc line-limit-length\">Adulte<\/span><\/li>\n<li class=\"product-prop line-limit-length\"><span class=\"property-title\">Nom de marque :\u00a0<\/span><span class=\"property-desc line-limit-length\">WHCMJP<\/span><\/li>\n<li class=\"product-prop line-limit-length\"><span class=\"property-title\">Origine :\u00a0<\/span><span class=\"property-desc line-limit-length\">CN (Origine)<\/span><\/li>\n<li class=\"product-prop line-limit-length\"><span class=\"property-title\">Couleur :\u00a0<\/span><span class=\"property-desc line-limit-length\">Noir<\/span><\/li>\n<li class=\"product-prop line-limit-length\"><span class=\"property-title\">Style de conception :\u00a0<\/span><span class=\"property-desc line-limit-length\">Fitness King Kong<\/span><\/li>\n<li class=\"product-prop line-limit-length\"><span class=\"property-title\">Taille :\u00a0<\/span><span class=\"property-desc line-limit-length\">M, L<\/span><\/li>\n<li class=\"product-prop line-limit-length\"><span class=\"property-title\">Largeur :\u00a0<\/span><span class=\"property-desc line-limit-length\">10CM<\/span><\/li>\n<li class=\"product-prop line-limit-length\"><span class=\"property-title\">\u00c9paisseur :\u00a0<\/span><span class=\"property-desc line-limit-length\">6 mm<\/span><\/li>\n<li class=\"product-prop line-limit-length\"><span class=\"property-title\">Personnes concern\u00e9es :\u00a0<\/span><span class=\"property-desc line-limit-length\">hommes, femmes<\/span><\/li>\n<li class=\"product-prop line-limit-length\"><span class=\"property-title\">Caract\u00e9ristiques :\u00a0<\/span><span class=\"property-desc line-limit-length\">Ajustement libre \u00e0 trous multiples, impression de motifs personnalis\u00e9s en haute d\u00e9finition, rembourrage \u00e9pais et confortable au niveau de la taille.<\/span><\/li>\n<li class=\"product-prop line-limit-length\"><span class=\"property-title\">Sc\u00e9narios d'utilisation :\u00a0<\/span><span class=\"property-desc line-limit-length\">halt\u00e9rophilie, powerlifting, deadlifting, squats, crossover, d\u00e9velopp\u00e9 couch\u00e9, bodybuilding, musculation<\/span><\/li>\n<li class=\"product-prop line-limit-length\"><span class=\"property-title\">Fonction :\u00a0<\/span><span class=\"property-desc line-limit-length\">soutien et protection de la taille<\/span><\/li>\n<li class=\"product-prop line-limit-length\"><span class=\"property-title\">Le paquet comprend :\u00a0<\/span><span class=\"property-desc line-limit-length\">1 pi\u00e8ce de ceinture d'halt\u00e9rophilie<\/span><\/li>\n<\/ul>\n<\/div>\n<div class=\"detailmodule_html\">\n<div class=\"detail-desc-decorate-richtext\">\n<p><strong>S\u00e9lection de la taille :<\/strong><\/p>\n<p><strong>M conviendra \u00e0 une taille de 56 \u00e0 85 cm<\/strong><\/p>\n<p><strong>L s'adaptera \u00e0 une taille de 80 \u00e0 115 cm<\/strong><\/p>\n<p>&nbsp;<\/p>\n<p><strong>Nom : ceinture d'halt\u00e9rophilie.<\/strong><\/p>\n<p><strong>Couleur : noir<\/strong><\/p>\n<p><strong>Mat\u00e9riau : cuir PU de haute qualit\u00e9.<\/strong><\/p>\n<p><strong>Style de design : Fitness King Kong<\/strong><\/p>\n<p><strong>Taille : M, L<\/strong><\/p>\n<p><strong>Largeur : 10 cm<\/strong><\/p>\n<p><strong>\u00c9paisseur : 6 mm<\/strong><\/p>\n<p><strong>Personnes applicables : hommes, femmes<\/strong><\/p>\n<p><strong>Caract\u00e9ristiques : r\u00e9glage libre multi-trous, impression de motif personnalis\u00e9 haute d\u00e9finition, rembourrage de taille \u00e9pais et confortable.<\/strong><\/p>\n<p><strong>Sc\u00e9narios d'utilisation : halt\u00e9rophilie en salle de sport, powerlifting, staging, squats, crossover, d\u00e9velopp\u00e9 couch\u00e9, musculation, musculation<\/strong><\/p>\n<p><strong>Fonction : maintien et protection de la taille<\/strong><\/p>\n<p><strong>Le forfait comprend : 1 morceau de ceinture d'halt\u00e9rophilie<\/strong><\/p>\n<p><img decoding=\"async\" src=\"https:\/\/ae01.alicdn.com\/kf\/Sb9933fea55534304a462ffc494d9b004Y.jpg\" \/><img decoding=\"async\" src=\"https:\/\/ae01.alicdn.com\/kf\/Sa422d3ec4abc472f82c35fc2d4ea79727.jpg\" \/><img decoding=\"async\" src=\"https:\/\/ae01.alicdn.com\/kf\/S78bf504e9da34b6ba11bee345892734fv.jpg\" \/><img decoding=\"async\" src=\"https:\/\/ae01.alicdn.com\/kf\/Sd795616d085b432ca1048d37bfed7302L.jpg\" \/><img decoding=\"async\" src=\"https:\/\/ae01.alicdn.com\/kf\/S379790c3019e47b5b29a624c7b76d20ff.jpg\" \/><img decoding=\"async\" src=\"https:\/\/ae01.alicdn.com\/kf\/S5e834f1aff9040c094d47816c9923490y.jpg\" \/><img decoding=\"async\" src=\"https:\/\/ae01.alicdn.com\/kf\/Sec99cdd6431b4ccba86a688266efdb542.jpg\" \/><img decoding=\"async\" src=\"https:\/\/ae01.alicdn.com\/kf\/Sda770062e92248e791d33b60cdbf6b79V.jpg\" \/><img decoding=\"async\" src=\"https:\/\/ae01.alicdn.com\/kf\/S4bf0eb7e1f61429a9a8ad40c260267c5k.jpg\" \/><img decoding=\"async\" src=\"https:\/\/ae01.alicdn.com\/kf\/Sf2d91573d4e145fc824e3be5c48c21d7w.jpg\" \/><img decoding=\"async\" src=\"https:\/\/ae01.alicdn.com\/kf\/S74ff5246f3014cbf85560462a844cd504.jpg\" \/><img decoding=\"async\" src=\"https:\/\/ae01.alicdn.com\/kf\/S87be64872b7a45af9ad78927905a5ef7D.jpg\" \/><img decoding=\"async\" src=\"https:\/\/ae01.alicdn.com\/kf\/S123a9cde4eea4bb39282cde240cf5d42y.jpg\" \/><img decoding=\"async\" src=\"https:\/\/ae01.alicdn.com\/kf\/S3ab0bc65e4fe49a6959273fde6c3a428J.jpg\" \/><img decoding=\"async\" src=\"https:\/\/ae01.alicdn.com\/kf\/S51fbff6744a0427fb912ae32d390871bX.jpg\" \/><\/p>\n<\/div>\n<\/div>","protected":false},"excerpt":{"rendered":"<p>&nbsp; Chimique Hign-concern\u00e9:\u00a0Aucun \u00c2ge:\u00a0Au-dessus de 13 Num\u00e9ro de Mod\u00e8le:\u00a0Weightlifting Belt Mat\u00e9riau:\u00a0High-quality PU leather Personnes Applicables:\u00a0Adult Nom de marque:\u00a0WHCMJP Origine:\u00a0CN (Origine)<\/p>","protected":false},"featured_media":2849,"comment_status":"open","ping_status":"closed","template":"","meta":[],"product_brand":[],"product_cat":[5747,5758],"product_tag":[],"class_list":{"0":"post-2848","1":"product","2":"type-product","3":"status-publish","4":"has-post-thumbnail","6":"product_cat-fitness-accessories","7":"product_cat-weighting-belts-wrist-wrap","9":"first","10":"instock","11":"shipping-taxable","12":"purchasable","13":"product-type-variable"},"jetpack_sharing_enabled":true,"_links":{"self":[{"href":"https:\/\/afrycom.com\/fr\/wp-json\/wp\/v2\/product\/2848","targetHints":{"allow":["GET"]}}],"collection":[{"href":"https:\/\/afrycom.com\/fr\/wp-json\/wp\/v2\/product"}],"about":[{"href":"https:\/\/afrycom.com\/fr\/wp-json\/wp\/v2\/types\/product"}],"replies":[{"embeddable":true,"href":"https:\/\/afrycom.com\/fr\/wp-json\/wp\/v2\/comments?post=2848"}],"wp:featuredmedia":[{"embeddable":true,"href":"https:\/\/afrycom.com\/fr\/wp-json\/wp\/v2\/media\/2849"}],"wp:attachment":[{"href":"https:\/\/afrycom.com\/fr\/wp-json\/wp\/v2\/media?parent=2848"}],"wp:term":[{"taxonomy":"product_brand","embeddable":true,"href":"https:\/\/afrycom.com\/fr\/wp-json\/wp\/v2\/product_brand?post=2848"},{"taxonomy":"product_cat","embeddable":true,"href":"https:\/\/afrycom.com\/fr\/wp-json\/wp\/v2\/product_cat?post=2848"},{"taxonomy":"product_tag","embeddable":true,"href":"https:\/\/afrycom.com\/fr\/wp-json\/wp\/v2\/product_tag?post=2848"}],"curies":[{"name":"wp","href":"https:\/\/api.w.org\/{rel}","templated":true}]}}