{"id":28462,"date":"2025-12-31T00:13:05","date_gmt":"2025-12-31T00:13:05","guid":{"rendered":"https:\/\/afrycom.com\/product\/%e5%b1%8f%e5%b9%95%e7%89%a9%e7%90%86%e6%a8%a1%e6%8b%9f%e6%89%8b%e6%8c%87%e7%82%b9%e5%b1%8f%e5%99%a8%e6%8a%a2%e8%b4%ad%e7%9b%b4%e6%92%ad%e9%9d%99%e9%9f%b3%e7%82%b9%e7%ba%a2%e5%bf%83%e8%b5%9e%e7%a5%9e\/"},"modified":"2026-01-03T03:42:39","modified_gmt":"2026-01-03T03:42:39","slug":"simulateur-tactile-appuie-automatique-et-silencieux-sur-lecran-pour-liker-coeurs-rouges-en-direct-participer-a-des-ventes-flash-ou-effectuer-des-clics-repetes-imite-par","status":"publish","type":"product","link":"https:\/\/afrycom.com\/fr\/produit\/simulateur-tactile-appuie-automatique-et-silencieux-sur-lecran-pour-liker-coeurs-rouges-en-direct-participer-a-des-ventes-flash-ou-effectuer-des-clics-repetes-imite-par\/","title":{"rendered":"Simulateur tactile \u2013 Appuie automatique et silencieux sur l\u2019\u00e9cran pour liker (c\u0153urs rouges) en direct, participer \u00e0 des ventes flash ou effectuer des clics r\u00e9p\u00e9t\u00e9s \u2013 imite parfaitement un vrai doigt."},"content":{"rendered":"","protected":false},"excerpt":{"rendered":"","protected":false},"featured_media":28463,"comment_status":"open","ping_status":"closed","template":"","meta":[],"product_brand":[],"product_cat":[85],"product_tag":[],"class_list":{"0":"post-28462","1":"product","2":"type-product","3":"status-publish","4":"has-post-thumbnail","6":"product_cat-accessories","8":"first","9":"instock","10":"shipping-taxable","11":"purchasable","12":"product-type-variable"},"jetpack_sharing_enabled":true,"_links":{"self":[{"href":"https:\/\/afrycom.com\/fr\/wp-json\/wp\/v2\/product\/28462","targetHints":{"allow":["GET"]}}],"collection":[{"href":"https:\/\/afrycom.com\/fr\/wp-json\/wp\/v2\/product"}],"about":[{"href":"https:\/\/afrycom.com\/fr\/wp-json\/wp\/v2\/types\/product"}],"replies":[{"embeddable":true,"href":"https:\/\/afrycom.com\/fr\/wp-json\/wp\/v2\/comments?post=28462"}],"wp:featuredmedia":[{"embeddable":true,"href":"https:\/\/afrycom.com\/fr\/wp-json\/wp\/v2\/media\/28463"}],"wp:attachment":[{"href":"https:\/\/afrycom.com\/fr\/wp-json\/wp\/v2\/media?parent=28462"}],"wp:term":[{"taxonomy":"product_brand","embeddable":true,"href":"https:\/\/afrycom.com\/fr\/wp-json\/wp\/v2\/product_brand?post=28462"},{"taxonomy":"product_cat","embeddable":true,"href":"https:\/\/afrycom.com\/fr\/wp-json\/wp\/v2\/product_cat?post=28462"},{"taxonomy":"product_tag","embeddable":true,"href":"https:\/\/afrycom.com\/fr\/wp-json\/wp\/v2\/product_tag?post=28462"}],"curies":[{"name":"wp","href":"https:\/\/api.w.org\/{rel}","templated":true}]}}