{"id":28401,"date":"2025-10-27T01:43:13","date_gmt":"2025-10-27T01:43:13","guid":{"rendered":"https:\/\/afrycom.com\/product\/%e5%bd%b1%e9%81%93%e9%87%91%e5%b1%9e%e8%9f%b9%e9%92%b3%e5%a4%b9%e5%a4%a7%e5%8a%9b%e5%9b%ba%e5%ae%9a%e5%a4%b9%e6%80%aa%e6%89%8b%e8%b1%8c%e8%b1%86%e5%a4%b9%e9%ad%94%e6%9c%af%e8%87%82%e6%89%8b%e6%9c%ba\/"},"modified":"2025-12-21T03:38:57","modified_gmt":"2025-12-21T03:38:57","slug":"support-metal-yingdao-pince-solide-bras-flexible-reglable-compatible-telephone-camera-360-dji-gopro-ideal-pour-videos-velo-prise-de-vue-multidirectionnelle","status":"publish","type":"product","link":"https:\/\/afrycom.com\/fr\/produit\/support-metal-yingdao-pince-solide-bras-flexible-reglable-compatible-telephone-camera-360-dji-gopro-ideal-pour-videos-velo-prise-de-vue-multidirectionnelle\/","title":{"rendered":"Support m\u00e9tal Yingdao \u2013 pince solide, bras flexible r\u00e9glable, compatible t\u00e9l\u00e9phone, cam\u00e9ra 360\u00b0, DJI, GoPro. Id\u00e9al pour vid\u00e9os, v\u00e9lo, prise de vue multidirectionnelle."},"content":{"rendered":"","protected":false},"excerpt":{"rendered":"","protected":false},"featured_media":28402,"comment_status":"open","ping_status":"closed","template":"","meta":[],"product_brand":[],"product_cat":[85],"product_tag":[],"class_list":{"0":"post-28401","1":"product","2":"type-product","3":"status-publish","4":"has-post-thumbnail","6":"product_cat-accessories","8":"first","9":"instock","10":"shipping-taxable","11":"purchasable","12":"product-type-variable"},"jetpack_sharing_enabled":true,"_links":{"self":[{"href":"https:\/\/afrycom.com\/fr\/wp-json\/wp\/v2\/product\/28401","targetHints":{"allow":["GET"]}}],"collection":[{"href":"https:\/\/afrycom.com\/fr\/wp-json\/wp\/v2\/product"}],"about":[{"href":"https:\/\/afrycom.com\/fr\/wp-json\/wp\/v2\/types\/product"}],"replies":[{"embeddable":true,"href":"https:\/\/afrycom.com\/fr\/wp-json\/wp\/v2\/comments?post=28401"}],"wp:featuredmedia":[{"embeddable":true,"href":"https:\/\/afrycom.com\/fr\/wp-json\/wp\/v2\/media\/28402"}],"wp:attachment":[{"href":"https:\/\/afrycom.com\/fr\/wp-json\/wp\/v2\/media?parent=28401"}],"wp:term":[{"taxonomy":"product_brand","embeddable":true,"href":"https:\/\/afrycom.com\/fr\/wp-json\/wp\/v2\/product_brand?post=28401"},{"taxonomy":"product_cat","embeddable":true,"href":"https:\/\/afrycom.com\/fr\/wp-json\/wp\/v2\/product_cat?post=28401"},{"taxonomy":"product_tag","embeddable":true,"href":"https:\/\/afrycom.com\/fr\/wp-json\/wp\/v2\/product_tag?post=28401"}],"curies":[{"name":"wp","href":"https:\/\/api.w.org\/{rel}","templated":true}]}}