{"id":28354,"date":"2025-10-27T01:42:23","date_gmt":"2025-10-27T01:42:23","guid":{"rendered":"https:\/\/afrycom.com\/product\/%e6%96%b0%e6%ac%besup%e6%8e%8c%e4%b8%8a%e6%b8%b8%e6%88%8f%e6%9c%ba%e5%a4%8d%e5%8f%a4%e6%8e%8c%e6%9c%ba%e8%80%81%e5%bc%8f%e6%b8%b8%e6%88%8f%e6%9c%ba%e4%be%bf%e6%90%ba%e8%bf%b7%e4%bd%a0psp%e5%8f%8c\/"},"modified":"2025-12-21T03:37:20","modified_gmt":"2025-12-21T03:37:20","slug":"nouveau-sup-console-de-jeu-portable-retro-mini-console-de-jeux-classiques-style-psp-portable-pour-deux-joueurs-petit-format-ideale-pour-les-enfants-jeux-retro-comme-tetris-et-mario","status":"publish","type":"product","link":"https:\/\/afrycom.com\/fr\/produit\/nouveau-sup-console-de-jeu-portable-retro-mini-console-de-jeux-classiques-style-psp-portable-pour-deux-joueurs-petit-format-ideale-pour-les-enfants-jeux-retro-comme-tetris-et-mario\/","title":{"rendered":"Nouveau Sup - Console de jeu portable r\u00e9tro, mini console de jeux classiques style PSP, portable, pour deux joueurs, petit format, id\u00e9ale pour les enfants, jeux r\u00e9tro comme Tetris et Mario - Cadeau parfait pour la f\u00eate des enfants ou pour offrir \u00e0 son petit ami."},"content":{"rendered":"","protected":false},"excerpt":{"rendered":"","protected":false},"featured_media":28355,"comment_status":"open","ping_status":"closed","template":"","meta":[],"product_brand":[],"product_cat":[42],"product_tag":[],"class_list":{"0":"post-28354","1":"product","2":"type-product","3":"status-publish","4":"has-post-thumbnail","6":"product_cat-consoles-gaming-electronics","8":"first","9":"instock","10":"shipping-taxable","11":"purchasable","12":"product-type-variable"},"jetpack_sharing_enabled":true,"_links":{"self":[{"href":"https:\/\/afrycom.com\/fr\/wp-json\/wp\/v2\/product\/28354","targetHints":{"allow":["GET"]}}],"collection":[{"href":"https:\/\/afrycom.com\/fr\/wp-json\/wp\/v2\/product"}],"about":[{"href":"https:\/\/afrycom.com\/fr\/wp-json\/wp\/v2\/types\/product"}],"replies":[{"embeddable":true,"href":"https:\/\/afrycom.com\/fr\/wp-json\/wp\/v2\/comments?post=28354"}],"wp:featuredmedia":[{"embeddable":true,"href":"https:\/\/afrycom.com\/fr\/wp-json\/wp\/v2\/media\/28355"}],"wp:attachment":[{"href":"https:\/\/afrycom.com\/fr\/wp-json\/wp\/v2\/media?parent=28354"}],"wp:term":[{"taxonomy":"product_brand","embeddable":true,"href":"https:\/\/afrycom.com\/fr\/wp-json\/wp\/v2\/product_brand?post=28354"},{"taxonomy":"product_cat","embeddable":true,"href":"https:\/\/afrycom.com\/fr\/wp-json\/wp\/v2\/product_cat?post=28354"},{"taxonomy":"product_tag","embeddable":true,"href":"https:\/\/afrycom.com\/fr\/wp-json\/wp\/v2\/product_tag?post=28354"}],"curies":[{"name":"wp","href":"https:\/\/api.w.org\/{rel}","templated":true}]}}