{"id":28311,"date":"2025-10-27T01:42:13","date_gmt":"2025-10-27T01:42:13","guid":{"rendered":"https:\/\/afrycom.com\/product\/2025%e6%96%b0%e6%ac%besup%e6%8e%8c%e4%b8%8a%e6%b8%b8%e6%88%8f%e6%9c%ba%e8%80%81%e5%bc%8f%e5%a4%8d%e5%8f%a4%e6%80%80%e6%97%a7%e5%bc%80%e6%ba%90%e6%8e%8c%e6%9c%ba%e7%bb%8f%e5%85%b8%e6%b8%b8%e6%88%8f\/"},"modified":"2025-11-03T04:05:32","modified_gmt":"2025-11-03T04:05:32","slug":"sup-nouvelle-console-portable-2025-retro-open-source-jeux-classiques-integres-style-psp-arcade","status":"publish","type":"product","link":"https:\/\/afrycom.com\/fr\/produit\/sup-nouvelle-console-portable-2025-retro-open-source-jeux-classiques-integres-style-psp-arcade\/","title":{"rendered":"Sup - Nouvelle console portable 2025, r\u00e9tro, open source, jeux classiques int\u00e9gr\u00e9s, style PSP\/arcade."},"content":{"rendered":"","protected":false},"excerpt":{"rendered":"","protected":false},"featured_media":28312,"comment_status":"open","ping_status":"closed","template":"","meta":[],"product_brand":[],"product_cat":[42],"product_tag":[],"class_list":{"0":"post-28311","1":"product","2":"type-product","3":"status-publish","4":"has-post-thumbnail","6":"product_cat-consoles-gaming-electronics","8":"first","9":"instock","10":"sale","11":"shipping-taxable","12":"purchasable","13":"product-type-variable"},"jetpack_sharing_enabled":true,"_links":{"self":[{"href":"https:\/\/afrycom.com\/fr\/wp-json\/wp\/v2\/product\/28311","targetHints":{"allow":["GET"]}}],"collection":[{"href":"https:\/\/afrycom.com\/fr\/wp-json\/wp\/v2\/product"}],"about":[{"href":"https:\/\/afrycom.com\/fr\/wp-json\/wp\/v2\/types\/product"}],"replies":[{"embeddable":true,"href":"https:\/\/afrycom.com\/fr\/wp-json\/wp\/v2\/comments?post=28311"}],"wp:featuredmedia":[{"embeddable":true,"href":"https:\/\/afrycom.com\/fr\/wp-json\/wp\/v2\/media\/28312"}],"wp:attachment":[{"href":"https:\/\/afrycom.com\/fr\/wp-json\/wp\/v2\/media?parent=28311"}],"wp:term":[{"taxonomy":"product_brand","embeddable":true,"href":"https:\/\/afrycom.com\/fr\/wp-json\/wp\/v2\/product_brand?post=28311"},{"taxonomy":"product_cat","embeddable":true,"href":"https:\/\/afrycom.com\/fr\/wp-json\/wp\/v2\/product_cat?post=28311"},{"taxonomy":"product_tag","embeddable":true,"href":"https:\/\/afrycom.com\/fr\/wp-json\/wp\/v2\/product_tag?post=28311"}],"curies":[{"name":"wp","href":"https:\/\/api.w.org\/{rel}","templated":true}]}}