{"id":2831,"date":"2025-03-08T05:50:22","date_gmt":"2025-03-08T05:50:22","guid":{"rendered":"https:\/\/afrycom.com\/product\/sauna-taille-tondeuse-ventre-enveloppement-entrainement-sport-sueur-bande-abdominale-formateur-perte-de-poids-corps-shaper-ventre-controle-minceur-ceinture\/"},"modified":"2025-03-08T05:50:27","modified_gmt":"2025-03-08T05:50:27","slug":"sauna-taille-tondeuse-ventre-enveloppement-entrainement-sport-sueur-bande-abdominale-formateur-perte-de-poids-corps-shaper-ventre-controle-minceur-ceinture","status":"publish","type":"product","link":"https:\/\/afrycom.com\/fr\/produit\/sauna-taille-tondeuse-ventre-enveloppement-entrainement-sport-sueur-bande-abdominale-formateur-perte-de-poids-corps-shaper-ventre-controle-minceur-ceinture\/","title":{"rendered":"Sauna taille tondeuse ventre enveloppement entra\u00eenement Sport sueur bande abdominale formateur perte de poids corps Shaper ventre contr\u00f4le minceur ceinture"},"content":{"rendered":"<div class=\"product-specs-list-container\">\n<ul class=\"product-specs-list util-clearfix\">\n<li class=\"product-prop line-limit-length\"><span\n                                        class=\"property-title\">Chimique Hign-concern\u00e9 :&nbsp;<\/span><span\n                                        class=\"property-desc line-limit-length\">Aucun<\/span>\n                            <\/li>\n<li class=\"product-prop line-limit-length\"><span\n                                        class=\"property-title\">\u00c2ge :&nbsp;<\/span><span\n                                        class=\"property-desc line-limit-length\">Au-dessus de 13<\/span>\n                            <\/li>\n<li class=\"product-prop line-limit-length\"><span\n                                        class=\"property-title\">Num\u00e9ro de Mod\u00e8le :&nbsp;<\/span><span\n                                        class=\"property-desc line-limit-length\">sauna<\/span>\n                            <\/li>\n<li class=\"product-prop line-limit-length\"><span\n                                        class=\"property-title\">Mat\u00e9riau :&nbsp;<\/span><span\n                                        class=\"property-desc line-limit-length\">spandex, fibre de polyester<\/span>\n                            <\/li>\n<li class=\"product-prop line-limit-length\"><span\n                                        class=\"property-title\">Personnes Applicables :&nbsp;<\/span><span\n                                        class=\"property-desc line-limit-length\">Adulte<\/span>\n                            <\/li>\n<li class=\"product-prop line-limit-length\"><span\n                                        class=\"property-title\">Nom de marque :&nbsp;<\/span><span\n                                        class=\"property-desc line-limit-length\">RPXBGUCKARHG<\/span>\n                            <\/li>\n<li class=\"product-prop line-limit-length\"><span\n                                        class=\"property-title\">Origine :&nbsp;<\/span><span\n                                        class=\"property-desc line-limit-length\">CN (Origine)<\/span>\n                            <\/li>\n<li class=\"product-prop line-limit-length\"><span\n                                        class=\"property-title\">origine :&nbsp;<\/span><span\n                                        class=\"property-desc line-limit-length\">Chine continentale<\/span>\n                            <\/li>\n<li class=\"product-prop line-limit-length\"><span\n                                        class=\"property-title\">v\u00eatements de sport :&nbsp;<\/span><span\n                                        class=\"property-desc line-limit-length\">entra\u00eenement physique<\/span>\n                            <\/li>\n<li class=\"product-prop line-limit-length\"><span\n                                        class=\"property-title\">ceinture amincissante pour sauna :&nbsp;<\/span><span\n                                        class=\"property-desc line-limit-length\">entra\u00eeneur de taille<\/span>\n                            <\/li>\n<\/ul><\/div>\n<div class=\"detailmodule_html\">\n<div class=\"detail-desc-decorate-richtext\">\n<div class=\"detailmodule_text-image\">\n<p style=\"font-family:OpenSans;font-size:20px;font-weight:900;line-height:28px;white-space:pre-wrap;color:rgb(0, 0, 0);margin-bottom:12px\" class=\"detail-desc-decorate-title\">Sauna taille tondeuse ventre enveloppement entra\u00eenement Sport bande de sueur entra\u00eeneur Abdominal perte de poids corps Shaper ventre contr\u00f4le minceur ceinture<\/p>\n<div><img decoding=\"async\" class=\"detail-desc-decorate-image\" src=\"https:\/\/ae01.alicdn.com\/kf\/Sf4dc68e7c7f34bc989661492e2629120a.jpg\" slate-data-type=\"image\"><img decoding=\"async\" class=\"detail-desc-decorate-image\" src=\"https:\/\/ae01.alicdn.com\/kf\/Se709470aaaee4608be878289ee93056d2.jpg\" slate-data-type=\"image\"><img decoding=\"async\" class=\"detail-desc-decorate-image\" src=\"https:\/\/ae01.alicdn.com\/kf\/S8e3ad554af794361af6c9b6c4a644f53m.jpg\" slate-data-type=\"image\"><img decoding=\"async\" class=\"detail-desc-decorate-image\" src=\"https:\/\/ae01.alicdn.com\/kf\/S48213c55691c4d1c96c04b1ec3f25d50B.jpg\" slate-data-type=\"image\"><img decoding=\"async\" class=\"detail-desc-decorate-image\" src=\"https:\/\/ae01.alicdn.com\/kf\/Sabd28e5053be42a79f0fbda85dc75bfbg.jpg\" slate-data-type=\"image\"><img decoding=\"async\" class=\"detail-desc-decorate-image\" src=\"https:\/\/ae01.alicdn.com\/kf\/S3ebc1d35dfb34c418bd65395ee9875fcG.jpg\" slate-data-type=\"image\"><img decoding=\"async\" class=\"detail-desc-decorate-image\" src=\"https:\/\/ae01.alicdn.com\/kf\/S3a3dfd2236b14246a3acc56f2c2475c34.jpg\" slate-data-type=\"image\"><\/div>\n<\/div>\n<p><\/p>\n<\/div>\n<\/div>","protected":false},"excerpt":{"rendered":"<p>Chimique Hign-concern\u00e9:&nbsp;Aucun \u00c2ge:&nbsp;Au-dessus de 13 Num\u00e9ro de Mod\u00e8le:&nbsp;sauna Mat\u00e9riau:&nbsp;spandex,Polyester fiber Personnes Applicables:&nbsp;Adult Nom de marque:&nbsp;RPXBGUCKARHG Origine:&nbsp;CN (Origine) origin:&nbsp;Mainland China sport<\/p>","protected":false},"featured_media":2832,"comment_status":"open","ping_status":"closed","template":"","meta":[],"product_brand":[],"product_cat":[15],"product_tag":[],"class_list":{"0":"post-2831","1":"product","2":"type-product","3":"status-publish","4":"has-post-thumbnail","6":"product_cat-uncategorized","8":"first","9":"instock","10":"shipping-taxable","11":"purchasable","12":"product-type-variable"},"jetpack_sharing_enabled":true,"_links":{"self":[{"href":"https:\/\/afrycom.com\/fr\/wp-json\/wp\/v2\/product\/2831","targetHints":{"allow":["GET"]}}],"collection":[{"href":"https:\/\/afrycom.com\/fr\/wp-json\/wp\/v2\/product"}],"about":[{"href":"https:\/\/afrycom.com\/fr\/wp-json\/wp\/v2\/types\/product"}],"replies":[{"embeddable":true,"href":"https:\/\/afrycom.com\/fr\/wp-json\/wp\/v2\/comments?post=2831"}],"wp:featuredmedia":[{"embeddable":true,"href":"https:\/\/afrycom.com\/fr\/wp-json\/wp\/v2\/media\/2832"}],"wp:attachment":[{"href":"https:\/\/afrycom.com\/fr\/wp-json\/wp\/v2\/media?parent=2831"}],"wp:term":[{"taxonomy":"product_brand","embeddable":true,"href":"https:\/\/afrycom.com\/fr\/wp-json\/wp\/v2\/product_brand?post=2831"},{"taxonomy":"product_cat","embeddable":true,"href":"https:\/\/afrycom.com\/fr\/wp-json\/wp\/v2\/product_cat?post=2831"},{"taxonomy":"product_tag","embeddable":true,"href":"https:\/\/afrycom.com\/fr\/wp-json\/wp\/v2\/product_tag?post=2831"}],"curies":[{"name":"wp","href":"https:\/\/api.w.org\/{rel}","templated":true}]}}