{"id":2826,"date":"2025-03-08T05:50:20","date_gmt":"2025-03-08T05:50:20","guid":{"rendered":"https:\/\/afrycom.com\/product\/tondeuse-a-cheveux-electrique-aste-3-en-1-pour-homme-rasoir-etanche-sans-fil-tondeuse-a-barbe-antarctique\/"},"modified":"2025-03-08T05:50:26","modified_gmt":"2025-03-08T05:50:26","slug":"tondeuse-a-cheveux-electrique-aste-3-en-1-pour-homme-rasoir-etanche-sans-fil-tondeuse-a-barbe-antarctique","status":"publish","type":"product","link":"https:\/\/afrycom.com\/fr\/produit\/tondeuse-a-cheveux-electrique-aste-3-en-1-pour-homme-rasoir-etanche-sans-fil-tondeuse-a-barbe-antarctique\/","title":{"rendered":"Tondeuse \u00e0 cheveux \u00e9lectrique aste 3 en 1 pour homme, rasoir \u00e9tanche sans fil, tondeuse \u00e0 barbe antarctique"},"content":{"rendered":"<div class=\"product-specs-list-container\">\n<ul class=\"product-specs-list util-clearfix\">\n<li class=\"product-prop line-limit-length\"><span\n                                        class=\"property-title\">La tension :&nbsp;<\/span><span\n                                        class=\"property-desc line-limit-length\">Universel ( 100 - 240 V )<\/span>\n                            <\/li>\n<li class=\"product-prop line-limit-length\"><span\n                                        class=\"property-title\">Type D&#039;alimentation:&nbsp;<\/span><span\n                                        class=\"property-desc line-limit-length\">Rechargeable<\/span>\n                            <\/li>\n<li class=\"product-prop line-limit-length\"><span\n                                        class=\"property-title\">Sexe :&nbsp;<\/span><span\n                                        class=\"property-desc line-limit-length\">M\u00e2le<\/span>\n                            <\/li>\n<li class=\"product-prop line-limit-length\"><span\n                                        class=\"property-title\">Nom de marque :&nbsp;<\/span><span\n                                        class=\"property-desc line-limit-length\">MOONBIFFY<\/span>\n                            <\/li>\n<li class=\"product-prop line-limit-length\"><span\n                                        class=\"property-title\">Origine :&nbsp;<\/span><span\n                                        class=\"property-desc line-limit-length\">CN (Origine)<\/span>\n                            <\/li>\n<li class=\"product-prop line-limit-length\"><span\n                                        class=\"property-title\">Certification :&nbsp;<\/span><span\n                                        class=\"property-desc line-limit-length\">AUCUN<\/span>\n                            <\/li>\n<li class=\"product-prop line-limit-length\"><span\n                                        class=\"property-title\">Mat\u00e9riau :&nbsp;<\/span><span\n                                        class=\"property-desc line-limit-length\">ABS (Acrylonitrile Butadiene Styrene)<\/span>\n                            <\/li>\n<li class=\"product-prop line-limit-length\"><span\n                                        class=\"property-title\">Num\u00e9ro de mod\u00e8le :&nbsp;<\/span><span\n                                        class=\"property-desc line-limit-length\">Hair Trimmers<\/span>\n                            <\/li>\n<li class=\"product-prop line-limit-length\"><span\n                                        class=\"property-title\">Batterie :&nbsp;<\/span><span\n                                        class=\"property-desc line-limit-length\">1xAA rechargeable Ni-Cd battery 600mA 1.2V<\/span>\n                            <\/li>\n<li class=\"product-prop line-limit-length\"><span\n                                        class=\"property-title\">Rated voltage:&nbsp;<\/span><span\n                                        class=\"property-desc line-limit-length\">220~240V 50~60Hz<\/span>\n                            <\/li>\n<li class=\"product-prop line-limit-length\"><span\n                                        class=\"property-title\">Temps de charge :&nbsp;<\/span><span\n                                        class=\"property-desc line-limit-length\">8h<\/span>\n                            <\/li>\n<li class=\"product-prop line-limit-length\"><span\n                                        class=\"property-title\">Head:&nbsp;<\/span><span\n                                        class=\"property-desc line-limit-length\">oui<\/span>\n                            <\/li>\n<li class=\"product-prop line-limit-length\"><span\n                                        class=\"property-title\">drop shipping:&nbsp;<\/span><span\n                                        class=\"property-desc line-limit-length\">support<\/span>\n                            <\/li>\n<li class=\"product-prop line-limit-length\"><span\n                                        class=\"property-title\">Dropshipping,Wholesale:&nbsp;<\/span><span\n                                        class=\"property-desc line-limit-length\">Soutien<\/span>\n                            <\/li>\n<\/ul><\/div>\n<div class=\"detailmodule_html\">\n<div class=\"detail-desc-decorate-richtext\">\n<div>\n<div>\n<div>\n<div>\n<div>\n<div>\n<p><strong><span style=\"font-size:21px;\"><span style=\"font-family:arial,helvetica,sans-serif;\" id=\"tl_1\">Description :<\/span><\/span><\/strong><\/p>\n<p><span style=\"font-family:'Times New Roman';font-size:16px\"><span style=\"font-family:tahoma, geneva, sans-serif;background-color:#FFFFFF;font-weight:700 !important;\" id=\"tl_2\">Sp\u00e9cification :<\/span><\/span><\/p>\n<p><span style=\"font-family:'Times New Roman';font-size:16px\"><span style=\"font-family:tahoma, geneva, sans-serif;background-color:#FFFFFF;\" id=\"tl_3\">Mat&eacute;riau: ABS (Acrylonitrile Butadi&egrave;ne Styr&egrave;ne)<\/span><\/span><\/p>\n<p><span style=\"font-family:'Times New Roman';font-size:16px\"><span style=\"font-family:tahoma, geneva, sans-serif;background-color:#FFFFFF;\" id=\"tl_4\">Couleur: Fr&ecirc;ne noir<\/span><\/span><\/p>\n<p><span style=\"font-family:'Times New Roman';font-size:16px\"><span style=\"font-family:tahoma, geneva, sans-serif;background-color:#FFFFFF;\" id=\"tl_5\">Taille de l&#8217;h&ocirc;te: 6.5&#215;4.5&#215;4.5cm\/2.5 &quot;x 1.7&quot; x 1.7&quot;<\/span><\/span><\/p>\n<p><span style=\"font-family:'Times New Roman';font-size:16px\"><span style=\"font-family:tahoma, geneva, sans-serif;background-color:#FFFFFF;\" id=\"tl_6\">Batterie: 1xAA batterie rechargeable Ni-Cd 600mA 1.2V<\/span><\/span><\/p>\n<p><span style=\"font-family:'Times New Roman';font-size:16px\"><span style=\"font-family:tahoma, geneva, sans-serif;background-color:#FFFFFF;\" id=\"tl_7\">Tension nominale: 220 ~ 240V 50 ~ 60Hz<\/span><\/span><\/p>\n<p><span style=\"font-family:'Times New Roman';font-size:16px\"><span style=\"font-family:tahoma, geneva, sans-serif;background-color:#FFFFFF;\" id=\"tl_8\">Temps de charge: 8h<\/span><\/span><\/p>\n<p><span style=\"font-family:'Times New Roman';font-size:16px\"><span style=\"font-family:tahoma, geneva, sans-serif;background-color:#FFFFFF;\" id=\"tl_9\">T&ecirc;te: oui<\/span><\/span><\/p>\n<p><span style=\"font-family:'Times New Roman';font-size:16px\"><\/span><\/p>\n<p><span style=\"font-family:'Times New Roman';font-size:16px\"><span style=\"font-family:tahoma, geneva, sans-serif;background-color:#FFFFFF;font-weight:700 !important;\" id=\"tl_10\">Caract\u00e9ristiques :<\/span><\/span><\/p>\n<p><span style=\"font-family:'Times New Roman';font-size:16px\"><span style=\"font-family:tahoma, geneva, sans-serif;background-color:#FFFFFF;\" id=\"tl_11\">Syst&egrave;me de coupe avanc&eacute;\/lame stationnaire plaqu&eacute;e titane<\/span><\/span><\/p>\n<p><span style=\"font-family:'Times New Roman';font-size:16px\"><span style=\"font-family:tahoma, geneva, sans-serif;background-color:#FFFFFF;\" id=\"tl_12\">Conception muette\/nez plus bas que les produits similaires<\/span><\/span><\/p>\n<p><span style=\"font-family:'Times New Roman';font-size:16px\"><span style=\"font-family:tahoma, geneva, sans-serif;background-color:#FFFFFF;\" id=\"tl_13\">Mod&eacute;lisation simplifi&eacute;e\/meilleure conception ergonomique<\/span><\/span><\/p>\n<p><span style=\"font-family:'Times New Roman';font-size:16px\"><span style=\"font-family:tahoma, geneva, sans-serif;background-color:#FFFFFF;\" id=\"tl_14\">Lame mobile r&eacute;glable pour une longueur de coupe de 0.8mm &agrave; 2.0mm<\/span><\/span><\/p>\n<p><span style=\"font-family:'Times New Roman';font-size:16px\"><span style=\"font-family:tahoma, geneva, sans-serif;background-color:#FFFFFF;\" id=\"tl_15\">Utilis&eacute; sans fil, pratique &agrave; utiliser<\/span><\/span><\/p>\n<p><strong><span style=\"font-size:21px;\"><span style=\"font-family:arial,helvetica,sans-serif;\" id=\"tl_16\">Sp\u00e9cifications :<\/span><\/span><\/strong><\/p>\n<p><span style=\"font-family:'Times New Roman';font-size:16px\" id=\"tl_17\">Tondeuse &agrave; cheveux rechargeable 3 en 1 pour hommes Rasoir &eacute;lectrique sans fil &eacute;tanche Rasoir &agrave; barbe, nez et oreilles Tondeuse &agrave; cheveux<\/span><\/p>\n<p><strong><span style=\"font-size:21px;\"><span style=\"font-family:arial,helvetica,sans-serif;\" id=\"tl_18\">Le paquet comprend :<\/span><\/span><\/strong><\/p>\n<p><span style=\"font-family:'Times New Roman';font-size:16px\" id=\"tl_19\">1 x h&ocirc;te<\/span><\/p>\n<p><span style=\"font-family:'Times New Roman';font-size:16px\" id=\"tl_20\">1 x t&ecirc;te de tondeuse &agrave; cheveux<\/span><\/p>\n<p><span style=\"font-family:'Times New Roman';font-size:16px\" id=\"tl_21\">1 x t&ecirc;te de coupe nez<\/span><\/p>\n<p><span style=\"font-family:'Times New Roman';font-size:16px\" id=\"tl_22\">1 x t&ecirc;te de rasoir &agrave; barbe<\/span><\/p>\n<p><span style=\"font-family:'Times New Roman';font-size:16px\" id=\"tl_23\">1 x brosse<\/span><\/p>\n<p><span style=\"font-family:'Times New Roman';font-size:16px\" id=\"tl_24\">4 x peigne limit&eacute;<\/span><\/p>\n<p><span style=\"font-family:'Times New Roman';font-size:16px\" id=\"tl_25\">1 x c&acirc;ble de charge<\/span><\/p>\n<p><span style=\"font-family:'Times New Roman';font-size:16px\" id=\"tl_26\">1 x Manuel d&#8217;utilisation<\/span><\/p>\n<p><strong><span style=\"font-size:21px;\"><span style=\"font-family:arial,helvetica,sans-serif;\" id=\"tl_27\">Notes:<\/span><\/span><\/strong><\/p>\n<p><span style=\"font-family:'Times New Roman';font-size:16px\" id=\"tl_28\">En raison de l&#8217;affichage diff&eacute;rent et de la lumi&egrave;re diff&eacute;rente, l&#8217;image peut ne pas refl&eacute;ter la couleur r&eacute;elle de l&#8217;article. Merci de votre compr&eacute;hension.<\/span><\/p>\n<p><span style=\"font-family:'Times New Roman';font-size:16px\" id=\"tl_29\">-Veuillez pr&eacute;voir une petite diff&eacute;rence en raison de la mesure manuelle.<\/span><\/p>\n<p id=\"combine-desc-images\"><img decoding=\"async\" referrerpolicy=\"no-referrer\" src=\"https:\/\/ae01.alicdn.com\/kf\/Hd47029d25351459985eef476ddd6224be.jpg?width=800&amp;height=800&amp;hash=1600\" style=\"display: block;margin: 0 auto\" \/><img decoding=\"async\" referrerpolicy=\"no-referrer\" src=\"https:\/\/ae01.alicdn.com\/kf\/H5a5558bfa6ce46a5bf72fabe59951357g.jpg?width=800&amp;height=800&amp;hash=1600\" style=\"display: block;margin: 0 auto\" \/><img decoding=\"async\" referrerpolicy=\"no-referrer\" src=\"https:\/\/ae01.alicdn.com\/kf\/Hbbccefec02ea4570a21f4123d6d0767di.jpg?width=800&amp;height=800&amp;hash=1600\" style=\"display: block;margin: 0 auto\" \/><img decoding=\"async\" referrerpolicy=\"no-referrer\" src=\"https:\/\/ae01.alicdn.com\/kf\/H852b4ea135954c5b9326a945b584871eb.jpg?width=800&amp;height=800&amp;hash=1600\" style=\"display: block;margin: 0 auto\" \/><img decoding=\"async\" referrerpolicy=\"no-referrer\" src=\"https:\/\/ae01.alicdn.com\/kf\/H0991b5fda0284ab4961d9c03d60d64a5b.jpg?width=800&amp;height=800&amp;hash=1600\" style=\"display: block;margin: 0 auto\" \/><img decoding=\"async\" referrerpolicy=\"no-referrer\" src=\"https:\/\/ae01.alicdn.com\/kf\/H1e493a4fb50e46f2a79ea82156ad03579.jpg?width=800&amp;height=800&amp;hash=1600\" style=\"display: block;margin: 0 auto\" \/><\/p>\n<\/p><\/div><\/div><\/div><\/div><\/div><\/div><\/div>\n<\/div>","protected":false},"excerpt":{"rendered":"<p>Tension:&nbsp;Global Universal ( 100 &#8211; 240 V ) Type D&#039;alimentation:&nbsp;Rechargeable Sexe:&nbsp;M\u00e2le Nom de marque:&nbsp;MOONBIFFY Origine:&nbsp;CN (Origine) Certification:&nbsp;NONE Material:&nbsp;ABS (Acrylonitrile Butadiene<\/p>","protected":false},"featured_media":2827,"comment_status":"open","ping_status":"closed","template":"","meta":[],"product_brand":[],"product_cat":[15],"product_tag":[],"class_list":{"0":"post-2826","1":"product","2":"type-product","3":"status-publish","4":"has-post-thumbnail","6":"product_cat-uncategorized","8":"first","9":"instock","10":"shipping-taxable","11":"purchasable","12":"product-type-simple"},"jetpack_sharing_enabled":true,"_links":{"self":[{"href":"https:\/\/afrycom.com\/fr\/wp-json\/wp\/v2\/product\/2826","targetHints":{"allow":["GET"]}}],"collection":[{"href":"https:\/\/afrycom.com\/fr\/wp-json\/wp\/v2\/product"}],"about":[{"href":"https:\/\/afrycom.com\/fr\/wp-json\/wp\/v2\/types\/product"}],"replies":[{"embeddable":true,"href":"https:\/\/afrycom.com\/fr\/wp-json\/wp\/v2\/comments?post=2826"}],"wp:featuredmedia":[{"embeddable":true,"href":"https:\/\/afrycom.com\/fr\/wp-json\/wp\/v2\/media\/2827"}],"wp:attachment":[{"href":"https:\/\/afrycom.com\/fr\/wp-json\/wp\/v2\/media?parent=2826"}],"wp:term":[{"taxonomy":"product_brand","embeddable":true,"href":"https:\/\/afrycom.com\/fr\/wp-json\/wp\/v2\/product_brand?post=2826"},{"taxonomy":"product_cat","embeddable":true,"href":"https:\/\/afrycom.com\/fr\/wp-json\/wp\/v2\/product_cat?post=2826"},{"taxonomy":"product_tag","embeddable":true,"href":"https:\/\/afrycom.com\/fr\/wp-json\/wp\/v2\/product_tag?post=2826"}],"curies":[{"name":"wp","href":"https:\/\/api.w.org\/{rel}","templated":true}]}}