{"id":2813,"date":"2025-03-08T05:50:17","date_gmt":"2025-03-08T05:50:17","guid":{"rendered":"https:\/\/afrycom.com\/product\/kemei-km-1550-professionnel-tondeuse-a-cheveux-pour-hommes-affichage-led-a-faible-bruit-sans-fil-usb-wild-machine-de-coupe-de-cheveux-tondeuse-a-cheveux\/"},"modified":"2025-03-08T05:50:27","modified_gmt":"2025-03-08T05:50:27","slug":"kemei-km-1550-professionnel-tondeuse-a-cheveux-pour-hommes-affichage-led-a-faible-bruit-sans-fil-usb-wild-machine-de-coupe-de-cheveux-tondeuse-a-cheveux","status":"publish","type":"product","link":"https:\/\/afrycom.com\/fr\/produit\/kemei-km-1550-professionnel-tondeuse-a-cheveux-pour-hommes-affichage-led-a-faible-bruit-sans-fil-usb-wild-machine-de-coupe-de-cheveux-tondeuse-a-cheveux\/","title":{"rendered":"Kemei KM-1550 Professionnel Tondeuse \u00c0 Cheveux pour Hommes Affichage LED \u00c0 Faible Bruit Sans Fil USB Wild Machine De Coupe De Cheveux Tondeuse \u00c0 Cheveux"},"content":{"rendered":"<div class=\"product-specs-list-container\">\n<ul class=\"product-specs-list util-clearfix\">\n<li class=\"product-prop line-limit-length\"><span\n                                        class=\"property-title\">Chimique Hign-concern\u00e9 :&nbsp;<\/span><span\n                                        class=\"property-desc line-limit-length\">Aucun<\/span>\n                            <\/li>\n<li class=\"product-prop line-limit-length\"><span\n                                        class=\"property-title\">Certification de Qualit\u00e9 des Produits :&nbsp;<\/span><span\n                                        class=\"property-desc line-limit-length\">3C,ce<\/span>\n                            <\/li>\n<li class=\"product-prop line-limit-length\"><span\n                                        class=\"property-title\">Nom de marque :&nbsp;<\/span><span\n                                        class=\"property-desc line-limit-length\">Kemei<\/span>\n                            <\/li>\n<li class=\"product-prop line-limit-length\"><span\n                                        class=\"property-title\">Origine :&nbsp;<\/span><span\n                                        class=\"property-desc line-limit-length\">CN (Origine)<\/span>\n                            <\/li>\n<li class=\"product-prop line-limit-length\"><span\n                                        class=\"property-title\">Certification :&nbsp;<\/span><span\n                                        class=\"property-desc line-limit-length\">CE,CCC<\/span>\n                            <\/li>\n<li class=\"product-prop line-limit-length\"><span\n                                        class=\"property-title\">Type d'article :&nbsp;<\/span><span\n                                        class=\"property-desc line-limit-length\">Tondeuse \u00e0 cheveux<\/span>\n                            <\/li>\n<li class=\"product-prop line-limit-length\"><span\n                                        class=\"property-title\">Marque :&nbsp;<\/span><span\n                                        class=\"property-desc line-limit-length\">Kemei<\/span>\n                            <\/li>\n<li class=\"product-prop line-limit-length\"><span\n                                        class=\"property-title\">Mod\u00e8le :&nbsp;<\/span><span\n                                        class=\"property-desc line-limit-length\">KM-1550<\/span>\n                            <\/li>\n<li class=\"product-prop line-limit-length\"><span\n                                        class=\"property-title\">Vitesse :&nbsp;<\/span><span\n                                        class=\"property-desc line-limit-length\">7000RPM<\/span>\n                            <\/li>\n<li class=\"product-prop line-limit-length\"><span\n                                        class=\"property-title\">Puissance :&nbsp;<\/span><span\n                                        class=\"property-desc line-limit-length\">5W<\/span>\n                            <\/li>\n<li class=\"product-prop line-limit-length\"><span\n                                        class=\"property-title\">Capacit\u00e9 de la batterie :&nbsp;<\/span><span\n                                        class=\"property-desc line-limit-length\">2000mAh<\/span>\n                            <\/li>\n<li class=\"product-prop line-limit-length\"><span\n                                        class=\"property-title\">Temps de charge :&nbsp;<\/span><span\n                                        class=\"property-desc line-limit-length\">3 heures<\/span>\n                            <\/li>\n<li class=\"product-prop line-limit-length\"><span\n                                        class=\"property-title\">Dur\u00e9e d'utilisation :&nbsp;<\/span><span\n                                        class=\"property-desc line-limit-length\">180 minutes<\/span>\n                            <\/li>\n<li class=\"product-prop line-limit-length\"><span\n                                        class=\"property-title\">Mat\u00e9riau de la lame :&nbsp;<\/span><span\n                                        class=\"property-desc line-limit-length\">Acier<\/span>\n                            <\/li>\n<\/ul><\/div>\n<div class=\"detailmodule_html\">\n<div class=\"detail-desc-decorate-richtext\">\n<div style=\"margin:10px auto 0 !important;display:inline-block !important;max-width:100% !important;\">\n <img decoding=\"async\" src=\"https:\/\/ae01.alicdn.com\/kf\/Sd871edcb831a425794306bf24f66ccbaF.jpg\" style=\"width:932px !important;\" \/> <\/p>\n<div style=\"margin-top:-60.52% !important;\">\n<div style=\"margin-left:0.0% !important;margin-top:0.0% !important;width:20.0% !important; \">\n   <a href=\"http:\/\/www.aliexpress.com\/item\/detail\/1005005475554339.html\" target=\"_blank\" rel=\"noopener\"><img decoding=\"async\" src=\"https:\/\/ae01.alicdn.com\/kf\/S172cb299eded4edca44c02ba19099d20L.png?width=186&amp;height=282&amp;hash=468\" style=\"width:186px !important;height:282px !important;\" \/><\/a>\n  <\/div>\n<div style=\"margin-left:20.0% !important;margin-top:-30.26% !important;width:20.0% !important; \">\n   <a href=\"http:\/\/www.aliexpress.com\/item\/detail\/1005006156238364.html\" target=\"_blank\" rel=\"noopener\"><img decoding=\"async\" src=\"https:\/\/ae01.alicdn.com\/kf\/S172cb299eded4edca44c02ba19099d20L.png?width=186&amp;height=282&amp;hash=468\" style=\"width:186px !important;height:282px !important;\" \/><\/a>\n  <\/div>\n<div style=\"margin-left:40.0% !important;margin-top:-30.26% !important;width:20.0% !important; \">\n   <a href=\"http:\/\/www.aliexpress.com\/item\/detail\/1005006399250634.html\" target=\"_blank\" rel=\"noopener\"><img decoding=\"async\" src=\"https:\/\/ae01.alicdn.com\/kf\/S172cb299eded4edca44c02ba19099d20L.png?width=186&amp;height=282&amp;hash=468\" style=\"width:186px !important;height:282px !important;\" \/><\/a>\n  <\/div>\n<div style=\"margin-left:60.0% !important;margin-top:-30.26% !important;width:20.0% !important; \">\n   <a href=\"http:\/\/www.aliexpress.com\/item\/detail\/1005007533147827.html\" target=\"_blank\" rel=\"noopener\"><img decoding=\"async\" src=\"https:\/\/ae01.alicdn.com\/kf\/S172cb299eded4edca44c02ba19099d20L.png?width=186&amp;height=282&amp;hash=468\" style=\"width:186px !important;height:282px !important;\" \/><\/a>\n  <\/div>\n<div style=\"margin-left:80.0% !important;margin-top:-30.26% !important;width:20.0% !important; \">\n   <a href=\"http:\/\/www.aliexpress.com\/item\/detail\/1005006835103285.html\" target=\"_blank\" rel=\"noopener\"><img decoding=\"async\" src=\"https:\/\/ae01.alicdn.com\/kf\/S172cb299eded4edca44c02ba19099d20L.png?width=186&amp;height=282&amp;hash=468\" style=\"width:186px !important;height:282px !important;\" \/><\/a>\n  <\/div>\n<div style=\"margin-left:0.0% !important;margin-top:0.0% !important;width:20.0% !important; \">\n   <a href=\"http:\/\/www.aliexpress.com\/item\/detail\/1005007544323475.html\" target=\"_blank\" rel=\"noopener\"><img decoding=\"async\" src=\"https:\/\/ae01.alicdn.com\/kf\/S172cb299eded4edca44c02ba19099d20L.png?width=186&amp;height=282&amp;hash=468\" style=\"width:186px !important;height:282px !important;\" \/><\/a>\n  <\/div>\n<div style=\"margin-left:20.0% !important;margin-top:-30.26% !important;width:20.0% !important; \">\n   <a href=\"http:\/\/www.aliexpress.com\/item\/detail\/1005008100769318.html\" target=\"_blank\" rel=\"noopener\"><img decoding=\"async\" src=\"https:\/\/ae01.alicdn.com\/kf\/S172cb299eded4edca44c02ba19099d20L.png?width=186&amp;height=282&amp;hash=468\" style=\"width:186px !important;height:282px !important;\" \/><\/a>\n  <\/div>\n<div style=\"margin-left:40.0% !important;margin-top:-30.26% !important;width:20.0% !important; \">\n   <a href=\"http:\/\/www.aliexpress.com\/item\/detail\/1005007383655942.html\" target=\"_blank\" rel=\"noopener\"><img decoding=\"async\" src=\"https:\/\/ae01.alicdn.com\/kf\/S172cb299eded4edca44c02ba19099d20L.png?width=186&amp;height=282&amp;hash=468\" style=\"width:186px !important;height:282px !important;\" \/><\/a>\n  <\/div>\n<div style=\"margin-left:60.0% !important;margin-top:-30.26% !important;width:20.0% !important; \">\n   <a href=\"http:\/\/www.aliexpress.com\/item\/detail\/1005008348243648.html\" target=\"_blank\" rel=\"noopener\"><img decoding=\"async\" src=\"https:\/\/ae01.alicdn.com\/kf\/S172cb299eded4edca44c02ba19099d20L.png?width=186&amp;height=282&amp;hash=468\" style=\"width:186px !important;height:282px !important;\" \/><\/a>\n  <\/div>\n<div style=\"margin-left:80.0% !important;margin-top:-30.26% !important;width:20.0% !important; \">\n   <a href=\"http:\/\/www.aliexpress.com\/item\/detail\/1005005468788757.html\" target=\"_blank\" rel=\"noopener\"><img decoding=\"async\" src=\"https:\/\/ae01.alicdn.com\/kf\/S172cb299eded4edca44c02ba19099d20L.png?width=186&amp;height=282&amp;hash=468\" style=\"width:186px !important;height:282px !important;\" \/><\/a>\n  <\/div><\/div>\n<\/div>\n<div style=\"margin:10px auto 0 !important;display:inline-block !important;max-width:100% !important;\">\n <img decoding=\"async\" src=\"https:\/\/ae01.alicdn.com\/kf\/S01d57b85c073429ea2ba1dbc289f71d5H.jpg\" style=\"width:932px !important;\" \/> <\/p>\n<div style=\"margin-left:0.0% !important;margin-top:-13.95% !important;width:21.46% !important; \">\n  <a href=\"\" target=\"_blank\"><img decoding=\"async\" src=\"https:\/\/ae01.alicdn.com\/kf\/Scb3042af26de416f83d001cb1fddf209n.jpg\" style=\"width:200px !important;height:200px !important;\" \/><\/a>\n <\/div>\n<div style=\"margin-left:0.0% !important;margin-top:-21.46% !important;width:21.46% !important; \">\n  <a href=\"\" target=\"_blank\"><img decoding=\"async\" src=\"https:\/\/ae01.alicdn.com\/kf\/Scb3042af26de416f83d001cb1fddf209n.jpg\" style=\"width:200px !important;height:200px !important;\" \/><\/a>\n <\/div>\n<div style=\"margin-left:0.0% !important;margin-top:-21.46% !important;width:21.46% !important; \">\n  <a href=\"https:\/\/www.aliexpress.com\/store\/1100344328?spm=a2g0o.store_pc_saleItems.pcShopHead_2002105270536.0\" target=\"_blank\" rel=\"noopener\"><img decoding=\"async\" src=\"https:\/\/ae01.alicdn.com\/kf\/Scb3042af26de416f83d001cb1fddf209n.jpg\" style=\"width:200px !important;height:200px !important;\" \/><\/a>\n <\/div>\n<div style=\"margin-top:-7.51% !important; \"><\/div>\n<\/div>\n<div>\n<p class=\"detail-desc-decorate-title\" style=\"font-family:OpenSans;font-size:20px;font-weight:900;line-height:28px;white-space:pre-wrap;color:rgb(0, 0, 0);margin-bottom:12px\"><span style=\"background-color:rgb(255, 255, 0)\" id=\"tl_1\">\u00c0 propos du temps d'exp\u00e9dition : 7-20 jours<\/span><\/p>\n<\/div>\n<div>\n<p class=\"detail-desc-decorate-title\" style=\"font-family:OpenSans;font-size:20px;font-weight:900;line-height:28px;white-space:pre-wrap;color:rgb(0, 0, 0);margin-bottom:12px\" id=\"tl_2\">Sp\u00e9cification<\/p>\n<p class=\"detail-desc-decorate-content\" style=\"font-family:OpenSans;font-size:14px;font-weight:300;line-height:20px;white-space:pre-wrap;color:rgb(0, 0, 0);margin-bottom:12px\"><span style=\"background-color:rgb(255, 255, 255);color:rgb(0, 0, 0);font-size:14px;font-family:OpenSans\" id=\"tl_3\">Marque : kemei <br \/>Mod\u00e8le : KM-1550 <br \/>Vitesse : 7000RPM <br \/>Puissance : 5W <br \/>Capacit\u00e9 de la batterie : 2000mAh <br \/>Temps de charge : 3 heures <br \/>Temps d'utilisation : 180 minutes <br \/>Mat\u00e9riau de la lame : Acier<\/span><\/p>\n<\/div>\n<div>\n<p class=\"detail-desc-decorate-title\" style=\"font-family:OpenSans;font-size:20px;font-weight:900;line-height:28px;white-space:pre-wrap;color:rgb(0, 0, 0);margin-bottom:12px\" id=\"tl_4\">Caract\u00e9ristiques<\/p>\n<p class=\"detail-desc-decorate-content\" style=\"font-family:OpenSans;font-size:14px;font-weight:300;line-height:20px;white-space:pre-wrap;color:rgb(0, 0, 0);margin-bottom:12px\"><span style=\"background-color:rgb(255, 255, 255);color:rgb(0, 0, 0);font-size:14px;font-family:OpenSans\" id=\"tl_5\">1. ** Performance professionnelle ** : la tondeuse professionnelle pour hommes Kemei KM-1550 Hair dispose d'un syst\u00e8me de coupe puissant, offrant des performances pr\u00e9cises pour une coupe de cheveux impeccable \u00e0 chaque fois. <br \/>2. ** Affichage LED convivial ** : \u00c9quip\u00e9 d'un \u00e9cran LED intuitif, ce coupeur pour hommes fournit l'\u00e9tat de la batterie en temps r\u00e9el et des indicateurs op\u00e9rationnels, vous assurant de toujours avoir le contr\u00f4le pendant votre routine de toilettage. <br \/>3. ** Technologie \u00e0 faible bruit de pointe ** : Con\u00e7ue avec un fonctionnement avanc\u00e9 \u00e0 faible bruit, la machine de d\u00e9coupe KM-1550 Kemei minimise le son tout en maximisant l'efficacit\u00e9, parfaite pour une exp\u00e9rience de toilettage confortable et relaxante. <br \/>4. ** Commodit\u00e9 sans fil ** : Profitez d'une libert\u00e9 in\u00e9gal\u00e9e avec la conception sans fil de cette machine de d\u00e9coupe, ce qui la rend id\u00e9ale pour une utilisation \u00e0 la maison ou en d\u00e9placement sans les tracas des cordons emm\u00eal\u00e9s. <br \/>5. ** Interface USB polyvalente ** : le KM-1550 Kemei comprend une interface USB pour un chargement facile, ce qui en fait un outil de toilettage polyvalent toujours pr\u00eat \u00e0 l'emploi, soutenu par un support client fiable pour tous vos besoins.<\/span><\/p>\n<\/div>\n<div>\n<p class=\"detail-desc-decorate-title\" style=\"font-family:OpenSans;font-size:20px;font-weight:900;line-height:28px;white-space:pre-wrap;color:rgb(0, 0, 0);margin-bottom:12px\" id=\"tl_6\">Liste des paquets<\/p>\n<p class=\"detail-desc-decorate-content\" style=\"font-family:OpenSans;font-size:14px;font-weight:300;line-height:20px;white-space:pre-wrap;color:rgb(0, 0, 0);margin-bottom:12px\"><span style=\"background-color:rgb(255, 255, 255);color:rgb(0, 0, 0);font-size:14px;font-family:OpenSans\" id=\"tl_7\">1 * tondeuse \u00e0 cheveux <br \/>6 * Peigne limite (1.5\/3\/4.5\/6\/10\/13mm) <br \/>1 * c\u00e2ble de charge USB <br \/>1 * Brosse de nettoyage<\/span><\/p>\n<\/div>\n<div>\n<p class=\"detail-desc-decorate-title\" style=\"font-family:OpenSans;font-size:20px;font-weight:900;line-height:28px;white-space:pre-wrap;color:rgb(0, 0, 0);margin-bottom:12px\" id=\"tl_8\">Remarque :<\/p>\n<p class=\"detail-desc-decorate-content\" style=\"font-family:OpenSans;font-size:14px;font-weight:300;line-height:20px;white-space:pre-wrap;color:rgb(0, 0, 0);margin-bottom:12px\"><span style=\"background-color:rgb(255, 255, 0)\" id=\"tl_9\">En raison de la limitation du transport a\u00e9rien, ce produit ne contient pas d'huile, veuillez comprendre.<\/span><\/p>\n<\/div>\n<div>\n<p align=\"left\" style=\"text-align:left;margin:0px;margin-bottom:0px;margin-top:0px;margin-left:0px;margin-right:0px\"><img decoding=\"async\" referrerpolicy=\"no-referrer\" slate-data-type=\"image\" src=\"https:\/\/ae01.alicdn.com\/kf\/S80c7bd6c75784563a8fe87c1f8e01dbfw.jpg?width=1200&amp;height=1200&amp;hash=2400\" style=\"width:1000px\" width=\"1000px\" \/><img decoding=\"async\" referrerpolicy=\"no-referrer\" slate-data-type=\"image\" src=\"https:\/\/ae01.alicdn.com\/kf\/S6c3652a0b7d64f54b1abfc8020ebd1a7o.jpg?width=1200&amp;height=1200&amp;hash=2400\" style=\"width:1000px\" width=\"1000px\" \/><img decoding=\"async\" referrerpolicy=\"no-referrer\" slate-data-type=\"image\" src=\"https:\/\/ae01.alicdn.com\/kf\/S130a788e6acb42abba7b8e2f2bbd3ad31.jpg?width=1200&amp;height=1200&amp;hash=2400\" style=\"width:1000px\" width=\"1000px\" \/><img decoding=\"async\" referrerpolicy=\"no-referrer\" slate-data-type=\"image\" src=\"https:\/\/ae01.alicdn.com\/kf\/S99b120fcca0a40f5acdd7270571c1f426.jpg?width=1200&amp;height=1200&amp;hash=2400\" style=\"width:1000px\" width=\"1000px\" \/><img decoding=\"async\" referrerpolicy=\"no-referrer\" slate-data-type=\"image\" src=\"https:\/\/ae01.alicdn.com\/kf\/Sf31010e6b12844708dc56f4af41b65f3B.jpg?width=1200&amp;height=1200&amp;hash=2400\" style=\"width:1000px\" width=\"1000px\" \/><\/p>\n<p align=\"center\" style=\"text-align:center\"><img decoding=\"async\" referrerpolicy=\"no-referrer\" slate-data-type=\"image\" src=\"https:\/\/ae01.alicdn.com\/kf\/S638811eda1514b21a157c4a0bbc44f68I.jpg\" style=\"width:1000px\" width=\"1000px\" \/><\/p>\n<p align=\"center\" style=\"text-align:center\"><span style=\"background-color:rgb(255, 255, 255);color:rgb(0, 0, 0);font-size:16px;font-family:arial, helvetica, sans-serif\"><strong><span style=\"color:rgb(255, 0, 0);font-size:26px\" id=\"tl_10\">-- Nous soutenons la vente en gros et la livraison directe --<\/span><\/strong><\/span><\/p>\n<p align=\"center\" style=\"text-align:center\"><span style=\"background-color:rgb(255, 255, 255);color:rgb(0, 0, 0);font-size:16px;font-family:arial, helvetica, sans-serif\"><span style=\"font-size:16px\" id=\"tl_11\">* Pour la vente en gros, nous offrons une r\u00e9duction ou une exp\u00e9dition express gratuite qui ne prend que 7 \u00e0 20 jours pour arriver.<\/span><\/span><br \/> <span style=\"background-color:rgb(255, 255, 255);color:rgb(0, 0, 0);font-size:16px;font-family:arial, helvetica, sans-serif\"><span style=\"font-size:16px\" id=\"tl_12\">* 2. Pour l'exp\u00e9dition directe, nous pourrions envoyer les marchandises \u00e0 vos clients directement<\/span><\/span><span style=\"background-color:rgb(255, 255, 255);color:rgb(0, 0, 0);font-size:16px;font-family:arial, helvetica, sans-serif\" id=\"tl_13\">Et ne laisseront pas d'informations sur nous si vous le souhaitez.<\/span><\/p>\n<p align=\"center\" style=\"text-align:center\"><img decoding=\"async\" referrerpolicy=\"no-referrer\" slate-data-type=\"image\" src=\"https:\/\/ae01.alicdn.com\/kf\/Se1c32beba4db4d99bd58ecf23ef1cbc2r.jpg\" style=\"width:1000px\" width=\"1000px\" \/><\/p>\n<blockquote style=\"margin-right:0px\">\n<blockquote>\n<blockquote>\n<p align=\"left\" style=\"text-align:left\"><span style=\"font-size:18px\" id=\"tl_14\">Q : Comment puis-je obtenir une remise suppl\u00e9mentaire ? <br \/>R : Veuillez ajouter notre magasin \u00e0 vos favoris et suivez-le, vous obtiendrez une remise suppl\u00e9mentaire.<\/span><\/p>\n<p align=\"left\" style=\"text-align:left\"><span style=\"font-size:18px\" id=\"tl_15\">Q : La vente en gros et la livraison directe sont les bienvenues ? <br \/>R : Pour la vente en gros, nous offrons la remise ou l'exp\u00e9dition express gratuite qui ne prend que 7 \u00e0 20 jours pour arriver. <br \/>Pour l'exp\u00e9dition directe, nous pourrions envoyer les marchandises \u00e0 vos clients directement et ne laisserons pas d'informations sur nous.<\/span><\/p>\n<p align=\"left\" style=\"text-align:left\"><span style=\"font-size:18px\" id=\"tl_16\">Q : Que puis-je faire lorsque le d\u00e9lai de protection de l'achat est \u00e9puis\u00e9 ? <br \/>R : Si le d\u00e9lai de protection de votre achat est \u00e9puis\u00e9, veuillez nous contacter et nous pourrons vous aider \u00e0 le prolonger. <br \/>Donc votre argent n'ira pas sur mon compte.<\/span><\/p>\n<p align=\"left\" style=\"text-align:left\"><span style=\"font-size:18px\" id=\"tl_17\">Q : Comment puis-je suivre mon colis ? <br \/>R : Vous pouvez suivre votre colis sur le site Web suivant en utilisant votre num\u00e9ro de suivi :<\/span><a href=\"http:\/\/www.17track.net\/en\" target=\"_self\" rel=\"noopener\"><span style=\"font-size:18px\" id=\"tl_18\">Www.17track. net\/en<\/span><\/a><\/p>\n<p align=\"left\" style=\"text-align:left\"><span style=\"font-size:18px\" id=\"tl_19\">Q : Si vous n'\u00eates pas 100% satisfait de la qualit\u00e9 de votre achat sur le magasin ROSYYOUS. <br \/>R : Vous pouvez retourner ou obtenir un remboursement dans les 30 jours suivant la date de livraison et nous contacter, nous vous satisferons.<\/span><\/p>\n<p align=\"left\" style=\"text-align:left\"><span style=\"font-size:18px\" id=\"tl_20\">Q : Si vous \u00eates 100% satisfait de la qualit\u00e9 de votre achat chez ROSYOUS Store. <br \/>R : Vous pouvez laisser un avis cinq \u00e9toiles et poster une photo, nous vous donnerons des coupons suppl\u00e9mentaires apr\u00e8s avoir re\u00e7u l'avis<\/span><\/p>\n<\/blockquote>\n<\/blockquote>\n<\/blockquote>\n<p align=\"left\" style=\"text-align:left;margin:0px;margin-bottom:0px;margin-top:0px;margin-left:0px;margin-right:0px\"> <a href=\"http:\/\/www.aliexpress.com\/store\/1100344328\" target=\"_blank\" rel=\"noopener\"><img decoding=\"async\" referrerpolicy=\"no-referrer\" slate-data-type=\"image\" src=\"https:\/\/ae01.alicdn.com\/kf\/S7383cee63bbb4b07b0f0bdf6d2acd93aT.jpg?width=157&amp;height=244&amp;hash=401\" \/><\/a><a href=\"http:\/\/www.aliexpress.com\/store\/group\/Master-Cliper\/1100344328_40000003680975.html?spm=a2g0o.store_pc_home.pcShopHead_2002105270536.1_1\" target=\"_blank\" rel=\"noopener\"><img decoding=\"async\" referrerpolicy=\"no-referrer\" slate-data-type=\"image\" src=\"https:\/\/ae01.alicdn.com\/kf\/S20bbb3873a6c4c35828901fd678d2caaI.jpg?width=156&amp;height=244&amp;hash=400\" \/><\/a><a href=\"http:\/\/www.aliexpress.com\/store\/group\/Craving-Clippers\/1100344328_40000003684492.html?spm=a2g0o.store_pc_groupList.pcShopHead_2002105270536.1_2groupList.pcShopHead_2002105270536.1_1\" target=\"_blank\" rel=\"noopener\"><img decoding=\"async\" referrerpolicy=\"no-referrer\" slate-data-type=\"image\" src=\"https:\/\/ae01.alicdn.com\/kf\/Scbae7d1f7ab24aef84a4db3714658926P.jpg?width=157&amp;height=244&amp;hash=401\" \/><\/a><a href=\"http:\/\/www.aliexpress.com\/store\/group\/Razors\/1100344328_40000003684495.html?spm=a2g0o.store_pc_groupList.pcShopHead_2002105270536.1_3\" target=\"_blank\" rel=\"noopener\"><img decoding=\"async\" referrerpolicy=\"no-referrer\" slate-data-type=\"image\" src=\"https:\/\/ae01.alicdn.com\/kf\/S706dc21431f24bb99ab9551a363006edp.jpg?width=157&amp;height=244&amp;hash=401\" \/><\/a><a href=\"http:\/\/www.aliexpress.com\/store\/group\/Blade-Net\/1100344328_40000003107788.html?spm=a2g0o.store_pc_groupList.pcShopHead_2002105270536.1_9_0\" target=\"_blank\" rel=\"noopener\"><img decoding=\"async\" referrerpolicy=\"no-referrer\" slate-data-type=\"image\" src=\"https:\/\/ae01.alicdn.com\/kf\/S81cde669e8ea4c308e37749f1f886509l.jpg?width=156&amp;height=244&amp;hash=400\" \/><\/a><a href=\"http:\/\/www.aliexpress.com\/store\/group\/Blade-Accessories\/1100344328_40000003103934.html?spm=a2g0o.store_pc_groupList.pcShopHead_2002105270536.1_9\" target=\"_blank\" rel=\"noopener\"><img decoding=\"async\" referrerpolicy=\"no-referrer\" slate-data-type=\"image\" src=\"https:\/\/ae01.alicdn.com\/kf\/Sc1b6e30d0f8043a58dea849871099394i.jpg?width=157&amp;height=244&amp;hash=401\" \/><\/a><\/p>\n<\/div><\/div>\n<\/div>","protected":false},"excerpt":{"rendered":"<p>Chimique Hign-concern\u00e9:&nbsp;Aucun Certification de Qualit\u00e9 des Produits:&nbsp;3C,ce Nom de marque:&nbsp;Kemei Origine:&nbsp;CN (Origine) Certification:&nbsp;CE,CCC Type D&#039;article:&nbsp;Hair Trimmer Brand:&nbsp;Kemei Model:&nbsp;KM-1550 Speed:&nbsp;7000RPM Power:&nbsp;5W<\/p>","protected":false},"featured_media":2814,"comment_status":"open","ping_status":"closed","template":"","meta":[],"product_brand":[],"product_cat":[15],"product_tag":[],"class_list":{"0":"post-2813","1":"product","2":"type-product","3":"status-publish","4":"has-post-thumbnail","6":"product_cat-uncategorized","8":"first","9":"instock","10":"shipping-taxable","11":"purchasable","12":"product-type-variable"},"jetpack_sharing_enabled":true,"_links":{"self":[{"href":"https:\/\/afrycom.com\/fr\/wp-json\/wp\/v2\/product\/2813","targetHints":{"allow":["GET"]}}],"collection":[{"href":"https:\/\/afrycom.com\/fr\/wp-json\/wp\/v2\/product"}],"about":[{"href":"https:\/\/afrycom.com\/fr\/wp-json\/wp\/v2\/types\/product"}],"replies":[{"embeddable":true,"href":"https:\/\/afrycom.com\/fr\/wp-json\/wp\/v2\/comments?post=2813"}],"wp:featuredmedia":[{"embeddable":true,"href":"https:\/\/afrycom.com\/fr\/wp-json\/wp\/v2\/media\/2814"}],"wp:attachment":[{"href":"https:\/\/afrycom.com\/fr\/wp-json\/wp\/v2\/media?parent=2813"}],"wp:term":[{"taxonomy":"product_brand","embeddable":true,"href":"https:\/\/afrycom.com\/fr\/wp-json\/wp\/v2\/product_brand?post=2813"},{"taxonomy":"product_cat","embeddable":true,"href":"https:\/\/afrycom.com\/fr\/wp-json\/wp\/v2\/product_cat?post=2813"},{"taxonomy":"product_tag","embeddable":true,"href":"https:\/\/afrycom.com\/fr\/wp-json\/wp\/v2\/product_tag?post=2813"}],"curies":[{"name":"wp","href":"https:\/\/api.w.org\/{rel}","templated":true}]}}