{"id":2800,"date":"2025-03-08T05:50:13","date_gmt":"2025-03-08T05:50:13","guid":{"rendered":"https:\/\/afrycom.com\/product\/tondeuse-professionnelle-pour-chien-tout-en-metal-rechargeable-pour-animaux-de-compagnie-rasoir-pour-chat-machine-de-decoupe-toilettage-a-faible-bruit\/"},"modified":"2025-03-08T05:50:27","modified_gmt":"2025-03-08T05:50:27","slug":"tondeuse-professionnelle-pour-chien-tout-en-metal-rechargeable-pour-animaux-de-compagnie-rasoir-pour-chat-machine-de-decoupe-toilettage-a-faible-bruit","status":"publish","type":"product","link":"https:\/\/afrycom.com\/fr\/produit\/tondeuse-professionnelle-pour-chien-tout-en-metal-rechargeable-pour-animaux-de-compagnie-rasoir-pour-chat-machine-de-decoupe-toilettage-a-faible-bruit\/","title":{"rendered":"Tondeuse professionnelle pour chien, tout en m\u00e9tal, Rechargeable, pour animaux de compagnie, rasoir pour chat, Machine de d\u00e9coupe, toilettage \u00e0 faible bruit"},"content":{"rendered":"<div class=\"product-specs-list-container\">\n<ul class=\"product-specs-list util-clearfix\">\n<li class=\"product-prop line-limit-length\"><span\n                                        class=\"property-title\">Certification :&nbsp;<\/span><span\n                                        class=\"property-desc line-limit-length\">CE<\/span>\n                            <\/li>\n<li class=\"product-prop line-limit-length\"><span\n                                        class=\"property-title\">Est dispositif intelligent :&nbsp;<\/span><span\n                                        class=\"property-desc line-limit-length\">non<\/span>\n                            <\/li>\n<li class=\"product-prop line-limit-length\"><span\n                                        class=\"property-title\">Num\u00e9ro de Mod\u00e8le :&nbsp;<\/span><span\n                                        class=\"property-desc line-limit-length\">104<\/span>\n                            <\/li>\n<li class=\"product-prop line-limit-length\"><span\n                                        class=\"property-title\">Source D'alimentation :&nbsp;<\/span><span\n                                        class=\"property-desc line-limit-length\">accumulateur \u00e9lectrique<\/span>\n                            <\/li>\n<li class=\"product-prop line-limit-length\"><span\n                                        class=\"property-title\">Temps de Charge :&nbsp;<\/span><span\n                                        class=\"property-desc line-limit-length\">4 heures<\/span>\n                            <\/li>\n<li class=\"product-prop line-limit-length\"><span\n                                        class=\"property-title\">La tension :&nbsp;<\/span><span\n                                        class=\"property-desc line-limit-length\">110-240<\/span>\n                            <\/li>\n<li class=\"product-prop line-limit-length\"><span\n                                        class=\"property-title\">Origine :&nbsp;<\/span><span\n                                        class=\"property-desc line-limit-length\">CN (Origine)<\/span>\n                            <\/li>\n<li class=\"product-prop line-limit-length\"><span\n                                        class=\"property-title\">Type :&nbsp;<\/span><span\n                                        class=\"property-desc line-limit-length\">Chiens<\/span>\n                            <\/li>\n<li class=\"product-prop line-limit-length\"><span\n                                        class=\"property-title\">Type d'article :&nbsp;<\/span><span\n                                        class=\"property-desc line-limit-length\">Taille-cheveux de chien<\/span>\n                            <\/li>\n<li class=\"product-prop line-limit-length\"><span\n                                        class=\"property-title\">les machines \u00e9lectriques :&nbsp;<\/span><span\n                                        class=\"property-desc line-limit-length\">Mouvement en cuivre pur<\/span>\n                            <\/li>\n<li class=\"product-prop line-limit-length\"><span\n                                        class=\"property-title\">Lame de machine :&nbsp;<\/span><span\n                                        class=\"property-desc line-limit-length\">Mat\u00e9riau en acier pur<\/span>\n                            <\/li>\n<li class=\"product-prop line-limit-length\"><span\n                                        class=\"property-title\">Affichage intelligent :&nbsp;<\/span><span\n                                        class=\"property-desc line-limit-length\">Tondeuse \u00e9lectrique pour grands chiens<\/span>\n                            <\/li>\n<li class=\"product-prop line-limit-length\"><span\n                                        class=\"property-title\">Tondeuse \u00e9lectrique pour chien de taille moyenne :&nbsp;<\/span><span\n                                        class=\"property-desc line-limit-length\">Tondeuse \u00e9lectrique pour petits chiens<\/span>\n                            <\/li>\n<li class=\"product-prop line-limit-length\"><span\n                                        class=\"property-title\">D\u00e9broussailleuse \u00e9lectrique Cat :&nbsp;<\/span><span\n                                        class=\"property-desc line-limit-length\">Tondeuse \u00e9lectrique Rabbit<\/span>\n                            <\/li>\n<\/ul><\/div>\n<div class=\"detailmodule_html\">\n<div class=\"detail-desc-decorate-richtext\">\n<p><span style=\"font-size:26px\"><strong>Description<\/strong><\/span><\/p>\n<p><span style=\"font-size:20px\">Article de rapport<\/span><\/p>\n<\/p>\n<p><span style=\"font-size:16px\">Sp\u00e9cification :<\/span><\/p>\n<p><\/p>\n<p><\/p>\n<p><strong>Type :<\/strong>Tondeuse professionnelle pour animaux de compagnie<\/p>\n<p><\/p>\n<p><strong>Puissance :<\/strong>10 W 5 V<\/p>\n<p><\/p>\n<p><strong>Tension :<\/strong>110-240V<\/p>\n<p><\/p>\n<p><strong>Longueur de coupe :<\/strong>0,8-3 mm<\/p>\n<p><\/p>\n<p><strong>Mat\u00e9riau de la lame :<\/strong>Lame en acier au carbone<\/p>\n<p><\/p>\n<p><strong>Vitesse :<\/strong>7000 tr\/min<\/p>\n<p><\/p>\n<p><strong>Batterie :<\/strong>Batterie Li-ion 1500 mAh<\/p>\n<p><\/p>\n<p><strong>Temps de charge :<\/strong>environ 3-4 heures<\/p>\n<p><\/p>\n<p><strong>Temps d'utilisation :<\/strong>Plus de 150 minutes<\/p>\n<p><\/p>\n<p><strong>Mat\u00e9riau du corps :<\/strong>PVC + mat\u00e9riau givr\u00e9<\/p>\n<p><\/p>\n<p><strong>fonction d'affichage :<\/strong>Affichage de la puissance + Invite d'ajout d'huile lubrifiante<\/p>\n<p><\/p>\n<p><\/p>\n<p><strong><span style=\"font-size:24px\">Contenu du paquet :<\/span><\/strong><\/p>\n<p><\/p>\n<p>1 * tondeuse \u00e0 cheveux<\/p>\n<p><\/p>\n<p>4 * peignes de limite (3 mm\/6 mm\/10 mm\/12 mm)<\/p>\n<p><\/p>\n<p>1 * brosse de nettoyage<\/p>\n<p><\/p>\n<p>1 * c\u00e2ble USB<\/p>\n<p><\/p>\n<p>1 * manuel d'utilisation<\/p>\n<p><img decoding=\"async\" src=\"https:\/\/ae01.alicdn.com\/kf\/S2a2b8d857c0c4e9092fd48f84f316b881.jpg\" slate-data-type=\"image\"><img decoding=\"async\" src=\"https:\/\/ae01.alicdn.com\/kf\/S637d7682d3f44ba78df70f21437ab66dM.jpg\" slate-data-type=\"image\"><img decoding=\"async\" src=\"https:\/\/ae01.alicdn.com\/kf\/S2c20e891d0134b89b3730e03c7feab85w.jpg\" slate-data-type=\"image\"><img decoding=\"async\" src=\"https:\/\/ae01.alicdn.com\/kf\/S318c3bb1927a4a0aa72e5bf6180a866bF.jpg\" slate-data-type=\"image\"><img decoding=\"async\" src=\"https:\/\/ae01.alicdn.com\/kf\/S30ec57e229dc4aedbd921c53df3c7fd08.jpg\" slate-data-type=\"image\"><img decoding=\"async\" src=\"https:\/\/ae01.alicdn.com\/kf\/S10b0fe36ea754c5d88f028b6935af5f7A.jpg\" slate-data-type=\"image\"><img decoding=\"async\" src=\"https:\/\/ae01.alicdn.com\/kf\/S9b49e558f63444c88328be1a3021f827z.jpg\" slate-data-type=\"image\"><img decoding=\"async\" src=\"https:\/\/ae01.alicdn.com\/kf\/Se5cfa4e9b0024db2b9e9111f21884ba7T.jpg\" slate-data-type=\"image\"><img decoding=\"async\" src=\"https:\/\/ae01.alicdn.com\/kf\/S30c13177f3934fc59a8c1d7f024bd58dr.jpg\" slate-data-type=\"image\"><img decoding=\"async\" src=\"https:\/\/ae01.alicdn.com\/kf\/Sce700d1a87a4435597046e8c28351867B.jpg\" slate-data-type=\"image\"><img decoding=\"async\" src=\"https:\/\/ae01.alicdn.com\/kf\/Se1cddc8709f44e52a0b16b6896d0926bv.jpg\" slate-data-type=\"image\"><img decoding=\"async\" src=\"https:\/\/ae01.alicdn.com\/kf\/Sb85e56e0925b4316aa172c586be126032.jpg\" slate-data-type=\"image\"><img decoding=\"async\" src=\"https:\/\/ae01.alicdn.com\/kf\/S49e9d4b7660d4faca11d5a05c117feebn.jpg\" slate-data-type=\"image\"><img decoding=\"async\" src=\"https:\/\/ae01.alicdn.com\/kf\/S4c52b2726e2d4368b5d7d77ff1d242e0q.jpg\" slate-data-type=\"image\"><\/p>\n<\/div>\n<\/div>","protected":false},"excerpt":{"rendered":"<p>Certification:&nbsp;CE Est dispositif intelligent:&nbsp;no Num\u00e9ro de Mod\u00e8le:&nbsp;104 Source D&#039;alimentation:&nbsp;accumulateur \u00e9lectrique Temps de Charge:&nbsp;4 heures Tension:&nbsp;110-240 Origine:&nbsp;CN (Origine) Type:&nbsp;Chiens Type D&#039;article:&nbsp;Taille-cheveux<\/p>","protected":false},"featured_media":2801,"comment_status":"open","ping_status":"closed","template":"","meta":[],"product_brand":[],"product_cat":[15],"product_tag":[],"class_list":{"0":"post-2800","1":"product","2":"type-product","3":"status-publish","4":"has-post-thumbnail","6":"product_cat-uncategorized","8":"first","9":"instock","10":"shipping-taxable","11":"purchasable","12":"product-type-variable"},"jetpack_sharing_enabled":true,"_links":{"self":[{"href":"https:\/\/afrycom.com\/fr\/wp-json\/wp\/v2\/product\/2800","targetHints":{"allow":["GET"]}}],"collection":[{"href":"https:\/\/afrycom.com\/fr\/wp-json\/wp\/v2\/product"}],"about":[{"href":"https:\/\/afrycom.com\/fr\/wp-json\/wp\/v2\/types\/product"}],"replies":[{"embeddable":true,"href":"https:\/\/afrycom.com\/fr\/wp-json\/wp\/v2\/comments?post=2800"}],"wp:featuredmedia":[{"embeddable":true,"href":"https:\/\/afrycom.com\/fr\/wp-json\/wp\/v2\/media\/2801"}],"wp:attachment":[{"href":"https:\/\/afrycom.com\/fr\/wp-json\/wp\/v2\/media?parent=2800"}],"wp:term":[{"taxonomy":"product_brand","embeddable":true,"href":"https:\/\/afrycom.com\/fr\/wp-json\/wp\/v2\/product_brand?post=2800"},{"taxonomy":"product_cat","embeddable":true,"href":"https:\/\/afrycom.com\/fr\/wp-json\/wp\/v2\/product_cat?post=2800"},{"taxonomy":"product_tag","embeddable":true,"href":"https:\/\/afrycom.com\/fr\/wp-json\/wp\/v2\/product_tag?post=2800"}],"curies":[{"name":"wp","href":"https:\/\/api.w.org\/{rel}","templated":true}]}}