{"id":2780,"date":"2025-03-08T05:50:05","date_gmt":"2025-03-08T05:50:05","guid":{"rendered":"https:\/\/afrycom.com\/product\/mini-lumiere-de-remplissage-led-rvb-poche-droite-photographie-video-eclairage-de-poche-clip-vlog-en-direct-pour-telephone-iphone-ipad-ordinateur-portable-appareil-photo\/"},"modified":"2025-10-16T08:16:51","modified_gmt":"2025-10-16T08:16:51","slug":"mini-lumiere-de-remplissage-led-rvb-poche-droite-photographie-video-eclairage-de-poche-clip-vlog-en-direct-pour-telephone-iphone-ipad-ordinateur-portable-appareil-photo","status":"publish","type":"product","link":"https:\/\/afrycom.com\/fr\/produit\/mini-lumiere-de-remplissage-led-rvb-poche-droite-photographie-video-eclairage-de-poche-clip-vlog-en-direct-pour-telephone-iphone-ipad-ordinateur-portable-appareil-photo\/","title":{"rendered":"Mini lumi\u00e8re de remplissage LED RVB, poche droite, photographie vid\u00e9o, \u00e9clairage de poche, clip Vlog en direct pour t\u00e9l\u00e9phone, iPhone, iPad, ordinateur portable, appareil photo"},"content":{"rendered":"<p>&nbsp;<\/p>\n<div class=\"product-specs-list-container\">\n<ul class=\"product-specs-list util-clearfix\">\n<li class=\"product-prop line-limit-length\"><span class=\"property-title\">Chimique Hign-concern\u00e9 :\u00a0<\/span><span class=\"property-desc line-limit-length\">Aucun<\/span><\/li>\n<li class=\"product-prop line-limit-length\"><span class=\"property-title\">Utilisation :\u00a0<\/span><span class=\"property-desc line-limit-length\">Selfie<\/span><\/li>\n<li class=\"product-prop line-limit-length\"><span class=\"property-title\">Origine :\u00a0<\/span><span class=\"property-desc line-limit-length\">CN (Origine)<\/span><\/li>\n<\/ul>\n<\/div>\n<div class=\"detailmodule_html\">\n<div class=\"detail-desc-decorate-richtext\">\n<div class=\"detailmodule_text\">\n<p id=\"tl_1\" class=\"detail-desc-decorate-title\" style=\"font-family: OpenSans; font-size: 20px; font-weight: 900; line-height: 28px; white-space: pre-wrap; color: #000000; margin-bottom: 12px;\">Caract\u00e9ristique :<\/p>\n<p id=\"tl_2\" class=\"detail-desc-decorate-content\" style=\"font-family: OpenSans; font-size: 14px; font-weight: 300; line-height: 20px; white-space: pre-wrap; color: #000000; margin-bottom: 12px;\">1. Deux types de conception \u00e0 clipser: la lumi\u00e8re selfie a deux types de clip: clip avant et clip arri\u00e8re. Avec le clip avant, la lumi\u00e8re peut \u00eatre ajust\u00e9e \u00e0 90 degr\u00e9s et l&#8217;objectif du t\u00e9l\u00e9phone portable peut \u00eatre fix\u00e9 au trou de fixation de l&#8217;objectif sur le clip avant pour l&#8217;utilisation. Lorsque vous utilisez le clip arri\u00e8re, la lumi\u00e8re peut \u00eatre fix\u00e9e \u00e0 l&#8217;arri\u00e8re du t\u00e9l\u00e9phone portable, qui est utilis\u00e9 pour la prise de vue de l&#8217;appareil photo arri\u00e8re du t\u00e9l\u00e9phone portable. Il est compatible avec diff\u00e9rents types de t\u00e9l\u00e9phones mobiles ou d&#8217;ordinateurs portables, la conception du clip n&#8217;est pas facile \u00e0 tomber.<\/p>\n<p>2. 3 modes d&#8217;\u00e9clairage et 10 niveaux de luminosit\u00e9: La lumi\u00e8re selfie dispose de 3 modes d&#8217;\u00e9clairage (blanc brillant, blanc brillant + jaune chaud, jaune chaud), qui r\u00e9pondent \u00e0 vos diff\u00e9rents besoins d&#8217;utilisation, vous permettant d&#8217;\u00eatre charmant dans n&#8217;importe quelle situation, comme l&#8217;\u00e9clairage de maquillage, les selfies, l&#8217;enregistrement vid\u00e9o, la vid\u00e9oconf\u00e9rence, \u00c9mission de vlog, diffusion en direct. Construit en 60 perles d&#8217;\u00e9clairage LED pour r\u00e9soudre le probl\u00e8me de la lumi\u00e8re, am\u00e9liorer la qualit\u00e9 de la photographie de nuit. Profitez de vos selfies, que ce soit \u00e0 l&#8217;int\u00e9rieur ou \u00e0 l&#8217;ext\u00e9rieur, de jour ou de nuit.<\/p>\n<p>3. Entr\u00e9e Micro USB et Type-C commune et possibilit\u00e9 de charger avec un chargeur mural, un chargeur de voiture. La lampe \u00e0 clip LED peut \u00eatre charg\u00e9e par la plupart des appareils prenant en charge les ports USB ou les ports de type C, tels que les ordinateurs portables, les PC, les banques d&#8217;alimentation, les chargeurs USB, les chargeurs de voiture, etc. Il comprend \u00e9galement une batterie rechargeable int\u00e9gr\u00e9e pour que vous n&#8217;ayez pas besoin de piles suppl\u00e9mentaires. (Conseils: le c\u00e2ble Type-C n&#8217;est pas inclus)<\/p>\n<p>4. Compatibilit\u00e9 universelle et portable: cette lumi\u00e8re est facile \u00e0 clipser sur la plupart des t\u00e9l\u00e9phones. Compatible avec tous les smartphones, tablettes, ordinateurs portables, etc. C&#8217;est un outil professionnel pour cr\u00e9er des vid\u00e9os en direct avec smartphone ou ordinateur, parfait pour Facebook, YouTube, Twitter, Snapchat, FaceTime, etc. Fonctionne sur la prise de selfies, spectacle en direct, photographie d&#8217;art, objets lumi\u00e8re suppl\u00e9mentaire, selfie remplir la lumi\u00e8re ou condition de lumi\u00e8re inad\u00e9quate. De poche et extr\u00eamement compact, il ne prendra pas beaucoup de place dans votre sac.<\/p>\n<p>5. 12 mois de garantie et 24 heures de service \u00e0 la client\u00e8le amical: chaque client qui commande cette lumi\u00e8re portative d&#8217;agrafe de t\u00e9l\u00e9phone sera enti\u00e8rement couvert par notre service \u00e0 la client\u00e8le amical; aussi cette lumi\u00e8re clip selfie est un cadeau parfait pour selfie aimant personne, ou quelqu&#8217;un qui poste beaucoup de vid\u00e9os. Si vous avez des probl\u00e8mes avec cette lumi\u00e8re led selfie, il suffit de nous envoyer un message et nous vous donnerons les meilleures solutions, notre service client vous r\u00e9pondra dans les 24 heures.<\/p>\n<\/div>\n<div class=\"detailmodule_text\">\n<p id=\"tl_3\" class=\"detail-desc-decorate-title\" style=\"font-family: OpenSans; font-size: 20px; font-weight: 900; line-height: 28px; white-space: pre-wrap; color: #000000; margin-bottom: 12px;\">Sp\u00e9cifications :<\/p>\n<p id=\"tl_4\" class=\"detail-desc-decorate-content\" style=\"font-family: OpenSans; font-size: 14px; font-weight: 300; line-height: 20px; white-space: pre-wrap; color: #000000; margin-bottom: 12px;\">Illumination du produit (0.5M)<br \/>\nInterface de charge: Type-C\/Micro-USB<br \/>\nNombre de perles de lampe: 42 perles de lampe froides et chaudes<br \/>\nPerles de lampe RVB: 24<br \/>\nCapacit\u00e9 de la batterie 2000mAh<br \/>\nPlage de temp\u00e9rature de couleur 3000-7000K<br \/>\nIndice de rendu des couleurs CRI \u2265 80<br \/>\nTLCI \u2265 97<br \/>\nAutonomie de la batterie Puissance maximale d&#8217;environ 1.5 heures<br \/>\nPuissance 5W<br \/>\nTension\/courant de charge 5V 1A<br \/>\nTaille du produit 104 \u00d7 75 \u00d7 11.8mm<\/p>\n<\/div>\n<div class=\"detailmodule_text\">\n<p id=\"tl_5\" class=\"detail-desc-decorate-title\" style=\"font-family: OpenSans; font-size: 20px; font-weight: 900; line-height: 28px; white-space: pre-wrap; color: #000000; margin-bottom: 12px;\">Liste d'emballage<\/p>\n<p id=\"tl_6\" class=\"detail-desc-decorate-content\" style=\"font-family: OpenSans; font-size: 14px; font-weight: 300; line-height: 20px; white-space: pre-wrap; color: #000000; margin-bottom: 12px;\">Lumi\u00e8re de remplissage * 1<br \/>\nClip t\u00e9l\u00e9phone * 1<br \/>\nPetit clip * 1<br \/>\nC\u00e2ble de donn\u00e9es * 1<br \/>\nManuel d&#8217;instructions * 1<\/p>\n<\/div>\n<div class=\"detailmodule_image\"><img decoding=\"async\" class=\"detail-desc-decorate-image\" src=\"https:\/\/ae01.alicdn.com\/kf\/S777e5d47e1714a4f9240c9198fb85fb7k.jpg\" \/><br \/>\n<img decoding=\"async\" class=\"detail-desc-decorate-image\" src=\"https:\/\/ae01.alicdn.com\/kf\/Sc0be576760434c9f9ea30d9f2cee1093w.jpg\" \/><br \/>\n<img decoding=\"async\" class=\"detail-desc-decorate-image\" src=\"https:\/\/ae01.alicdn.com\/kf\/S5db865eb9a4949ff84aedb74ea7e91ec1.jpg\" \/><br \/>\n<img decoding=\"async\" class=\"detail-desc-decorate-image\" src=\"https:\/\/ae01.alicdn.com\/kf\/S9f5ebac9f51c4bec8338aecae6d59092s.jpg\" \/><br \/>\n<img decoding=\"async\" class=\"detail-desc-decorate-image\" src=\"https:\/\/ae01.alicdn.com\/kf\/S753a6bb1b21349a885c55c18d5582182I.jpg\" \/><br \/>\n<img decoding=\"async\" class=\"detail-desc-decorate-image\" src=\"https:\/\/ae01.alicdn.com\/kf\/S122078e54b694478813ea74b97620a71Z.jpg\" \/><\/div>\n<div class=\"detailmodule_image\"><img decoding=\"async\" class=\"detail-desc-decorate-image\" src=\"https:\/\/ae01.alicdn.com\/kf\/S2d40ed446e564c74bdf090c840ae769fy.jpg\" \/><br \/>\n<img decoding=\"async\" class=\"detail-desc-decorate-image\" src=\"https:\/\/ae01.alicdn.com\/kf\/S829ee2c9d7b04ffab380609516a022d4X.jpg\" \/><br \/>\n<img decoding=\"async\" class=\"detail-desc-decorate-image\" src=\"https:\/\/ae01.alicdn.com\/kf\/Sf43a64e7beb94d5db07703c30e7bdeb2o.jpg\" \/><br \/>\n<img decoding=\"async\" class=\"detail-desc-decorate-image\" src=\"https:\/\/ae01.alicdn.com\/kf\/S9f68808eb05946539f06740ff5cd4430q.jpg\" \/><br \/>\n<img decoding=\"async\" class=\"detail-desc-decorate-image\" src=\"https:\/\/ae01.alicdn.com\/kf\/S18fe3e69401a416cb2be6ff2bf049b243.jpg\" \/><br \/>\n<img decoding=\"async\" class=\"detail-desc-decorate-image\" src=\"https:\/\/ae01.alicdn.com\/kf\/S480f27f6fc5248f090ce183bccaf71d4h.jpg\" \/><br \/>\n<img decoding=\"async\" class=\"detail-desc-decorate-image\" src=\"https:\/\/ae01.alicdn.com\/kf\/Sff5db961948742898c9ec7c1ff12e6bfC.jpg\" \/><\/div>\n<p>&nbsp;<\/p>\n<\/div>\n<\/div>","protected":false},"excerpt":{"rendered":"<p>&nbsp; Chimique Hign-concern\u00e9:\u00a0Aucun Utilisation:\u00a0Selfie Origine:\u00a0CN (Origine) Caract\u00e9ristique: 1. Deux types de conception \u00e0 clipser: la lumi\u00e8re selfie a deux types<\/p>","protected":false},"featured_media":2781,"comment_status":"open","ping_status":"closed","template":"","meta":[],"product_brand":[],"product_cat":[5769,5773],"product_tag":[],"class_list":{"0":"post-2780","1":"product","2":"type-product","3":"status-publish","4":"has-post-thumbnail","6":"product_cat-photograhy-accessories","7":"product_cat-rgb-lights","9":"first","10":"instock","11":"shipping-taxable","12":"purchasable","13":"product-type-variable"},"jetpack_sharing_enabled":true,"_links":{"self":[{"href":"https:\/\/afrycom.com\/fr\/wp-json\/wp\/v2\/product\/2780","targetHints":{"allow":["GET"]}}],"collection":[{"href":"https:\/\/afrycom.com\/fr\/wp-json\/wp\/v2\/product"}],"about":[{"href":"https:\/\/afrycom.com\/fr\/wp-json\/wp\/v2\/types\/product"}],"replies":[{"embeddable":true,"href":"https:\/\/afrycom.com\/fr\/wp-json\/wp\/v2\/comments?post=2780"}],"wp:featuredmedia":[{"embeddable":true,"href":"https:\/\/afrycom.com\/fr\/wp-json\/wp\/v2\/media\/2781"}],"wp:attachment":[{"href":"https:\/\/afrycom.com\/fr\/wp-json\/wp\/v2\/media?parent=2780"}],"wp:term":[{"taxonomy":"product_brand","embeddable":true,"href":"https:\/\/afrycom.com\/fr\/wp-json\/wp\/v2\/product_brand?post=2780"},{"taxonomy":"product_cat","embeddable":true,"href":"https:\/\/afrycom.com\/fr\/wp-json\/wp\/v2\/product_cat?post=2780"},{"taxonomy":"product_tag","embeddable":true,"href":"https:\/\/afrycom.com\/fr\/wp-json\/wp\/v2\/product_tag?post=2780"}],"curies":[{"name":"wp","href":"https:\/\/api.w.org\/{rel}","templated":true}]}}