{"id":2769,"date":"2025-03-08T05:50:00","date_gmt":"2025-03-08T05:50:00","guid":{"rendered":"https:\/\/afrycom.com\/product\/braun-rasoir-electrique-serie-3-3040s-avec-tondeuse-de-precision-rasoir-rechargeable-a-feuille-humide-et-seche-pour-hommes-bleu-noir\/"},"modified":"2025-06-10T02:47:42","modified_gmt":"2025-06-10T02:47:42","slug":"rasoir-electrique-serie-3-3040s-avec-tondeuse-de-precision-rasoir-rechargeable-a-feuille-humide-et-seche-pour-hommes-bleu-noir","status":"publish","type":"product","link":"https:\/\/afrycom.com\/fr\/produit\/rasoir-electrique-serie-3-3040s-avec-tondeuse-de-precision-rasoir-rechargeable-a-feuille-humide-et-seche-pour-hommes-bleu-noir\/","title":{"rendered":"Rasoir \u00e9lectrique s\u00e9rie 3 3040S avec tondeuse de pr\u00e9cision rasoir Rechargeable \u00e0 feuille humide et s\u00e8che pour hommes bleu\/noir"},"content":{"rendered":"<p>&nbsp;<\/p>\n<div class=\"product-specs-list-container\">\n<ul class=\"product-specs-list util-clearfix\">\n<li class=\"product-prop line-limit-length\"><span class=\"property-title\">Chimique Hign-concern\u00e9 :\u00a0<\/span><span class=\"property-desc line-limit-length\">Aucun<\/span><\/li>\n<li class=\"product-prop line-limit-length\"><span class=\"property-title\">Mat\u00e9riau de la lame :\u00a0<\/span><span class=\"property-desc line-limit-length\">Acier inoxydable<\/span><\/li>\n<li class=\"product-prop line-limit-length\"><span class=\"property-title\">Fonction :\u00a0<\/span><span class=\"property-desc line-limit-length\">T\u00eate flottante,Rasage humide,Rasage \u00e0 sec,Indication de charge,Charge rapide,Lavage couteaux sous Eau<\/span><\/li>\n<li class=\"product-prop line-limit-length\"><span class=\"property-title\">Nombre de bus :\u00a0<\/span><span class=\"property-desc line-limit-length\">3 - 4 pi\u00e8ces<\/span><\/li>\n<li class=\"product-prop line-limit-length\"><span class=\"property-title\">Type de rasoir :\u00a0<\/span><span class=\"property-desc line-limit-length\">Maille<\/span><\/li>\n<li class=\"product-prop line-limit-length\"><span class=\"property-title\">Taille :\u00a0<\/span><span class=\"property-desc line-limit-length\">28x12x10<\/span><\/li>\n<li class=\"product-prop line-limit-length\"><span class=\"property-title\">Num\u00e9ro de Mod\u00e8le :\u00a0<\/span><span class=\"property-desc line-limit-length\">Rasoir Braun 3040S pour hommes<\/span><\/li>\n<li class=\"product-prop line-limit-length\"><span class=\"property-title\">La tension :\u00a0<\/span><span class=\"property-desc line-limit-length\">Universel ( 100 - 240 V )<\/span><\/li>\n<li class=\"product-prop line-limit-length\"><span class=\"property-title\">Temps de Charge :\u00a0<\/span><span class=\"property-desc line-limit-length\">1h<\/span><\/li>\n<li class=\"product-prop line-limit-length\"><span class=\"property-title\">Avec dispositif d'\u00e9barbage :\u00a0<\/span><span class=\"property-desc line-limit-length\">Oui<\/span><\/li>\n<li class=\"product-prop line-limit-length\"><span class=\"property-title\">Temps d'utilisation :\u00a0<\/span><span class=\"property-desc line-limit-length\">45 minutes<\/span><\/li>\n<li class=\"product-prop line-limit-length\"><span class=\"property-title\">Utiliser :\u00a0<\/span><span class=\"property-desc line-limit-length\">Visage<\/span><\/li>\n<li class=\"product-prop line-limit-length\"><span class=\"property-title\">Caract\u00e9ristique :\u00a0<\/span><span class=\"property-desc line-limit-length\">Tripl\u00e9 boiteux<\/span><\/li>\n<li class=\"product-prop line-limit-length\"><span class=\"property-title\">Type D'alimentation :\u00a0<\/span><span class=\"property-desc line-limit-length\">Rechargeable<\/span><\/li>\n<li class=\"product-prop line-limit-length\"><span class=\"property-title\">Sexe :\u00a0<\/span><span class=\"property-desc line-limit-length\">M\u00e2le<\/span><\/li>\n<li class=\"product-prop line-limit-length\"><span class=\"property-title\">Nom de marque :\u00a0<\/span><span class=\"property-desc line-limit-length\">Braun<\/span><\/li>\n<li class=\"product-prop line-limit-length\"><span class=\"property-title\">Origine :\u00a0<\/span><span class=\"property-desc line-limit-length\">CN (Origine)<\/span><\/li>\n<li class=\"product-prop line-limit-length\"><span class=\"property-title\">Type d'article :\u00a0<\/span><span class=\"property-desc line-limit-length\">Rasoir \u00e9lectrique<\/span><\/li>\n<li class=\"product-prop line-limit-length\"><span class=\"property-title\">Certification :\u00a0<\/span><span class=\"property-desc line-limit-length\">CE<\/span><\/li>\n<li class=\"product-prop line-limit-length\"><span class=\"property-title\">Produit :\u00a0<\/span><span class=\"property-desc line-limit-length\">Rasoir \u00e9lectrique Braun s\u00e9rie 3<\/span><\/li>\n<li class=\"product-prop line-limit-length\"><span class=\"property-title\">Charge :\u00a0<\/span><span class=\"property-desc line-limit-length\">1 heure<\/span><\/li>\n<li class=\"product-prop line-limit-length\"><span class=\"property-title\">se raser :\u00a0<\/span><span class=\"property-desc line-limit-length\">rasage humide et sec<\/span><\/li>\n<li class=\"product-prop line-limit-length\"><span class=\"property-title\">Lame :\u00a0<\/span><span class=\"property-desc line-limit-length\">Sensibilit\u00e9 de la peau<\/span><\/li>\n<li class=\"product-prop line-limit-length\"><span class=\"property-title\">waterpoof :\u00a0<\/span><span class=\"property-desc line-limit-length\">100% \u00e9tanche \u00e0 l'eau<\/span><\/li>\n<\/ul>\n<\/div>\n<div class=\"detailmodule_html\">\n<div class=\"detail-desc-decorate-richtext\">\n<div class=\"detailmodule_html\">\n<div class=\"detail-desc-decorate-richtext\">\n<div style=\"text-align: left;\" align=\"left\"><\/div>\n<ul class=\"a-unordered-list a-vertical a-spacing-mini\" style=\"font-family: 'Amazon Ember', Arial, sans-serif; font-size: 14px; color: #0f1111; background-color: #ffffff; margin: 0px 0px 0px 18px; padding: 0px; box-sizing: border-box;\">\n<li class=\"a-spacing-mini\" style=\"margin: 0px; list-style: disc; box-sizing: border-box;\"><span class=\"a-list-item\">FERME, CLEAN SHAVE : le syst\u00e8me flottant sans 3 lames suit les contours du visage pour une finition impeccable et comprend une tondeuse centrale pour couper les poils difficiles ainsi que 2x \u00e9l\u00e9ments de rasage SensoFoil pour une proximit\u00e9 ultime et un confort cutan\u00e9<\/span><\/li>\n<li class=\"a-spacing-mini\" style=\"margin: 0px; list-style: disc; box-sizing: border-box;\"><span class=\"a-list-item\">CAPTURE PLUS DE CHEVEUX : Tondeuse de pr\u00e9cision pour une coupe pr\u00e9cise des moustaches et des coffres, comprend un MicroComb sp\u00e9cialis\u00e9 con\u00e7u pour capturer plus de cheveux \u00e0 chaque coup *par rapport \u00e0 la s\u00e9rie Braun 3, test\u00e9 sur des barbes de 3 jours<\/span><\/li>\n<li class=\"a-spacing-mini\" style=\"margin: 0px; list-style: disc; box-sizing: border-box;\"><span class=\"a-list-item\">CONSTRUIT POUR DURER : Rasoir \u00e9lectrique sans fil durable, dure jusqu'\u00e0 7 ans et con\u00e7u pour l'\u00e9pilation avec de l'eau, de la mousse ou du gel<\/span><\/li>\n<li class=\"a-spacing-mini\" style=\"margin: 0px; list-style: disc; box-sizing: border-box;\"><span class=\"a-list-item\">BATTERIE SANS FIL ALIMENT\u00c9E : Batterie ni-mh rechargeable qui vous offre 45 minutes de rasage (jusqu'\u00e0 une semaine de rasage).Une charge rapide de 5 minutes suffit pour un rasage<\/span><\/li>\n<li class=\"a-spacing-mini\" style=\"margin: 0px; list-style: disc; box-sizing: border-box;\"><span class=\"a-list-item\">CONTENU LA BO\u00ceTE : Rasoir \u00e9lectrique Braun S\u00e9rie 3, capuchon de protection, prise intelligente pour le r\u00e9glage automatique de la tension 100-240<\/span><\/li>\n<li class=\"a-spacing-mini\" style=\"margin: 0px; list-style: disc; box-sizing: border-box;\"><span class=\"a-list-item\">LE CADEAU ULTIME : Grands cadeaux de No\u00ebl, d'anniversaire et d'anniversaire pour lui. Cadeau parfait pour mari, petit ami, papa et tous les hommes de votre vie, pas seulement pour la f\u00eate des p\u00e8res !<\/span><\/li>\n<\/ul>\n<div style=\"text-align: center;\" align=\"center\">\n<div>\n<p><img decoding=\"async\" style=\"width: 1000px;\" src=\"https:\/\/ae01.alicdn.com\/kf\/Scb809de871b04289b734ba89ceba7668r.jpg\" width=\"1000px\" \/><\/p>\n<\/div>\n<p><span style=\"background-color: #ffffff; color: #0f1111; font-size: 14px; font-family: 'Amazon Ember', Arial, sans-serif;\">\u00a0<\/span><\/p>\n<p><span style=\"background-color: #ffffff; color: #0f1111; font-size: 14px; font-family: 'Amazon Ember', Arial, sans-serif;\">\u00a0<\/span><\/p>\n<p><span style=\"background-color: #ffffff; color: #0f1111; font-size: 14px; font-family: 'Amazon Ember', Arial, sans-serif;\">\u00a0<\/span><\/p>\n<\/div>\n<\/div>\n<\/div>\n<p>&nbsp;<\/p>\n<\/div>\n<\/div>","protected":false},"excerpt":{"rendered":"<p>&nbsp; Chimique Hign-concern\u00e9:\u00a0Aucun Mat\u00e9riau de la lame:\u00a0Acier inoxydable Fonction:\u00a0T\u00eate flottante,Rasage humide,Rasage \u00e0 sec,Indication de charge,Charge rapide,Lavage couteaux sous Eau Nombre<\/p>","protected":false},"featured_media":2770,"comment_status":"open","ping_status":"closed","template":"","meta":[],"product_brand":[],"product_cat":[4927,34],"product_tag":[],"class_list":{"0":"post-2769","1":"product","2":"type-product","3":"status-publish","4":"has-post-thumbnail","6":"product_cat-beard-oil-trimmers","7":"product_cat-beauty-care","9":"first","10":"instock","11":"shipping-taxable","12":"purchasable","13":"product-type-simple"},"jetpack_sharing_enabled":true,"_links":{"self":[{"href":"https:\/\/afrycom.com\/fr\/wp-json\/wp\/v2\/product\/2769","targetHints":{"allow":["GET"]}}],"collection":[{"href":"https:\/\/afrycom.com\/fr\/wp-json\/wp\/v2\/product"}],"about":[{"href":"https:\/\/afrycom.com\/fr\/wp-json\/wp\/v2\/types\/product"}],"replies":[{"embeddable":true,"href":"https:\/\/afrycom.com\/fr\/wp-json\/wp\/v2\/comments?post=2769"}],"wp:featuredmedia":[{"embeddable":true,"href":"https:\/\/afrycom.com\/fr\/wp-json\/wp\/v2\/media\/2770"}],"wp:attachment":[{"href":"https:\/\/afrycom.com\/fr\/wp-json\/wp\/v2\/media?parent=2769"}],"wp:term":[{"taxonomy":"product_brand","embeddable":true,"href":"https:\/\/afrycom.com\/fr\/wp-json\/wp\/v2\/product_brand?post=2769"},{"taxonomy":"product_cat","embeddable":true,"href":"https:\/\/afrycom.com\/fr\/wp-json\/wp\/v2\/product_cat?post=2769"},{"taxonomy":"product_tag","embeddable":true,"href":"https:\/\/afrycom.com\/fr\/wp-json\/wp\/v2\/product_tag?post=2769"}],"curies":[{"name":"wp","href":"https:\/\/api.w.org\/{rel}","templated":true}]}}