{"id":2757,"date":"2025-03-08T05:49:57","date_gmt":"2025-03-08T05:49:57","guid":{"rendered":"https:\/\/afrycom.com\/product\/braun-rasoir-electrique-3010s-pour-homme-serie-bleue-rechargeable-etanche-machine-de-rasage-a-sec-pour-voyage\/"},"modified":"2025-06-23T06:35:11","modified_gmt":"2025-06-23T06:35:11","slug":"braun-rasoir-electrique-3010s-pour-homme-serie-bleue-rechargeable-etanche-machine-de-rasage-a-sec-pour-voyage","status":"publish","type":"product","link":"https:\/\/afrycom.com\/fr\/produit\/braun-rasoir-electrique-3010s-pour-homme-serie-bleue-rechargeable-etanche-machine-de-rasage-a-sec-pour-voyage\/","title":{"rendered":"Braun-Rasoir \u00c9lectrique 3010S pour Homme, S\u00e9rie Bleue, Rechargeable, \u00c9tanche, Machine de Rasage \u00e0 Sec pour Voyage"},"content":{"rendered":"<p>&nbsp;<\/p>\n<div class=\"product-specs-list-container\">\n<ul class=\"product-specs-list util-clearfix\">\n<li class=\"product-prop line-limit-length\"><span class=\"property-title\">Chimique Hign-concern\u00e9 :\u00a0<\/span><span class=\"property-desc line-limit-length\">Aucun<\/span><\/li>\n<li class=\"product-prop line-limit-length\"><span class=\"property-title\">Fonction :\u00a0<\/span><span class=\"property-desc line-limit-length\">T\u00eate flottante,Rasage humide,Rasage \u00e0 sec,Charge rapide,Indication de charge<\/span><\/li>\n<li class=\"product-prop line-limit-length\"><span class=\"property-title\">Type de rasoir :\u00a0<\/span><span class=\"property-desc line-limit-length\">Rotary<\/span><\/li>\n<li class=\"product-prop line-limit-length\"><span class=\"property-title\">Num\u00e9ro de Mod\u00e8le :\u00a0<\/span><span class=\"property-desc line-limit-length\">Rasoirs \u00e9lectriques Braun 3010S<\/span><\/li>\n<li class=\"product-prop line-limit-length\"><span class=\"property-title\">La tension :\u00a0<\/span><span class=\"property-desc line-limit-length\">Mainland ( 220 V )<\/span><\/li>\n<li class=\"product-prop line-limit-length\"><span class=\"property-title\">Temps de Charge :\u00a0<\/span><span class=\"property-desc line-limit-length\">1h<\/span><\/li>\n<li class=\"product-prop line-limit-length\"><span class=\"property-title\">Mode de lavage :\u00a0<\/span><span class=\"property-desc line-limit-length\">Lavage du corps entier<\/span><\/li>\n<li class=\"product-prop line-limit-length\"><span class=\"property-title\">Temps d'utilisation :\u00a0<\/span><span class=\"property-desc line-limit-length\">45 minutes<\/span><\/li>\n<li class=\"product-prop line-limit-length\"><span class=\"property-title\">Utiliser :\u00a0<\/span><span class=\"property-desc line-limit-length\">Visage<\/span><\/li>\n<li class=\"product-prop line-limit-length\"><span class=\"property-title\">Caract\u00e9ristique :\u00a0<\/span><span class=\"property-desc line-limit-length\">Tripl\u00e9 boiteux<\/span><\/li>\n<li class=\"product-prop line-limit-length\"><span class=\"property-title\">Type D'alimentation :\u00a0<\/span><span class=\"property-desc line-limit-length\">Rechargeable<\/span><\/li>\n<li class=\"product-prop line-limit-length\"><span class=\"property-title\">Sexe :\u00a0<\/span><span class=\"property-desc line-limit-length\">M\u00e2le<\/span><\/li>\n<li class=\"product-prop line-limit-length\"><span class=\"property-title\">Nom de marque :\u00a0<\/span><span class=\"property-desc line-limit-length\">Braun<\/span><\/li>\n<li class=\"product-prop line-limit-length\"><span class=\"property-title\">Origine :\u00a0<\/span><span class=\"property-desc line-limit-length\">CN (Origine)<\/span><\/li>\n<li class=\"product-prop line-limit-length\"><span class=\"property-title\">Type d'article :\u00a0<\/span><span class=\"property-desc line-limit-length\">Rasoir \u00e9lectrique<\/span><\/li>\n<\/ul>\n<\/div>\n<div class=\"detailmodule_html\">\n<div class=\"detail-desc-decorate-richtext\">\n<p id=\"tl_1\">Braun 3010S Rasoir \u00e9lectrique<\/p>\n<p id=\"tl_2\">Caract\u00e9ristiques : 1. Moteur \u00e0 grande vitesse, coupant 1.45 millions de fois par minute2. Flottant 3 coupeurs, ajustement des courbes du visage, rasage sans taches manquantes<br \/>\n3. Feuille biomim\u00e9tique de 0.058mm, capture les barbes dans diff\u00e9rentes directions de croissance \u00e0 partir de la racine pour un rasage plus approfondi<br \/>\n4. Peigne de tondeuse de pr\u00e9cision, d'abord redresser puis raser, r\u00e9duisant la sensation de traction et rendant le rasage plus lisse5. Imperm\u00e9able dans tout le corps, adapt\u00e9 \u00e0 une utilisation humide et s\u00e8cheparam\u00e8tres :<br \/>\nAutonomie de la batterie : 45 minutes<br \/>\nTemps de charge : 1 heure pour charger compl\u00e8tement, 5 minutes pour flasher la charge pour 1 rasage<br \/>\nTension : 110-240V<br \/>\nMod\u00e8le de t\u00eate de rasoir compatible : 32S\/32B<br \/>\n<img decoding=\"async\" src=\"https:\/\/ae01.alicdn.com\/kf\/Sea5ceb8990d04926ae53ac8302c6bd38G.jpg\" \/> <img decoding=\"async\" src=\"https:\/\/ae01.alicdn.com\/kf\/S8c80fe5da68a42ad8df7c416c2f227c73.jpg\" \/> <img decoding=\"async\" src=\"https:\/\/ae01.alicdn.com\/kf\/Sd1e7c3f1956442b5b94fb33fdbabcf86L.jpg\" \/> <img decoding=\"async\" src=\"https:\/\/ae01.alicdn.com\/kf\/Sc9bd3086e7b24e678d35e37a61c1d257t.jpg\" \/> <img decoding=\"async\" src=\"https:\/\/ae01.alicdn.com\/kf\/S469fe979e9bf457fb2eeeac0018939c2o.jpg\" \/> <img decoding=\"async\" src=\"https:\/\/ae01.alicdn.com\/kf\/Se8d08a3bccee49e9875d6813c76d580eX.jpg\" \/> <img decoding=\"async\" src=\"https:\/\/ae01.alicdn.com\/kf\/S34fc848334304c968962eff7f83c6fb6b.jpg\" \/> <img decoding=\"async\" src=\"https:\/\/ae01.alicdn.com\/kf\/S8e0719ed2d20420db9a33aba7d98a7bbK.jpg\" \/> <img decoding=\"async\" src=\"https:\/\/ae01.alicdn.com\/kf\/Sf39528aab0b240a5aeda5478420d39268.jpg\" \/> <img decoding=\"async\" src=\"https:\/\/ae01.alicdn.com\/kf\/Sd61ec13d70ce49bba450b5df7eade5bb6.jpg\" \/> <img decoding=\"async\" src=\"https:\/\/ae01.alicdn.com\/kf\/Sc10c5d2078f348f7bb8b89c61a8657efr.jpg\" \/><\/p>\n<p>&nbsp;<\/p>\n<\/div>\n<\/div>","protected":false},"excerpt":{"rendered":"<p>&nbsp; Chimique Hign-concern\u00e9:\u00a0Aucun Fonction:\u00a0T\u00eate flottante,Rasage humide,Rasage \u00e0 sec,Charge rapide,Indication de charge Type de rasoir:\u00a0Rotary Num\u00e9ro de Mod\u00e8le:\u00a0Braun 3010S Electric Shavers<\/p>","protected":false},"featured_media":2758,"comment_status":"open","ping_status":"closed","template":"","meta":[],"product_brand":[],"product_cat":[4927,4913,4925],"product_tag":[],"class_list":{"0":"post-2757","1":"product","2":"type-product","3":"status-publish","4":"has-post-thumbnail","6":"product_cat-beard-oil-trimmers","7":"product_cat-hair-styling-tools-accessories","8":"product_cat-mens-grooming","10":"first","11":"instock","12":"shipping-taxable","13":"purchasable","14":"product-type-variable"},"jetpack_sharing_enabled":true,"_links":{"self":[{"href":"https:\/\/afrycom.com\/fr\/wp-json\/wp\/v2\/product\/2757","targetHints":{"allow":["GET"]}}],"collection":[{"href":"https:\/\/afrycom.com\/fr\/wp-json\/wp\/v2\/product"}],"about":[{"href":"https:\/\/afrycom.com\/fr\/wp-json\/wp\/v2\/types\/product"}],"replies":[{"embeddable":true,"href":"https:\/\/afrycom.com\/fr\/wp-json\/wp\/v2\/comments?post=2757"}],"wp:featuredmedia":[{"embeddable":true,"href":"https:\/\/afrycom.com\/fr\/wp-json\/wp\/v2\/media\/2758"}],"wp:attachment":[{"href":"https:\/\/afrycom.com\/fr\/wp-json\/wp\/v2\/media?parent=2757"}],"wp:term":[{"taxonomy":"product_brand","embeddable":true,"href":"https:\/\/afrycom.com\/fr\/wp-json\/wp\/v2\/product_brand?post=2757"},{"taxonomy":"product_cat","embeddable":true,"href":"https:\/\/afrycom.com\/fr\/wp-json\/wp\/v2\/product_cat?post=2757"},{"taxonomy":"product_tag","embeddable":true,"href":"https:\/\/afrycom.com\/fr\/wp-json\/wp\/v2\/product_tag?post=2757"}],"curies":[{"name":"wp","href":"https:\/\/api.w.org\/{rel}","templated":true}]}}