{"id":2744,"date":"2025-03-08T05:49:54","date_gmt":"2025-03-08T05:49:54","guid":{"rendered":"https:\/\/afrycom.com\/product\/melangeur-electrique-a-main-par-immersion-broyeur-de-legumes-et-aliments-melangeur-a-baton-portatif-pour-smoothies-sauces-soupes-de-nourriture-pour-bebe\/"},"modified":"2025-03-08T05:58:19","modified_gmt":"2025-03-08T05:58:19","slug":"melangeur-electrique-a-main-par-immersion-broyeur-de-legumes-et-aliments-melangeur-a-baton-portatif-pour-smoothies-sauces-soupes-de-nourriture-pour-bebe","status":"publish","type":"product","link":"https:\/\/afrycom.com\/fr\/produit\/melangeur-electrique-a-main-par-immersion-broyeur-de-legumes-et-aliments-melangeur-a-baton-portatif-pour-smoothies-sauces-soupes-de-nourriture-pour-bebe\/","title":{"rendered":"M\u00e9langeur \u00e9lectrique \u00e0 main par Immersion, broyeur de l\u00e9gumes et aliments, m\u00e9langeur \u00e0 b\u00e2ton portatif pour Smoothies, Sauces, soupes de nourriture pour b\u00e9b\u00e9"},"content":{"rendered":"<div class=\"product-specs-list-container\">\n<ul class=\"product-specs-list util-clearfix\">\n<li class=\"product-prop line-limit-length\"><span\n                                        class=\"property-title\">Chimique Hign-concern\u00e9 :&nbsp;<\/span><span\n                                        class=\"property-desc line-limit-length\">Aucun<\/span>\n                            <\/li>\n<li class=\"product-prop line-limit-length\"><span\n                                        class=\"property-title\">Mat\u00e9riel de couperet :&nbsp;<\/span><span\n                                        class=\"property-desc line-limit-length\">Acier inoxydable<\/span>\n                            <\/li>\n<li class=\"product-prop line-limit-length\"><span\n                                        class=\"property-title\">Nombre de pi\u00e8ces :&nbsp;<\/span><span\n                                        class=\"property-desc line-limit-length\">1<\/span>\n                            <\/li>\n<li class=\"product-prop line-limit-length\"><span\n                                        class=\"property-title\">Style :&nbsp;<\/span><span\n                                        class=\"property-desc line-limit-length\">Portatif<\/span>\n                            <\/li>\n<li class=\"product-prop line-limit-length\"><span\n                                        class=\"property-title\">Num\u00e9ro de lame :&nbsp;<\/span><span\n                                        class=\"property-desc line-limit-length\">1<\/span>\n                            <\/li>\n<li class=\"product-prop line-limit-length\"><span\n                                        class=\"property-title\">Fonction de pr\u00e9servation de la chaleur :&nbsp;<\/span><span\n                                        class=\"property-desc line-limit-length\">Pas de<\/span>\n                            <\/li>\n<li class=\"product-prop line-limit-length\"><span\n                                        class=\"property-title\">Tension (V) :&nbsp;<\/span><span\n                                        class=\"property-desc line-limit-length\">220V<\/span>\n                            <\/li>\n<li class=\"product-prop line-limit-length\"><span\n                                        class=\"property-title\">Mat\u00e9riau du Bo\u00eetier :&nbsp;<\/span><span\n                                        class=\"property-desc line-limit-length\">plastique<\/span>\n                            <\/li>\n<li class=\"product-prop line-limit-length\"><span\n                                        class=\"property-title\">Fonction :&nbsp;<\/span><span\n                                        class=\"property-desc line-limit-length\">Autre<\/span>\n                            <\/li>\n<li class=\"product-prop line-limit-length\"><span\n                                        class=\"property-title\">Puissance (W) :&nbsp;<\/span><span\n                                        class=\"property-desc line-limit-length\">&lt;500W<\/span>\n                            <\/li>\n<li class=\"product-prop line-limit-length\"><span\n                                        class=\"property-title\">Certification :&nbsp;<\/span><span\n                                        class=\"property-desc line-limit-length\">ce<\/span>\n                            <\/li>\n<li class=\"product-prop line-limit-length\"><span\n                                        class=\"property-title\">Capacit\u00e9 (l) :&nbsp;<\/span><span\n                                        class=\"property-desc line-limit-length\">autres<\/span>\n                            <\/li>\n<li class=\"product-prop line-limit-length\"><span\n                                        class=\"property-title\">Nom de marque :&nbsp;<\/span><span\n                                        class=\"property-desc line-limit-length\">LISI<\/span>\n                            <\/li>\n<li class=\"product-prop line-limit-length\"><span\n                                        class=\"property-title\">Origine :&nbsp;<\/span><span\n                                        class=\"property-desc line-limit-length\">CN (Origine)<\/span>\n                            <\/li>\n<\/ul><\/div>\n<div class=\"detailmodule_html\">\n<div class=\"detail-desc-decorate-richtext\">\n<div class=\"detailmodule_html\">\n<div class=\"detail-desc-decorate-richtext\">\n<p>&nbsp;<\/p>\n<p><span style=\"background-color:rgb(241, 244, 248);color:rgb(64, 64, 64);font-size:14px;font-family:-apple-system, BlinkMacSystemFont, &quot;Segoe UI&quot;, &quot;PingFang SC&quot;, &quot;Hiragino Sans GB&quot;, &quot;Microsoft YaHei&quot;, &quot;Helvetica Neue&quot;, Helvetica, Arial, sans-serif, &quot;Apple Color Emoji&quot;, &quot;Segoe UI Emoji&quot;, &quot;Segoe UI Symbol&quot;\">Description :<br \/>*Couleur : vert, noir, rouge, blanc<br \/>*2.Prise : UE, \u00c9tats-Unis<br \/>*Mat\u00e9riau : acier inoxydable 304, plastique<br \/>*4.Taille : 38*6,3 cm<br \/>*Tension nominale : 220 V<br \/>*Fr\u00e9quence nominale : 50 Hz<br \/>*7.puissance nominale : 400 W<\/p>\n<p>Caract\u00e9ristiques :<br \/>*La poign\u00e9e ergonomique offre une prise ferme.<br \/>*Le panneau en acier inoxydable peut emp\u00eacher les \u00e9claboussures de nourriture, est durable et facile \u00e0 nettoyer.<br \/>*3.D\u00e9marrage \u00e0 un bouton, efficacit\u00e9 de travail \u00e9lev\u00e9e.<br \/>*Il peut fonctionner dans n'importe quel r\u00e9cipient, y compris les r\u00e9cipients en verre, les casseroles bouillantes, etc.<br \/>*5.Remarque : cette machine alimentaire n'est pas un presse-agrumes professionnel, donc l'effet du jus de fruits durs peut ne pas \u00eatre tr\u00e8s bon.<\/p>\n<p>Le forfait comprend :<br \/>1x mixeur<br \/>1x cordon \u00e9lectrique<\/span><\/p>\n<p>&nbsp;<\/p>\n<p><img decoding=\"async\" referrerpolicy=\"no-referrer\" slate-data-type=\"image\" src=\"https:\/\/ae01.alicdn.com\/kf\/S1545119279294ab7886dcd0fa3040f10f.jpg?width=1001&amp;height=1001&amp;hash=2002\"><img decoding=\"async\" referrerpolicy=\"no-referrer\" slate-data-type=\"image\" src=\"https:\/\/ae01.alicdn.com\/kf\/Sbbafae26cb22408985778cc77561ca9eb.jpg?width=1001&amp;height=1001&amp;hash=2002\"><img decoding=\"async\" referrerpolicy=\"no-referrer\" slate-data-type=\"image\" src=\"https:\/\/ae01.alicdn.com\/kf\/S896edc680a5e43719fe5003fbd2f9b29q.jpg?width=1001&amp;height=1001&amp;hash=2002\"><img decoding=\"async\" referrerpolicy=\"no-referrer\" slate-data-type=\"image\" src=\"https:\/\/ae01.alicdn.com\/kf\/Sd35b886e6ae7481584826a47b4e7a920d.jpg?width=1001&amp;height=1001&amp;hash=2002\"><img decoding=\"async\" referrerpolicy=\"no-referrer\" slate-data-type=\"image\" src=\"https:\/\/ae01.alicdn.com\/kf\/Se7282721abb446ee82b2713effba0d201.jpg?width=1001&amp;height=1001&amp;hash=2002\"><img decoding=\"async\" referrerpolicy=\"no-referrer\" slate-data-type=\"image\" src=\"https:\/\/ae01.alicdn.com\/kf\/S151bec8aea32485fad972dc120810cbbo.jpg?width=1001&amp;height=1001&amp;hash=2002\"><img decoding=\"async\" referrerpolicy=\"no-referrer\" slate-data-type=\"image\" src=\"https:\/\/ae01.alicdn.com\/kf\/S8e5a1980402e4b4c8ea28a981c7684eat.jpg?width=1001&amp;height=1001&amp;hash=2002\"><img decoding=\"async\" referrerpolicy=\"no-referrer\" slate-data-type=\"image\" src=\"https:\/\/ae01.alicdn.com\/kf\/Sa3e7d4581dc0464b9f360b90110097bdB.jpg?width=1001&amp;height=1001&amp;hash=2002\"><img decoding=\"async\" referrerpolicy=\"no-referrer\" slate-data-type=\"image\" src=\"https:\/\/ae01.alicdn.com\/kf\/Sbdf7ec2e26e449bc98b5ff5791c7f71dE.jpg?width=1001&amp;height=1001&amp;hash=2002\"><img decoding=\"async\" referrerpolicy=\"no-referrer\" slate-data-type=\"image\" src=\"https:\/\/ae01.alicdn.com\/kf\/S9c503dab4d624f088776d6d6ba34589b6.jpg?width=1001&amp;height=1001&amp;hash=2002\"><img decoding=\"async\" referrerpolicy=\"no-referrer\" slate-data-type=\"image\" src=\"https:\/\/ae01.alicdn.com\/kf\/S3b3c7a54134346a199b97d8dd2d9c4784.jpg?width=1001&amp;height=1001&amp;hash=2002\"><img decoding=\"async\" referrerpolicy=\"no-referrer\" slate-data-type=\"image\" src=\"https:\/\/ae01.alicdn.com\/kf\/S194f650c82d84b93893211f857e7c7351.jpg?width=1001&amp;height=1001&amp;hash=2002\"><img decoding=\"async\" referrerpolicy=\"no-referrer\" slate-data-type=\"image\" src=\"https:\/\/ae01.alicdn.com\/kf\/S0205da0faa6a4f5091c6fcf9f8219b7aM.jpg?width=1001&amp;height=1001&amp;hash=2002\"><\/p>\n<p>&nbsp;<\/p>\n<p>&nbsp;<\/p>\n<\/div>\n<\/div>\n<\/div>\n<\/div>","protected":false},"excerpt":{"rendered":"<p>Chimique Hign-concern\u00e9:&nbsp;Aucun Mat\u00e9riel de couperet:&nbsp;Acier inoxydable Nombre de pi\u00e8ces:&nbsp;1 Style:&nbsp;Handheld Num\u00e9ro de lame:&nbsp;1 Fonction de pr\u00e9servation de la chaleur:&nbsp;Pas de<\/p>","protected":false},"featured_media":2746,"comment_status":"open","ping_status":"closed","template":"","meta":[],"product_brand":[],"product_cat":[32,31],"product_tag":[],"class_list":{"0":"post-2744","1":"product","2":"type-product","3":"status-publish","4":"has-post-thumbnail","6":"product_cat-blenders-small-kitchen-appliances-appliances","7":"product_cat-small-kitchen-appliances-appliances","9":"first","10":"instock","11":"shipping-taxable","12":"purchasable","13":"product-type-variable"},"jetpack_sharing_enabled":true,"_links":{"self":[{"href":"https:\/\/afrycom.com\/fr\/wp-json\/wp\/v2\/product\/2744","targetHints":{"allow":["GET"]}}],"collection":[{"href":"https:\/\/afrycom.com\/fr\/wp-json\/wp\/v2\/product"}],"about":[{"href":"https:\/\/afrycom.com\/fr\/wp-json\/wp\/v2\/types\/product"}],"replies":[{"embeddable":true,"href":"https:\/\/afrycom.com\/fr\/wp-json\/wp\/v2\/comments?post=2744"}],"wp:featuredmedia":[{"embeddable":true,"href":"https:\/\/afrycom.com\/fr\/wp-json\/wp\/v2\/media\/2746"}],"wp:attachment":[{"href":"https:\/\/afrycom.com\/fr\/wp-json\/wp\/v2\/media?parent=2744"}],"wp:term":[{"taxonomy":"product_brand","embeddable":true,"href":"https:\/\/afrycom.com\/fr\/wp-json\/wp\/v2\/product_brand?post=2744"},{"taxonomy":"product_cat","embeddable":true,"href":"https:\/\/afrycom.com\/fr\/wp-json\/wp\/v2\/product_cat?post=2744"},{"taxonomy":"product_tag","embeddable":true,"href":"https:\/\/afrycom.com\/fr\/wp-json\/wp\/v2\/product_tag?post=2744"}],"curies":[{"name":"wp","href":"https:\/\/api.w.org\/{rel}","templated":true}]}}