{"id":2727,"date":"2025-03-08T05:49:50","date_gmt":"2025-03-08T05:49:50","guid":{"rendered":"https:\/\/afrycom.com\/product\/sacs-demballage-sous-vide-en-rouleau-sacs-de-scellage-sous-vide-pour-aliments-sacs-de-stockage-sous-vide-en-rouleau-de-500cm-rouleaux\/"},"modified":"2025-03-08T05:58:40","modified_gmt":"2025-03-08T05:58:40","slug":"sacs-demballage-sous-vide-en-rouleau-sacs-de-scellage-sous-vide-pour-aliments-sacs-de-stockage-sous-vide-en-rouleau-de-500cm-rouleaux","status":"publish","type":"product","link":"https:\/\/afrycom.com\/fr\/produit\/sacs-demballage-sous-vide-en-rouleau-sacs-de-scellage-sous-vide-pour-aliments-sacs-de-stockage-sous-vide-en-rouleau-de-500cm-rouleaux\/","title":{"rendered":"Sacs d&#8217;emballage sous vide en rouleau, sacs de scellage sous vide pour aliments, sacs de stockage sous vide en rouleau de 500cm\/rouleaux"},"content":{"rendered":"<div class=\"product-specs-list-container\">\n<ul class=\"product-specs-list util-clearfix\">\n<li class=\"product-prop line-limit-length\"><span\n                                        class=\"property-title\">Nom de marque :&nbsp;<\/span><span\n                                        class=\"property-desc line-limit-length\">raugee<\/span>\n                            <\/li>\n<li class=\"product-prop line-limit-length\"><span\n                                        class=\"property-title\">Origine :&nbsp;<\/span><span\n                                        class=\"property-desc line-limit-length\">CN (Origine)<\/span>\n                            <\/li>\n<\/ul><\/div>\n<div class=\"detailmodule_html\">\n<div class=\"detail-desc-decorate-richtext\">\n<h2>Sacs d&#x27;emballage sous vide Sacs d&#x27;emballage sous vide en rouleau pour aliments Sacs de stockage sous vide en rouleau 500cm\/Rouleaux Sacs sous vide en rouleaux<\/h2>\n<p><span style=\"font-size:16px\">Caract\u00e9ristiques :<\/span><\/p>\n<p><span style=\"font-size:16px\">1. Mat\u00e9riaux de qualit\u00e9 alimentaire pour une utilisation plus saine<\/span><\/p>\n<p><span style=\"font-size:16px\">2. Le PA\/PE est extrud\u00e9 en un seul film, r\u00e9sistant aux hautes temp\u00e9ratures et au gel<\/span><\/p>\n<p><span style=\"font-size:16px\">3. R\u00e9sistant \u00e0 l&#x27;\u00e9tirement, \u00e0 la perforation, non toxique et sans odeur<\/span><\/p>\n<p><span style=\"font-size:16px\">4. Lisse d&#x27;un c\u00f4t\u00e9 et textur\u00e9 de l&#x27;autre pour un pompage efficace du vide<\/span><\/p>\n<p><span style=\"font-size:16px\">Comprend:<\/span><\/p>\n<p><span style=\"font-size:16px\">1pcs 12*500cm Rouleau de sac sous vide pour aliments de cuisine<\/span><\/p>\n<p><span style=\"font-size:16px\">1pcs 15*500cm Rouleau de sac sous vide pour aliments de cuisine<\/span><\/p>\n<p><span style=\"font-size:16px\">1pcs 20*500cm Rouleau de sac d&#x27;aspirateur pour aliments de cuisine<\/span><\/p>\n<p><span style=\"font-size:16px\">1pcs 25*500cm Rouleau de sac de cuisine sous vide alimentaire<\/span><\/p>\n<p><span style=\"font-size:16px\">1pcs 30cm * 500cm Rouleau de sac de cuisine sous vide alimentaire<\/span><\/p>\n<div><img decoding=\"async\" src=\"https:\/\/ae01.alicdn.com\/kf\/S543f8305e77b4e5d9d12786d253aeb78E.jpg\" slate-data-type=\"image\"\/><img decoding=\"async\" src=\"https:\/\/ae01.alicdn.com\/kf\/Sce413f5e06a34bae8a0d6d70b1e73ba0J.jpg\" slate-data-type=\"image\"\/><img decoding=\"async\" src=\"https:\/\/ae01.alicdn.com\/kf\/S74d86fbb45af4961a64c4d4fbb603cb8R.jpg\" slate-data-type=\"image\"\/><img decoding=\"async\" src=\"https:\/\/ae01.alicdn.com\/kf\/S827c7f4a819447a4a5c321373fa804c44.jpg\" slate-data-type=\"image\"\/><img decoding=\"async\" src=\"https:\/\/ae01.alicdn.com\/kf\/Sb89b281ea23241fe99c258c1e4a9b8f6n.jpg\" slate-data-type=\"image\"\/><img decoding=\"async\" src=\"https:\/\/ae01.alicdn.com\/kf\/S722621dc299e413f8d2bad5eb0e0dee56.jpg\" slate-data-type=\"image\"\/><img decoding=\"async\" src=\"https:\/\/ae01.alicdn.com\/kf\/Sdc1299061c314231a57886cf7628e5deg.jpg\" slate-data-type=\"image\"\/><img decoding=\"async\" src=\"https:\/\/ae01.alicdn.com\/kf\/Sce46dcfff2aa4536bff831bc37660fbdk.jpg\" slate-data-type=\"image\"\/><\/div>\n<\/div>\n<\/div>\n<p><\/p>","protected":false},"excerpt":{"rendered":"<p>Nom de marque:&nbsp;raugee Origine:&nbsp;CN (Origine) Sacs d&#x27;emballage sous vide Sacs d&#x27;emballage sous vide en rouleau pour aliments Sacs de stockage<\/p>","protected":false},"featured_media":2729,"comment_status":"open","ping_status":"closed","template":"","meta":[],"product_brand":[],"product_cat":[31],"product_tag":[],"class_list":{"0":"post-2727","1":"product","2":"type-product","3":"status-publish","4":"has-post-thumbnail","6":"product_cat-small-kitchen-appliances-appliances","8":"first","9":"instock","10":"shipping-taxable","11":"purchasable","12":"product-type-variable"},"jetpack_sharing_enabled":true,"_links":{"self":[{"href":"https:\/\/afrycom.com\/fr\/wp-json\/wp\/v2\/product\/2727","targetHints":{"allow":["GET"]}}],"collection":[{"href":"https:\/\/afrycom.com\/fr\/wp-json\/wp\/v2\/product"}],"about":[{"href":"https:\/\/afrycom.com\/fr\/wp-json\/wp\/v2\/types\/product"}],"replies":[{"embeddable":true,"href":"https:\/\/afrycom.com\/fr\/wp-json\/wp\/v2\/comments?post=2727"}],"wp:featuredmedia":[{"embeddable":true,"href":"https:\/\/afrycom.com\/fr\/wp-json\/wp\/v2\/media\/2729"}],"wp:attachment":[{"href":"https:\/\/afrycom.com\/fr\/wp-json\/wp\/v2\/media?parent=2727"}],"wp:term":[{"taxonomy":"product_brand","embeddable":true,"href":"https:\/\/afrycom.com\/fr\/wp-json\/wp\/v2\/product_brand?post=2727"},{"taxonomy":"product_cat","embeddable":true,"href":"https:\/\/afrycom.com\/fr\/wp-json\/wp\/v2\/product_cat?post=2727"},{"taxonomy":"product_tag","embeddable":true,"href":"https:\/\/afrycom.com\/fr\/wp-json\/wp\/v2\/product_tag?post=2727"}],"curies":[{"name":"wp","href":"https:\/\/api.w.org\/{rel}","templated":true}]}}