{"id":27200,"date":"2025-10-21T05:52:00","date_gmt":"2025-10-21T05:52:00","guid":{"rendered":"https:\/\/afrycom.com\/product\/240w%e8%b6%85%e7%ba%a7%e5%bf%ab%e5%85%85%e5%8a%a0%e7%b2%97%e5%a4%a7%e5%8a%9f%e7%8e%87%e6%95%b0%e6%8d%ae%e7%ba%bf%e9%80%82%e7%94%a8%e8%8b%b9%e6%9e%9c16%e5%8d%8e%e4%b8%bavivo%e5%b0%8f%e7%b1%b3%e6%89%8b\/"},"modified":"2025-12-17T08:02:51","modified_gmt":"2025-12-17T08:02:51","slug":"cable-de-charge-haute-puissance-epais-avec-charge-ultra-rapide-de-240-w-compatible-avec-les-telephones-apple-16-huawei-vivo-et-xiaomi","status":"publish","type":"product","link":"https:\/\/afrycom.com\/fr\/produit\/cable-de-charge-haute-puissance-epais-avec-charge-ultra-rapide-de-240-w-compatible-avec-les-telephones-apple-16-huawei-vivo-et-xiaomi\/","title":{"rendered":"C\u00e2ble de charge haute puissance \u00e9pais avec charge ultra-rapide de 240 W, compatible avec les t\u00e9l\u00e9phones Apple 16, Huawei, Vivo et Xiaomi."},"content":{"rendered":"","protected":false},"excerpt":{"rendered":"","protected":false},"featured_media":27201,"comment_status":"open","ping_status":"closed","template":"","meta":[],"product_brand":[],"product_cat":[85],"product_tag":[],"class_list":{"0":"post-27200","1":"product","2":"type-product","3":"status-publish","4":"has-post-thumbnail","6":"product_cat-accessories","8":"first","9":"instock","10":"shipping-taxable","11":"purchasable","12":"product-type-variable"},"jetpack_sharing_enabled":true,"_links":{"self":[{"href":"https:\/\/afrycom.com\/fr\/wp-json\/wp\/v2\/product\/27200","targetHints":{"allow":["GET"]}}],"collection":[{"href":"https:\/\/afrycom.com\/fr\/wp-json\/wp\/v2\/product"}],"about":[{"href":"https:\/\/afrycom.com\/fr\/wp-json\/wp\/v2\/types\/product"}],"replies":[{"embeddable":true,"href":"https:\/\/afrycom.com\/fr\/wp-json\/wp\/v2\/comments?post=27200"}],"wp:featuredmedia":[{"embeddable":true,"href":"https:\/\/afrycom.com\/fr\/wp-json\/wp\/v2\/media\/27201"}],"wp:attachment":[{"href":"https:\/\/afrycom.com\/fr\/wp-json\/wp\/v2\/media?parent=27200"}],"wp:term":[{"taxonomy":"product_brand","embeddable":true,"href":"https:\/\/afrycom.com\/fr\/wp-json\/wp\/v2\/product_brand?post=27200"},{"taxonomy":"product_cat","embeddable":true,"href":"https:\/\/afrycom.com\/fr\/wp-json\/wp\/v2\/product_cat?post=27200"},{"taxonomy":"product_tag","embeddable":true,"href":"https:\/\/afrycom.com\/fr\/wp-json\/wp\/v2\/product_tag?post=27200"}],"curies":[{"name":"wp","href":"https:\/\/api.w.org\/{rel}","templated":true}]}}