{"id":27178,"date":"2025-10-21T05:51:45","date_gmt":"2025-10-21T05:51:45","guid":{"rendered":"https:\/\/afrycom.com\/product\/%e7%94%b5%e7%ba%bf%e7%bd%91%e7%ba%bf%e8%b5%b0%e7%ba%bf%e5%9b%ba%e5%ae%9a%e5%99%a8%e7%ba%bf%e8%b7%af%e7%90%86%e7%ba%bf%e5%99%a8%e6%95%b0%e6%8d%ae%e7%ba%bf%e6%94%b6%e7%ba%b3%e7%a5%9e%e5%99%a8%e6%a1%8c\/"},"modified":"2026-01-03T03:41:25","modified_gmt":"2026-01-03T03:41:25","slug":"organisateur-de-cables-multifonction-fixation-pour-fils-electriques-et-cables-reseau-solution-intelligente-pour-ranger-les-cables-de-donnees-sur-le-bureau-avec-sangles-auto-agrippantes","status":"publish","type":"product","link":"https:\/\/afrycom.com\/fr\/produit\/organisateur-de-cables-multifonction-fixation-pour-fils-electriques-et-cables-reseau-solution-intelligente-pour-ranger-les-cables-de-donnees-sur-le-bureau-avec-sangles-auto-agrippantes\/","title":{"rendered":"Gestion de c\u00e2bles tout-en-un : serre-c\u00e2bles auto-agrippants, organisateurs de fils \u00e9lectriques et r\u00e9seaux, id\u00e9al pour le bureau, l\u2019ordinateur et le rangement des c\u00e2bles de donn\u00e9es."},"content":{"rendered":"","protected":false},"excerpt":{"rendered":"","protected":false},"featured_media":27179,"comment_status":"open","ping_status":"closed","template":"","meta":[],"product_brand":[],"product_cat":[85],"product_tag":[],"class_list":{"0":"post-27178","1":"product","2":"type-product","3":"status-publish","4":"has-post-thumbnail","6":"product_cat-accessories","8":"first","9":"instock","10":"shipping-taxable","11":"purchasable","12":"product-type-variable"},"jetpack_sharing_enabled":true,"_links":{"self":[{"href":"https:\/\/afrycom.com\/fr\/wp-json\/wp\/v2\/product\/27178","targetHints":{"allow":["GET"]}}],"collection":[{"href":"https:\/\/afrycom.com\/fr\/wp-json\/wp\/v2\/product"}],"about":[{"href":"https:\/\/afrycom.com\/fr\/wp-json\/wp\/v2\/types\/product"}],"replies":[{"embeddable":true,"href":"https:\/\/afrycom.com\/fr\/wp-json\/wp\/v2\/comments?post=27178"}],"wp:featuredmedia":[{"embeddable":true,"href":"https:\/\/afrycom.com\/fr\/wp-json\/wp\/v2\/media\/27179"}],"wp:attachment":[{"href":"https:\/\/afrycom.com\/fr\/wp-json\/wp\/v2\/media?parent=27178"}],"wp:term":[{"taxonomy":"product_brand","embeddable":true,"href":"https:\/\/afrycom.com\/fr\/wp-json\/wp\/v2\/product_brand?post=27178"},{"taxonomy":"product_cat","embeddable":true,"href":"https:\/\/afrycom.com\/fr\/wp-json\/wp\/v2\/product_cat?post=27178"},{"taxonomy":"product_tag","embeddable":true,"href":"https:\/\/afrycom.com\/fr\/wp-json\/wp\/v2\/product_tag?post=27178"}],"curies":[{"name":"wp","href":"https:\/\/api.w.org\/{rel}","templated":true}]}}