{"id":27112,"date":"2025-10-21T05:51:13","date_gmt":"2025-10-21T05:51:13","guid":{"rendered":"https:\/\/afrycom.com\/product\/%e5%85%ac%e6%ad%a3%e5%8d%88%e6%8f%92%e5%ba%a7%e5%a4%9a%e7%94%a8%e5%b8%a6%e6%97%a0%e7%ba%bf%e5%85%85%e7%94%b5%e5%bf%ab%e5%85%85usb%e6%8f%92%e6%8e%92%e5%8a%9e%e5%85%ac%e5%ae%b6%e7%94%a8%e5%a4%9a\/"},"modified":"2026-01-03T03:39:44","modified_gmt":"2026-01-03T03:39:44","slug":"gong-zheng-wu-multifunction-power-strip-wireless-charging-fast-charging-usb-ports-for-home-office","status":"publish","type":"product","link":"https:\/\/afrycom.com\/fr\/produit\/gong-zheng-wu-multifunction-power-strip-wireless-charging-fast-charging-usb-ports-for-home-office\/","title":{"rendered":"Multiprise multifonction avec charge sans fil et ports USB \u00e0 charge rapide \u2013 Id\u00e9ale pour une utilisation domestique ou au bureau, livr\u00e9e avec c\u00e2ble, permet de recharger simultan\u00e9ment plusieurs appareils."},"content":{"rendered":"","protected":false},"excerpt":{"rendered":"","protected":false},"featured_media":27113,"comment_status":"open","ping_status":"closed","template":"","meta":[],"product_brand":[],"product_cat":[85],"product_tag":[],"class_list":{"0":"post-27112","1":"product","2":"type-product","3":"status-publish","4":"has-post-thumbnail","6":"product_cat-accessories","8":"first","9":"instock","10":"shipping-taxable","11":"purchasable","12":"product-type-variable"},"jetpack_sharing_enabled":true,"_links":{"self":[{"href":"https:\/\/afrycom.com\/fr\/wp-json\/wp\/v2\/product\/27112","targetHints":{"allow":["GET"]}}],"collection":[{"href":"https:\/\/afrycom.com\/fr\/wp-json\/wp\/v2\/product"}],"about":[{"href":"https:\/\/afrycom.com\/fr\/wp-json\/wp\/v2\/types\/product"}],"replies":[{"embeddable":true,"href":"https:\/\/afrycom.com\/fr\/wp-json\/wp\/v2\/comments?post=27112"}],"wp:featuredmedia":[{"embeddable":true,"href":"https:\/\/afrycom.com\/fr\/wp-json\/wp\/v2\/media\/27113"}],"wp:attachment":[{"href":"https:\/\/afrycom.com\/fr\/wp-json\/wp\/v2\/media?parent=27112"}],"wp:term":[{"taxonomy":"product_brand","embeddable":true,"href":"https:\/\/afrycom.com\/fr\/wp-json\/wp\/v2\/product_brand?post=27112"},{"taxonomy":"product_cat","embeddable":true,"href":"https:\/\/afrycom.com\/fr\/wp-json\/wp\/v2\/product_cat?post=27112"},{"taxonomy":"product_tag","embeddable":true,"href":"https:\/\/afrycom.com\/fr\/wp-json\/wp\/v2\/product_tag?post=27112"}],"curies":[{"name":"wp","href":"https:\/\/api.w.org\/{rel}","templated":true}]}}