{"id":2703,"date":"2025-03-08T05:49:46","date_gmt":"2025-03-08T05:49:46","guid":{"rendered":"https:\/\/afrycom.com\/product\/sacs-de-scellage-sous-vide-pour-aliments-100-pieces-pour-conserver-les-aliments-sous-vide-sac-de-rangement-de-cuisine-sacs-demballage-sous-vide-sans-bpa-outil-de-cuisine\/"},"modified":"2025-03-08T05:58:51","modified_gmt":"2025-03-08T05:58:51","slug":"sacs-de-scellage-sous-vide-pour-aliments-100-pieces-pour-conserver-les-aliments-sous-vide-sac-de-rangement-de-cuisine-sacs-demballage-sous-vide-sans-bpa-outil-de-cuisine","status":"publish","type":"product","link":"https:\/\/afrycom.com\/fr\/produit\/sacs-de-scellage-sous-vide-pour-aliments-100-pieces-pour-conserver-les-aliments-sous-vide-sac-de-rangement-de-cuisine-sacs-demballage-sous-vide-sans-bpa-outil-de-cuisine\/","title":{"rendered":"Sacs de scellage sous Vide pour aliments, 100 pi\u00e8ces, pour conserver les aliments Sous Vide, sac de rangement de cuisine, sacs d'emballage sous vide sans BPA, outil de cuisine"},"content":{"rendered":"<div class=\"product-specs-list-container\">\n<ul class=\"product-specs-list util-clearfix\">\n<li class=\"product-prop line-limit-length\"><span\n                                        class=\"property-title\">Chimique Hign-concern\u00e9 :&nbsp;<\/span><span\n                                        class=\"property-desc line-limit-length\">Aucun<\/span>\n                            <\/li>\n<li class=\"product-prop line-limit-length\"><span\n                                        class=\"property-title\">Avec sac sous vide :&nbsp;<\/span><span\n                                        class=\"property-desc line-limit-length\">Oui<\/span>\n                            <\/li>\n<li class=\"product-prop line-limit-length\"><span\n                                        class=\"property-title\">Source d'\u00e9nergie :&nbsp;<\/span><span\n                                        class=\"property-desc line-limit-length\">\u00c9lectrique<\/span>\n                            <\/li>\n<li class=\"product-prop line-limit-length\"><span\n                                        class=\"property-title\">Num\u00e9ro de Mod\u00e8le :&nbsp;<\/span><span\n                                        class=\"property-desc line-limit-length\">Sac d'emballage sous vide pour machine \u00e0 sceller sous vide<\/span>\n                            <\/li>\n<li class=\"product-prop line-limit-length\"><span\n                                        class=\"property-title\">Certification :&nbsp;<\/span><span\n                                        class=\"property-desc line-limit-length\">CE<\/span>\n                            <\/li>\n<li class=\"product-prop line-limit-length\"><span\n                                        class=\"property-title\">Type :&nbsp;<\/span><span\n                                        class=\"property-desc line-limit-length\">Autres<\/span>\n                            <\/li>\n<li class=\"product-prop line-limit-length\"><span\n                                        class=\"property-title\">Nom de marque :&nbsp;<\/span><span\n                                        class=\"property-desc line-limit-length\">Luckima<\/span>\n                            <\/li>\n<li class=\"product-prop line-limit-length\"><span\n                                        class=\"property-title\">Origine :&nbsp;<\/span><span\n                                        class=\"property-desc line-limit-length\">CN (Origine)<\/span>\n                            <\/li>\n<\/ul><\/div>\n<div class=\"detailmodule_html\">\n<div class=\"detail-desc-decorate-richtext\">\n<div class=\"detailmodule_html\">\n<div class=\"detail-desc-decorate-richtext\">\n<div>&nbsp;<\/div>\n<div>&nbsp;<\/div>\n<div>&nbsp;<\/div>\n<div><kse:widget data-widget-type=\"customText\" id=\"24733475\" type=\"custom\"><\/kse:widget><\/div>\n<div>\n<div>\n<div>\n<div>\n<div>\n<div>\n<div>\n<div><span style=\"color:rgb(231, 76, 60)\"><span style=\"font-size:18px\"><strong>Remarque :<\/p>\n<p>1. le motif passe du style diamant au style cercle, il sera plus serr\u00e9.<\/strong><\/span><\/span> <span style=\"color:rgb(231, 76, 60)\"><span style=\"font-size:18px\"><\/span><\/span><br \/>\n<span style=\"color:rgb(231, 76, 60)\"><span style=\"font-size:18px\"><strong>les fonctions sont les m\u00eames, soyez assur\u00e9 d&#8217;acheter, ne vous inqui\u00e9tez pas pour cela \ud83d\ude42<br \/>2. La taille comprend le bord, un bord lat\u00e9ral mesure environ 0,7 \u00e0 0,9 cm, la taille d'utilisation valide sera de 1,4 \u00e0 1,8 cm de moins.<\/strong><\/span><\/span><\/div>\n<p align=\"left\" style=\"text-align:left;margin:0px;margin-bottom:0px;margin-top:0px;margin-left:0px;margin-right:0px\"><img decoding=\"async\" referrerpolicy=\"no-referrer\" slate-data-type=\"image\" src=\"https:\/\/ae01.alicdn.com\/kf\/Hfd6b0436cb524c8aaefddb34b009a5beM.jpg?width=800&amp;height=800&amp;hash=1600\"><img decoding=\"async\" referrerpolicy=\"no-referrer\" slate-data-type=\"image\" src=\"https:\/\/ae01.alicdn.com\/kf\/H50845a5899e14c1897c979bc6c4f3239p.jpg?width=800&amp;height=800&amp;hash=1600\"><img decoding=\"async\" referrerpolicy=\"no-referrer\" slate-data-type=\"image\" src=\"https:\/\/ae01.alicdn.com\/kf\/H30fd35ef3f2d44199a2280374653be8fK.jpg?width=800&amp;height=800&amp;hash=1600\"><img decoding=\"async\" referrerpolicy=\"no-referrer\" slate-data-type=\"image\" src=\"https:\/\/ae01.alicdn.com\/kf\/H0c4c73124e564c6fa5b101add96a73a8R.jpg?width=800&amp;height=800&amp;hash=1600\"><img decoding=\"async\" referrerpolicy=\"no-referrer\" slate-data-type=\"image\" src=\"https:\/\/ae01.alicdn.com\/kf\/Ha69d6ffea4f84c569bf74e6abd8c5a95t.jpg?width=800&amp;height=800&amp;hash=1600\"><img decoding=\"async\" referrerpolicy=\"no-referrer\" slate-data-type=\"image\" src=\"https:\/\/ae01.alicdn.com\/kf\/H8a4e7c7e21be4efba060a49cb5be55709.jpg?width=800&amp;height=800&amp;hash=1600\"><\/p>\n<p align=\"left\" style=\"text-align:left;margin:0px;margin-bottom:0px;margin-top:0px;margin-left:0px;margin-right:0px\"><img decoding=\"async\" referrerpolicy=\"no-referrer\" slate-data-type=\"image\" src=\"https:\/\/ae01.alicdn.com\/kf\/H2a91dca223b14909aa0c3771f9c630f6g.jpg\"><\/p>\n<\/div>\n<\/div>\n<\/div>\n<\/div>\n<\/div>\n<\/div>\n<\/div>\n<p>&nbsp;<\/p>\n<\/div>\n<\/div>\n<\/div>\n<\/div>","protected":false},"excerpt":{"rendered":"<p>Chimique Hign-concern\u00e9:&nbsp;Aucun Avec sac sous vide:&nbsp;Oui Source d&#039;\u00e9nergie:&nbsp;\u00c9lectrique Num\u00e9ro de Mod\u00e8le:&nbsp;Vacuum Packaging Bag Food Saving Bags for Vacuum Sealer Machine<\/p>","protected":false},"featured_media":2705,"comment_status":"open","ping_status":"closed","template":"","meta":[],"product_brand":[],"product_cat":[31],"product_tag":[],"class_list":{"0":"post-2703","1":"product","2":"type-product","3":"status-publish","4":"has-post-thumbnail","6":"product_cat-small-kitchen-appliances-appliances","8":"first","9":"instock","10":"shipping-taxable","11":"purchasable","12":"product-type-variable"},"jetpack_sharing_enabled":true,"_links":{"self":[{"href":"https:\/\/afrycom.com\/fr\/wp-json\/wp\/v2\/product\/2703","targetHints":{"allow":["GET"]}}],"collection":[{"href":"https:\/\/afrycom.com\/fr\/wp-json\/wp\/v2\/product"}],"about":[{"href":"https:\/\/afrycom.com\/fr\/wp-json\/wp\/v2\/types\/product"}],"replies":[{"embeddable":true,"href":"https:\/\/afrycom.com\/fr\/wp-json\/wp\/v2\/comments?post=2703"}],"wp:featuredmedia":[{"embeddable":true,"href":"https:\/\/afrycom.com\/fr\/wp-json\/wp\/v2\/media\/2705"}],"wp:attachment":[{"href":"https:\/\/afrycom.com\/fr\/wp-json\/wp\/v2\/media?parent=2703"}],"wp:term":[{"taxonomy":"product_brand","embeddable":true,"href":"https:\/\/afrycom.com\/fr\/wp-json\/wp\/v2\/product_brand?post=2703"},{"taxonomy":"product_cat","embeddable":true,"href":"https:\/\/afrycom.com\/fr\/wp-json\/wp\/v2\/product_cat?post=2703"},{"taxonomy":"product_tag","embeddable":true,"href":"https:\/\/afrycom.com\/fr\/wp-json\/wp\/v2\/product_tag?post=2703"}],"curies":[{"name":"wp","href":"https:\/\/api.w.org\/{rel}","templated":true}]}}