{"id":2685,"date":"2025-03-08T05:49:41","date_gmt":"2025-03-08T05:49:41","guid":{"rendered":"https:\/\/afrycom.com\/product\/aspirateur-de-voiture-szuk-9998700pa-aspirateur-sans-fil-a-forte-aspiration-aspirateur-a-main-portable-machine-de-nettoyage-aspirateur-pour-voiture-aspirateur-voiture-puissant-sans-fil-aspirateur-voit\/"},"modified":"2025-03-08T05:49:57","modified_gmt":"2025-03-08T05:49:57","slug":"aspirateur-de-voiture-szuk-9998700pa-aspirateur-sans-fil-a-forte-aspiration-aspirateur-a-main-portable-machine-de-nettoyage-aspirateur-pour-voiture-aspirateur-voiture-puissant-sans-fil-aspirateur-voit","status":"publish","type":"product","link":"https:\/\/afrycom.com\/fr\/produit\/aspirateur-de-voiture-szuk-9998700pa-aspirateur-sans-fil-a-forte-aspiration-aspirateur-a-main-portable-machine-de-nettoyage-aspirateur-pour-voiture-aspirateur-voiture-puissant-sans-fil-aspirateur-voit\/","title":{"rendered":"Aspirateur de voiture SZUK 9998700PA Aspirateur sans fil \u00e0 forte aspiration Aspirateur \u00e0 main portable Machine de nettoyage aspirateur pour voiture aspirateur voiture puissant sans fil aspirateur voiture"},"content":{"rendered":"<div class=\"product-specs-list-container\">\n<ul class=\"product-specs-list util-clearfix\">\n<li class=\"product-prop line-limit-length\"><span\n                                        class=\"property-title\">Chimique Hign-concern\u00e9 :&nbsp;<\/span><span\n                                        class=\"property-desc line-limit-length\">Aucun<\/span>\n                            <\/li>\n<li class=\"product-prop line-limit-length\"><span\n                                        class=\"property-title\">Caract\u00e9ristiques sp\u00e9ciales :&nbsp;<\/span><span\n                                        class=\"property-desc line-limit-length\">aspirer, souffler\/gonfler et \u00e9vacuer.<\/span>\n                            <\/li>\n<li class=\"product-prop line-limit-length\"><span\n                                        class=\"property-title\">Certification de Test Ext\u00e9rieur :&nbsp;<\/span><span\n                                        class=\"property-desc line-limit-length\">ce<\/span>\n                            <\/li>\n<li class=\"product-prop line-limit-length\"><span\n                                        class=\"property-title\">Nom du mod\u00e8le :&nbsp;<\/span><span\n                                        class=\"property-desc line-limit-length\">C017<\/span>\n                            <\/li>\n<li class=\"product-prop line-limit-length\"><span\n                                        class=\"property-title\">Nom de marque :&nbsp;<\/span><span\n                                        class=\"property-desc line-limit-length\">szuk<\/span>\n                            <\/li>\n<li class=\"product-prop line-limit-length\"><span\n                                        class=\"property-title\">Origine :&nbsp;<\/span><span\n                                        class=\"property-desc line-limit-length\">CN (Origine)<\/span>\n                            <\/li>\n<li class=\"product-prop line-limit-length\"><span\n                                        class=\"property-title\">Type d'article :&nbsp;<\/span><span\n                                        class=\"property-desc line-limit-length\">Aspirateur sous vide<\/span>\n                            <\/li>\n<li class=\"product-prop line-limit-length\"><span\n                                        class=\"property-title\">Mat\u00e9riau :&nbsp;<\/span><span\n                                        class=\"property-desc line-limit-length\">ABS<\/span>\n                            <\/li>\n<li class=\"product-prop line-limit-length\"><span\n                                        class=\"property-title\">Certification :&nbsp;<\/span><span\n                                        class=\"property-desc line-limit-length\">ROHS,FCC,CE<\/span>\n                            <\/li>\n<li class=\"product-prop line-limit-length\"><span\n                                        class=\"property-title\">Nom du produit :&nbsp;<\/span><span\n                                        class=\"property-desc line-limit-length\">Aspirateur de voiture<\/span>\n                            <\/li>\n<li class=\"product-prop line-limit-length\"><span\n                                        class=\"property-title\">Fonctionnalit\u00e9 :&nbsp;<\/span><span\n                                        class=\"property-desc line-limit-length\">aspirer, souffler \/ gonfler et \u00e9vacuer.<\/span>\n                            <\/li>\n<li class=\"product-prop line-limit-length\"><span\n                                        class=\"property-title\">Sc\u00e9narios d'application :&nbsp;<\/span><span\n                                        class=\"property-desc line-limit-length\">Utilisation pour la voiture, la maison, le clavier, le bureau<\/span>\n                            <\/li>\n<li class=\"product-prop line-limit-length\"><span\n                                        class=\"property-title\">Fonction1 :&nbsp;<\/span><span\n                                        class=\"property-desc line-limit-length\">Aspirateur puissant<\/span>\n                            <\/li>\n<li class=\"product-prop line-limit-length\"><span\n                                        class=\"property-title\">Fonction2 :&nbsp;<\/span><span\n                                        class=\"property-desc line-limit-length\">Aspirateur \u00e0 main<\/span>\n                            <\/li>\n<li class=\"product-prop line-limit-length\"><span\n                                        class=\"property-title\">Fonction3 :&nbsp;<\/span><span\n                                        class=\"property-desc line-limit-length\">aspirateur portable sans fil<\/span>\n                            <\/li>\n<li class=\"product-prop line-limit-length\"><span\n                                        class=\"property-title\">Fonction4 :&nbsp;<\/span><span\n                                        class=\"property-desc line-limit-length\">Aspirateur de voiture sans fil puissant<\/span>\n                            <\/li>\n<li class=\"product-prop line-limit-length\"><span\n                                        class=\"property-title\">Fonction5 :&nbsp;<\/span><span\n                                        class=\"property-desc line-limit-length\">puissant aspirateur sans fil<\/span>\n                            <\/li>\n<li class=\"product-prop line-limit-length\"><span\n                                        class=\"property-title\">Fonction6 :&nbsp;<\/span><span\n                                        class=\"property-desc line-limit-length\">aspirateurs sans fil pour voitures<\/span>\n                            <\/li>\n<li class=\"product-prop line-limit-length\"><span\n                                        class=\"property-title\">Fonction7 :&nbsp;<\/span><span\n                                        class=\"property-desc line-limit-length\">mini aspirateur sans fil<\/span>\n                            <\/li>\n<li class=\"product-prop line-limit-length\"><span\n                                        class=\"property-title\">Fonction8 :&nbsp;<\/span><span\n                                        class=\"property-desc line-limit-length\">Mini aspirateur<\/span>\n                            <\/li>\n<li class=\"product-prop line-limit-length\"><span\n                                        class=\"property-title\">Fonction9 :&nbsp;<\/span><span\n                                        class=\"property-desc line-limit-length\">Nettoyeur sans fil<\/span>\n                            <\/li>\n<li class=\"product-prop line-limit-length\"><span\n                                        class=\"property-title\">Fonction10 :&nbsp;<\/span><span\n                                        class=\"property-desc line-limit-length\">Aspirateur de voiture<\/span>\n                            <\/li>\n<li class=\"product-prop line-limit-length\"><span\n                                        class=\"property-title\">Fonction11 :&nbsp;<\/span><span\n                                        class=\"property-desc line-limit-length\">Aspirateur sans fil<\/span>\n                            <\/li>\n<li class=\"product-prop line-limit-length\"><span\n                                        class=\"property-title\">Fonction12 :&nbsp;<\/span><span\n                                        class=\"property-desc line-limit-length\">Nettoyant pour v\u00e9hicules<\/span>\n                            <\/li>\n<li class=\"product-prop line-limit-length\"><span\n                                        class=\"property-title\">Fonction13 :&nbsp;<\/span><span\n                                        class=\"property-desc line-limit-length\">Nettoyeur sans fil pour voiture<\/span>\n                            <\/li>\n<li class=\"product-prop line-limit-length\"><span\n                                        class=\"property-title\">Fonction14 :&nbsp;<\/span><span\n                                        class=\"property-desc line-limit-length\">nettoyeur de voiture sans fil<\/span>\n                            <\/li>\n<li class=\"product-prop line-limit-length\"><span\n                                        class=\"property-title\">Fonction15 :&nbsp;<\/span><span\n                                        class=\"property-desc line-limit-length\">Aspirateur sans fil<\/span>\n                            <\/li>\n<li class=\"product-prop line-limit-length\"><span\n                                        class=\"property-title\">Fonction16 :&nbsp;<\/span><span\n                                        class=\"property-desc line-limit-length\">Nettoyeur portable<\/span>\n                            <\/li>\n<li class=\"product-prop line-limit-length\"><span\n                                        class=\"property-title\">Fonction17 :&nbsp;<\/span><span\n                                        class=\"property-desc line-limit-length\">Aspirateur voiture<\/span>\n                            <\/li>\n<li class=\"product-prop line-limit-length\"><span\n                                        class=\"property-title\">Fonction18 :&nbsp;<\/span><span\n                                        class=\"property-desc line-limit-length\">Aspirateur portable<\/span>\n                            <\/li>\n<li class=\"product-prop line-limit-length\"><span\n                                        class=\"property-title\">Fonction19 :&nbsp;<\/span><span\n                                        class=\"property-desc line-limit-length\">aspirateurs \u00e0 main<\/span>\n                            <\/li>\n<li class=\"product-prop line-limit-length\"><span\n                                        class=\"property-title\">Fonction20 :&nbsp;<\/span><span\n                                        class=\"property-desc line-limit-length\">aspirateur sans fil<\/span>\n                            <\/li>\n<\/ul><\/div>\n<div class=\"detailmodule_html\">\n<div class=\"detail-desc-decorate-richtext\">\n<div>\n <img decoding=\"async\" src=\"https:\/\/ae01.alicdn.com\/kf\/Ab2a9d09c2948453ebc92ff16fd5b20ear.png\" slate-data-type=\"image\" \/><br \/>\n <br \/> \n<\/div>\n<p><span style=\"font-size:18px;font-family:arial, helvetica, sans-serif\"><strong id=\"tl_1\">Description du produit<\/strong><\/span><\/p>\n<p><span style=\"font-size:18px;font-family:arial, helvetica, sans-serif\" id=\"tl_2\">1.1 Ce produit est un appareil portatif sans fil avec une tension nominale de 11,1V<\/span><\/p>\n<p><span style=\"font-size:18px;font-family:arial, helvetica, sans-serif\" id=\"tl_3\">1.2 Le produit a trois fonctions : aspirer, souffler\/gonfler et \u00e9vacuer.<\/span><\/p>\n<p><span style=\"font-size:18px;font-family:arial, helvetica, sans-serif\" id=\"tl_4\">1.3 Le filtre adopte la technologie HEPA et est lavable.<\/span><\/p>\n<p><span style=\"font-size:18px;font-family:arial, helvetica, sans-serif\" id=\"tl_5\">1.4 Le moteur est un moteur sans balai \u00e0 grande vitesse de 11,1V.<\/span><\/p>\n<p><span style=\"font-size:18px;font-family:arial, helvetica, sans-serif\" id=\"tl_6\">1.5 Pales de turbine enti\u00e8rement ferm\u00e9es<\/span><\/p>\n<p><span style=\"font-size:18px;font-family:arial, helvetica, sans-serif\" id=\"tl_7\">1.6 Indicateur de batterie<\/span><\/p>\n<div>\n <br \/> \n<\/div>\n<p><span style=\"font-size:20px;font-family:arial, helvetica, sans-serif\"><strong id=\"tl_8\">Sp\u00e9cifications des composants cl\u00e9s<\/strong><\/span><span style=\"font-size:20px;font-family:arial, helvetica, sans-serif\" id=\"tl_9\"> (se r\u00e9f\u00e9rer \u00e0 la nomenclature, au document de sp\u00e9cification technique pertinent et aux pr\u00e9cautions d'inspection et d'assemblage des pi\u00e8ces pour plus de d\u00e9tails)<\/span><\/p>\n<p><span style=\"font-size:18px;font-family:arial, helvetica, sans-serif\" id=\"tl_10\">2.1 Pales Pales de turbine enti\u00e8rement ferm\u00e9es<\/span><\/p>\n<p><span style=\"font-size:18px;font-family:arial, helvetica, sans-serif\" id=\"tl_11\">2.2 Mat\u00e9riau de la coque ABS<\/span><\/p>\n<p><span style=\"font-size:18px;font-family:arial, helvetica, sans-serif\" id=\"tl_12\">2.3 Dimensions du produit 21,8X20,5X6,4 (longueur x largeur x hauteur cm)<\/span><\/p>\n<p><span style=\"font-size:18px;font-family:arial, helvetica, sans-serif\" id=\"tl_13\">2.4 Batterie 18650*3*2000mAh 11.1V<\/span><\/p>\n<p><span style=\"font-size:18px;font-family:arial, helvetica, sans-serif\" id=\"tl_14\">2.5 Accessoires Brosse, brosse statique, tube plat, longue tige de soufflage, longue tige de brosse, c\u00e2ble de charge USB, (trois accessoires gonflables) (en option : HEPA, godet \u00e0 poussi\u00e8re \u00e0 couvercle ouvert simple, sac)<\/span><\/p>\n<p><span style=\"font-size:18px;font-family:arial, helvetica, sans-serif\" id=\"tl_15\">2.6 Poids 470g (machine nue)<\/span><\/p>\n<p><span style=\"font-size:18px;font-family:arial, helvetica, sans-serif\" id=\"tl_16\">2.7 Taille du moteur 45 moteur sans balais 80000 rpm<\/span><\/p>\n<p><span style=\"font-size:18px;font-family:arial, helvetica, sans-serif\" id=\"tl_17\">2.8 Commutateur des trois vitesses haute, moyenne et basse (appuyer pendant 3 secondes pour activer)<\/span><\/p>\n<p><span style=\"font-size:18px;font-family:arial, helvetica, sans-serif\" id=\"tl_18\">2.9 C\u00e2ble de chargement Type-c 5V 1.5A<\/span><\/p>\n<div>\n <br \/> \n<\/div>\n<p><span style=\"font-size:20px;font-family:arial, helvetica, sans-serif\"><strong id=\"tl_19\">Param\u00e8tres et performances du produit<\/strong><\/span><\/p>\n<p><span style=\"font-size:18px;font-family:arial, helvetica, sans-serif\" id=\"tl_20\">3.1 Tension nominale : DC11.1V<\/span><\/p>\n<p><span style=\"font-size:18px;font-family:arial, helvetica, sans-serif\" id=\"tl_21\">3.2 Puissance nominale : 100W<\/span><\/p>\n<p><span style=\"font-size:18px;font-family:arial, helvetica, sans-serif\" id=\"tl_22\">3.3 Capacit\u00e9 du godet \u00e0 poussi\u00e8re 0.2L<\/span><\/p>\n<p><span style=\"font-size:18px;font-family:arial, helvetica, sans-serif\" id=\"tl_23\">3.3 Bruit : Valeur sonore d'environ 70dB \u00e0 une distance de 1m<\/span><\/p>\n<p><span style=\"font-size:18px;font-family:arial, helvetica, sans-serif\" id=\"tl_24\">3.4 Force d'aspiration Haut de gamme 15KPa Milieu de gamme 12KPa Bas de gamme 6KPa<\/span><\/p>\n<p><span style=\"font-size:18px;font-family:arial, helvetica, sans-serif\" id=\"tl_25\">3.5 Volume de soufflage 680L\/min maximum<\/span><\/p>\n<p><span style=\"font-size:18px;font-family:arial, helvetica, sans-serif\" id=\"tl_26\">3.6 Volume d'aspiration 680L\/min maximum<\/span><\/p>\n<p><span style=\"font-size:18px;font-family:arial, helvetica, sans-serif\" id=\"tl_27\">3.7 Pression de gonflage 15KPa Haut de gamme<\/span><\/p>\n<p><span style=\"font-size:18px;font-family:arial, helvetica, sans-serif\" id=\"tl_28\">3.8 Pression d'\u00e9chappement 15KPa Haut de gamme<\/span><\/p>\n<p><span style=\"font-size:18px;font-family:arial, helvetica, sans-serif\" id=\"tl_29\">3.9 Temps de charge 4-5 heures<\/span><\/p>\n<p><span style=\"font-size:18px;font-family:arial, helvetica, sans-serif\" id=\"tl_30\">4.0 Temps d'utilisation Aspiration bas de gamme 30 minutes Aspiration moyenne 18 minutes Aspiration haut de gamme 12 minutes<\/span><\/p>\n<div>\n <br \/> <br \/>\n <img decoding=\"async\" src=\"https:\/\/ae01.alicdn.com\/kf\/S94646885dff34a09a30ef33c32f5b4b9L.jpg?width=960&amp;height=600&amp;hash=1560\" slate-data-type=\"image\" \/><br \/>\n <img decoding=\"async\" src=\"https:\/\/ae01.alicdn.com\/kf\/Sb8e9d0943c6540bbba3a47bc0475981aI.jpg?width=960&amp;height=600&amp;hash=1560\" slate-data-type=\"image\" \/><br \/>\n <img decoding=\"async\" src=\"https:\/\/ae01.alicdn.com\/kf\/S9dc18427acac4c1da38bd47e7aa11e01l.jpg?width=960&amp;height=600&amp;hash=1560\" slate-data-type=\"image\" \/><br \/>\n <img decoding=\"async\" src=\"https:\/\/ae01.alicdn.com\/kf\/S0f6e3dcb47d344b7abc5b76d04fb7938R.jpg?width=960&amp;height=600&amp;hash=1560\" slate-data-type=\"image\" \/><br \/>\n <img decoding=\"async\" src=\"https:\/\/ae01.alicdn.com\/kf\/S45045cd5dbc648b9bf826f8d9e2fc1b7f.jpg?width=960&amp;height=600&amp;hash=1560\" slate-data-type=\"image\" \/><br \/>\n <img decoding=\"async\" src=\"https:\/\/ae01.alicdn.com\/kf\/S65a607181a9343a79994612df281771a1.jpg?width=960&amp;height=600&amp;hash=1560\" slate-data-type=\"image\" \/><br \/>\n <img decoding=\"async\" src=\"https:\/\/ae01.alicdn.com\/kf\/S38b8bde7ad2f446d94aed680b066e976v.jpg?width=960&amp;height=600&amp;hash=1560\" slate-data-type=\"image\" \/><br \/>\n <img decoding=\"async\" src=\"https:\/\/ae01.alicdn.com\/kf\/Se1e7fffc7d6944e58ec86e33a1084771K.jpg?width=960&amp;height=600&amp;hash=1560\" slate-data-type=\"image\" \/><br \/>\n <img decoding=\"async\" src=\"https:\/\/ae01.alicdn.com\/kf\/S5bbbffd9503d4f7abbd5aec90d73caa2p.jpg?width=960&amp;height=600&amp;hash=1560\" slate-data-type=\"image\" \/><br \/>\n <img decoding=\"async\" src=\"https:\/\/ae01.alicdn.com\/kf\/S0b5d07dcc91a43c2a93202889715a84cV.jpg?width=960&amp;height=600&amp;hash=1560\" slate-data-type=\"image\" \/><br \/>\n <img decoding=\"async\" src=\"https:\/\/ae01.alicdn.com\/kf\/S519e81fb2c5b46bd976902b1d4aaf8a3G.jpg?width=960&amp;height=600&amp;hash=1560\" slate-data-type=\"image\" \/><br \/>\n <img decoding=\"async\" src=\"https:\/\/ae01.alicdn.com\/kf\/S60f449a45b024f4a8003e971d9e15a55S.jpg?width=960&amp;height=600&amp;hash=1560\" slate-data-type=\"image\" \/><br \/>\n <img decoding=\"async\" src=\"https:\/\/ae01.alicdn.com\/kf\/S23560637ad164d7b94108d87302e8c30v.jpg?width=960&amp;height=600&amp;hash=1560\" slate-data-type=\"image\" \/><br \/>\n <img decoding=\"async\" src=\"https:\/\/ae01.alicdn.com\/kf\/S3080ff89e577416f9b637c29d0b1ca6d6.jpg?width=960&amp;height=600&amp;hash=1560\" slate-data-type=\"image\" \/><br \/>\n <img decoding=\"async\" src=\"https:\/\/ae01.alicdn.com\/kf\/S2c8116c133f34317834666eb464fa084x.jpg?width=960&amp;height=600&amp;hash=1560\" slate-data-type=\"image\" \/><br \/>\n <img decoding=\"async\" src=\"https:\/\/ae01.alicdn.com\/kf\/S25472ef9990e4de0ad3f81055fa2b41cd.jpg?width=960&amp;height=600&amp;hash=1560\" slate-data-type=\"image\" \/><br \/>\n <img decoding=\"async\" src=\"https:\/\/ae01.alicdn.com\/kf\/Sefeef54094624f968d7c67657c5ca48fP.jpg?width=960&amp;height=600&amp;hash=1560\" slate-data-type=\"image\" \/><br \/>\n <img decoding=\"async\" src=\"https:\/\/ae01.alicdn.com\/kf\/S8e25381a46b24e7196188512624bb510B.jpg?width=960&amp;height=600&amp;hash=1560\" slate-data-type=\"image\" \/><br \/>\n <img decoding=\"async\" src=\"https:\/\/ae01.alicdn.com\/kf\/S2fc10a67c7214b7caf0c981e7d397cea0.jpg?width=960&amp;height=600&amp;hash=1560\" slate-data-type=\"image\" \/><br \/>\n <img decoding=\"async\" src=\"https:\/\/ae01.alicdn.com\/kf\/S3b623a7f473f4a0d9d13857adcfb10ebL.jpg?width=960&amp;height=600&amp;hash=1560\" slate-data-type=\"image\" \/><br \/>\n <img decoding=\"async\" src=\"https:\/\/ae01.alicdn.com\/kf\/Sdf301b0260ae41aea962d610bd63b56eW.jpg?width=960&amp;height=600&amp;hash=1560\" slate-data-type=\"image\" \/><br \/>\n <img decoding=\"async\" src=\"https:\/\/ae01.alicdn.com\/kf\/S367e27edb5bb4612b0cba86a148dcf99O.jpg?width=960&amp;height=600&amp;hash=1560\" slate-data-type=\"image\" \/><br \/>\n <img decoding=\"async\" src=\"https:\/\/ae01.alicdn.com\/kf\/Sc78b68659c5b4046ba29d414b362acd6r.jpg?width=960&amp;height=600&amp;hash=1560\" slate-data-type=\"image\" \/><br \/>\n <img decoding=\"async\" src=\"https:\/\/ae01.alicdn.com\/kf\/S0654755a0beb4220bcbcf6c2bd945e632.jpg?width=960&amp;height=600&amp;hash=1560\" slate-data-type=\"image\" \/><br \/>\n <img decoding=\"async\" src=\"https:\/\/ae01.alicdn.com\/kf\/S214a2f98ee0e47008099bcb439b6dde8y.jpg?width=960&amp;height=600&amp;hash=1560\" slate-data-type=\"image\" \/><br \/>\n <img decoding=\"async\" src=\"https:\/\/ae01.alicdn.com\/kf\/Sebb2d318ec424c3ab37b6df5f6cc17e9u.jpg?width=960&amp;height=600&amp;hash=1560\" slate-data-type=\"image\" \/><br \/>\n <img decoding=\"async\" src=\"https:\/\/ae01.alicdn.com\/kf\/Sa8bd08039b2d4bd8b9465b387cc0b902b.jpg?width=960&amp;height=600&amp;hash=1560\" slate-data-type=\"image\" \/><br \/>\n <img decoding=\"async\" src=\"https:\/\/ae01.alicdn.com\/kf\/S17b77f71b5fa43cfbc676d4f52f09154z.jpg?width=960&amp;height=600&amp;hash=1560\" slate-data-type=\"image\" \/><br \/>\n <img decoding=\"async\" src=\"https:\/\/ae01.alicdn.com\/kf\/S85fc14ca989c411197662d4de39229b4J.jpg?width=960&amp;height=600&amp;hash=1560\" slate-data-type=\"image\" \/><br \/>\n <img decoding=\"async\" src=\"https:\/\/ae01.alicdn.com\/kf\/Sf21c057ed5734d13b992a32806adc369N.jpg?width=960&amp;height=845&amp;hash=1805\" slate-data-type=\"image\" \/><br \/>\n <img decoding=\"async\" src=\"https:\/\/ae01.alicdn.com\/kf\/S0b2132bed34c49a9b8535cad6f892cf3F.jpg?width=960&amp;height=2313&amp;hash=3273\" slate-data-type=\"image\" \/><br \/>\n <img decoding=\"async\" src=\"https:\/\/ae01.alicdn.com\/kf\/Sa030ddf1da344e8990ee08ec9ecf804aB.jpg?width=960&amp;height=355&amp;hash=1315\" slate-data-type=\"image\" \/><br \/>\n <img decoding=\"async\" src=\"https:\/\/ae01.alicdn.com\/kf\/S7802d58d88fb4868b2fa2db6694c2f67U.jpg?width=960&amp;height=600&amp;hash=1560\" slate-data-type=\"image\" \/><br \/>\n <img decoding=\"async\" src=\"https:\/\/ae01.alicdn.com\/kf\/S44543eb5be194cba886d557163804c88H.jpg?width=960&amp;height=600&amp;hash=1560\" slate-data-type=\"image\" \/><br \/>\n <img decoding=\"async\" src=\"https:\/\/ae01.alicdn.com\/kf\/Sc4b06ab8570a451cbf431131d8f66fdcO.jpg?width=960&amp;height=600&amp;hash=1560\" slate-data-type=\"image\" \/><br \/>\n <img decoding=\"async\" src=\"https:\/\/ae01.alicdn.com\/kf\/S13812094d70048028cb55c84251f6e3d9.jpg?width=960&amp;height=600&amp;hash=1560\" slate-data-type=\"image\" \/><br \/>\n <img decoding=\"async\" src=\"https:\/\/ae01.alicdn.com\/kf\/S7277345751034c539770b2f7cdad6f5dh.jpg?width=960&amp;height=600&amp;hash=1560\" slate-data-type=\"image\" \/><br \/>\n <img decoding=\"async\" src=\"https:\/\/ae01.alicdn.com\/kf\/S09320b0b042644bab36319aa3b810b97m.jpg?width=960&amp;height=600&amp;hash=1560\" slate-data-type=\"image\" \/><br \/>\n <img decoding=\"async\" src=\"https:\/\/ae01.alicdn.com\/kf\/S18c21ae799314c34b8b2cade6dfaf871O.jpg?width=960&amp;height=600&amp;hash=1560\" slate-data-type=\"image\" \/><br \/>\n <img decoding=\"async\" src=\"https:\/\/ae01.alicdn.com\/kf\/S7a0167289c054a8fbf3e992a5ad29a3a9.jpg?width=960&amp;height=600&amp;hash=1560\" slate-data-type=\"image\" \/><br \/>\n <img decoding=\"async\" src=\"https:\/\/ae01.alicdn.com\/kf\/Sa25ddf84c70a4371a4910c7494088cf4Y.jpg?width=960&amp;height=600&amp;hash=1560\" slate-data-type=\"image\" \/><br \/>\n <img decoding=\"async\" src=\"https:\/\/ae01.alicdn.com\/kf\/S046ec7f1ae1149388e066d90db5d9d5eX.jpg?width=960&amp;height=600&amp;hash=1560\" slate-data-type=\"image\" \/><br \/>\n <img decoding=\"async\" src=\"https:\/\/ae01.alicdn.com\/kf\/Sbc2288f9a7d34b84935a972a1452f404e.jpg?width=960&amp;height=600&amp;hash=1560\" slate-data-type=\"image\" \/><br \/>\n <img decoding=\"async\" src=\"https:\/\/ae01.alicdn.com\/kf\/S8da3cbd65f6e44a5b1cbf04fef79ec9aF.jpg?width=960&amp;height=600&amp;hash=1560\" slate-data-type=\"image\" \/><br \/>\n <img decoding=\"async\" src=\"https:\/\/ae01.alicdn.com\/kf\/S10d609447f49432e8391dd7b60556e1da.jpg?width=960&amp;height=600&amp;hash=1560\" slate-data-type=\"image\" \/><br \/>\n <img decoding=\"async\" src=\"https:\/\/ae01.alicdn.com\/kf\/S2759a7d7f5ea4d88b0783020cfe9ae9ev.jpg?width=960&amp;height=600&amp;hash=1560\" slate-data-type=\"image\" \/><br \/>\n <img decoding=\"async\" src=\"https:\/\/ae01.alicdn.com\/kf\/S07fad99513cf442192920adb264ee88eW.jpg?width=960&amp;height=600&amp;hash=1560\" slate-data-type=\"image\" \/><br \/>\n <img decoding=\"async\" src=\"https:\/\/ae01.alicdn.com\/kf\/S24a009a67fd847c189fee55e9d5e2681P.jpg?width=960&amp;height=600&amp;hash=1560\" slate-data-type=\"image\" \/>\n<\/div>\n<div>\n <br \/> \n<\/div>\n<p><\/p>\n<\/div>\n<\/div>","protected":false},"excerpt":{"rendered":"<p>Chimique Hign-concern\u00e9:&nbsp;Aucun Caract\u00e9ristiques sp\u00e9ciales:&nbsp;vacuuming, blowing\/inflating and exhausting. Certification de Test Ext\u00e9rieur:&nbsp;ce Nom du mod\u00e8le:&nbsp;C017 Nom de marque:&nbsp;szuk Origine:&nbsp;CN (Origine) Type<\/p>","protected":false},"featured_media":2686,"comment_status":"open","ping_status":"closed","template":"","meta":[],"product_brand":[],"product_cat":[15],"product_tag":[],"class_list":{"0":"post-2685","1":"product","2":"type-product","3":"status-publish","4":"has-post-thumbnail","6":"product_cat-uncategorized","8":"first","9":"instock","10":"shipping-taxable","11":"purchasable","12":"product-type-variable"},"jetpack_sharing_enabled":true,"_links":{"self":[{"href":"https:\/\/afrycom.com\/fr\/wp-json\/wp\/v2\/product\/2685","targetHints":{"allow":["GET"]}}],"collection":[{"href":"https:\/\/afrycom.com\/fr\/wp-json\/wp\/v2\/product"}],"about":[{"href":"https:\/\/afrycom.com\/fr\/wp-json\/wp\/v2\/types\/product"}],"replies":[{"embeddable":true,"href":"https:\/\/afrycom.com\/fr\/wp-json\/wp\/v2\/comments?post=2685"}],"wp:featuredmedia":[{"embeddable":true,"href":"https:\/\/afrycom.com\/fr\/wp-json\/wp\/v2\/media\/2686"}],"wp:attachment":[{"href":"https:\/\/afrycom.com\/fr\/wp-json\/wp\/v2\/media?parent=2685"}],"wp:term":[{"taxonomy":"product_brand","embeddable":true,"href":"https:\/\/afrycom.com\/fr\/wp-json\/wp\/v2\/product_brand?post=2685"},{"taxonomy":"product_cat","embeddable":true,"href":"https:\/\/afrycom.com\/fr\/wp-json\/wp\/v2\/product_cat?post=2685"},{"taxonomy":"product_tag","embeddable":true,"href":"https:\/\/afrycom.com\/fr\/wp-json\/wp\/v2\/product_tag?post=2685"}],"curies":[{"name":"wp","href":"https:\/\/api.w.org\/{rel}","templated":true}]}}