{"id":2675,"date":"2025-03-08T05:49:37","date_gmt":"2025-03-08T05:49:37","guid":{"rendered":"https:\/\/afrycom.com\/product\/xiaomi-youpin-aspirateur-de-voiture-portable-sans-fil-machine-daspiration-de-bain-livres-deloyaux-determiner-pour-la-maison-nouveau\/"},"modified":"2025-03-08T05:49:57","modified_gmt":"2025-03-08T05:49:57","slug":"xiaomi-youpin-aspirateur-de-voiture-portable-sans-fil-machine-daspiration-de-bain-livres-deloyaux-determiner-pour-la-maison-nouveau","status":"publish","type":"product","link":"https:\/\/afrycom.com\/fr\/produit\/xiaomi-youpin-aspirateur-de-voiture-portable-sans-fil-machine-daspiration-de-bain-livres-deloyaux-determiner-pour-la-maison-nouveau\/","title":{"rendered":"Xiaomi Youpin-Aspirateur de voiture portable sans fil, machine d'aspiration de bain, livres d\u00e9loyaux, d\u00e9terminer pour la maison, nouveau"},"content":{"rendered":"<div class=\"product-specs-list-container\">\n<ul class=\"product-specs-list util-clearfix\">\n<li class=\"product-prop line-limit-length\"><span\n                                        class=\"property-title\">Chimique Hign-concern\u00e9 :&nbsp;<\/span><span\n                                        class=\"property-desc line-limit-length\">Aucun<\/span>\n                            <\/li>\n<li class=\"product-prop line-limit-length\"><span\n                                        class=\"property-title\">Poids :&nbsp;<\/span><span\n                                        class=\"property-desc line-limit-length\">3 &#8211; 6 Kg<\/span>\n                            <\/li>\n<li class=\"product-prop line-limit-length\"><span\n                                        class=\"property-title\">Nombre de bus :&nbsp;<\/span><span\n                                        class=\"property-desc line-limit-length\">1-3 buses<\/span>\n                            <\/li>\n<li class=\"product-prop line-limit-length\"><span\n                                        class=\"property-title\">Nombre de modes de fonctionnement:&nbsp;<\/span><span\n                                        class=\"property-desc line-limit-length\">3-4<\/span>\n                            <\/li>\n<li class=\"product-prop line-limit-length\"><span\n                                        class=\"property-title\">Type De batterie:&nbsp;<\/span><span\n                                        class=\"property-desc line-limit-length\">Autres<\/span>\n                            <\/li>\n<li class=\"product-prop line-limit-length\"><span\n                                        class=\"property-title\">Liquide r\u00e9servoir volume:&nbsp;<\/span><span\n                                        class=\"property-desc line-limit-length\">&lt;3l<\/span>\n                            <\/li>\n<li class=\"product-prop line-limit-length\"><span\n                                        class=\"property-title\">Brosse turbo:&nbsp;<\/span><span\n                                        class=\"property-desc line-limit-length\">OUI<\/span>\n                            <\/li>\n<li class=\"product-prop line-limit-length\"><span\n                                        class=\"property-title\">Capacit\u00e9 de bo\u00eete de poussi\u00e8re (L):&nbsp;<\/span><span\n                                        class=\"property-desc line-limit-length\">0,5 L<\/span>\n                            <\/li>\n<li class=\"product-prop line-limit-length\"><span\n                                        class=\"property-title\">Type De filtre:&nbsp;<\/span><span\n                                        class=\"property-desc line-limit-length\">HEPA<\/span>\n                            <\/li>\n<li class=\"product-prop line-limit-length\"><span\n                                        class=\"property-title\">Vie de la batterie:&nbsp;<\/span><span\n                                        class=\"property-desc line-limit-length\">2 hours-2 heures et 30 minutes<\/span>\n                            <\/li>\n<li class=\"product-prop line-limit-length\"><span\n                                        class=\"property-title\">LCD:&nbsp;<\/span><span\n                                        class=\"property-desc line-limit-length\">Pas de<\/span>\n                            <\/li>\n<li class=\"product-prop line-limit-length\"><span\n                                        class=\"property-title\">Itin\u00e9raire de nettoyage:&nbsp;<\/span><span\n                                        class=\"property-desc line-limit-length\">Type al\u00e9atoire<\/span>\n                            <\/li>\n<li class=\"product-prop line-limit-length\"><span\n                                        class=\"property-title\">Sac ou sans sac:&nbsp;<\/span><span\n                                        class=\"property-desc line-limit-length\">Avec sac<\/span>\n                            <\/li>\n<li class=\"product-prop line-limit-length\"><span\n                                        class=\"property-title\">Longueur du cordon (m):&nbsp;<\/span><span\n                                        class=\"property-desc line-limit-length\">sans fil<\/span>\n                            <\/li>\n<li class=\"product-prop line-limit-length\"><span\n                                        class=\"property-title\">R\u00e9servation de temps:&nbsp;<\/span><span\n                                        class=\"property-desc line-limit-length\">Pas de<\/span>\n                            <\/li>\n<li class=\"product-prop line-limit-length\"><span\n                                        class=\"property-title\">T\u00e9l\u00e9commande :&nbsp;<\/span><span\n                                        class=\"property-desc line-limit-length\">Pas de<\/span>\n                            <\/li>\n<li class=\"product-prop line-limit-length\"><span\n                                        class=\"property-title\">Buse d\u2019aspiration sp\u00e9ciale:&nbsp;<\/span><span\n                                        class=\"property-desc line-limit-length\">Brosse combin\u00e9e multifonctionnelle<\/span>\n                            <\/li>\n<li class=\"product-prop line-limit-length\"><span\n                                        class=\"property-title\">Type de stockage de poussi\u00e8re:&nbsp;<\/span><span\n                                        class=\"property-desc line-limit-length\">Bo\u00eete \u00e0 poussi\u00e8re\/seau \u00e0 poussi\u00e8re<\/span>\n                            <\/li>\n<li class=\"product-prop line-limit-length\"><span\n                                        class=\"property-title\">Installation:&nbsp;<\/span><span\n                                        class=\"property-desc line-limit-length\">PORTABLE<\/span>\n                            <\/li>\n<li class=\"product-prop line-limit-length\"><span\n                                        class=\"property-title\">Certification :&nbsp;<\/span><span\n                                        class=\"property-desc line-limit-length\">ce<\/span>\n                            <\/li>\n<li class=\"product-prop line-limit-length\"><span\n                                        class=\"property-title\">Tension (V) :&nbsp;<\/span><span\n                                        class=\"property-desc line-limit-length\">220V<\/span>\n                            <\/li>\n<li class=\"product-prop line-limit-length\"><span\n                                        class=\"property-title\">Puissance (W) :&nbsp;<\/span><span\n                                        class=\"property-desc line-limit-length\">120W<\/span>\n                            <\/li>\n<li class=\"product-prop line-limit-length\"><span\n                                        class=\"property-title\">Fonction :&nbsp;<\/span><span\n                                        class=\"property-desc line-limit-length\">Aspiration de lavage<\/span>\n                            <\/li>\n<li class=\"product-prop line-limit-length\"><span\n                                        class=\"property-title\">Nom de marque :&nbsp;<\/span><span\n                                        class=\"property-desc line-limit-length\">XIAOMI<\/span>\n                            <\/li>\n<li class=\"product-prop line-limit-length\"><span\n                                        class=\"property-title\">Origine :&nbsp;<\/span><span\n                                        class=\"property-desc line-limit-length\">CN (Origine)<\/span>\n                            <\/li>\n<\/ul><\/div>\n<div class=\"detailmodule_html\">\n<div class=\"detail-desc-decorate-richtext\">\n<div>\n<p align=\"left\" style=\"font-size:16px;font-weight:bold;text-align:left;color:rgb(67, 70, 73);display:block;width:100%\" id=\"tl_1\">Xiaomi Youpin aspirateur de voiture Machine de nettoyage puissante forte aspiration portable pour voiture maison Portable nettoyeur sans fil nouveau<\/p>\n<\/div>\n<div>\n<p style=\"color:rgb(238, 11, 39)\"><strong id=\"tl_2\">Remarque: si vous remarquez une diminution de l&#8217;aspiration ou des fuites d&#8217;air pendant l&#8217;utilisation de l&#8217;aspirateur, ne vous inqui&eacute;tez pas. Cela peut &ecirc;tre d&ucirc; &agrave; une mauvaise installation des pi&egrave;ces jointes. Assurez-vous que les accessoires sont solidement connect&eacute;s &agrave; l&#8217;unit&eacute; principale pour &eacute;viter tout desserrage. Si le probl&egrave;me persiste, n&#8217;h&eacute;sitez pas &agrave; nous contacter pour obtenir de l&#8217;aide-nous sommes l&agrave; pour vous aider!<\/strong><\/p>\n<\/div>\n<div>\n<p align=\"left\" style=\"font-size:16px;font-weight:bold;text-align:left;color:rgb(67, 70, 73);display:block;width:100%\" id=\"tl_3\">Remarque: Veuillez noter qu&#8217;il s&#8217;agit d&#8217;un produit de cha&icirc;ne &eacute;cologique Xiaomi YOUPIN et qu&#8217;il n&#8217;y a pas de logo Xiaomi sur le produit ou l&#8217;emballage.<\/p>\n<\/div>\n<div>\n<p align=\"left\" style=\"font-size:16px;font-weight:bold;text-align:left;color:rgb(67, 70, 73);display:block;width:100%\" id=\"tl_4\">Caract\u00e9ristiques<\/p>\n<p align=\"left\" style=\"font-size:13px;text-align:left;color:rgb(67, 70, 73);display:block;width:100%\" id=\"tl_5\">1. Aspiration puissante: &eacute;quip&eacute;e d&#8217;un moteur haute puissance pour fournir une forte aspiration, nettoyant efficacement la poussi&egrave;re, les d&eacute;bris et les poils d&#8217;animaux. <\/p>\n<p>2. Portable et portable: Design compact et l&eacute;ger pour une manipulation et une portabilit&eacute; faciles, adapt&eacute; &agrave; une utilisation &agrave; la fois dans les voitures et &agrave; la maison. <\/p>\n<p>3. Fonctionnement sans fil: fonctionne sans fil pour un nettoyage sans tracas, aliment&eacute; par des piles rechargeables pour plus de commodit&eacute;. <\/p>\n<p>4. Accessoires polyvalents: Comprend divers accessoires tels que des outils de crevasse et des brosses pour aborder diff&eacute;rentes t&acirc;ches de nettoyage dans les voitures et autour de la maison. <\/p>\n<p>5. Entretien facile: dispose d&#8217;un filtre d&eacute;tachable et lavable pour un entretien simple, assurant une aspiration puissante et une long&eacute;vit&eacute; continues.<\/p>\n<\/div>\n<div>\n <img decoding=\"async\" class=\"detail-desc-decorate-image\" referrerpolicy=\"no-referrer\" slate-data-type=\"image\" src=\"https:\/\/ae01.alicdn.com\/kf\/Sadfdf3a4e984439e86573a5f56b83d981.jpg\" \/><br \/>\n <img decoding=\"async\" class=\"detail-desc-decorate-image\" referrerpolicy=\"no-referrer\" slate-data-type=\"image\" src=\"https:\/\/ae01.alicdn.com\/kf\/S7e19001511214a558ad20c82cced6621B.jpg\" \/><br \/>\n <img decoding=\"async\" class=\"detail-desc-decorate-image\" referrerpolicy=\"no-referrer\" slate-data-type=\"image\" src=\"https:\/\/ae01.alicdn.com\/kf\/S1f0826cda53841769cea7228260ff6fcW.jpg\" \/><br \/>\n <img decoding=\"async\" class=\"detail-desc-decorate-image\" referrerpolicy=\"no-referrer\" slate-data-type=\"image\" src=\"https:\/\/ae01.alicdn.com\/kf\/S867df04fa22341d5a8926b6c14c7a5d0A.jpg\" \/><br \/>\n <img decoding=\"async\" class=\"detail-desc-decorate-image\" referrerpolicy=\"no-referrer\" slate-data-type=\"image\" src=\"https:\/\/ae01.alicdn.com\/kf\/S641b59e9d25e40b2876749f6e93bc758X.jpg\" \/><br \/>\n <img decoding=\"async\" class=\"detail-desc-decorate-image\" referrerpolicy=\"no-referrer\" slate-data-type=\"image\" src=\"https:\/\/ae01.alicdn.com\/kf\/Se133731e8fa1433ca4760e5894f13c6d6.jpg\" \/><br \/>\n <img decoding=\"async\" class=\"detail-desc-decorate-image\" referrerpolicy=\"no-referrer\" slate-data-type=\"image\" src=\"https:\/\/ae01.alicdn.com\/kf\/Sd244e8da063d4a538c3a2dc1b912c1e92.jpg\" \/><br \/>\n <img decoding=\"async\" class=\"detail-desc-decorate-image\" referrerpolicy=\"no-referrer\" slate-data-type=\"image\" src=\"https:\/\/ae01.alicdn.com\/kf\/Sc6b2d5cd9e0e443fab009c7fcd5661b9C.jpg\" \/><br \/>\n <img decoding=\"async\" class=\"detail-desc-decorate-image\" referrerpolicy=\"no-referrer\" slate-data-type=\"image\" src=\"https:\/\/ae01.alicdn.com\/kf\/Sbfb1dbbd845546cb8a401ad426b55013M.jpg\" \/><br \/>\n <img decoding=\"async\" class=\"detail-desc-decorate-image\" referrerpolicy=\"no-referrer\" slate-data-type=\"image\" src=\"https:\/\/ae01.alicdn.com\/kf\/S7bfc4156b6f642eb8d49741dcc03fdf0R.jpg\" \/>\n<\/div>\n<div>\n<p align=\"left\" style=\"font-size:13px;text-align:left;color:rgb(252, 252, 252);display:block;width:100%\" id=\"tl_6\">Aspirateur de voiture Mini aspirateur de voiture Xiaomi Robot aspirateur &agrave; main <br \/>Xiaomi nettoyeur sans fil xiaomi su7 Aspirateur de voiture Mini Xiaomi aspirateur Robot Aspirateur &agrave; main <br \/>Nettoyeur sans fil Xiaomi<\/p>\n<\/div>\n<p>&nbsp;<\/p>\n<\/div>\n<\/div>","protected":false},"excerpt":{"rendered":"<p>Chimique Hign-concern\u00e9:&nbsp;Aucun Poids:&nbsp;3 &#8211; 6 Kg Nombre de buses:&nbsp;1-3 buses Nombre de modes de fonctionnement:&nbsp;3-4 Type De batterie:&nbsp;Autres Liquide r\u00e9servoir<\/p>","protected":false},"featured_media":2676,"comment_status":"open","ping_status":"closed","template":"","meta":[],"product_brand":[],"product_cat":[15],"product_tag":[],"class_list":{"0":"post-2675","1":"product","2":"type-product","3":"status-publish","4":"has-post-thumbnail","6":"product_cat-uncategorized","8":"first","9":"instock","10":"shipping-taxable","11":"purchasable","12":"product-type-variable"},"jetpack_sharing_enabled":true,"_links":{"self":[{"href":"https:\/\/afrycom.com\/fr\/wp-json\/wp\/v2\/product\/2675","targetHints":{"allow":["GET"]}}],"collection":[{"href":"https:\/\/afrycom.com\/fr\/wp-json\/wp\/v2\/product"}],"about":[{"href":"https:\/\/afrycom.com\/fr\/wp-json\/wp\/v2\/types\/product"}],"replies":[{"embeddable":true,"href":"https:\/\/afrycom.com\/fr\/wp-json\/wp\/v2\/comments?post=2675"}],"wp:featuredmedia":[{"embeddable":true,"href":"https:\/\/afrycom.com\/fr\/wp-json\/wp\/v2\/media\/2676"}],"wp:attachment":[{"href":"https:\/\/afrycom.com\/fr\/wp-json\/wp\/v2\/media?parent=2675"}],"wp:term":[{"taxonomy":"product_brand","embeddable":true,"href":"https:\/\/afrycom.com\/fr\/wp-json\/wp\/v2\/product_brand?post=2675"},{"taxonomy":"product_cat","embeddable":true,"href":"https:\/\/afrycom.com\/fr\/wp-json\/wp\/v2\/product_cat?post=2675"},{"taxonomy":"product_tag","embeddable":true,"href":"https:\/\/afrycom.com\/fr\/wp-json\/wp\/v2\/product_tag?post=2675"}],"curies":[{"name":"wp","href":"https:\/\/api.w.org\/{rel}","templated":true}]}}