{"id":26743,"date":"2025-09-29T14:16:39","date_gmt":"2025-09-29T14:16:39","guid":{"rendered":"https:\/\/afrycom.com\/product\/%e7%83%ad%e5%8e%8b%e4%b8%89%e6%98%8e%e6%b2%bb%e6%9c%ba%e6%97%a9%e9%a4%90%e5%ae%b6%e7%94%a8%e5%8f%8c%e7%9b%98%e5%8e%9a%e5%8e%8b%e5%b0%81%e8%be%b9%e5%8a%a0%e6%b7%b1%e4%b8%89%e6%96%87%e6%b2%bb%e5%a4%9a\/"},"modified":"2025-11-02T10:19:38","modified_gmt":"2025-11-02T10:19:38","slug":"grille-pain-2-plaques-pression-forte-bordures-scellees-ideal-petit-dejeuner-maison","status":"publish","type":"product","link":"https:\/\/afrycom.com\/fr\/produit\/grille-pain-2-plaques-pression-forte-bordures-scellees-ideal-petit-dejeuner-maison\/","title":{"rendered":"Grille-pain 2 plaques - pression forte, bordures scell\u00e9es, id\u00e9al petit-d\u00e9jeuner maison"},"content":{"rendered":"","protected":false},"excerpt":{"rendered":"","protected":false},"featured_media":26744,"comment_status":"open","ping_status":"closed","template":"","meta":[],"product_brand":[],"product_cat":[4933,4946],"product_tag":[],"class_list":{"0":"post-26743","1":"product","2":"type-product","3":"status-publish","4":"has-post-thumbnail","6":"product_cat-bakeware","7":"product_cat-toosters","9":"first","10":"instock","11":"shipping-taxable","12":"purchasable","13":"product-type-variable"},"jetpack_sharing_enabled":true,"_links":{"self":[{"href":"https:\/\/afrycom.com\/fr\/wp-json\/wp\/v2\/product\/26743","targetHints":{"allow":["GET"]}}],"collection":[{"href":"https:\/\/afrycom.com\/fr\/wp-json\/wp\/v2\/product"}],"about":[{"href":"https:\/\/afrycom.com\/fr\/wp-json\/wp\/v2\/types\/product"}],"replies":[{"embeddable":true,"href":"https:\/\/afrycom.com\/fr\/wp-json\/wp\/v2\/comments?post=26743"}],"wp:featuredmedia":[{"embeddable":true,"href":"https:\/\/afrycom.com\/fr\/wp-json\/wp\/v2\/media\/26744"}],"wp:attachment":[{"href":"https:\/\/afrycom.com\/fr\/wp-json\/wp\/v2\/media?parent=26743"}],"wp:term":[{"taxonomy":"product_brand","embeddable":true,"href":"https:\/\/afrycom.com\/fr\/wp-json\/wp\/v2\/product_brand?post=26743"},{"taxonomy":"product_cat","embeddable":true,"href":"https:\/\/afrycom.com\/fr\/wp-json\/wp\/v2\/product_cat?post=26743"},{"taxonomy":"product_tag","embeddable":true,"href":"https:\/\/afrycom.com\/fr\/wp-json\/wp\/v2\/product_tag?post=26743"}],"curies":[{"name":"wp","href":"https:\/\/api.w.org\/{rel}","templated":true}]}}