{"id":26645,"date":"2025-09-29T14:00:00","date_gmt":"2025-09-29T14:00:00","guid":{"rendered":"https:\/\/afrycom.com\/product\/%e9%ab%98%e6%95%88%e8%b6%85%e5%a3%b0%e6%b3%a2%e6%b4%97%e7%9c%bc%e9%95%9c%e6%9c%ba%e5%a4%9a%e5%8a%9f%e8%83%bd%e6%b8%85%e6%b4%97%e6%b6%b2%e9%a6%96%e9%a5%b0%e7%89%99%e5%a5%97%e6%89%8b%e8%a1%a8%e9%ab%98\/"},"modified":"2025-10-31T04:18:59","modified_gmt":"2025-10-31T04:18:59","slug":"nettoyeur-ultrasons-720-multifonction-pour-lunettes-bijoux-gouttieres-montres","status":"publish","type":"product","link":"https:\/\/afrycom.com\/fr\/produit\/nettoyeur-ultrasons-720-multifonction-pour-lunettes-bijoux-gouttieres-montres\/","title":{"rendered":"Nettoyeur ultrasons 720\u00b0 - Multifonction pour lunettes, bijoux, goutti\u00e8res, montres"},"content":{"rendered":"","protected":false},"excerpt":{"rendered":"<p>Nettoyeur ultrasons haute fr\u00e9quence, compatible avec tous types d\u2019objets d\u00e9licats : lunettes, bijoux, appareils dentaires, montres, etc. Utilise des ondes sonores pour un nettoyage en profondeur sans effort. Fonctionne avec le liquide nettoyant ultrasons (vendu s\u00e9par\u00e9ment). Id\u00e9al pour une hygi\u00e8ne pr\u00e9cise et efficace \u00e0 la maison.<\/p>","protected":false},"featured_media":26646,"comment_status":"open","ping_status":"closed","template":"","meta":[],"product_brand":[],"product_cat":[4999],"product_tag":[],"class_list":{"0":"post-26645","1":"product","2":"type-product","3":"status-publish","4":"has-post-thumbnail","6":"product_cat-gloves-jewelry","8":"first","9":"instock","10":"shipping-taxable","11":"purchasable","12":"product-type-variable"},"jetpack_sharing_enabled":true,"_links":{"self":[{"href":"https:\/\/afrycom.com\/fr\/wp-json\/wp\/v2\/product\/26645","targetHints":{"allow":["GET"]}}],"collection":[{"href":"https:\/\/afrycom.com\/fr\/wp-json\/wp\/v2\/product"}],"about":[{"href":"https:\/\/afrycom.com\/fr\/wp-json\/wp\/v2\/types\/product"}],"replies":[{"embeddable":true,"href":"https:\/\/afrycom.com\/fr\/wp-json\/wp\/v2\/comments?post=26645"}],"wp:featuredmedia":[{"embeddable":true,"href":"https:\/\/afrycom.com\/fr\/wp-json\/wp\/v2\/media\/26646"}],"wp:attachment":[{"href":"https:\/\/afrycom.com\/fr\/wp-json\/wp\/v2\/media?parent=26645"}],"wp:term":[{"taxonomy":"product_brand","embeddable":true,"href":"https:\/\/afrycom.com\/fr\/wp-json\/wp\/v2\/product_brand?post=26645"},{"taxonomy":"product_cat","embeddable":true,"href":"https:\/\/afrycom.com\/fr\/wp-json\/wp\/v2\/product_cat?post=26645"},{"taxonomy":"product_tag","embeddable":true,"href":"https:\/\/afrycom.com\/fr\/wp-json\/wp\/v2\/product_tag?post=26645"}],"curies":[{"name":"wp","href":"https:\/\/api.w.org\/{rel}","templated":true}]}}