{"id":25474,"date":"2025-06-14T14:47:48","date_gmt":"2025-06-14T14:47:48","guid":{"rendered":"https:\/\/afrycom.com\/product\/2024%e6%96%b0%e5%85%a8%e8%87%aa%e5%8a%a8%e9%9b%a8%e4%bc%9e%e5%a4%a7%e5%8f%b7%e7%94%b7%e5%a3%ab%e5%a5%b3%e5%8f%8c%e4%ba%ba%e6%99%b4%e9%9b%a8%e4%b8%a4%e7%94%a8%e6%8a%98%e5%8f%a0%e5%8a%a0%e5%9b%ba\/"},"modified":"2025-10-23T12:36:46","modified_gmt":"2025-10-23T12:36:46","slug":"parapluie-automatique-2024-grande-taille-resistant-aux-tempetes-pour-homme-et-femme","status":"publish","type":"product","link":"https:\/\/afrycom.com\/fr\/produit\/parapluie-automatique-2024-grande-taille-resistant-aux-tempetes-pour-homme-et-femme\/","title":{"rendered":"Parapluie Automatique 2024 Grande Taille - R\u00e9sistant aux Temp\u00eates pour Homme et Femme"},"content":{"rendered":"","protected":false},"excerpt":{"rendered":"<p>D\u00e9couvrez notre\u00a0<strong>parapluie automatique premium 2024<\/strong>, con\u00e7u pour affronter les intemp\u00e9ries avec style ! Ce mod\u00e8le\u00a0<strong>grande taille (110 cm)<\/strong>\u00a0offre une protection optimale pour\u00a0<strong>deux personnes<\/strong>, id\u00e9al pour un usage quotidien ou professionnel.<\/p>","protected":false},"featured_media":25475,"comment_status":"open","ping_status":"closed","template":"","meta":[],"product_brand":[],"product_cat":[84],"product_tag":[],"class_list":{"0":"post-25474","1":"product","2":"type-product","3":"status-publish","4":"has-post-thumbnail","6":"product_cat-sports-outdoors","8":"first","9":"instock","10":"shipping-taxable","11":"purchasable","12":"product-type-variable"},"jetpack_sharing_enabled":true,"_links":{"self":[{"href":"https:\/\/afrycom.com\/fr\/wp-json\/wp\/v2\/product\/25474","targetHints":{"allow":["GET"]}}],"collection":[{"href":"https:\/\/afrycom.com\/fr\/wp-json\/wp\/v2\/product"}],"about":[{"href":"https:\/\/afrycom.com\/fr\/wp-json\/wp\/v2\/types\/product"}],"replies":[{"embeddable":true,"href":"https:\/\/afrycom.com\/fr\/wp-json\/wp\/v2\/comments?post=25474"}],"wp:featuredmedia":[{"embeddable":true,"href":"https:\/\/afrycom.com\/fr\/wp-json\/wp\/v2\/media\/25475"}],"wp:attachment":[{"href":"https:\/\/afrycom.com\/fr\/wp-json\/wp\/v2\/media?parent=25474"}],"wp:term":[{"taxonomy":"product_brand","embeddable":true,"href":"https:\/\/afrycom.com\/fr\/wp-json\/wp\/v2\/product_brand?post=25474"},{"taxonomy":"product_cat","embeddable":true,"href":"https:\/\/afrycom.com\/fr\/wp-json\/wp\/v2\/product_cat?post=25474"},{"taxonomy":"product_tag","embeddable":true,"href":"https:\/\/afrycom.com\/fr\/wp-json\/wp\/v2\/product_tag?post=25474"}],"curies":[{"name":"wp","href":"https:\/\/api.w.org\/{rel}","templated":true}]}}