{"id":25394,"date":"2025-06-14T14:45:16","date_gmt":"2025-06-14T14:45:16","guid":{"rendered":"https:\/\/afrycom.com\/product\/%e7%ac%94%e8%ae%b0%e6%9c%ac%e5%8f%8c%e8%82%a9%e7%94%b5%e8%84%91%e5%8c%85%e7%94%b5%e8%84%9115-6%e5%af%b816-1%e5%af%b817-3%e5%af%b8%e9%80%82%e7%94%a8%e4%ba%8e%e8%81%94%e6%83%b3%e5%a4%a7%e5%ad%a6\/"},"modified":"2025-07-31T03:21:20","modified_gmt":"2025-07-31T03:21:20","slug":"sac-a-dos-ordinateur-15-17-pouces-compatible-lenovo-hp-dell-leger-et-elegant-pour-bureau-voyage-et-etudes-grande-capacite-protection-anti-choc-ideal-professionnels-etudiants","status":"publish","type":"product","link":"https:\/\/afrycom.com\/fr\/produit\/sac-a-dos-ordinateur-15-17-pouces-compatible-lenovo-hp-dell-leger-et-elegant-pour-bureau-voyage-et-etudes-grande-capacite-protection-anti-choc-ideal-professionnels-etudiants\/","title":{"rendered":"Sac \u00e0 dos ordinateur 15-17 pouces - Compatible Lenovo, HP, Dell - L\u00e9ger et \u00e9l\u00e9gant pour bureau, voyage et \u00e9tudes. Grande capacit\u00e9, protection anti-choc. Id\u00e9al professionnels, \u00e9tudiants et nomades. Design minimaliste, polyvalent et tendance"},"content":{"rendered":"","protected":false},"excerpt":{"rendered":"","protected":false},"featured_media":25395,"comment_status":"open","ping_status":"closed","template":"","meta":[],"product_brand":[],"product_cat":[5000],"product_tag":[],"class_list":{"0":"post-25394","1":"product","2":"type-product","3":"status-publish","4":"has-post-thumbnail","6":"product_cat-bags-luggages","8":"first","9":"instock","10":"shipping-taxable","11":"purchasable","12":"product-type-variable"},"jetpack_sharing_enabled":true,"_links":{"self":[{"href":"https:\/\/afrycom.com\/fr\/wp-json\/wp\/v2\/product\/25394","targetHints":{"allow":["GET"]}}],"collection":[{"href":"https:\/\/afrycom.com\/fr\/wp-json\/wp\/v2\/product"}],"about":[{"href":"https:\/\/afrycom.com\/fr\/wp-json\/wp\/v2\/types\/product"}],"replies":[{"embeddable":true,"href":"https:\/\/afrycom.com\/fr\/wp-json\/wp\/v2\/comments?post=25394"}],"wp:featuredmedia":[{"embeddable":true,"href":"https:\/\/afrycom.com\/fr\/wp-json\/wp\/v2\/media\/25395"}],"wp:attachment":[{"href":"https:\/\/afrycom.com\/fr\/wp-json\/wp\/v2\/media?parent=25394"}],"wp:term":[{"taxonomy":"product_brand","embeddable":true,"href":"https:\/\/afrycom.com\/fr\/wp-json\/wp\/v2\/product_brand?post=25394"},{"taxonomy":"product_cat","embeddable":true,"href":"https:\/\/afrycom.com\/fr\/wp-json\/wp\/v2\/product_cat?post=25394"},{"taxonomy":"product_tag","embeddable":true,"href":"https:\/\/afrycom.com\/fr\/wp-json\/wp\/v2\/product_tag?post=25394"}],"curies":[{"name":"wp","href":"https:\/\/api.w.org\/{rel}","templated":true}]}}